{"id":30642,"date":"2024-11-18T16:07:06","date_gmt":"2024-11-18T16:07:06","guid":{"rendered":"https:\/\/multicredit.ch\/kredit\/offre-credit\/assurances\/"},"modified":"2026-03-11T08:22:03","modified_gmt":"2026-03-11T08:22:03","slug":"assurances","status":"publish","type":"page","link":"https:\/\/multicredit.ch\/de\/kredit\/offre-credit\/assurances\/","title":{"rendered":"Versicherungen"},"content":{"rendered":"<section class=\"wpb-content-wrapper\">[vc_row full_width=&#8221;stretch_row&#8221; el_class=&#8221;white-bck bigpadding&#8221; css=&#8221;.vc_custom_1586929679182{padding-bottom: 24px !important;}&#8221;][vc_column data_aos=&#8221;fade-in&#8221;]<\/p>\n<div class=\"blocktitle title-center title-dark\" clearfix\"><H2><span class=\"ez-toc-section\" id=\"Pflichtversicherungen_fuer_die_Beantragung_eines_Kredits\"><\/span>Pflichtversicherungen f\u00fcr die Beantragung eines Kredits<\/H2><\/div>\n<p>[vc_column_text]Bei der Aufnahme eines Kredits in der Schweiz ist es wichtig, die Versicherungen zu verstehen, die zum Schutz des Kreditnehmers und seiner Familie erforderlich sein k\u00f6nnen. Bei Multicredit unterst\u00fctzen wir unsere Kunden, indem wir ihnen die verschiedenen Versicherungsoptionen erl\u00e4utern, damit sie diejenige ausw\u00e4hlen k\u00f6nnen, die ihren Bed\u00fcrfnissen am besten entspricht. Hier ein \u00dcberblick \u00fcber die wichtigsten Versicherungen, die bei der Aufnahme eines Kredits ber\u00fccksichtigt werden sollten:[\/vc_column_text][vc_column_text el_class=&#8221;pb-2 maxwidth&#8221;]<\/p>\n<h3><span class=\"ez-toc-section\" id=\"Warum_sollten_Sie_sich_fuer_Multicreditch_entscheiden\"><\/span>Warum sollten Sie sich f\u00fcr Multicredit.ch entscheiden?<span class=\"ez-toc-section-end\"><\/span><\/h3>\n<p>Bei Multicredit raten wir unseren Kunden immer, ihre pers\u00f6nliche und berufliche Situation sorgf\u00e4ltig zu pr\u00fcfen, bevor sie entscheiden, welche Versicherungen sie mit ihrem Kredit abschlie\u00dfen wollen. Jede Art von Versicherung bietet ein anderes Ma\u00df an Schutz, und es ist entscheidend, das richtige Gleichgewicht zwischen Deckung und Budget zu finden. Unsere Experten helfen bei der Entscheidung, welche Versicherungen wirklich notwendig sind und welche Optionen f\u00fcr das jeweilige Profil des Kreditnehmers geeignet sind.<\/p>\n<p>[\/vc_column_text][vc_column_text]<\/p>\n<h3><span class=\"ez-toc-section\" id=\"Unsere_Staerken_sind_die_folgenden_um_die_bestmoeglichen_Angebote_fuer_unsere_Kunden_in_der_ganzen_Schweiz_zu_erhalten\"><\/span>Unsere St\u00e4rken sind die folgenden, um die bestm\u00f6glichen Angebote f\u00fcr unsere Kunden in der ganzen Schweiz zu erhalten<span class=\"ez-toc-section-end\"><\/span><\/h3>\n<p>[\/vc_column_text][\/vc_column][\/vc_row][vc_row full_width=&#8221;stretch_row&#8221; el_class=&#8221;white-bck&#8221; css=&#8221;.vc_custom_1586930817763{padding-top: 24px !important;padding-bottom: 0px !important;}&#8221;][vc_column width=&#8221;1\/2&#8243; data_aos=&#8221;fade-up&#8221; el_class=&#8221;checklist&#8221;][vc_column_text]<\/p>\n<ul>\n<li>Erhalten Sie eine vorl\u00e4ufige Entscheidung in nur 5 Minuten, w\u00e4hrend des ersten Telefonkontakts<\/li>\n<li>Kostenlose Bearbeitung Ihres Antrags und unverbindliches Angebot<\/li>\n<li>Vertraulichkeit garantiert (wir unterliegen dem Bankgeheimnis)<\/li>\n<li>Flexible R\u00fcckzahlung \u00fcber 12 bis 84 Monate<\/li>\n<li>Angepasste monatliche Raten und niedrigere Zinsen<\/li>\n<li>Flexible und anpassungsf\u00e4hige Bedingungen (Laufzeit, Zinssatz, Betrag)<\/li>\n<li>Vorzeitige R\u00fcckzahlung Ihres Darlehens zu jedem beliebigen Zeitpunkt<\/li>\n<\/ul>\n<p>[\/vc_column_text][\/vc_column][vc_column width=&#8221;1\/2&#8243; data_aos=&#8221;fade-up&#8221; data_aos_delay=&#8221;250&#8243; el_class=&#8221;checklist&#8221;][vc_column_text]<\/p>\n<ul>\n<li>F\u00fcr Schweizer und Inhaber einer C-Bewilligung k\u00f6nnen die Schuldzinsen steuerlich abgesetzt werden.<\/li>\n<li>Vereinfachte und schnellere Abwicklung als bei Hypothek und Leasing<\/li>\n<li>\u00dcbernahme Ihrer administrativen Schritte<\/li>\n<li>Einfache, schnelle und diskrete Schritte<\/li>\n<li>Zusammenstellung Ihres Dossiers durch einen Spezialisten<\/li>\n<li>Pers\u00f6nliche Beratung zu Hause oder in unserem B\u00fcro<\/li>\n<\/ul>\n<p>[\/vc_column_text][\/vc_column][\/vc_row][vc_row full_width=&#8221;stretch_row&#8221; el_class=&#8221;white-bck bigpadding&#8221; css=&#8221;.vc_custom_1586929684389{padding-top: 24px !important;}&#8221;][vc_column data_aos=&#8221;fade-in&#8221;][vc_column_text el_class=&#8221;pt-2&#8243;]<\/p>\n<p style=\"text-align: center;\"><strong>F\u00fcr Privatpersonen mit Wohnsitz in der Schweiz, Schweizer oder <a href=\"https:\/\/www.sem.admin.ch\/sem\/fr\/home\/themen\/aufenthalt\/eu_efta.html\" target=\"_blank\" rel=\"noopener\">Inhaber eines B- oder C-Ausweises oder einer Legitimationskarte (D, E, G und H)<\/a>, ist es m\u00f6glich, Ihre Liquidit\u00e4t zu erh\u00f6hen und Geld zu sparen. Profitieren Sie von einer individuellen Pr\u00fcfung Ihres Projekts und einem ma\u00dfgeschneiderten Kreditangebot in k\u00fcrzester Zeit. <\/strong><\/p>\n<p>Hier ist ein \u00dcberblick \u00fcber die wichtigsten Versicherungen, die Sie bei der Annahme eines <a href=\"https:\/\/multicredit.ch\/de\/kredit\/offre-credit\/\">Kreditangebots<\/a> ber\u00fccksichtigen sollten: <\/p>\n<h3><span class=\"ez-toc-section\" id=\"Todesfallversicherung\"><\/span>Todesfallversicherung<span class=\"ez-toc-section-end\"><\/span><\/h3>\n<p>Die Todesfallversicherung ist wichtig, um dem Kreditnehmer und seinen Angeh\u00f6rigen einen Seelenfrieden zu garantieren. Im Todesfall deckt diese Versicherung den ausstehenden Kreditbetrag ab, so dass die Familie die Schulden nicht zur\u00fcckzahlen muss. Dieser Schutz verhindert, dass die Erben in finanzielle Schwierigkeiten geraten und sorgt f\u00fcr eine gewisse Stabilit\u00e4t in schwierigen Zeiten.  <\/p>\n<h3><span class=\"ez-toc-section\" id=\"Versicherung_fuer_den_Verlust_des_Arbeitsplatzes\"><\/span>Versicherung f\u00fcr den Verlust des Arbeitsplatzes<span class=\"ez-toc-section-end\"><\/span><\/h3>\n<p>Die Versicherung gegen Arbeitsplatzverlust ist ein Sicherheitsnetz f\u00fcr den Kreditnehmer. Wenn der Kreditnehmer unfreiwillig seinen Arbeitsplatz verliert (z.B. durch Entlassung), \u00fcbernimmt diese Versicherung die R\u00fcckzahlung der Kreditraten f\u00fcr einen bestimmten Zeitraum. Dieser Schutz erm\u00f6glicht es, seinen finanziellen Verpflichtungen weiterhin nachzukommen, ohne eine h\u00f6here Verschuldung zu riskieren.  <\/p>\n<h3><span class=\"ez-toc-section\" id=\"Invaliditaetsversicherung\"><\/span>Invalidit\u00e4tsversicherung<span class=\"ez-toc-section-end\"><\/span><\/h3>\n<p>Die Invalidit\u00e4tsversicherung bietet Deckung, wenn der Kreditnehmer aufgrund eines Unfalls oder einer Krankheit arbeitsunf\u00e4hig wird. Je nach Grad der Invalidit\u00e4t kann diese Versicherung die monatlichen Kreditraten teilweise oder vollst\u00e4ndig abdecken. Dies ist ein wichtiger Schutz, der die finanzielle Stabilit\u00e4t im Falle eines Verlustes der Erwerbsf\u00e4higkeit sichert.  <\/p>\n<h3><span class=\"ez-toc-section\" id=\"Arbeitsunfaehigkeitsversicherung\"><\/span>Arbeitsunf\u00e4higkeitsversicherung<span class=\"ez-toc-section-end\"><\/span><\/h3>\n<p>Diese Versicherung greift, wenn der Kreditnehmer aufgrund einer Krankheit oder eines Unfalls vor\u00fcbergehend arbeitsunf\u00e4hig ist. Dies reduziert den finanziellen Stress und erm\u00f6glicht es dem Kreditnehmer, sich auf seine Erholung zu konzentrieren. <\/p>\n<h3><span class=\"ez-toc-section\" id=\"Gewinnausfallversicherung\"><\/span>Gewinnausfallversicherung<span class=\"ez-toc-section-end\"><\/span><\/h3>\n<p>Die Erwerbsausfallversicherung ist \u00e4hnlich wie die Arbeitsunf\u00e4higkeitsversicherung, kann aber je nach gew\u00e4hltem Vertrag umfangreicher sein. Sie bietet eine \u00dcbernahme der Kreditraten, wenn der Kreditnehmer seine berufliche T\u00e4tigkeit vor\u00fcbergehend oder dauerhaft nicht mehr aus\u00fcben kann. <\/p>\n<h3><span class=\"ez-toc-section\" id=\"Praktische_Ratschlaege_fuer_Ihren_zukuenftigen_Kredit\"><\/span>Praktische Ratschl\u00e4ge f\u00fcr Ihren zuk\u00fcnftigen Kredit<span class=\"ez-toc-section-end\"><\/span><\/h3>\n<ul>\n<li><strong>Angebote vergleichen<\/strong>: Multicredit hilft Ihnen, die Versicherungspolicen verschiedener Versicherer zu vergleichen, um das beste Preis-Leistungs-Verh\u00e4ltnis zu finden.<\/li>\n<li><strong>Lesen Sie die Allgemeinen Gesch\u00e4ftsbedingungen<\/strong>: Bevor Sie einen Vertrag abschlie\u00dfen, ist es wichtig, die Allgemeinen Gesch\u00e4ftsbedingungen der Versicherung sorgf\u00e4ltig zu lesen, um die Ausschl\u00fcsse und Deckungsgrenzen zu verstehen.<\/li>\n<li>Die <strong>Wahl des richtigen Versicherungsschutzes<\/strong>: Die Vermeidung einer \u00dcberversicherung f\u00fcr einen Kredit kann genauso wichtig sein wie die richtige Versicherung. Wir raten unseren Kunden, Versicherungen zu w\u00e4hlen, die ihrer Familien- und Arbeitssituation und ihrem Gesundheitszustand entsprechen. <\/li>\n<\/ul>\n<p>[\/vc_column_text][\/vc_column][\/vc_row][vc_row full_width=&#8221;stretch_row&#8221; equal_height=&#8221;yes&#8221; el_class=&#8221;lightgrey-bck bigpadding flex-eq-height diagonal-top-bck one-fifth-link-bloc&#8221;][vc_column width=&#8221;1\/5&#8243; data_aos=&#8221;fade-down&#8221; data_aos_delay=&#8221;0&#8243;]<\/p>\n<div class=\"wpb_single_image wpb_content_element vc_align_center  wpb_animate_when_almost_visible wpb_top-to-bottom top-to-bottom wpb_start_animation animated\">\n<figure class=\"wpb_wrapper vc_figure\">\n<div class=\"vc_single_image-wrapper\"><img decoding=\"async\" src=\"https:\/\/multicredit.ch\/wp\/wp-content\/uploads\/c-hab.jpg\" alt=\"\" title=\"\"><\/div><figcaption>\n<h4>Wohnungskredit<\/h4>\n<p>Finanzierung von Einrichtungen und H\u00e4usern<\/p>\n<\/figcaption><\/figure>\n<\/div>\n<div class=\"vc_btn3-container text-center\"><a class=\"btn-circle-2\" href=\"https:\/\/www.multicredit.ch\/fr\/credit\/credit-habitation\/\" title=\"Wohnungskredit\"><span class=\"round\">&gt;<\/span><\/a><\/div>\n<p>[\/vc_column][vc_column width=&#8221;1\/5&#8243; data_aos=&#8221;fade-down&#8221; data_aos_delay=&#8221;50&#8243;]<\/p>\n<div class=\"wpb_single_image wpb_content_element vc_align_center  wpb_animate_when_almost_visible wpb_top-to-bottom top-to-bottom wpb_start_animation animated\">\n<figure class=\"wpb_wrapper vc_figure\">\n<div class=\"vc_single_image-wrapper\"><img decoding=\"async\" src=\"https:\/\/multicredit.ch\/wp\/wp-content\/uploads\/c-auto.jpg\" alt=\"\" title=\"\"><\/div><figcaption>\n<h4>Autokredit<\/h4>\n<p>Kaufen Sie Ihr Fahrzeug auf Kredit<\/p>\n<\/figcaption><\/figure>\n<\/div>\n<div class=\"vc_btn3-container text-center\"><a class=\"btn-circle-2\" href=\"https:\/\/www.multicredit.ch\/fr\/credit\/credit-auto\" title=\"Wohnungskredit\"><span class=\"round\">&gt;<\/span><\/a><\/div>\n<p>[\/vc_column][vc_column width=&#8221;1\/5&#8243; data_aos=&#8221;fade-down&#8221; data_aos_delay=&#8221;100&#8243;]<\/p>\n<div class=\"wpb_single_image wpb_content_element vc_align_center  wpb_animate_when_almost_visible wpb_top-to-bottom top-to-bottom wpb_start_animation animated\">\n<figure class=\"wpb_wrapper vc_figure\">\n<div class=\"vc_single_image-wrapper\"><img decoding=\"async\" src=\"https:\/\/multicredit.ch\/wp\/wp-content\/uploads\/c-form.jpg\" alt=\"\" title=\"\"><\/div><figcaption>\n<h4>Kredit f\u00fcr Ausbildung<\/h4>\n<p>Finanzieren Sie Ihr Studium<\/p>\n<\/figcaption><\/figure>\n<\/div>\n<div class=\"vc_btn3-container text-center\"><a class=\"btn-circle-2\" href=\"https:\/\/www.multicredit.ch\/fr\/credit\/financement-d-etudes-et-de-formations\/\" title=\"Wohnungskredit\"><span class=\"round\">&gt;<\/span><\/a><\/div>\n<p>[\/vc_column][vc_column width=&#8221;1\/5&#8243; data_aos=&#8221;fade-down&#8221; data_aos_delay=&#8221;150&#8243;]<\/p>\n<div class=\"wpb_single_image wpb_content_element vc_align_center  wpb_animate_when_almost_visible wpb_top-to-bottom top-to-bottom wpb_start_animation animated\">\n<figure class=\"wpb_wrapper vc_figure\">\n<div class=\"vc_single_image-wrapper\"><img decoding=\"async\" src=\"https:\/\/multicredit.ch\/wp\/wp-content\/uploads\/c-med.jpg\" alt=\"\" title=\"\"><\/div><figcaption>\n<h4>Medizinischer Kredit<\/h4>\n<p>Finanzieren Sie Ihre Operation und medizinische Versorgung<\/p>\n<\/figcaption><\/figure>\n<\/div>\n<div class=\"vc_btn3-container text-center\"><a class=\"btn-circle-2\" href=\"https:\/\/www.multicredit.ch\/fr\/credit\/pret-medical\/\" title=\"Wohnungskredit\"><span class=\"round\">&gt;<\/span><\/a><\/div>\n<p>[\/vc_column][vc_column width=&#8221;1\/5&#8243; data_aos=&#8221;fade-down&#8221; data_aos_delay=&#8221;200&#8243;]<\/p>\n<div class=\"wpb_single_image wpb_content_element vc_align_center  wpb_animate_when_almost_visible wpb_top-to-bottom top-to-bottom wpb_start_animation animated\">\n<figure class=\"wpb_wrapper vc_figure\">\n<div class=\"vc_single_image-wrapper\"><img decoding=\"async\" src=\"https:\/\/multicredit.ch\/wp\/wp-content\/uploads\/c-all.jpg\" alt=\"\" title=\"\"><\/div><figcaption>\n<h4>Verschiedene Kredite<\/h4>\n<p>F\u00fcr alle anderen Projekte<\/p>\n<\/figcaption><\/figure>\n<\/div>\n<div class=\"vc_btn3-container text-center\"><a class=\"btn-circle-2\" href=\"https:\/\/www.multicredit.ch\/fr\/credit\/credits-divers\/\" title=\"Wohnungskredit\"><span class=\"round\">&gt;<\/span><\/a><\/div>\n<p>[\/vc_column][\/vc_row][vc_row full_width=&#8221;stretch_row&#8221; el_class=&#8221;white-bck regularpadding steps&#8221;][vc_column data_aos=&#8221;fade-in&#8221;]<\/p>\n<div class=\"blocktitle title-center title-dark\" clearfix\"><H2><span class=\"ez-toc-section\" id=\"Ihr_Kredit_in_4_Schritten\"><\/span>Ihr Kredit in 4 Schritten<\/H2><\/p>\n<h4>Einfach und schnell<\/h4>\n<\/div>\n<p>[vc_row_inner equal_height=&#8221;yes&#8221;][vc_column_inner width=&#8221;1\/4&#8243;][vc_pie value=&#8221;25&#8243; label_value=&#8221;1&#8243; color=&#8221;custom&#8221; title=&#8221;Antrag&#8221; custom_color=&#8221;#df003c&#8221;][vc_column_text]<\/p>\n<p style=\"text-align: center;\">Sie f\u00fcllen das Kreditantragsformular entsprechend Ihren Bed\u00fcrfnissen aus.<\/p>\n<h5 style=\"text-align: center;\">2 Min.<\/h5>\n<p>[\/vc_column_text][\/vc_column_inner][vc_column_inner width=&#8221;1\/4&#8243;][vc_pie label_value=&#8221;2&#8243; color=&#8221;custom&#8221; title=&#8221;Vorschlag&#8221; custom_color=&#8221;#df003c&#8221;][vc_column_text]<\/p>\n<p style=\"text-align: center;\">Wir analysieren Ihre Anfrage und schlagen Ihnen eine L\u00f6sung vor, die auf Ihr Profil zugeschnitten ist.<\/p>\n<h5 style=\"text-align: center;\">12 Stunden<\/h5>\n<p>[\/vc_column_text][\/vc_column_inner][vc_column_inner width=&#8221;1\/4&#8243;][vc_pie value=&#8221;75&#8243; label_value=&#8221;3&#8243; color=&#8221;custom&#8221; title=&#8221;Unterschrift&#8221; custom_color=&#8221;#df003c&#8221;][vc_column_text]<\/p>\n<p style=\"text-align: center;\">Sobald der Vertrag aufgesetzt ist, m\u00fcssen Sie ihn nur noch unterschreiben und an uns weiterleiten.<\/p>\n<h5 style=\"text-align: center;\">Dieser Schritt h\u00e4ngt von Ihrer Reaktionsf\u00e4higkeit ab.<\/h5>\n<p>[\/vc_column_text][\/vc_column_inner][vc_column_inner width=&#8221;1\/4&#8243;][vc_pie value=&#8221;100&#8243; label_value=&#8221;4&#8243; color=&#8221;custom&#8221; title=&#8221;\u00dcberweisung&#8221; custom_color=&#8221;#df003c&#8221;][vc_column_text]<\/p>\n<p style=\"text-align: center;\">Der Betrag wird auf Ihr Konto \u00fcberwiesen.<\/p>\n<h5 style=\"text-align: center;\">14 Tage (Gesetzliche Frist)<\/h5>\n<p>[\/vc_column_text][\/vc_column_inner][\/vc_row_inner][\/vc_column][\/vc_row][vc_row full_width=&#8221;stretch_row&#8221; content_placement=&#8221;middle&#8221; el_class=&#8221;lightgrey-bck bigpadding checklist&#8221;][vc_column data_aos=&#8221;fade-in&#8221;]<\/p>\n<div class=\"blocktitle title-left title-dark\" clearfix\"><H3><span class=\"ez-toc-section\" id=\"Beauftragen_Sie_uns_mit_der_Suche_nach_Ihrem_bestmoeglichen_Kreditangebot\"><\/span>Beauftragen Sie uns mit der Suche nach Ihrem bestm\u00f6glichen Kreditangebot.<\/H3><\/p>\n<h4>Wir suchen immer nach dem bestm\u00f6glichen Angebot f\u00fcr unsere Kunden in der ganzen Schweiz.<\/h4>\n<\/div>\n<p>[vc_row_inner][vc_column_inner width=&#8221;1\/2&#8243;][vc_column_text]Versicherungen in Verbindung mit einem Kredit sind nicht obligatorisch, werden aber dringend empfohlen, um den Kreditnehmer und seine Angeh\u00f6rigen vor unvorhergesehenen Ereignissen zu sch\u00fctzen. Bei Multicredit sind wir bestrebt, Ihnen eine ma\u00dfgeschneiderte Beratung zu bieten, um Ihnen bei der Auswahl der besten Versicherungsoptionen f\u00fcr Ihre finanzielle Sicherheit zu helfen. Egal, ob Sie Ihre Familie, Ihr Einkommen oder Ihre R\u00fcckzahlungsf\u00e4higkeit im Falle eines Ungl\u00fccks sch\u00fctzen wollen, unser Team steht Ihnen bei jedem Schritt zur Seite.[\/vc_column_text][vc_btn title=&#8221;Entdecken Sie&#8221; link=&#8221;url:https%3A%2F%2Fwww.multicredit.ch%2Ffr%2Fa-propos%2F|title:%C3%9Cber|&#8221;][\/vc_column_inner][vc_column_inner width=&#8221;1\/2&#8243;][vc_column_text]<\/p>\n<ul>\n<li><strong>Sicherheit und Vertraulichkeit<\/strong><\/li>\n<li><strong>N\u00e4he und Verantwortung<\/strong><\/li>\n<li><strong>Garantierte Abholung in weniger als 24 Stunden<\/strong><\/li>\n<li><strong>Niedrigerer Zinssatz als die Konkurrenz<\/strong><\/li>\n<\/ul>\n<p>[\/vc_column_text][\/vc_column_inner][\/vc_row_inner][\/vc_column][\/vc_row]<\/section>\n","protected":false},"excerpt":{"rendered":"<p>Konkretisieren Sie Ihr Projekt einfach<\/p>\n","protected":false},"author":25,"featured_media":11772,"parent":30582,"menu_order":-9,"comment_status":"closed","ping_status":"closed","template":"template-credit.php","meta":{"inline_featured_image":false,"footnotes":"","_links_to":"","_links_to_target":""},"categories":[240],"class_list":["post-30642","page","type-page","status-publish","has-post-thumbnail","hentry","category-gutschrift"],"_links":{"self":[{"href":"https:\/\/multicredit.ch\/de\/wp-json\/wp\/v2\/pages\/30642","targetHints":{"allow":["GET"]}}],"collection":[{"href":"https:\/\/multicredit.ch\/de\/wp-json\/wp\/v2\/pages"}],"about":[{"href":"https:\/\/multicredit.ch\/de\/wp-json\/wp\/v2\/types\/page"}],"author":[{"embeddable":true,"href":"https:\/\/multicredit.ch\/de\/wp-json\/wp\/v2\/users\/25"}],"replies":[{"embeddable":true,"href":"https:\/\/multicredit.ch\/de\/wp-json\/wp\/v2\/comments?post=30642"}],"version-history":[{"count":2,"href":"https:\/\/multicredit.ch\/de\/wp-json\/wp\/v2\/pages\/30642\/revisions"}],"predecessor-version":[{"id":30644,"href":"https:\/\/multicredit.ch\/de\/wp-json\/wp\/v2\/pages\/30642\/revisions\/30644"}],"up":[{"embeddable":true,"href":"https:\/\/multicredit.ch\/de\/wp-json\/wp\/v2\/pages\/30582"}],"wp:featuredmedia":[{"embeddable":true,"href":"https:\/\/multicredit.ch\/de\/wp-json\/wp\/v2\/media\/11772"}],"wp:attachment":[{"href":"https:\/\/multicredit.ch\/de\/wp-json\/wp\/v2\/media?parent=30642"}],"wp:term":[{"taxonomy":"category","embeddable":true,"href":"https:\/\/multicredit.ch\/de\/wp-json\/wp\/v2\/categories?post=30642"}],"curies":[{"name":"wp","href":"https:\/\/api.w.org\/{rel}","templated":true}]}}