{"id":30633,"date":"2024-11-18T19:04:06","date_gmt":"2024-11-18T19:04:06","guid":{"rendered":"https:\/\/multicredit.ch\/kredit\/offre-credit\/frais-dossier\/"},"modified":"2026-03-10T16:00:37","modified_gmt":"2026-03-10T16:00:37","slug":"frais-dossier","status":"publish","type":"page","link":"https:\/\/multicredit.ch\/de\/kredit\/offre-credit\/frais-dossier\/","title":{"rendered":"Bearbeitungsgeb\u00fchr"},"content":{"rendered":"<section class=\"wpb-content-wrapper\">[vc_row full_width=&#8221;stretch_row&#8221; el_class=&#8221;white-bck bigpadding&#8221; css=&#8221;.vc_custom_1586929679182{padding-bottom: 24px !important;}&#8221;][vc_column data_aos=&#8221;fade-in&#8221;]<\/p>\n<div class=\"blocktitle title-center title-dark\" clearfix\"><H2><span class=\"ez-toc-section\" id=\"Keine_Bearbeitungsgebuehren_fuer_die_Beantragung_eines_Kredits_bei_Multicredit\"><\/span>Keine Bearbeitungsgeb\u00fchren f\u00fcr die Beantragung eines Kredits bei Multicredit<\/H2><\/div>\n<p>[vc_column_text]Die Bearbeitungsgeb\u00fchr ist ein wichtiger Aspekt, der bei der Beantragung eines Kredits, sei es ein Immobilienkredit, ein Verbraucherkredit oder eine andere Art von Finanzierung, zu ber\u00fccksichtigen ist. Die Bearbeitungsgeb\u00fchren sind die Verwaltungskosten, die dem Finanzinstitut bei der Bearbeitung des Kreditantrags des Kreditnehmers entstehen.[\/vc_column_text][vc_column_text el_class=&#8221;pb-2 maxwidth&#8221;]<\/p>\n<h2><span class=\"ez-toc-section\" id=\"Wie_hoch_ist_die_Bearbeitungsgebuehr\"><\/span>Wie hoch ist die Bearbeitungsgeb\u00fchr?<span class=\"ez-toc-section-end\"><\/span><\/h2>\n<p>Die Bearbeitungsgeb\u00fchr deckt alle Schritte ab, die f\u00fcr die Einrichtung des Kredits erforderlich sind. Dazu geh\u00f6ren insbesondere <\/p>\n<ul>\n<li><strong>Pr\u00fcfung der Unterlagen<\/strong>: Die Bank oder der Kreditgeber muss die Vollst\u00e4ndigkeit und G\u00fcltigkeit der eingereichten Unterlagen wie Einkommensnachweise, Kontoausz\u00fcge und alle anderen Dokumente, die f\u00fcr die Beurteilung der Kreditw\u00fcrdigkeit des Kreditnehmers erforderlich sind, \u00fcberpr\u00fcfen.<\/li>\n<li><strong>Bonit\u00e4tspr\u00fcfung<\/strong>: Es wird eine gr\u00fcndliche Pr\u00fcfung durchgef\u00fchrt, um sicherzustellen, dass der Kreditnehmer in der Lage ist, den Kredit zur\u00fcckzuzahlen. Dabei werden verschiedene Kriterien ber\u00fccksichtigt, wie z.B. der Verschuldungsgrad, die Stabilit\u00e4t der beruflichen Situation und die finanzielle Vorgeschichte. <\/li>\n<li><strong>Vorbereitung und Ausstellung des Kreditangebots<\/strong>: Sobald die Kreditw\u00fcrdigkeit best\u00e4tigt ist, verfasst und formalisiert das Institut das Kreditangebot, ein Prozess, der Zeit und Ressourcen erfordert.<\/li>\n<\/ul>\n<p>[\/vc_column_text][vc_column_text]<\/p>\n<h3><span class=\"ez-toc-section\" id=\"Unsere_Staerken_sind_die_folgenden_um_die_bestmoeglichen_Angebote_fuer_unsere_Kunden_in_der_ganzen_Schweiz_zu_erhalten\"><\/span>Unsere St\u00e4rken sind die folgenden, um die bestm\u00f6glichen Angebote f\u00fcr unsere Kunden in der ganzen Schweiz zu erhalten<span class=\"ez-toc-section-end\"><\/span><\/h3>\n<p>[\/vc_column_text][\/vc_column][\/vc_row][vc_row full_width=&#8221;stretch_row&#8221; el_class=&#8221;white-bck&#8221; css=&#8221;.vc_custom_1586930817763{padding-top: 24px !important;padding-bottom: 0px !important;}&#8221;][vc_column width=&#8221;1\/2&#8243; data_aos=&#8221;fade-up&#8221; el_class=&#8221;checklist&#8221;][vc_column_text]<\/p>\n<ul>\n<li>Erhalten Sie eine vorl\u00e4ufige Entscheidung in nur 5 Minuten, w\u00e4hrend des ersten Telefonkontakts<\/li>\n<li>Kostenlose Bearbeitung Ihres Antrags und unverbindliches Angebot<\/li>\n<li>Vertraulichkeit garantiert (wir unterliegen dem Bankgeheimnis)<\/li>\n<li>Flexible R\u00fcckzahlung \u00fcber 12 bis 84 Monate<\/li>\n<li>Angepasste monatliche Raten und niedrigere Zinsen<\/li>\n<li>Flexible und anpassungsf\u00e4hige Bedingungen (Laufzeit, Zinssatz, Betrag)<\/li>\n<li>Vorzeitige R\u00fcckzahlung Ihres Darlehens zu jedem beliebigen Zeitpunkt<\/li>\n<\/ul>\n<p>[\/vc_column_text][\/vc_column][vc_column width=&#8221;1\/2&#8243; data_aos=&#8221;fade-up&#8221; data_aos_delay=&#8221;250&#8243; el_class=&#8221;checklist&#8221;][vc_column_text]<\/p>\n<ul>\n<li>F\u00fcr Schweizer und Inhaber einer C-Bewilligung k\u00f6nnen die Schuldzinsen steuerlich abgesetzt werden.<\/li>\n<li>Vereinfachte und schnellere Abwicklung als bei Hypothek und Leasing<\/li>\n<li>\u00dcbernahme Ihrer administrativen Schritte<\/li>\n<li>Einfache, schnelle und diskrete Schritte<\/li>\n<li>Zusammenstellung Ihres Dossiers durch einen Spezialisten<\/li>\n<li>Pers\u00f6nliche Beratung zu Hause oder in unserem B\u00fcro<\/li>\n<\/ul>\n<p>[\/vc_column_text][\/vc_column][\/vc_row][vc_row full_width=&#8221;stretch_row&#8221; el_class=&#8221;white-bck bigpadding&#8221; css=&#8221;.vc_custom_1586929684389{padding-top: 24px !important;}&#8221;][vc_column data_aos=&#8221;fade-in&#8221;][vc_column_text el_class=&#8221;pt-2&#8243;]<\/p>\n<p style=\"text-align: center;\"><strong>F\u00fcr Privatpersonen mit Wohnsitz in der Schweiz, Schweizer oder <a href=\"https:\/\/www.sem.admin.ch\/sem\/fr\/home\/themen\/aufenthalt\/eu_efta.html\" target=\"_blank\" rel=\"noopener\">Inhaber eines B- oder C-Ausweises oder einer Legitimationskarte (D, E, G und H)<\/a>, ist es m\u00f6glich, Ihre Liquidit\u00e4t zu erh\u00f6hen und Geld zu sparen. Profitieren Sie von einer individuellen Pr\u00fcfung Ihres Projekts und einem ma\u00dfgeschneiderten Kreditangebot in k\u00fcrzester Zeit. <\/strong><\/p>\n<h3><span class=\"ez-toc-section\" id=\"Berechnung_der_Bearbeitungsgebuehr\"><\/span>Berechnung der Bearbeitungsgeb\u00fchr<span class=\"ez-toc-section-end\"><\/span><\/h3>\n<p>Die Bearbeitungsgeb\u00fchr kann auf unterschiedliche Weise berechnet werden:<\/p>\n<ul>\n<li><strong>Erstmalige Zahlung<\/strong>: Einige Kreditgeber verlangen, dass die Bearbeitungsgeb\u00fchr zum Zeitpunkt der Unterzeichnung des Darlehensangebots gezahlt wird.<\/li>\n<li><strong>Einbeziehung in<\/strong> den Kreditbetrag: Bei anderen Anbietern werden diese Kosten in den Gesamtkreditbetrag einbezogen, d.h. der Kreditnehmer zahlt sie zusammen mit dem Kapital und den Zinsen zur\u00fcck.<\/li>\n<li><strong>Kostenfreiheit in bestimmten F\u00e4llen<\/strong>: Es ist m\u00f6glich, dass f\u00fcr bestimmte Arten von Darlehen, wie z.B. gef\u00f6rderte Darlehen wie das Nullsatzdarlehen (PTZ), keine Bearbeitungsgeb\u00fchren erhoben werden.<\/li>\n<\/ul>\n<h3><span class=\"ez-toc-section\" id=\"Verhandlung_und_Befreiung_von_Bearbeitungsgebuehren\"><\/span>Verhandlung und Befreiung von Bearbeitungsgeb\u00fchren<span class=\"ez-toc-section-end\"><\/span><\/h3>\n<p>Die Bearbeitungsgeb\u00fchren sind nicht immer fix und k\u00f6nnen oft verhandelt werden, insbesondere wenn der Kreditnehmer ein gutes Profil aufweist (stabiles Einkommen, niedriger Verschuldungsgrad usw.). Die Banken und Kreditinstitute k\u00f6nnen offen f\u00fcr Anpassungen sein, je nach ihrer Gesch\u00e4ftspolitik oder der langfristigen Beziehung zum Kunden. In einigen F\u00e4llen kann sogar eine vollst\u00e4ndige Befreiung von den Bearbeitungsgeb\u00fchren erreicht werden.  <\/p>\n<h3><span class=\"ez-toc-section\" id=\"Auswirkungen_auf_die_Gesamtkosten_des_Kredits\"><\/span>Auswirkungen auf die Gesamtkosten des Kredits<span class=\"ez-toc-section-end\"><\/span><\/h3>\n<p>Es ist wichtig zu beachten, dass die Bearbeitungsgeb\u00fchr zur Berechnung des effektiven Jahreszinses beitr\u00e4gt, der die Gesamtkosten des Kredits darstellt. Der effektive Jahreszins beinhaltet nicht nur den nominalen Zinssatz, sondern auch alle Nebenkosten, wie z.B. Bearbeitungsgeb\u00fchren und andere m\u00f6gliche Geb\u00fchren. So kann ein niedriger effektiver Jahreszins, selbst bei relativ hohen Bearbeitungsgeb\u00fchren, g\u00fcnstiger sein als ein attraktiver Nominalzins mit versteckten Nebenkosten.  <\/p>\n<h3><span class=\"ez-toc-section\" id=\"Ratschlaege_fuer_Kreditnehmer\"><\/span>Ratschl\u00e4ge f\u00fcr Kreditnehmer<span class=\"ez-toc-section-end\"><\/span><\/h3>\n<ul>\n<li><strong>Angebote vergleichen<\/strong>: Um die besten Konditionen zu erhalten, ist es ratsam, die Angebote mehrerer Finanzinstitute zu vergleichen. Jede Bank hat ihre eigenen Tarife und Richtlinien f\u00fcr die Bearbeitungsgeb\u00fchren. <\/li>\n<li>Beauftragung <strong>eines Mak<\/strong> lers: Die Beauftragung eines Maklers kann die Verhandlungen \u00fcber die Bearbeitungsgeb\u00fchren erleichtern, da diese Fachleute Partnerschaften mit mehreren Banken haben und f\u00fcr ihre Kunden Vorzugsbedingungen aushandeln k\u00f6nnen.<\/li>\n<li><strong>Befreiung beantragen<\/strong>: Je nach Ihrem Profil und der Politik der Bank ist es oft m\u00f6glich, eine Reduzierung oder sogar den Wegfall der Bearbeitungsgeb\u00fchren auszuhandeln.<\/li>\n<\/ul>\n<p>[\/vc_column_text][\/vc_column][\/vc_row][vc_row full_width=&#8221;stretch_row&#8221; equal_height=&#8221;yes&#8221; el_class=&#8221;lightgrey-bck bigpadding flex-eq-height diagonal-top-bck one-fifth-link-bloc&#8221;][vc_column width=&#8221;1\/5&#8243; data_aos=&#8221;fade-down&#8221; data_aos_delay=&#8221;0&#8243;]<\/p>\n<div class=\"wpb_single_image wpb_content_element vc_align_center  wpb_animate_when_almost_visible wpb_top-to-bottom top-to-bottom wpb_start_animation animated\">\n<figure class=\"wpb_wrapper vc_figure\">\n<div class=\"vc_single_image-wrapper\"><img decoding=\"async\" src=\"https:\/\/multicredit.ch\/wp\/wp-content\/uploads\/c-hab.jpg\" alt=\"\" title=\"\"><\/div><figcaption>\n<h4>Wohnungskredit<\/h4>\n<p>Finanzierung von Einrichtungen und H\u00e4usern<\/p>\n<\/figcaption><\/figure>\n<\/div>\n<div class=\"vc_btn3-container text-center\"><a class=\"btn-circle-2\" href=\"https:\/\/www.multicredit.ch\/fr\/credit\/credit-habitation\/\" title=\"Wohnungskredit\"><span class=\"round\">&gt;<\/span><\/a><\/div>\n<p>[\/vc_column][vc_column width=&#8221;1\/5&#8243; data_aos=&#8221;fade-down&#8221; data_aos_delay=&#8221;50&#8243;]<\/p>\n<div class=\"wpb_single_image wpb_content_element vc_align_center  wpb_animate_when_almost_visible wpb_top-to-bottom top-to-bottom wpb_start_animation animated\">\n<figure class=\"wpb_wrapper vc_figure\">\n<div class=\"vc_single_image-wrapper\"><img decoding=\"async\" src=\"https:\/\/multicredit.ch\/wp\/wp-content\/uploads\/c-auto.jpg\" alt=\"\" title=\"\"><\/div><figcaption>\n<h4>Autokredit<\/h4>\n<p>Kaufen Sie Ihr Fahrzeug auf Kredit<\/p>\n<\/figcaption><\/figure>\n<\/div>\n<div class=\"vc_btn3-container text-center\"><a class=\"btn-circle-2\" href=\"https:\/\/www.multicredit.ch\/fr\/credit\/credit-auto\" title=\"Wohnungskredit\"><span class=\"round\">&gt;<\/span><\/a><\/div>\n<p>[\/vc_column][vc_column width=&#8221;1\/5&#8243; data_aos=&#8221;fade-down&#8221; data_aos_delay=&#8221;100&#8243;]<\/p>\n<div class=\"wpb_single_image wpb_content_element vc_align_center  wpb_animate_when_almost_visible wpb_top-to-bottom top-to-bottom wpb_start_animation animated\">\n<figure class=\"wpb_wrapper vc_figure\">\n<div class=\"vc_single_image-wrapper\"><img decoding=\"async\" src=\"https:\/\/multicredit.ch\/wp\/wp-content\/uploads\/c-form.jpg\" alt=\"\" title=\"\"><\/div><figcaption>\n<h4>Kredit f\u00fcr Ausbildung<\/h4>\n<p>Finanzieren Sie Ihr Studium<\/p>\n<\/figcaption><\/figure>\n<\/div>\n<div class=\"vc_btn3-container text-center\"><a class=\"btn-circle-2\" href=\"https:\/\/www.multicredit.ch\/fr\/credit\/financement-d-etudes-et-de-formations\/\" title=\"Wohnungskredit\"><span class=\"round\">&gt;<\/span><\/a><\/div>\n<p>[\/vc_column][vc_column width=&#8221;1\/5&#8243; data_aos=&#8221;fade-down&#8221; data_aos_delay=&#8221;150&#8243;]<\/p>\n<div class=\"wpb_single_image wpb_content_element vc_align_center  wpb_animate_when_almost_visible wpb_top-to-bottom top-to-bottom wpb_start_animation animated\">\n<figure class=\"wpb_wrapper vc_figure\">\n<div class=\"vc_single_image-wrapper\"><img decoding=\"async\" src=\"https:\/\/multicredit.ch\/wp\/wp-content\/uploads\/c-med.jpg\" alt=\"\" title=\"\"><\/div><figcaption>\n<h4>Medizinischer Kredit<\/h4>\n<p>Finanzieren Sie Ihre Operation und medizinische Versorgung<\/p>\n<\/figcaption><\/figure>\n<\/div>\n<div class=\"vc_btn3-container text-center\"><a class=\"btn-circle-2\" href=\"https:\/\/www.multicredit.ch\/fr\/credit\/pret-medical\/\" title=\"Wohnungskredit\"><span class=\"round\">&gt;<\/span><\/a><\/div>\n<p>[\/vc_column][vc_column width=&#8221;1\/5&#8243; data_aos=&#8221;fade-down&#8221; data_aos_delay=&#8221;200&#8243;]<\/p>\n<div class=\"wpb_single_image wpb_content_element vc_align_center  wpb_animate_when_almost_visible wpb_top-to-bottom top-to-bottom wpb_start_animation animated\">\n<figure class=\"wpb_wrapper vc_figure\">\n<div class=\"vc_single_image-wrapper\"><img decoding=\"async\" src=\"https:\/\/multicredit.ch\/wp\/wp-content\/uploads\/c-all.jpg\" alt=\"\" title=\"\"><\/div><figcaption>\n<h4>Verschiedene Kredite<\/h4>\n<p>F\u00fcr alle anderen Projekte<\/p>\n<\/figcaption><\/figure>\n<\/div>\n<div class=\"vc_btn3-container text-center\"><a class=\"btn-circle-2\" href=\"https:\/\/www.multicredit.ch\/fr\/credit\/credits-divers\/\" title=\"Wohnungskredit\"><span class=\"round\">&gt;<\/span><\/a><\/div>\n<p>[\/vc_column][\/vc_row][vc_row full_width=&#8221;stretch_row&#8221; el_class=&#8221;white-bck regularpadding steps&#8221;][vc_column data_aos=&#8221;fade-in&#8221;]<\/p>\n<div class=\"blocktitle title-center title-dark\" clearfix\"><H2><span class=\"ez-toc-section\" id=\"Ihr_Kredit_in_4_Schritten\"><\/span>Ihr Kredit in 4 Schritten<\/H2><\/p>\n<h4>Einfach und schnell<\/h4>\n<\/div>\n<p>[vc_row_inner equal_height=&#8221;yes&#8221;][vc_column_inner width=&#8221;1\/4&#8243;][vc_pie value=&#8221;25&#8243; label_value=&#8221;1&#8243; color=&#8221;custom&#8221; title=&#8221;Antrag&#8221; custom_color=&#8221;#df003c&#8221;][vc_column_text]<\/p>\n<p style=\"text-align: center;\">Sie f\u00fcllen das Kreditantragsformular entsprechend Ihren Bed\u00fcrfnissen aus.<\/p>\n<h5 style=\"text-align: center;\">2 Min.<\/h5>\n<p>[\/vc_column_text][\/vc_column_inner][vc_column_inner width=&#8221;1\/4&#8243;][vc_pie label_value=&#8221;2&#8243; color=&#8221;custom&#8221; title=&#8221;Vorschlag&#8221; custom_color=&#8221;#df003c&#8221;][vc_column_text]<\/p>\n<p style=\"text-align: center;\">Wir analysieren Ihre Anfrage und schlagen Ihnen eine L\u00f6sung vor, die auf Ihr Profil zugeschnitten ist.<\/p>\n<h5 style=\"text-align: center;\">12 Stunden<\/h5>\n<p>[\/vc_column_text][\/vc_column_inner][vc_column_inner width=&#8221;1\/4&#8243;][vc_pie value=&#8221;75&#8243; label_value=&#8221;3&#8243; color=&#8221;custom&#8221; title=&#8221;Unterschrift&#8221; custom_color=&#8221;#df003c&#8221;][vc_column_text]<\/p>\n<p style=\"text-align: center;\">Sobald der Vertrag aufgesetzt ist, m\u00fcssen Sie ihn nur noch unterschreiben und an uns weiterleiten.<\/p>\n<h5 style=\"text-align: center;\">Dieser Schritt h\u00e4ngt von Ihrer Reaktionsf\u00e4higkeit ab.<\/h5>\n<p>[\/vc_column_text][\/vc_column_inner][vc_column_inner width=&#8221;1\/4&#8243;][vc_pie value=&#8221;100&#8243; label_value=&#8221;4&#8243; color=&#8221;custom&#8221; title=&#8221;\u00dcberweisung&#8221; custom_color=&#8221;#df003c&#8221;][vc_column_text]<\/p>\n<p style=\"text-align: center;\">Der Betrag wird auf Ihr Konto \u00fcberwiesen.<\/p>\n<h5 style=\"text-align: center;\">14 Tage (Gesetzliche Frist)<\/h5>\n<p>[\/vc_column_text][\/vc_column_inner][\/vc_row_inner][\/vc_column][\/vc_row][vc_row full_width=&#8221;stretch_row&#8221; content_placement=&#8221;middle&#8221; el_class=&#8221;lightgrey-bck bigpadding checklist&#8221;][vc_column data_aos=&#8221;fade-in&#8221;]<\/p>\n<div class=\"blocktitle title-left title-dark\" clearfix\"><H3><span class=\"ez-toc-section\" id=\"Beauftragen_Sie_uns_mit_der_Suche_nach_Ihrem_bestmoeglichen_Kreditangebot\"><\/span>Beauftragen Sie uns mit der Suche nach Ihrem bestm\u00f6glichen Kreditangebot.<\/H3><\/p>\n<h4>Wir suchen immer nach dem bestm\u00f6glichen Angebot f\u00fcr unsere Kunden in der ganzen Schweiz.<\/h4>\n<\/div>\n<p>[vc_row_inner][vc_column_inner width=&#8221;1\/2&#8243;][vc_column_text]Die Bearbeitungsgeb\u00fchr in einem <a href=\"https:\/\/multicredit.ch\/de\/kredit\/offre-credit\/\">Kreditangebot<\/a> ist ein unumg\u00e4ngliches Element bei der Aufnahme eines Kredits in der Schweiz. Obwohl sie eine erhebliche Belastung darstellen k\u00f6nnen, ist es m\u00f6glich, sie durch einen strategischen Ansatz und die Pr\u00fcfung der verschiedenen Angebote auf dem Markt zu reduzieren oder sogar zu vermeiden. Bei Multicredit helfen wir unseren Kunden, diese Kosten zu verstehen und alle Optionen zur Minimierung der Gesamtkreditkosten auszuloten, um die Kreditaufnahme so g\u00fcnstig wie m\u00f6glich zu machen.[\/vc_column_text][vc_btn title=&#8221;Entdecken Sie&#8221; link=&#8221;url:https%3A%2F%2Fwww.multicredit.ch%2Ffr%2Fa-propos%2F|title:%C3%9Cber|&#8221;][\/vc_column_inner][vc_column_inner width=&#8221;1\/2&#8243;][vc_column_text]<\/p>\n<ul>\n<li><strong>Sicherheit und Vertraulichkeit<\/strong><\/li>\n<li><strong>N\u00e4he und Verantwortung<\/strong><\/li>\n<li><strong>Garantierte Abholung in weniger als 24 Stunden<\/strong><\/li>\n<li><strong>Niedrigerer Zinssatz als die Konkurrenz<\/strong><\/li>\n<\/ul>\n<p>[\/vc_column_text][\/vc_column_inner][\/vc_row_inner][\/vc_column][\/vc_row]<\/section>\n","protected":false},"excerpt":{"rendered":"<p>Konkretisieren Sie Ihr Projekt einfach<\/p>\n","protected":false},"author":25,"featured_media":11772,"parent":30582,"menu_order":-9,"comment_status":"closed","ping_status":"closed","template":"template-credit.php","meta":{"inline_featured_image":false,"footnotes":"","_links_to":"","_links_to_target":""},"categories":[240],"class_list":["post-30633","page","type-page","status-publish","has-post-thumbnail","hentry","category-gutschrift"],"_links":{"self":[{"href":"https:\/\/multicredit.ch\/de\/wp-json\/wp\/v2\/pages\/30633","targetHints":{"allow":["GET"]}}],"collection":[{"href":"https:\/\/multicredit.ch\/de\/wp-json\/wp\/v2\/pages"}],"about":[{"href":"https:\/\/multicredit.ch\/de\/wp-json\/wp\/v2\/types\/page"}],"author":[{"embeddable":true,"href":"https:\/\/multicredit.ch\/de\/wp-json\/wp\/v2\/users\/25"}],"replies":[{"embeddable":true,"href":"https:\/\/multicredit.ch\/de\/wp-json\/wp\/v2\/comments?post=30633"}],"version-history":[{"count":2,"href":"https:\/\/multicredit.ch\/de\/wp-json\/wp\/v2\/pages\/30633\/revisions"}],"predecessor-version":[{"id":30635,"href":"https:\/\/multicredit.ch\/de\/wp-json\/wp\/v2\/pages\/30633\/revisions\/30635"}],"up":[{"embeddable":true,"href":"https:\/\/multicredit.ch\/de\/wp-json\/wp\/v2\/pages\/30582"}],"wp:featuredmedia":[{"embeddable":true,"href":"https:\/\/multicredit.ch\/de\/wp-json\/wp\/v2\/media\/11772"}],"wp:attachment":[{"href":"https:\/\/multicredit.ch\/de\/wp-json\/wp\/v2\/media?parent=30633"}],"wp:term":[{"taxonomy":"category","embeddable":true,"href":"https:\/\/multicredit.ch\/de\/wp-json\/wp\/v2\/categories?post=30633"}],"curies":[{"name":"wp","href":"https:\/\/api.w.org\/{rel}","templated":true}]}}