{"id":30624,"date":"2024-11-18T19:25:42","date_gmt":"2024-11-18T19:25:42","guid":{"rendered":"https:\/\/multicredit.ch\/offre-credit\/remboursement\/"},"modified":"2026-03-10T15:53:53","modified_gmt":"2026-03-10T15:53:53","slug":"remboursement","status":"publish","type":"page","link":"https:\/\/multicredit.ch\/de\/kredit\/offre-credit\/remboursement\/","title":{"rendered":"R\u00fcckerstattung"},"content":{"rendered":"<section class=\"wpb-content-wrapper\">[vc_row full_width=&#8221;stretch_row&#8221; el_class=&#8221;white-bck bigpadding&#8221; css=&#8221;.vc_custom_1586929679182{padding-bottom: 24px !important;}&#8221;][vc_column data_aos=&#8221;fade-in&#8221;]<\/p>\n<div class=\"blocktitle title-center title-dark\" clearfix\"><H2><span class=\"ez-toc-section\" id=\"Vorzeitige_Rueckzahlung_in_einem_Kreditantrag\"><\/span>Vorzeitige R\u00fcckzahlung in einem Kreditantrag<\/H2><\/div>\n<p>[vc_column_text]Gem\u00e4\u00df Artikel 17 des Bundesgesetzes \u00fcber den Konsumkredit (KKG) in der Schweiz haben Kreditnehmer das Recht, ihren Kredit jederzeit zur\u00fcckzuzahlen. Dieses Recht, das Bestandteil eines jeden pers\u00f6nlichen Darlehensvertrags ist, soll den Kreditnehmern finanzielle Flexibilit\u00e4t bieten und es ihnen erm\u00f6glichen, die Gesamtkosten ihres Kredits zu senken. Ein gewissenhafter Makler ist daf\u00fcr verantwortlich, den Kreditnehmer \u00fcber dieses Recht auf vorzeitige R\u00fcckzahlung und die damit verbundenen Bedingungen und Konditionen zu informieren.[\/vc_column_text][vc_column_text el_class=&#8221;pb-2 maxwidth&#8221;]<\/p>\n<h3><span class=\"ez-toc-section\" id=\"Fragen_zur_vorzeitigen_Rueckzahlung\"><\/span>Fragen zur vorzeitigen R\u00fcckzahlung?<span class=\"ez-toc-section-end\"><\/span><\/h3>\n<p>Bitte z\u00f6gern Sie nicht, uns Fragen zum Thema vorzeitige R\u00fcckzahlung zu stellen.[\/vc_column_text][vc_column_text]<\/p>\n<h3><span class=\"ez-toc-section\" id=\"Unsere_Staerken_sind_die_folgenden_um_die_bestmoeglichen_Angebote_fuer_unsere_Kunden_in_der_ganzen_Schweiz_zu_erhalten\"><\/span>Unsere St\u00e4rken sind die folgenden, um die bestm\u00f6glichen Angebote f\u00fcr unsere Kunden in der ganzen Schweiz zu erhalten<span class=\"ez-toc-section-end\"><\/span><\/h3>\n<p>[\/vc_column_text][\/vc_column][\/vc_row][vc_row full_width=&#8221;stretch_row&#8221; el_class=&#8221;white-bck&#8221; css=&#8221;.vc_custom_1586930817763{padding-top: 24px !important;padding-bottom: 0px !important;}&#8221;][vc_column width=&#8221;1\/2&#8243; data_aos=&#8221;fade-up&#8221; el_class=&#8221;checklist&#8221;][vc_column_text]<\/p>\n<ul>\n<li>Erhalten Sie eine vorl\u00e4ufige Entscheidung in nur 5 Minuten, w\u00e4hrend des ersten Telefonkontakts<\/li>\n<li>Kostenlose Bearbeitung Ihres Antrags und unverbindliches Angebot<\/li>\n<li>Vertraulichkeit garantiert (wir unterliegen dem Bankgeheimnis)<\/li>\n<li>Flexible R\u00fcckzahlung \u00fcber 12 bis 84 Monate<\/li>\n<li>Angepasste monatliche Raten und niedrigere Zinsen<\/li>\n<li>Flexible und anpassungsf\u00e4hige Bedingungen (Laufzeit, Zinssatz, Betrag)<\/li>\n<li>Vorzeitige R\u00fcckzahlung Ihres Darlehens zu jedem beliebigen Zeitpunkt<\/li>\n<\/ul>\n<p>[\/vc_column_text][\/vc_column][vc_column width=&#8221;1\/2&#8243; data_aos=&#8221;fade-up&#8221; data_aos_delay=&#8221;250&#8243; el_class=&#8221;checklist&#8221;][vc_column_text]<\/p>\n<ul>\n<li>F\u00fcr Schweizer und Inhaber einer C-Bewilligung k\u00f6nnen die Schuldzinsen steuerlich abgesetzt werden.<\/li>\n<li>Vereinfachte und schnellere Abwicklung als bei Hypothek und Leasing<\/li>\n<li>\u00dcbernahme Ihrer administrativen Schritte<\/li>\n<li>Einfache, schnelle und diskrete Schritte<\/li>\n<li>Zusammenstellung Ihres Dossiers durch einen Spezialisten<\/li>\n<li>Pers\u00f6nliche Beratung zu Hause oder in unserem B\u00fcro<\/li>\n<\/ul>\n<p>[\/vc_column_text][\/vc_column][\/vc_row][vc_row full_width=&#8221;stretch_row&#8221; el_class=&#8221;white-bck bigpadding&#8221; css=&#8221;.vc_custom_1586929684389{padding-top: 24px !important;}&#8221;][vc_column data_aos=&#8221;fade-in&#8221;][vc_column_text el_class=&#8221;pt-2&#8243;]<\/p>\n<p style=\"text-align: center;\"><strong>F\u00fcr Privatpersonen mit Wohnsitz in der Schweiz, Schweizer oder <a href=\"https:\/\/www.sem.admin.ch\/sem\/fr\/home\/themen\/aufenthalt\/eu_efta.html\" target=\"_blank\" rel=\"noopener\">Inhaber eines B- oder C-Ausweises oder einer Legitimationskarte (D, E, G und H)<\/a>, ist es m\u00f6glich, Ihre Liquidit\u00e4t zu erh\u00f6hen und Geld zu sparen. Profitieren Sie von einer individuellen Pr\u00fcfung Ihres Projekts und einem ma\u00dfgeschneiderten Kreditangebot in k\u00fcrzester Zeit. <\/strong><\/p>\n<h3><span class=\"ez-toc-section\" id=\"Wie_hoch_sind_die_Betraege_die_bei_einer_vorzeitigen_Rueckzahlung_zu_zahlen_sind\"><\/span>Wie hoch sind die Betr\u00e4ge, die bei einer vorzeitigen R\u00fcckzahlung zu zahlen sind?<span class=\"ez-toc-section-end\"><\/span><\/h3>\n<p>Wenn ein Kreditnehmer beschlie\u00dft, seinen Kredit vorzeitig zu tilgen, m\u00fcssen bestimmte Kosten ber\u00fccksichtigt werden:<\/p>\n<ul>\n<li><strong>Aufgelaufene Zinsen<\/strong>: Der Kreditnehmer muss die bis zum Tag der vollst\u00e4ndigen R\u00fcckzahlung des Kredits aufgelaufenen Zinsen zahlen. Dieser Betrag entspricht den Zinsen, die f\u00fcr den Zeitraum berechnet werden, in dem der Kredit tats\u00e4chlich in Anspruch genommen wurde. <\/li>\n<li><strong>Verwaltungsgeb\u00fchr<\/strong>: Je nach Finanzinstitut kann eine Verwaltungsgeb\u00fchr erhoben werden. Diese betragen in der Regel einige hundert Franken und decken die Verwaltungskosten f\u00fcr die Bearbeitung der vorzeitigen R\u00fcckzahlung. <\/li>\n<\/ul>\n<p>Es ist wichtig zu beachten, dass der Kreditnehmer je nach Kreditgeber die M\u00f6glichkeit haben kann, den Kredit innerhalb von 10 Tagen nach Ablauf der Widerrufsfrist ohne zus\u00e4tzliche Kosten oder Geb\u00fchren zur\u00fcckzuzahlen.<\/p>\n<h3><span class=\"ez-toc-section\" id=\"Folgen_einer_verspaeteten_Zahlung_der_Raten\"><\/span>Folgen einer versp\u00e4teten Zahlung der Raten<span class=\"ez-toc-section-end\"><\/span><\/h3>\n<p>Es ist von entscheidender Bedeutung, auf versp\u00e4tete Zahlungen zu achten, da diese erhebliche Auswirkungen haben k\u00f6nnen und sich direkt auf die F\u00e4higkeit des Kreditnehmers auswirken, zuk\u00fcnftige Kredite zu erhalten. Hier ist, was Sie wissen sollten: <\/p>\n<ul>\n<li><strong>Zahlung bei Mahnung<\/strong>: Eine Zahlung systematisch nach Erhalt einer Mahnung zu leisten, mag harmlos erscheinen, wird aber von den Finanzinstituten als Zeichen eines mangelhaften Finanzmanagements angesehen. In diesem Fall wird ein Code 03 in das Register der ZEK (Zentralstelle f\u00fcr Kreditinformation) eingetragen, was ein ernsthaftes Hindernis f\u00fcr die Gew\u00e4hrung neuer Kredite oder Leasing f\u00fcr einen Zeitraum von 5 Jahren darstellt. Je nach Politik der Bank ist es m\u00f6glich, dass der Kreditnehmer Anspruch auf zwei Ratenaufsch\u00fcbe ohne zus\u00e4tzliche Zinskosten hat, dies muss jedoch noch mit dem Kreditinstitut abgestimmt werden.  <\/li>\n<li><strong>Reduzierung der Monatsrate<\/strong>: Wenn der Kreditnehmer nicht in der Lage ist, seine monatlichen Zahlungen zu leisten, ist es ratsam, die Situation nicht weiter eskalieren zu lassen. Es ist wichtig, sich schnell mit dem Finanzinstitut in Verbindung zu setzen, um die Schwierigkeiten zu schildern und eine angemessene L\u00f6sung, wie z.B. eine vor\u00fcbergehende Reduzierung der Monatsraten, auszuhandeln. Dies f\u00fchrt zwar zu einem ZEK-Code 04 (weniger schwerwiegend als ein Code 03), aber diese proaktive Vorgehensweise ist besser als die Anh\u00e4ufung von Schulden, die zu einer Klage f\u00fchren k\u00f6nnten.  <\/li>\n<li><strong>Kumulierte Verz\u00f6gerungen in H\u00f6he von 10 % der Gesamtschuld<\/strong>: Wenn ein Kreditnehmer diese Grenze \u00fcberschreitet, wird die Situation kritisch. In einem solchen Fall hat die Bank das Recht, die sofortige R\u00fcckzahlung des gesamten Kredits zuz\u00fcglich Zinsen zu verlangen. Dies kann zu Gerichtsverfahren f\u00fchren, die den Kreditnehmer in eine komplexe und belastende Situation bringen.  <\/li>\n<\/ul>\n<p>[\/vc_column_text][\/vc_column][\/vc_row][vc_row full_width=&#8221;stretch_row&#8221; equal_height=&#8221;yes&#8221; el_class=&#8221;lightgrey-bck bigpadding flex-eq-height diagonal-top-bck one-fifth-link-bloc&#8221;][vc_column width=&#8221;1\/5&#8243; data_aos=&#8221;fade-down&#8221; data_aos_delay=&#8221;0&#8243;]<\/p>\n<div class=\"wpb_single_image wpb_content_element vc_align_center  wpb_animate_when_almost_visible wpb_top-to-bottom top-to-bottom wpb_start_animation animated\">\n<figure class=\"wpb_wrapper vc_figure\">\n<div class=\"vc_single_image-wrapper\"><img decoding=\"async\" src=\"https:\/\/multicredit.ch\/wp\/wp-content\/uploads\/c-hab.jpg\" alt=\"\" title=\"\"><\/div><figcaption>\n<h4>Wohnungskredit<\/h4>\n<p>Finanzierung von Einrichtungen und H\u00e4usern<\/p>\n<\/figcaption><\/figure>\n<\/div>\n<div class=\"vc_btn3-container text-center\"><a class=\"btn-circle-2\" href=\"https:\/\/www.multicredit.ch\/fr\/credit\/credit-habitation\/\" title=\"Wohnungskredit\"><span class=\"round\">&gt;<\/span><\/a><\/div>\n<p>[\/vc_column][vc_column width=&#8221;1\/5&#8243; data_aos=&#8221;fade-down&#8221; data_aos_delay=&#8221;50&#8243;]<\/p>\n<div class=\"wpb_single_image wpb_content_element vc_align_center  wpb_animate_when_almost_visible wpb_top-to-bottom top-to-bottom wpb_start_animation animated\">\n<figure class=\"wpb_wrapper vc_figure\">\n<div class=\"vc_single_image-wrapper\"><img decoding=\"async\" src=\"https:\/\/multicredit.ch\/wp\/wp-content\/uploads\/c-auto.jpg\" alt=\"\" title=\"\"><\/div><figcaption>\n<h4>Autokredit<\/h4>\n<p>Kaufen Sie Ihr Fahrzeug auf Kredit<\/p>\n<\/figcaption><\/figure>\n<\/div>\n<div class=\"vc_btn3-container text-center\"><a class=\"btn-circle-2\" href=\"https:\/\/www.multicredit.ch\/fr\/credit\/credit-auto\" title=\"Wohnungskredit\"><span class=\"round\">&gt;<\/span><\/a><\/div>\n<p>[\/vc_column][vc_column width=&#8221;1\/5&#8243; data_aos=&#8221;fade-down&#8221; data_aos_delay=&#8221;100&#8243;]<\/p>\n<div class=\"wpb_single_image wpb_content_element vc_align_center  wpb_animate_when_almost_visible wpb_top-to-bottom top-to-bottom wpb_start_animation animated\">\n<figure class=\"wpb_wrapper vc_figure\">\n<div class=\"vc_single_image-wrapper\"><img decoding=\"async\" src=\"https:\/\/multicredit.ch\/wp\/wp-content\/uploads\/c-form.jpg\" alt=\"\" title=\"\"><\/div><figcaption>\n<h4>Kredit f\u00fcr Ausbildung<\/h4>\n<p>Finanzieren Sie Ihr Studium<\/p>\n<\/figcaption><\/figure>\n<\/div>\n<div class=\"vc_btn3-container text-center\"><a class=\"btn-circle-2\" href=\"https:\/\/www.multicredit.ch\/fr\/credit\/financement-d-etudes-et-de-formations\/\" title=\"Wohnungskredit\"><span class=\"round\">&gt;<\/span><\/a><\/div>\n<p>[\/vc_column][vc_column width=&#8221;1\/5&#8243; data_aos=&#8221;fade-down&#8221; data_aos_delay=&#8221;150&#8243;]<\/p>\n<div class=\"wpb_single_image wpb_content_element vc_align_center  wpb_animate_when_almost_visible wpb_top-to-bottom top-to-bottom wpb_start_animation animated\">\n<figure class=\"wpb_wrapper vc_figure\">\n<div class=\"vc_single_image-wrapper\"><img decoding=\"async\" src=\"https:\/\/multicredit.ch\/wp\/wp-content\/uploads\/c-med.jpg\" alt=\"\" title=\"\"><\/div><figcaption>\n<h4>Medizinischer Kredit<\/h4>\n<p>Finanzieren Sie Ihre Operation und medizinische Versorgung<\/p>\n<\/figcaption><\/figure>\n<\/div>\n<div class=\"vc_btn3-container text-center\"><a class=\"btn-circle-2\" href=\"https:\/\/www.multicredit.ch\/fr\/credit\/pret-medical\/\" title=\"Wohnungskredit\"><span class=\"round\">&gt;<\/span><\/a><\/div>\n<p>[\/vc_column][vc_column width=&#8221;1\/5&#8243; data_aos=&#8221;fade-down&#8221; data_aos_delay=&#8221;200&#8243;]<\/p>\n<div class=\"wpb_single_image wpb_content_element vc_align_center  wpb_animate_when_almost_visible wpb_top-to-bottom top-to-bottom wpb_start_animation animated\">\n<figure class=\"wpb_wrapper vc_figure\">\n<div class=\"vc_single_image-wrapper\"><img decoding=\"async\" src=\"https:\/\/multicredit.ch\/wp\/wp-content\/uploads\/c-all.jpg\" alt=\"\" title=\"\"><\/div><figcaption>\n<h4>Verschiedene Kredite<\/h4>\n<p>F\u00fcr alle anderen Projekte<\/p>\n<\/figcaption><\/figure>\n<\/div>\n<div class=\"vc_btn3-container text-center\"><a class=\"btn-circle-2\" href=\"https:\/\/www.multicredit.ch\/fr\/credit\/credits-divers\/\" title=\"Wohnungskredit\"><span class=\"round\">&gt;<\/span><\/a><\/div>\n<p>[\/vc_column][\/vc_row][vc_row full_width=&#8221;stretch_row&#8221; el_class=&#8221;white-bck regularpadding steps&#8221;][vc_column data_aos=&#8221;fade-in&#8221;]<\/p>\n<div class=\"blocktitle title-center title-dark\" clearfix\"><H2><span class=\"ez-toc-section\" id=\"Ihr_Kredit_in_4_Schritten\"><\/span>Ihr Kredit in 4 Schritten<\/H2><\/p>\n<h4>Einfach und schnell<\/h4>\n<\/div>\n<p>[vc_row_inner equal_height=&#8221;yes&#8221;][vc_column_inner width=&#8221;1\/4&#8243;][vc_pie value=&#8221;25&#8243; label_value=&#8221;1&#8243; color=&#8221;custom&#8221; title=&#8221;Antrag&#8221; custom_color=&#8221;#df003c&#8221;][vc_column_text]<\/p>\n<p style=\"text-align: center;\">Sie f\u00fcllen das Kreditantragsformular entsprechend Ihren Bed\u00fcrfnissen aus.<\/p>\n<h5 style=\"text-align: center;\">2 Min.<\/h5>\n<p>[\/vc_column_text][\/vc_column_inner][vc_column_inner width=&#8221;1\/4&#8243;][vc_pie label_value=&#8221;2&#8243; color=&#8221;custom&#8221; title=&#8221;Vorschlag&#8221; custom_color=&#8221;#df003c&#8221;][vc_column_text]<\/p>\n<p style=\"text-align: center;\">Wir analysieren Ihre Anfrage und schlagen Ihnen eine L\u00f6sung vor, die auf Ihr Profil zugeschnitten ist.<\/p>\n<h5 style=\"text-align: center;\">12 Stunden<\/h5>\n<p>[\/vc_column_text][\/vc_column_inner][vc_column_inner width=&#8221;1\/4&#8243;][vc_pie value=&#8221;75&#8243; label_value=&#8221;3&#8243; color=&#8221;custom&#8221; title=&#8221;Unterschrift&#8221; custom_color=&#8221;#df003c&#8221;][vc_column_text]<\/p>\n<p style=\"text-align: center;\">Sobald der Vertrag aufgesetzt ist, m\u00fcssen Sie ihn nur noch unterschreiben und an uns weiterleiten.<\/p>\n<h5 style=\"text-align: center;\">Dieser Schritt h\u00e4ngt von Ihrer Reaktionsf\u00e4higkeit ab.<\/h5>\n<p>[\/vc_column_text][\/vc_column_inner][vc_column_inner width=&#8221;1\/4&#8243;][vc_pie value=&#8221;100&#8243; label_value=&#8221;4&#8243; color=&#8221;custom&#8221; title=&#8221;\u00dcberweisung&#8221; custom_color=&#8221;#df003c&#8221;][vc_column_text]<\/p>\n<p style=\"text-align: center;\">Der Betrag wird auf Ihr Konto \u00fcberwiesen.<\/p>\n<h5 style=\"text-align: center;\">14 Tage (Gesetzliche Frist)<\/h5>\n<p>[\/vc_column_text][\/vc_column_inner][\/vc_row_inner][\/vc_column][\/vc_row][vc_row full_width=&#8221;stretch_row&#8221; content_placement=&#8221;middle&#8221; el_class=&#8221;lightgrey-bck bigpadding checklist&#8221;][vc_column data_aos=&#8221;fade-in&#8221;]<\/p>\n<div class=\"blocktitle title-left title-dark\" clearfix\"><H3><span class=\"ez-toc-section\" id=\"Beauftragen_Sie_uns_mit_der_Suche_nach_Ihrem_bestmoeglichen_Kreditangebot\"><\/span>Beauftragen Sie uns mit der Suche nach Ihrem bestm\u00f6glichen Kreditangebot.<\/H3><\/p>\n<h4>Wir suchen immer nach dem bestm\u00f6glichen Angebot f\u00fcr unsere Kunden in der ganzen Schweiz.<\/h4>\n<\/div>\n<p>[vc_row_inner][vc_column_inner width=&#8221;1\/2&#8243;][vc_column_text]Bei Multicredit ist es unser Ziel, daf\u00fcr zu sorgen, dass unsere Kunden nicht in eine prek\u00e4re finanzielle Lage geraten. Wir analysieren die finanzielle Situation jedes Kreditnehmers sorgf\u00e4ltig und empfehlen eine angemessene Sicherheitsmarge, die in das Budget eingeplant werden sollte. Dar\u00fcber hinaus informieren wir unsere Kunden \u00fcber die verschiedenen Versicherungen, die zur Verf\u00fcgung stehen, um sich gegen unvorhergesehene Ereignisse wie Gesundheitsprobleme, Verlust des Arbeitsplatzes oder Ver\u00e4nderungen im pers\u00f6nlichen Leben, wie z.B. eine Scheidung, zu sch\u00fctzen. Diese L\u00f6sungen sorgen f\u00fcr finanzielle Stabilit\u00e4t und beugen Risikosituationen vor.   <\/p>\n<p>Zusammenfassend l\u00e4sst sich sagen, dass das Verst\u00e4ndnis der Rechte und Pflichten, die mit einem Darlehensvertrag verbunden sind, f\u00fcr ein proaktives und sicheres Kreditmanagement von entscheidender Bedeutung ist. Wir ermutigen unsere Kunden, informiert zu bleiben und wachsam zu sein, um finanzielle Komplikationen zu vermeiden und eine sichere Kreditaufnahme zu gew\u00e4hrleisten.[\/vc_column_text][vc_btn title=&#8221;Entdecken Sie&#8221; link=&#8221;url:https%3A%2F%2Fwww.multicredit.ch%2Ffr%2Fa-propos%2F|title:%C3%9Cber|&#8221;][\/vc_column_inner][vc_column_inner width=&#8221;1\/2&#8243;][vc_column_text]<\/p>\n<ul>\n<li><strong>Sicherheit und Vertraulichkeit<\/strong><\/li>\n<li><strong>N\u00e4he und Verantwortung<\/strong><\/li>\n<li><strong>Garantierte Abholung in weniger als 24 Stunden<\/strong><\/li>\n<li><strong>Niedrigerer Zinssatz als die Konkurrenz<\/strong><\/li>\n<\/ul>\n<p>[\/vc_column_text][\/vc_column_inner][\/vc_row_inner][\/vc_column][\/vc_row]<\/section>\n","protected":false},"excerpt":{"rendered":"<p>Konkretisieren Sie Ihr Projekt einfach<\/p>\n","protected":false},"author":25,"featured_media":11772,"parent":30582,"menu_order":-9,"comment_status":"closed","ping_status":"closed","template":"template-credit.php","meta":{"inline_featured_image":false,"footnotes":"","_links_to":"","_links_to_target":""},"categories":[240],"class_list":["post-30624","page","type-page","status-publish","has-post-thumbnail","hentry","category-gutschrift"],"_links":{"self":[{"href":"https:\/\/multicredit.ch\/de\/wp-json\/wp\/v2\/pages\/30624","targetHints":{"allow":["GET"]}}],"collection":[{"href":"https:\/\/multicredit.ch\/de\/wp-json\/wp\/v2\/pages"}],"about":[{"href":"https:\/\/multicredit.ch\/de\/wp-json\/wp\/v2\/types\/page"}],"author":[{"embeddable":true,"href":"https:\/\/multicredit.ch\/de\/wp-json\/wp\/v2\/users\/25"}],"replies":[{"embeddable":true,"href":"https:\/\/multicredit.ch\/de\/wp-json\/wp\/v2\/comments?post=30624"}],"version-history":[{"count":2,"href":"https:\/\/multicredit.ch\/de\/wp-json\/wp\/v2\/pages\/30624\/revisions"}],"predecessor-version":[{"id":30626,"href":"https:\/\/multicredit.ch\/de\/wp-json\/wp\/v2\/pages\/30624\/revisions\/30626"}],"up":[{"embeddable":true,"href":"https:\/\/multicredit.ch\/de\/wp-json\/wp\/v2\/pages\/30582"}],"wp:featuredmedia":[{"embeddable":true,"href":"https:\/\/multicredit.ch\/de\/wp-json\/wp\/v2\/media\/11772"}],"wp:attachment":[{"href":"https:\/\/multicredit.ch\/de\/wp-json\/wp\/v2\/media?parent=30624"}],"wp:term":[{"taxonomy":"category","embeddable":true,"href":"https:\/\/multicredit.ch\/de\/wp-json\/wp\/v2\/categories?post=30624"}],"curies":[{"name":"wp","href":"https:\/\/api.w.org\/{rel}","templated":true}]}}