{"id":30615,"date":"2024-11-18T19:34:50","date_gmt":"2024-11-18T19:34:50","guid":{"rendered":"https:\/\/multicredit.ch\/offre-credit\/interets-deductibles\/"},"modified":"2026-03-10T15:48:24","modified_gmt":"2026-03-10T15:48:24","slug":"interets-deductibles","status":"publish","type":"page","link":"https:\/\/multicredit.ch\/de\/kredit\/offre-credit\/interets-deductibles\/","title":{"rendered":"Abzugsf\u00e4hige Zinsen"},"content":{"rendered":"<section class=\"wpb-content-wrapper\">[vc_row full_width=&#8221;stretch_row&#8221; el_class=&#8221;white-bck bigpadding&#8221; css=&#8221;.vc_custom_1586929679182{padding-bottom: 24px !important;}&#8221;][vc_column data_aos=&#8221;fade-in&#8221;]<\/p>\n<div class=\"blocktitle title-center title-dark\" clearfix\"><H2><span class=\"ez-toc-section\" id=\"Abzugsfaehige_Zinsen_in_einem_Kreditantrag\"><\/span>Abzugsf\u00e4hige Zinsen in einem Kreditantrag<\/H2><\/div>\n<p>[vc_column_text]In der Schweiz sind die Zinsen, die im Zusammenhang mit einem Bankdarlehen oder der Nutzung von Kreditkarten gezahlt werden, vom steuerpflichtigen Einkommen absetzbar. Diese Abzugsf\u00e4higkeit ist ein wichtiger Steuervorteil f\u00fcr Kreditnehmer, der die Gesamtsteuerlast reduziert.[\/vc_column_text][vc_column_text el_class=&#8221;pb-2 maxwidth&#8221;]<\/p>\n<h3><span class=\"ez-toc-section\" id=\"Abzugsfaehige_Zinsen_Fall_eines_Bankdarlehens\"><\/span>Abzugsf\u00e4hige Zinsen: Fall eines Bankdarlehens<span class=\"ez-toc-section-end\"><\/span><\/h3>\n<p>Wenn ein Kreditnehmer einen Kredit bei einer Bank aufnimmt, hat er das Recht, die im Laufe des Jahres gezahlten Zinsen von seinem steuerpflichtigen Einkommen abzuziehen. Am Ende eines jeden Jahres ist die Bank verpflichtet, dem Kreditnehmer eine Steuerbescheinigung vorzulegen, in der der Gesamtbetrag der im vergangenen Jahr gezahlten Zinsen aufgef\u00fchrt ist. Diese Bescheinigung ist wichtig, damit der Kreditnehmer den Abzug gegen\u00fcber der Steuerbeh\u00f6rde rechtfertigen kann.  <\/p>\n<p>Es ist wichtig zu betonen, dass nur die Zinsen f\u00fcr das Darlehen abzugsf\u00e4hig sind. Das geliehene Kapital selbst, d.h. der Darlehensbetrag, kann nicht von der Steuer abgesetzt werden. Dies gilt f\u00fcr alle Arten von Bankkrediten, ob Hypotheken, Privatkredite oder Verbraucherkredite.[\/vc_column_text][vc_column_text]<\/p>\n<h3><span class=\"ez-toc-section\" id=\"Unsere_Staerken_sind_die_folgenden_um_die_bestmoeglichen_Angebote_fuer_unsere_Kunden_in_der_ganzen_Schweiz_zu_erhalten\"><\/span>Unsere St\u00e4rken sind die folgenden, um die bestm\u00f6glichen Angebote f\u00fcr unsere Kunden in der ganzen Schweiz zu erhalten<span class=\"ez-toc-section-end\"><\/span><\/h3>\n<p>[\/vc_column_text][\/vc_column][\/vc_row][vc_row full_width=&#8221;stretch_row&#8221; el_class=&#8221;white-bck&#8221; css=&#8221;.vc_custom_1586930817763{padding-top: 24px !important;padding-bottom: 0px !important;}&#8221;][vc_column width=&#8221;1\/2&#8243; data_aos=&#8221;fade-up&#8221; el_class=&#8221;checklist&#8221;][vc_column_text]<\/p>\n<ul>\n<li>Erhalten Sie eine vorl\u00e4ufige Entscheidung in nur 5 Minuten, w\u00e4hrend des ersten Telefonkontakts<\/li>\n<li>Kostenlose Bearbeitung Ihres Antrags und unverbindliches Angebot<\/li>\n<li>Vertraulichkeit garantiert (wir unterliegen dem Bankgeheimnis)<\/li>\n<li>Flexible R\u00fcckzahlung \u00fcber 12 bis 84 Monate<\/li>\n<li>Angepasste monatliche Raten und niedrigere Zinsen<\/li>\n<li>Flexible und anpassungsf\u00e4hige Bedingungen (Laufzeit, Zinssatz, Betrag)<\/li>\n<li>Vorzeitige R\u00fcckzahlung Ihres Darlehens zu jedem beliebigen Zeitpunkt<\/li>\n<\/ul>\n<p>[\/vc_column_text][\/vc_column][vc_column width=&#8221;1\/2&#8243; data_aos=&#8221;fade-up&#8221; data_aos_delay=&#8221;250&#8243; el_class=&#8221;checklist&#8221;][vc_column_text]<\/p>\n<ul>\n<li>F\u00fcr Schweizer und Inhaber einer C-Bewilligung k\u00f6nnen die Schuldzinsen steuerlich abgesetzt werden.<\/li>\n<li>Vereinfachte und schnellere Abwicklung als bei Hypothek und Leasing<\/li>\n<li>\u00dcbernahme Ihrer administrativen Schritte<\/li>\n<li>Einfache, schnelle und diskrete Schritte<\/li>\n<li>Zusammenstellung Ihres Dossiers durch einen Spezialisten<\/li>\n<li>Pers\u00f6nliche Beratung zu Hause oder in unserem B\u00fcro<\/li>\n<\/ul>\n<p>[\/vc_column_text][\/vc_column][\/vc_row][vc_row full_width=&#8221;stretch_row&#8221; el_class=&#8221;white-bck bigpadding&#8221; css=&#8221;.vc_custom_1586929684389{padding-top: 24px !important;}&#8221;][vc_column data_aos=&#8221;fade-in&#8221;][vc_column_text el_class=&#8221;pt-2&#8243;]<\/p>\n<p style=\"text-align: center;\"><strong>F\u00fcr Privatpersonen mit Wohnsitz in der Schweiz, Schweizer oder <a href=\"https:\/\/www.sem.admin.ch\/sem\/fr\/home\/themen\/aufenthalt\/eu_efta.html\" target=\"_blank\" rel=\"noopener\">Inhaber eines B- oder C-Ausweises oder einer Legitimationskarte (D, E, G und H)<\/a>, ist es m\u00f6glich, Ihre Liquidit\u00e4t zu erh\u00f6hen und Geld zu sparen. Profitieren Sie von einer individuellen Pr\u00fcfung Ihres Projekts und einem ma\u00dfgeschneiderten Kreditangebot in k\u00fcrzester Zeit. <\/strong><\/p>\n<h3><span class=\"ez-toc-section\" id=\"Abzugsfaehige_Zinsen_Fall_eines_Bankdarlehens-2\"><\/span>Abzugsf\u00e4hige Zinsen: Fall eines Bankdarlehens<span class=\"ez-toc-section-end\"><\/span><\/h3>\n<p>Wenn ein Kreditnehmer ein <a href=\"https:\/\/multicredit.ch\/de\/kredit\/offre-credit\/\">Kreditangebot<\/a> einer Bank annimmt, hat er das Recht, die im Laufe des Jahres gezahlten Zinsen von seinem steuerpflichtigen Einkommen abzuziehen. Am Ende eines jeden Jahres ist die Bank verpflichtet, dem Kreditnehmer eine Steuerbescheinigung vorzulegen, in der der Gesamtbetrag der im vergangenen Jahr gezahlten Zinsen aufgef\u00fchrt ist. Diese Bescheinigung ist wichtig, damit der Kreditnehmer den Abzug gegen\u00fcber der Steuerbeh\u00f6rde rechtfertigen kann.  <\/p>\n<p>Es ist wichtig zu betonen, dass nur die Zinsen f\u00fcr das Darlehen abzugsf\u00e4hig sind. Das geliehene Kapital selbst, d.h. der Darlehensbetrag, kann nicht von der Steuer abgesetzt werden. Dies gilt f\u00fcr alle Arten von Bankkrediten, ob Hypotheken, Privatkredite oder Verbraucherkredite.  <\/p>\n<h3><span class=\"ez-toc-section\" id=\"Abzugsfaehige_Zinsen_Fall_eines_privaten_Kreditgebers\"><\/span>Abzugsf\u00e4hige Zinsen: Fall eines privaten Kreditgebers<span class=\"ez-toc-section-end\"><\/span><\/h3>\n<p>Wenn der Kredit von einer Privatperson (einem privaten Kreditgeber) aufgenommen wird, kann der Kreditnehmer die gezahlten Zinsen ebenfalls abziehen, jedoch unter bestimmten Bedingungen. Damit der Abzug g\u00fcltig ist, m\u00fcssen genaue, datierte und von beiden Parteien unterschriebene Belege \u00fcber die gezahlten Betr\u00e4ge vorliegen. Diese Dokumente dienen als Nachweis f\u00fcr die Rechtm\u00e4\u00dfigkeit des Abzugs bei einer Steuerpr\u00fcfung.  <\/p>\n<h3><span class=\"ez-toc-section\" id=\"Leasing_Nicht_abzugsfaehige_Zinsen\"><\/span>Leasing: Nicht abzugsf\u00e4hige Zinsen<span class=\"ez-toc-section-end\"><\/span><\/h3>\n<p>Es ist wichtig zu verstehen, dass die Finanzierung eines Fahrzeugs durch Leasing nicht die gleichen steuerlichen Vorteile bietet. Im Gegensatz zu herk\u00f6mmlichen Darlehen sind die im Rahmen eines Leasings gezahlten Zinsen nicht steuerlich absetzbar. Diese Unterscheidung ist auf die Natur des Leasings zur\u00fcckzuf\u00fchren, das als langfristige Miete mit Kaufoption und nicht als klassischer Kredit angesehen wird. Daher k\u00f6nnen Leasingzahlungen, selbst wenn sie Zinsen enthalten, nicht vom steuerpflichtigen Einkommen abgezogen werden.   <\/p>\n<h3><span class=\"ez-toc-section\" id=\"Die_Bedeutung_der_Steuerbescheinigung\"><\/span>Die Bedeutung der Steuerbescheinigung<span class=\"ez-toc-section-end\"><\/span><\/h3>\n<p>Die von der Bank ausgestellte Steuerbescheinigung ist ein grundlegendes Dokument f\u00fcr die Steuererkl\u00e4rung. Sie stellt die Transparenz der gezahlten Zinsen sicher und liefert den erforderlichen Nachweis f\u00fcr die Inanspruchnahme des Steuerabzugs. Bei einem Privatkredit muss der Kreditnehmer sicherstellen, dass er eine formelle, unterschriebene und datierte Vereinbarung erh\u00e4lt, um die geleisteten Zinszahlungen zu belegen. Ohne diese Dokumente k\u00f6nnte der Abzug von der Steuerbeh\u00f6rde verweigert werden.[\/vc_column_text][\/vc_column][\/vc_row][vc_row full_width=&#8221;stretch_row&#8221; equal_height=&#8221;yes&#8221; el_class=&#8221;lightgrey-bck bigpadding flex-eq-height diagonal-top-bck one-fifth-link-bloc&#8221;][vc_column width=&#8221;1\/5&#8243; data_aos=&#8221;fade-down&#8221; data_aos_delay=&#8221;0&#8243;]<\/p>\n<div class=\"wpb_single_image wpb_content_element vc_align_center  wpb_animate_when_almost_visible wpb_top-to-bottom top-to-bottom wpb_start_animation animated\">\n<figure class=\"wpb_wrapper vc_figure\">\n<div class=\"vc_single_image-wrapper\"><img decoding=\"async\" src=\"https:\/\/multicredit.ch\/wp\/wp-content\/uploads\/c-hab.jpg\" alt=\"\" title=\"\"><\/div><figcaption>\n<h4>Wohnungskredit<\/h4>\n<p>Finanzierung von Einrichtungen und H\u00e4usern<\/p>\n<\/figcaption><\/figure>\n<\/div>\n<div class=\"vc_btn3-container text-center\"><a class=\"btn-circle-2\" href=\"https:\/\/www.multicredit.ch\/fr\/credit\/credit-habitation\/\" title=\"Wohnungskredit\"><span class=\"round\">&gt;<\/span><\/a><\/div>\n<p>[\/vc_column][vc_column width=&#8221;1\/5&#8243; data_aos=&#8221;fade-down&#8221; data_aos_delay=&#8221;50&#8243;]<\/p>\n<div class=\"wpb_single_image wpb_content_element vc_align_center  wpb_animate_when_almost_visible wpb_top-to-bottom top-to-bottom wpb_start_animation animated\">\n<figure class=\"wpb_wrapper vc_figure\">\n<div class=\"vc_single_image-wrapper\"><img decoding=\"async\" src=\"https:\/\/multicredit.ch\/wp\/wp-content\/uploads\/c-auto.jpg\" alt=\"\" title=\"\"><\/div><figcaption>\n<h4>Autokredit<\/h4>\n<p>Kaufen Sie Ihr Fahrzeug auf Kredit<\/p>\n<\/figcaption><\/figure>\n<\/div>\n<div class=\"vc_btn3-container text-center\"><a class=\"btn-circle-2\" href=\"https:\/\/www.multicredit.ch\/fr\/credit\/credit-auto\" title=\"Wohnungskredit\"><span class=\"round\">&gt;<\/span><\/a><\/div>\n<p>[\/vc_column][vc_column width=&#8221;1\/5&#8243; data_aos=&#8221;fade-down&#8221; data_aos_delay=&#8221;100&#8243;]<\/p>\n<div class=\"wpb_single_image wpb_content_element vc_align_center  wpb_animate_when_almost_visible wpb_top-to-bottom top-to-bottom wpb_start_animation animated\">\n<figure class=\"wpb_wrapper vc_figure\">\n<div class=\"vc_single_image-wrapper\"><img decoding=\"async\" src=\"https:\/\/multicredit.ch\/wp\/wp-content\/uploads\/c-form.jpg\" alt=\"\" title=\"\"><\/div><figcaption>\n<h4>Kredit f\u00fcr Ausbildung<\/h4>\n<p>Finanzieren Sie Ihr Studium<\/p>\n<\/figcaption><\/figure>\n<\/div>\n<div class=\"vc_btn3-container text-center\"><a class=\"btn-circle-2\" href=\"https:\/\/www.multicredit.ch\/fr\/credit\/financement-d-etudes-et-de-formations\/\" title=\"Wohnungskredit\"><span class=\"round\">&gt;<\/span><\/a><\/div>\n<p>[\/vc_column][vc_column width=&#8221;1\/5&#8243; data_aos=&#8221;fade-down&#8221; data_aos_delay=&#8221;150&#8243;]<\/p>\n<div class=\"wpb_single_image wpb_content_element vc_align_center  wpb_animate_when_almost_visible wpb_top-to-bottom top-to-bottom wpb_start_animation animated\">\n<figure class=\"wpb_wrapper vc_figure\">\n<div class=\"vc_single_image-wrapper\"><img decoding=\"async\" src=\"https:\/\/multicredit.ch\/wp\/wp-content\/uploads\/c-med.jpg\" alt=\"\" title=\"\"><\/div><figcaption>\n<h4>Medizinischer Kredit<\/h4>\n<p>Finanzieren Sie Ihre Operation und medizinische Versorgung<\/p>\n<\/figcaption><\/figure>\n<\/div>\n<div class=\"vc_btn3-container text-center\"><a class=\"btn-circle-2\" href=\"https:\/\/www.multicredit.ch\/fr\/credit\/pret-medical\/\" title=\"Wohnungskredit\"><span class=\"round\">&gt;<\/span><\/a><\/div>\n<p>[\/vc_column][vc_column width=&#8221;1\/5&#8243; data_aos=&#8221;fade-down&#8221; data_aos_delay=&#8221;200&#8243;]<\/p>\n<div class=\"wpb_single_image wpb_content_element vc_align_center  wpb_animate_when_almost_visible wpb_top-to-bottom top-to-bottom wpb_start_animation animated\">\n<figure class=\"wpb_wrapper vc_figure\">\n<div class=\"vc_single_image-wrapper\"><img decoding=\"async\" src=\"https:\/\/multicredit.ch\/wp\/wp-content\/uploads\/c-all.jpg\" alt=\"\" title=\"\"><\/div><figcaption>\n<h4>Verschiedene Kredite<\/h4>\n<p>F\u00fcr alle anderen Projekte<\/p>\n<\/figcaption><\/figure>\n<\/div>\n<div class=\"vc_btn3-container text-center\"><a class=\"btn-circle-2\" href=\"https:\/\/www.multicredit.ch\/fr\/credit\/credits-divers\/\" title=\"Wohnungskredit\"><span class=\"round\">&gt;<\/span><\/a><\/div>\n<p>[\/vc_column][\/vc_row][vc_row full_width=&#8221;stretch_row&#8221; el_class=&#8221;white-bck regularpadding steps&#8221;][vc_column data_aos=&#8221;fade-in&#8221;]<\/p>\n<div class=\"blocktitle title-center title-dark\" clearfix\"><H2><span class=\"ez-toc-section\" id=\"Ihr_Kredit_in_4_Schritten\"><\/span>Ihr Kredit in 4 Schritten<\/H2><\/p>\n<h4>Einfach und schnell<\/h4>\n<\/div>\n<p>[vc_row_inner equal_height=&#8221;yes&#8221;][vc_column_inner width=&#8221;1\/4&#8243;][vc_pie value=&#8221;25&#8243; label_value=&#8221;1&#8243; color=&#8221;custom&#8221; title=&#8221;Antrag&#8221; custom_color=&#8221;#df003c&#8221;][vc_column_text]<\/p>\n<p style=\"text-align: center;\">Sie f\u00fcllen das Kreditantragsformular entsprechend Ihren Bed\u00fcrfnissen aus.<\/p>\n<h5 style=\"text-align: center;\">2 Min.<\/h5>\n<p>[\/vc_column_text][\/vc_column_inner][vc_column_inner width=&#8221;1\/4&#8243;][vc_pie label_value=&#8221;2&#8243; color=&#8221;custom&#8221; title=&#8221;Vorschlag&#8221; custom_color=&#8221;#df003c&#8221;][vc_column_text]<\/p>\n<p style=\"text-align: center;\">Wir analysieren Ihre Anfrage und schlagen Ihnen eine L\u00f6sung vor, die auf Ihr Profil zugeschnitten ist.<\/p>\n<h5 style=\"text-align: center;\">12 Stunden<\/h5>\n<p>[\/vc_column_text][\/vc_column_inner][vc_column_inner width=&#8221;1\/4&#8243;][vc_pie value=&#8221;75&#8243; label_value=&#8221;3&#8243; color=&#8221;custom&#8221; title=&#8221;Unterschrift&#8221; custom_color=&#8221;#df003c&#8221;][vc_column_text]<\/p>\n<p style=\"text-align: center;\">Sobald der Vertrag aufgesetzt ist, m\u00fcssen Sie ihn nur noch unterschreiben und an uns weiterleiten.<\/p>\n<h5 style=\"text-align: center;\">Dieser Schritt h\u00e4ngt von Ihrer Reaktionsf\u00e4higkeit ab.<\/h5>\n<p>[\/vc_column_text][\/vc_column_inner][vc_column_inner width=&#8221;1\/4&#8243;][vc_pie value=&#8221;100&#8243; label_value=&#8221;4&#8243; color=&#8221;custom&#8221; title=&#8221;\u00dcberweisung&#8221; custom_color=&#8221;#df003c&#8221;][vc_column_text]<\/p>\n<p style=\"text-align: center;\">Der Betrag wird auf Ihr Konto \u00fcberwiesen.<\/p>\n<h5 style=\"text-align: center;\">14 Tage (Gesetzliche Frist)<\/h5>\n<p>[\/vc_column_text][\/vc_column_inner][\/vc_row_inner][\/vc_column][\/vc_row][vc_row full_width=&#8221;stretch_row&#8221; content_placement=&#8221;middle&#8221; el_class=&#8221;lightgrey-bck bigpadding checklist&#8221;][vc_column data_aos=&#8221;fade-in&#8221;]<\/p>\n<div class=\"blocktitle title-left title-dark\" clearfix\"><H3><span class=\"ez-toc-section\" id=\"Beauftragen_Sie_uns_mit_der_Suche_nach_Ihrem_bestmoeglichen_Kreditangebot\"><\/span>Beauftragen Sie uns mit der Suche nach Ihrem bestm\u00f6glichen Kreditangebot.<\/H3><\/p>\n<h4>Wir suchen immer nach dem bestm\u00f6glichen Angebot f\u00fcr unsere Kunden in der ganzen Schweiz.<\/h4>\n<\/div>\n<p>[vc_row_inner][vc_column_inner width=&#8221;1\/2&#8243;][vc_column_text]<\/p>\n<div class=\"flex max-w-full flex-col flex-grow\">\n<div class=\"min-h-8 text-message flex w-full flex-col items-end gap-2 whitespace-normal break-words [.text-message+&amp;]:mt-5\" dir=\"auto\" data-message-author-role=\"assistant\" data-message-id=\"9192edd4-92d6-41be-ba73-847e8056cd37\" data-message-model-slug=\"gpt-4o\">\n<div class=\"flex w-full flex-col gap-1 empty:hidden first:pt-[3px]\">\n<div class=\"markdown prose w-full break-words dark:prose-invert light\">\n<h3><span class=\"ez-toc-section\" id=\"Praktische_Ratschlaege\"><\/span>Praktische Ratschl\u00e4ge<span class=\"ez-toc-section-end\"><\/span><\/h3>\n<p>Um Ihre Steuersituation zu optimieren :<\/p>\n<ul>\n<li><strong>Bewahren Sie Ihre Bescheinigungen auf<\/strong>: Stellen Sie sicher, dass Sie alle Steuerbescheinigungen erhalten und aufbewahren, die von Ihrer Bank oder Ihrem privaten Kreditgeber ausgestellt wurden.<\/li>\n<li><strong>\u00dcberpr\u00fcfen Sie Ihre Steuererkl\u00e4rungen<\/strong>: Wenn Sie Ihre Steuererkl\u00e4rung vorbereiten, stellen Sie sicher, dass Sie die gezahlten Zinsen korrekt einbeziehen und die erforderlichen Belege beif\u00fcgen.<\/li>\n<li><strong>Antizipieren Sie spezielle Regeln<\/strong>: Wenn Sie Ihr Fahrzeug \u00fcber ein Leasing finanzieren, sollten Sie im Voraus wissen, dass die gezahlten Zinsen nicht abgezogen werden k\u00f6nnen und entsprechend planen.<\/li>\n<\/ul>\n<p>Zusammenfassend l\u00e4sst sich sagen, dass die Abzugsf\u00e4higkeit von Zinsen auf Bank- und Privatkredite einen bedeutenden Steuervorteil in der Schweiz darstellt. Es ist jedoch wichtig, die damit verbundenen Bedingungen zu kennen und \u00fcber die erforderlichen Dokumente zu verf\u00fcgen, um diese Abz\u00fcge zu rechtfertigen. Wer Anschaffungen \u00fcber Leasing finanziert, sollte bedenken, dass die gezahlten Zinsen nicht steuerlich absetzbar sind.  <\/p>\n<\/div>\n<\/div>\n<\/div>\n<\/div>\n<div class=\"mb-2 flex gap-3 empty:hidden -ml-2\">\n<div class=\"items-center justify-start rounded-xl p-1 flex\">\n<div class=\"flex items-center\"><\/div>\n<\/div>\n<\/div>\n<p>[\/vc_column_text][vc_btn title=&#8221;Entdecken Sie&#8221; link=&#8221;url:https%3A%2F%2Fwww.multicredit.ch%2Ffr%2Fa-propos%2F|title:%C3%9Cber|&#8221;][\/vc_column_inner][vc_column_inner width=&#8221;1\/2&#8243;][vc_column_text]<\/p>\n<ul>\n<li><strong>Sicherheit und Vertraulichkeit<\/strong><\/li>\n<li><strong>N\u00e4he und Verantwortung<\/strong><\/li>\n<li><strong>Garantierte Abholung in weniger als 24 Stunden<\/strong><\/li>\n<li><strong>Niedrigerer Zinssatz als die Konkurrenz<\/strong><\/li>\n<\/ul>\n<p>[\/vc_column_text][\/vc_column_inner][\/vc_row_inner][\/vc_column][\/vc_row]<\/section>\n","protected":false},"excerpt":{"rendered":"<p>Konkretisieren Sie Ihr Projekt einfach<\/p>\n","protected":false},"author":25,"featured_media":11772,"parent":30582,"menu_order":-9,"comment_status":"closed","ping_status":"closed","template":"template-credit.php","meta":{"inline_featured_image":false,"footnotes":"","_links_to":"","_links_to_target":""},"categories":[240],"class_list":["post-30615","page","type-page","status-publish","has-post-thumbnail","hentry","category-gutschrift"],"_links":{"self":[{"href":"https:\/\/multicredit.ch\/de\/wp-json\/wp\/v2\/pages\/30615","targetHints":{"allow":["GET"]}}],"collection":[{"href":"https:\/\/multicredit.ch\/de\/wp-json\/wp\/v2\/pages"}],"about":[{"href":"https:\/\/multicredit.ch\/de\/wp-json\/wp\/v2\/types\/page"}],"author":[{"embeddable":true,"href":"https:\/\/multicredit.ch\/de\/wp-json\/wp\/v2\/users\/25"}],"replies":[{"embeddable":true,"href":"https:\/\/multicredit.ch\/de\/wp-json\/wp\/v2\/comments?post=30615"}],"version-history":[{"count":2,"href":"https:\/\/multicredit.ch\/de\/wp-json\/wp\/v2\/pages\/30615\/revisions"}],"predecessor-version":[{"id":30617,"href":"https:\/\/multicredit.ch\/de\/wp-json\/wp\/v2\/pages\/30615\/revisions\/30617"}],"up":[{"embeddable":true,"href":"https:\/\/multicredit.ch\/de\/wp-json\/wp\/v2\/pages\/30582"}],"wp:featuredmedia":[{"embeddable":true,"href":"https:\/\/multicredit.ch\/de\/wp-json\/wp\/v2\/media\/11772"}],"wp:attachment":[{"href":"https:\/\/multicredit.ch\/de\/wp-json\/wp\/v2\/media?parent=30615"}],"wp:term":[{"taxonomy":"category","embeddable":true,"href":"https:\/\/multicredit.ch\/de\/wp-json\/wp\/v2\/categories?post=30615"}],"curies":[{"name":"wp","href":"https:\/\/api.w.org\/{rel}","templated":true}]}}