{"id":30606,"date":"2024-11-18T15:49:16","date_gmt":"2024-11-18T15:49:16","guid":{"rendered":"https:\/\/multicredit.ch\/offre-credit\/taux-interet\/"},"modified":"2026-03-10T15:46:17","modified_gmt":"2026-03-10T15:46:17","slug":"taux-interet","status":"publish","type":"page","link":"https:\/\/multicredit.ch\/de\/kredit\/offre-credit\/taux-interet\/","title":{"rendered":"Zinssatz"},"content":{"rendered":"<section class=\"wpb-content-wrapper\">[vc_row full_width=&#8221;stretch_row&#8221; el_class=&#8221;white-bck bigpadding&#8221; css=&#8221;.vc_custom_1586929679182{padding-bottom: 24px !important;}&#8221;][vc_column data_aos=&#8221;fade-in&#8221;]<\/p>\n<div class=\"blocktitle title-center title-dark\" clearfix\"><H2><span class=\"ez-toc-section\" id=\"Zinssaetze_fuer_Kredite_in_der_Schweiz\"><\/span>Zinss\u00e4tze f\u00fcr Kredite in der Schweiz<\/H2><\/div>\n<p>[vc_column_text]Wir bei Multcredit.ch wissen, dass es f\u00fcr unsere Kunden sehr wichtig ist, den besten Zinssatz f\u00fcr einen Privatkredit zu finden. Aus diesem Grund bem\u00fcht sich unser Team um eine sorgf\u00e4ltige und pers\u00f6nliche Suche, um das <a href=\"https:\/\/multicredit.ch\/de\/kredit\/offre-credit\/\">bestm\u00f6gliche Kreditangebot<\/a> zu erhalten. Unsere Experten nehmen sich die Zeit, das Profil jedes Kunden zu analysieren, um die g\u00fcnstigsten Finanzierungsl\u00f6sungen auf dem Markt zu ermitteln.[\/vc_column_text][vc_column_text el_class=&#8221;pb-2 maxwidth&#8221;]<\/p>\n<h3><span class=\"ez-toc-section\" id=\"Warum_sollten_Sie_sich_fuer_Multicreditch_entscheiden\"><\/span>Warum sollten Sie sich f\u00fcr Multicredit.ch entscheiden?<span class=\"ez-toc-section-end\"><\/span><\/h3>\n<p>Unser Ziel ist es, Sie w\u00e4hrend des gesamten Prozesses von der ersten Beratung bis zur Genehmigung Ihres Antrags transparent und effizient zu begleiten. Bei Multcredit.ch k\u00f6nnen Sie sicher sein, dass Sie einen qualitativ hochwertigen Service erhalten, der sich an Ihren Bed\u00fcrfnissen und Priorit\u00e4ten orientiert. Wir haben es uns zur Aufgabe gemacht, den besten Zinssatz zu finden, damit Sie sich entspannt zur\u00fccklehnen und Geld leihen k\u00f6nnen.  <\/p>\n<p>Wir arbeiten mit einem gro\u00dfen Netzwerk von Finanzpartnern zusammen, was uns erm\u00f6glicht, Angebote zu vergleichen und die besten Konditionen auszuhandeln. Mit unserem Fachwissen und Engagement entschl\u00fcsseln wir die Feinheiten der Kreditvertr\u00e4ge, so dass Sie die besten verf\u00fcgbaren Zinss\u00e4tze erhalten und Ihre Gesamtkosten f\u00fcr den Kredit senken k\u00f6nnen.[\/vc_column_text][vc_column_text]<\/p>\n<h3><span class=\"ez-toc-section\" id=\"Unsere_Staerken_sind_die_folgenden_um_die_bestmoeglichen_Angebote_fuer_unsere_Kunden_in_der_ganzen_Schweiz_zu_erhalten\"><\/span>Unsere St\u00e4rken sind die folgenden, um die bestm\u00f6glichen Angebote f\u00fcr unsere Kunden in der ganzen Schweiz zu erhalten<span class=\"ez-toc-section-end\"><\/span><\/h3>\n<p>[\/vc_column_text][\/vc_column][\/vc_row][vc_row full_width=&#8221;stretch_row&#8221; el_class=&#8221;white-bck&#8221; css=&#8221;.vc_custom_1586930817763{padding-top: 24px !important;padding-bottom: 0px !important;}&#8221;][vc_column width=&#8221;1\/2&#8243; data_aos=&#8221;fade-up&#8221; el_class=&#8221;checklist&#8221;][vc_column_text]<\/p>\n<ul>\n<li>Erhalten Sie eine vorl\u00e4ufige Entscheidung in nur 5 Minuten, w\u00e4hrend des ersten Telefonkontakts<\/li>\n<li>Kostenlose Bearbeitung Ihres Antrags und unverbindliches Angebot<\/li>\n<li>Vertraulichkeit garantiert (wir unterliegen dem Bankgeheimnis)<\/li>\n<li>Flexible R\u00fcckzahlung \u00fcber 12 bis 84 Monate<\/li>\n<li>Angepasste monatliche Raten und niedrigere Zinsen<\/li>\n<li>Flexible und anpassungsf\u00e4hige Bedingungen (Laufzeit, Zinssatz, Betrag)<\/li>\n<li>Vorzeitige R\u00fcckzahlung Ihres Darlehens zu jedem beliebigen Zeitpunkt<\/li>\n<\/ul>\n<p>[\/vc_column_text][\/vc_column][vc_column width=&#8221;1\/2&#8243; data_aos=&#8221;fade-up&#8221; data_aos_delay=&#8221;250&#8243; el_class=&#8221;checklist&#8221;][vc_column_text]<\/p>\n<ul>\n<li>F\u00fcr Schweizer und Inhaber einer C-Bewilligung k\u00f6nnen die Schuldzinsen steuerlich abgesetzt werden.<\/li>\n<li>Vereinfachte und schnellere Abwicklung als bei Hypothek und Leasing<\/li>\n<li>\u00dcbernahme Ihrer administrativen Schritte<\/li>\n<li>Einfache, schnelle und diskrete Schritte<\/li>\n<li>Zusammenstellung Ihres Dossiers durch einen Spezialisten<\/li>\n<li>Pers\u00f6nliche Beratung zu Hause oder in unserem B\u00fcro<\/li>\n<\/ul>\n<p>[\/vc_column_text][\/vc_column][\/vc_row][vc_row full_width=&#8221;stretch_row&#8221; el_class=&#8221;white-bck bigpadding&#8221; css=&#8221;.vc_custom_1586929684389{padding-top: 24px !important;}&#8221;][vc_column data_aos=&#8221;fade-in&#8221;][vc_column_text el_class=&#8221;pt-2&#8243;]<\/p>\n<p style=\"text-align: center;\"><strong>F\u00fcr Privatpersonen mit Wohnsitz in der Schweiz, Schweizer oder <a href=\"https:\/\/www.sem.admin.ch\/sem\/fr\/home\/themen\/aufenthalt\/eu_efta.html\" target=\"_blank\" rel=\"noopener\">Inhaber eines B- oder C-Ausweises oder einer Legitimationskarte (D, E, G und H)<\/a>, ist es m\u00f6glich, Ihre Liquidit\u00e4t zu erh\u00f6hen und Geld zu sparen. Profitieren Sie von einer individuellen Pr\u00fcfung Ihres Projekts und einem ma\u00dfgeschneiderten Kreditangebot in k\u00fcrzester Zeit. <\/strong><\/p>\n<h3><span class=\"ez-toc-section\" id=\"Ein_auf_Sie_ausgerichteter_Service\"><\/span>Ein auf Sie ausgerichteter Service<span class=\"ez-toc-section-end\"><\/span><\/h3>\n<p>Wenn Sie sich an Multcredit.ch wenden, k\u00f6nnen Sie sicher sein, dass Sie einen Service erhalten, der sich auf Ihre spezifischen Bed\u00fcrfnisse konzentriert. Zun\u00e4chst h\u00f6ren wir zu und verstehen Ihre finanzielle Situation, Ihre Ziele und Erwartungen. So k\u00f6nnen wir ein solides Dossier zusammenstellen, das Ihrem Profil und Ihren Anforderungen entspricht.  <\/p>\n<h3><span class=\"ez-toc-section\" id=\"Ein_umfassendes_Netzwerk_von_Partnern\"><\/span>Ein umfassendes Netzwerk von Partnern<span class=\"ez-toc-section-end\"><\/span><\/h3>\n<p>Unsere St\u00e4rke liegt darin, dass wir Zugang zu einem breiten Netzwerk von Finanzpartnern haben, das von gro\u00dfen Bankinstituten bis hin zu spezialisierten Organisationen reicht. Dank dieser Vielfalt k\u00f6nnen wir ein breites Spektrum an Angeboten und Bedingungen vergleichen und die Angebote mit den besten Zinss\u00e4tzen und Vorteilen f\u00fcr Sie ausw\u00e4hlen. <\/p>\n<h3><span class=\"ez-toc-section\" id=\"Eine_gruendliche_Analyse_fuer_optimale_Ergebnisse\"><\/span>Eine gr\u00fcndliche Analyse f\u00fcr optimale Ergebnisse<span class=\"ez-toc-section-end\"><\/span><\/h3>\n<p>Das Team von Multcredit.ch nutzt fortschrittliche Tools und Fachwissen, um jedes Detail der Kreditangebote zu analysieren. Wir ber\u00fccksichtigen verschiedene Faktoren wie Kreditbetrag, Laufzeit, Nebenkosten und Flexibilit\u00e4t bei der R\u00fcckzahlung, um Konditionen auszuhandeln, die Ihr Budget entlasten. Jedes Detail wird gepr\u00fcft, um Ihre Vorteile zu maximieren und Ihre Kreditkosten zu senken.  <\/p>\n<h3><span class=\"ez-toc-section\" id=\"Strategische_und_transparente_Verhandlungen\"><\/span>Strategische und transparente Verhandlungen<span class=\"ez-toc-section-end\"><\/span><\/h3>\n<p>Unser Team ist proaktiv und verhandelt in Ihrem Namen, um die g\u00fcnstigsten Konditionen auf dem Markt zu erhalten. Dieser Schritt ist entscheidend, da ein guter Zinssatz den Unterschied in den Gesamtkosten Ihres Kredits ausmachen kann. Unsere Experten verhandeln mit absoluter Transparenz und halten Sie in jeder Phase des Prozesses auf dem Laufenden. So sind Sie immer auf dem Laufenden und haben die Wahl.   <\/p>\n<h3><span class=\"ez-toc-section\" id=\"Persoenliche_Begleitung_und_Betreuung_fuer_Ihren_Kredit\"><\/span>Pers\u00f6nliche Begleitung und Betreuung f\u00fcr Ihren Kredit<span class=\"ez-toc-section-end\"><\/span><\/h3>\n<p>Bei Multcredit.ch finden wir nicht nur den besten Zinssatz, sondern wir begleiten Sie auch durch den gesamten Prozess, von der Einreichung Ihres Antrags bis zur Auszahlung. Unsere Aufgabe ist es, diese Erfahrung reibungslos und beruhigend zu gestalten. Wir k\u00fcmmern uns um den Papierkram, um Ihnen Stress und Komplikationen zu ersparen. Dar\u00fcber hinaus stehen wir Ihnen auch nach der Genehmigung Ihres Kredits f\u00fcr alle Fragen zur Verf\u00fcgung, um eine effiziente Betreuung und Unterst\u00fctzung zu gew\u00e4hrleisten.[\/vc_column_text][\/vc_column][\/vc_row][vc_row full_width=&#8221;stretch_row&#8221; equal_height=&#8221;yes&#8221; el_class=&#8221;lightgrey-bck bigpadding flex-eq-height diagonal-top-bck one-fifth-link-bloc&#8221;][vc_column width=&#8221;1\/5&#8243; data_aos=&#8221;fade-down&#8221; data_aos_delay=&#8221;0&#8243;]<\/p>\n<div class=\"wpb_single_image wpb_content_element vc_align_center  wpb_animate_when_almost_visible wpb_top-to-bottom top-to-bottom wpb_start_animation animated\">\n<figure class=\"wpb_wrapper vc_figure\">\n<div class=\"vc_single_image-wrapper\"><img decoding=\"async\" src=\"https:\/\/multicredit.ch\/wp\/wp-content\/uploads\/c-hab.jpg\" alt=\"\" title=\"\"><\/div><figcaption>\n<h4>Wohnungskredit<\/h4>\n<p>Finanzierung von Einrichtungen und H\u00e4usern<\/p>\n<\/figcaption><\/figure>\n<\/div>\n<div class=\"vc_btn3-container text-center\"><a class=\"btn-circle-2\" href=\"https:\/\/www.multicredit.ch\/fr\/credit\/credit-habitation\/\" title=\"Wohnungskredit\"><span class=\"round\">&gt;<\/span><\/a><\/div>\n<p>[\/vc_column][vc_column width=&#8221;1\/5&#8243; data_aos=&#8221;fade-down&#8221; data_aos_delay=&#8221;50&#8243;]<\/p>\n<div class=\"wpb_single_image wpb_content_element vc_align_center  wpb_animate_when_almost_visible wpb_top-to-bottom top-to-bottom wpb_start_animation animated\">\n<figure class=\"wpb_wrapper vc_figure\">\n<div class=\"vc_single_image-wrapper\"><img decoding=\"async\" src=\"https:\/\/multicredit.ch\/wp\/wp-content\/uploads\/c-auto.jpg\" alt=\"\" title=\"\"><\/div><figcaption>\n<h4>Autokredit<\/h4>\n<p>Kaufen Sie Ihr Fahrzeug auf Kredit<\/p>\n<\/figcaption><\/figure>\n<\/div>\n<div class=\"vc_btn3-container text-center\"><a class=\"btn-circle-2\" href=\"https:\/\/www.multicredit.ch\/fr\/credit\/credit-auto\" title=\"Wohnungskredit\"><span class=\"round\">&gt;<\/span><\/a><\/div>\n<p>[\/vc_column][vc_column width=&#8221;1\/5&#8243; data_aos=&#8221;fade-down&#8221; data_aos_delay=&#8221;100&#8243;]<\/p>\n<div class=\"wpb_single_image wpb_content_element vc_align_center  wpb_animate_when_almost_visible wpb_top-to-bottom top-to-bottom wpb_start_animation animated\">\n<figure class=\"wpb_wrapper vc_figure\">\n<div class=\"vc_single_image-wrapper\"><img decoding=\"async\" src=\"https:\/\/multicredit.ch\/wp\/wp-content\/uploads\/c-form.jpg\" alt=\"\" title=\"\"><\/div><figcaption>\n<h4>Kredit f\u00fcr Ausbildung<\/h4>\n<p>Finanzieren Sie Ihr Studium<\/p>\n<\/figcaption><\/figure>\n<\/div>\n<div class=\"vc_btn3-container text-center\"><a class=\"btn-circle-2\" href=\"https:\/\/www.multicredit.ch\/fr\/credit\/financement-d-etudes-et-de-formations\/\" title=\"Wohnungskredit\"><span class=\"round\">&gt;<\/span><\/a><\/div>\n<p>[\/vc_column][vc_column width=&#8221;1\/5&#8243; data_aos=&#8221;fade-down&#8221; data_aos_delay=&#8221;150&#8243;]<\/p>\n<div class=\"wpb_single_image wpb_content_element vc_align_center  wpb_animate_when_almost_visible wpb_top-to-bottom top-to-bottom wpb_start_animation animated\">\n<figure class=\"wpb_wrapper vc_figure\">\n<div class=\"vc_single_image-wrapper\"><img decoding=\"async\" src=\"https:\/\/multicredit.ch\/wp\/wp-content\/uploads\/c-med.jpg\" alt=\"\" title=\"\"><\/div><figcaption>\n<h4>Medizinischer Kredit<\/h4>\n<p>Finanzieren Sie Ihre Operation und medizinische Versorgung<\/p>\n<\/figcaption><\/figure>\n<\/div>\n<div class=\"vc_btn3-container text-center\"><a class=\"btn-circle-2\" href=\"https:\/\/www.multicredit.ch\/fr\/credit\/pret-medical\/\" title=\"Wohnungskredit\"><span class=\"round\">&gt;<\/span><\/a><\/div>\n<p>[\/vc_column][vc_column width=&#8221;1\/5&#8243; data_aos=&#8221;fade-down&#8221; data_aos_delay=&#8221;200&#8243;]<\/p>\n<div class=\"wpb_single_image wpb_content_element vc_align_center  wpb_animate_when_almost_visible wpb_top-to-bottom top-to-bottom wpb_start_animation animated\">\n<figure class=\"wpb_wrapper vc_figure\">\n<div class=\"vc_single_image-wrapper\"><img decoding=\"async\" src=\"https:\/\/multicredit.ch\/wp\/wp-content\/uploads\/c-all.jpg\" alt=\"\" title=\"\"><\/div><figcaption>\n<h4>Verschiedene Kredite<\/h4>\n<p>F\u00fcr alle anderen Projekte<\/p>\n<\/figcaption><\/figure>\n<\/div>\n<div class=\"vc_btn3-container text-center\"><a class=\"btn-circle-2\" href=\"https:\/\/www.multicredit.ch\/fr\/credit\/credits-divers\/\" title=\"Wohnungskredit\"><span class=\"round\">&gt;<\/span><\/a><\/div>\n<p>[\/vc_column][\/vc_row][vc_row full_width=&#8221;stretch_row&#8221; el_class=&#8221;white-bck regularpadding steps&#8221;][vc_column data_aos=&#8221;fade-in&#8221;]<\/p>\n<div class=\"blocktitle title-center title-dark\" clearfix\"><H2><span class=\"ez-toc-section\" id=\"Ihr_Kredit_in_4_Schritten\"><\/span>Ihr Kredit in 4 Schritten<\/H2><\/p>\n<h4>Einfach und schnell<\/h4>\n<\/div>\n<p>[vc_row_inner equal_height=&#8221;yes&#8221;][vc_column_inner width=&#8221;1\/4&#8243;][vc_pie value=&#8221;25&#8243; label_value=&#8221;1&#8243; color=&#8221;custom&#8221; title=&#8221;Antrag&#8221; custom_color=&#8221;#df003c&#8221;][vc_column_text]<\/p>\n<p style=\"text-align: center;\">Sie f\u00fcllen das Kreditantragsformular entsprechend Ihren Bed\u00fcrfnissen aus.<\/p>\n<h5 style=\"text-align: center;\">2 Min.<\/h5>\n<p>[\/vc_column_text][\/vc_column_inner][vc_column_inner width=&#8221;1\/4&#8243;][vc_pie label_value=&#8221;2&#8243; color=&#8221;custom&#8221; title=&#8221;Vorschlag&#8221; custom_color=&#8221;#df003c&#8221;][vc_column_text]<\/p>\n<p style=\"text-align: center;\">Wir analysieren Ihre Anfrage und schlagen Ihnen eine L\u00f6sung vor, die auf Ihr Profil zugeschnitten ist.<\/p>\n<h5 style=\"text-align: center;\">12 Stunden<\/h5>\n<p>[\/vc_column_text][\/vc_column_inner][vc_column_inner width=&#8221;1\/4&#8243;][vc_pie value=&#8221;75&#8243; label_value=&#8221;3&#8243; color=&#8221;custom&#8221; title=&#8221;Unterschrift&#8221; custom_color=&#8221;#df003c&#8221;][vc_column_text]<\/p>\n<p style=\"text-align: center;\">Sobald der Vertrag aufgesetzt ist, m\u00fcssen Sie ihn nur noch unterschreiben und an uns weiterleiten.<\/p>\n<h5 style=\"text-align: center;\">Dieser Schritt h\u00e4ngt von Ihrer Reaktionsf\u00e4higkeit ab.<\/h5>\n<p>[\/vc_column_text][\/vc_column_inner][vc_column_inner width=&#8221;1\/4&#8243;][vc_pie value=&#8221;100&#8243; label_value=&#8221;4&#8243; color=&#8221;custom&#8221; title=&#8221;\u00dcberweisung&#8221; custom_color=&#8221;#df003c&#8221;][vc_column_text]<\/p>\n<p style=\"text-align: center;\">Der Betrag wird auf Ihr Konto \u00fcberwiesen.<\/p>\n<h5 style=\"text-align: center;\">14 Tage (Gesetzliche Frist)<\/h5>\n<p>[\/vc_column_text][\/vc_column_inner][\/vc_row_inner][\/vc_column][\/vc_row][vc_row full_width=&#8221;stretch_row&#8221; content_placement=&#8221;middle&#8221; el_class=&#8221;lightgrey-bck bigpadding checklist&#8221;][vc_column data_aos=&#8221;fade-in&#8221;]<\/p>\n<div class=\"blocktitle title-left title-dark\" clearfix\"><H3><span class=\"ez-toc-section\" id=\"Beauftragen_Sie_uns_mit_der_Suche_nach_Ihrem_bestmoeglichen_Kreditangebot\"><\/span>Beauftragen Sie uns mit der Suche nach Ihrem bestm\u00f6glichen Kreditangebot.<\/H3><\/p>\n<h4>Wir suchen immer nach dem bestm\u00f6glichen Angebot f\u00fcr unsere Kunden in der ganzen Schweiz.<\/h4>\n<\/div>\n<p>[vc_row_inner][vc_column_inner width=&#8221;1\/2&#8243;][vc_column_text]<\/p>\n<h3><span class=\"ez-toc-section\" id=\"Konkrete_Ergebnisse\"><\/span>Konkrete Ergebnisse<span class=\"ez-toc-section-end\"><\/span><\/h3>\n<p>Dank unseres Fachwissens und unseres Engagements profitieren unsere Kunden regelm\u00e4\u00dfig von Zinss\u00e4tzen, die unter dem Marktdurchschnitt liegen. Diese erheblichen Einsparungen \u00fcber die Laufzeit des Kredits erm\u00f6glichen es unseren Kunden, ihre Projekte zu verwirklichen und gleichzeitig ihre finanzielle Stabilit\u00e4t zu bewahren. <\/p>\n<h3><span class=\"ez-toc-section\" id=\"Zufriedenheit_ist_das_Herzstueck_unseres_Ansatzes\"><\/span>Zufriedenheit ist das Herzst\u00fcck unseres Ansatzes<span class=\"ez-toc-section-end\"><\/span><\/h3>\n<p>Wir sind uns bewusst, dass Vertrauen verdient wird und dass Kundenzufriedenheit unsere beste Werbung ist. Aus diesem Grund setzen wir alles daran, Ihre Erwartungen zu \u00fcbertreffen. Ihr Erfolg ist unser Erfolg, und wir bei Multcredit.ch sind bestrebt, Ihnen eine transparente, kosteng\u00fcnstige und auf Ihre Bed\u00fcrfnisse zugeschnittene Erfahrung zu bieten.  <\/p>\n<p>Wenn Sie sich f\u00fcr Multcredit.ch entscheiden, w\u00e4hlen Sie einen vertrauensw\u00fcrdigen Partner, der sich voll und ganz daf\u00fcr einsetzt, den besten Zinssatz f\u00fcr Ihren Privatkredit zu finden. Unser Team setzt sich daf\u00fcr ein, dass Ihr Vorhaben einfach, schnell und finanziell vorteilhaft ist, damit Sie in aller Ruhe und mit der Gewissheit, die richtige Wahl getroffen zu haben, einen Kredit aufnehmen k\u00f6nnen.[\/vc_column_text][vc_btn title=&#8221;Entdecken Sie&#8221; link=&#8221;url:https%3A%2F%2Fwww.multicredit.ch%2Ffr%2Fa-propos%2F|title:%C3%9Cber|&#8221;][\/vc_column_inner][vc_column_inner width=&#8221;1\/2&#8243;][vc_column_text]<\/p>\n<ul>\n<li><strong>Sicherheit und Vertraulichkeit<\/strong><\/li>\n<li><strong>N\u00e4he und Verantwortung<\/strong><\/li>\n<li><strong>Garantierte Abholung in weniger als 24 Stunden<\/strong><\/li>\n<li><strong>Niedrigerer Zinssatz als die Konkurrenz<\/strong><\/li>\n<\/ul>\n<p>[\/vc_column_text][\/vc_column_inner][\/vc_row_inner][\/vc_column][\/vc_row]<\/section>\n","protected":false},"excerpt":{"rendered":"<p>Konkretisieren Sie Ihr Projekt einfach<\/p>\n","protected":false},"author":25,"featured_media":11772,"parent":30582,"menu_order":-9,"comment_status":"closed","ping_status":"closed","template":"template-credit.php","meta":{"inline_featured_image":false,"footnotes":"","_links_to":"","_links_to_target":""},"categories":[240],"class_list":["post-30606","page","type-page","status-publish","has-post-thumbnail","hentry","category-gutschrift"],"_links":{"self":[{"href":"https:\/\/multicredit.ch\/de\/wp-json\/wp\/v2\/pages\/30606","targetHints":{"allow":["GET"]}}],"collection":[{"href":"https:\/\/multicredit.ch\/de\/wp-json\/wp\/v2\/pages"}],"about":[{"href":"https:\/\/multicredit.ch\/de\/wp-json\/wp\/v2\/types\/page"}],"author":[{"embeddable":true,"href":"https:\/\/multicredit.ch\/de\/wp-json\/wp\/v2\/users\/25"}],"replies":[{"embeddable":true,"href":"https:\/\/multicredit.ch\/de\/wp-json\/wp\/v2\/comments?post=30606"}],"version-history":[{"count":2,"href":"https:\/\/multicredit.ch\/de\/wp-json\/wp\/v2\/pages\/30606\/revisions"}],"predecessor-version":[{"id":30608,"href":"https:\/\/multicredit.ch\/de\/wp-json\/wp\/v2\/pages\/30606\/revisions\/30608"}],"up":[{"embeddable":true,"href":"https:\/\/multicredit.ch\/de\/wp-json\/wp\/v2\/pages\/30582"}],"wp:featuredmedia":[{"embeddable":true,"href":"https:\/\/multicredit.ch\/de\/wp-json\/wp\/v2\/media\/11772"}],"wp:attachment":[{"href":"https:\/\/multicredit.ch\/de\/wp-json\/wp\/v2\/media?parent=30606"}],"wp:term":[{"taxonomy":"category","embeddable":true,"href":"https:\/\/multicredit.ch\/de\/wp-json\/wp\/v2\/categories?post=30606"}],"curies":[{"name":"wp","href":"https:\/\/api.w.org\/{rel}","templated":true}]}}