{"id":30582,"date":"2024-11-07T13:11:12","date_gmt":"2024-11-07T13:11:12","guid":{"rendered":"https:\/\/multicredit.ch\/offre-credit\/"},"modified":"2026-03-10T14:46:19","modified_gmt":"2026-03-10T14:46:19","slug":"offre-credit","status":"publish","type":"page","link":"https:\/\/multicredit.ch\/de\/kredit\/offre-credit\/","title":{"rendered":"Kreditangebot: Die besten Angebote erhalten"},"content":{"rendered":"<section class=\"wpb-content-wrapper\">[vc_row full_width=&#8221;stretch_row&#8221; el_class=&#8221;white-bck bigpadding&#8221; css=&#8221;.vc_custom_1586929679182{padding-bottom: 24px !important;}&#8221;][vc_column data_aos=&#8221;fade-in&#8221;]<\/p>\n<div class=\"blocktitle title-center title-dark\" clearfix\"><H2><span class=\"ez-toc-section\" id=\"Das_beste_Kreditangebot_jetzt_bei_uns\"><\/span>Das beste Kreditangebot jetzt bei uns!<\/H2><\/div>\n<p>[vc_column_text]Haben Sie in der Vergangenheit bereits Erfahrungen mit der Beantragung eines Kredits in der Schweiz gemacht und suchen Sie nach einer geeigneten, nachhaltigen und sicheren L\u00f6sung f\u00fcr Ihre zuk\u00fcnftigen Projekte mit einem <a href=\"https:\/\/multicredit.ch\/fr\/credit\/offre-credit\/taux-interet\/\">attraktiven Kreditzins<\/a>? Bei MultiCredit verstehen wir, dass sich Ihre Erwartungen im Laufe der Zeit \u00e4ndern und Ihre Priorit\u00e4ten klar sind: ein transparenter Service, pr\u00e4zise Antworten und eine effiziente Verwaltung Ihrer Akte, um das bestm\u00f6gliche Angebot f\u00fcr Ihren Kredit zu erhalten. <a href=\"https:\/\/multicredit.ch\/de\/kredit\/simulateur\/\">Testen Sie jetzt unseren Kreditsimulator<\/a>! <\/p>\n<p>Ob Sie einen Kredit zu einem <strong>g\u00fcnstigen Zinssatz<\/strong> erhalten <strong>,<\/strong> h\u00e4ngt in erster Linie von <strong>Ihrer Bonit\u00e4t, Ihrem Finanzmanagement und der Qualit\u00e4t Ihrer Unterlagen<\/strong> ab. Hier sind die wichtigsten Schritte, um Ihren Antrag zu optimieren und Ihre Chancen auf eine Bewilligung mit den <strong>bestm\u00f6glichen Konditionen<\/strong> zu maximieren. <\/p>\n<hr>\n<h2><span class=\"ez-toc-section\" id=\"Erstellung_eines_soliden_Finanzierungspakets\"><\/span><strong>Erstellung eines soliden Finanzierungspakets<\/strong><span class=\"ez-toc-section-end\"><\/span><\/h2>\n<p>Die Kreditgeber analysieren mehrere Elemente, um Ihre R\u00fcckzahlungsf\u00e4higkeit zu bewerten. Um Ihre Glaubw\u00fcrdigkeit zu st\u00e4rken : <\/p>\n<p>\u2705 <strong>Eine stabile Besch\u00e4ftigung<\/strong>: Ein unbefristeter <strong>Arbeitsvertrag<\/strong> oder ein Beamtenverh\u00e4ltnis sind von gro\u00dfem Vorteil. F\u00fcr Selbst\u00e4ndige wird ein stabiler Einkommensnachweis \u00fcber <strong>2-3 Jahre<\/strong> empfohlen.<br \/>\n\u2705 <strong>Ausreichendes<\/strong> Einkommen: Stellen Sie sicher, dass Ihre <strong>Schuldenquote unter 33%<\/strong> Ihres Nettoeinkommens liegt.<br \/>\n\u2705 Einwandfreie <strong>Bankhistorie<\/strong>: Vermeiden Sie \u00dcberziehungen und zeigen Sie eine solide Kontof\u00fchrung.<br \/>\n\u2705 Ein leerer <strong>Betreibungsauszug<\/strong>: Lassen Sie sich einen Auszug aus dem Betreibungsregister geben, um sicherzustellen, dass keine unbezahlten Schulden auftauchen. <\/p>\n<p>\ud83d\udccc <strong>Tipp:<\/strong> Wenn Sie ausstehende Schulden haben, versuchen Sie, diese zu begleichen, bevor Sie einen neuen Antrag stellen.<\/p>\n<hr>\n<h2><span class=\"ez-toc-section\" id=\"Verbesserung_des_Kreditscores\"><\/span><strong>Verbesserung des Kreditscores<\/strong><span class=\"ez-toc-section-end\"><\/span><\/h2>\n<p>Ihr <strong>Kreditrating<\/strong> (auch <strong>Bankenscoring<\/strong> genannt) hat einen starken Einfluss auf die von den Banken angebotenen Zinss\u00e4tze. So verbessern Sie Ihr Rating : <\/p>\n<p>\u2714 <strong>Zahlen Sie Ihre laufenden Kredite zur\u00fcck<\/strong>, bevor Sie einen neuen aufnehmen.<br \/>\n\u2714 <strong>Vermeiden Sie es, mehrere Kreditantr\u00e4ge gleichzeitig<\/strong> zu stellen, das kann auf einen dringenden Geldbedarf hinweisen und ein Warnsignal f\u00fcr die Banken sein.<br \/>\n\u2714 Setzen <strong>Sie Ihre Kreditkarte nicht \u00fcberm\u00e4\u00dfig<\/strong> ein: ein hoher Saldo jeden Monat kann als Zeichen von \u00dcberschuldung angesehen werden.<br \/>\n\u2714 <strong>Halten Sie<\/strong> <strong>Ihre<\/strong> Ersparnisse hoch: Ersparnisse zu haben beweist, dass Sie Ihre Finanzen im Griff haben.<\/p>\n<p>\ud83d\udccc <strong>Tipp:<\/strong> Bestellen Sie Ihren <strong>ZEK-Kreditauszug<\/strong> (Zentralstelle f\u00fcr Kreditinformation), um Ihr Rating zu sehen, bevor Sie einen Antrag stellen.<\/p>\n<hr>\n<h2><span class=\"ez-toc-section\" id=\"Wahl_des_richtigen_Betrags_und_der_richtigen_Laufzeit\"><\/span><strong>Wahl des richtigen Betrags und der richtigen Laufzeit<\/strong><span class=\"ez-toc-section-end\"><\/span><\/h2>\n<p>\ud83d\udca1 <strong>Vermeiden Sie es, einen zu hohen Betrag zu beantragen<\/strong>: Je h\u00f6her der Kredit, desto z\u00f6gerlicher ist die Bank bei der Gew\u00e4hrung des Kredits.<br \/>\n\ud83d\udca1 <strong>Entscheiden Sie sich f\u00fcr eine angemessene Laufzeit<\/strong>: Ein Darlehen mit einer Laufzeit von <strong>48 bis 60 Monaten<\/strong> kann einen guten Kompromiss zwischen niedrigen Monatsraten und geringen Gesamtkosten bieten.<\/p>\n<p>\ud83d\udccc <strong>Tipp:<\/strong> Simulieren Sie mehrere Szenarien, bevor Sie Ihren Antrag stellen, um die Option zu finden, die Ihre Chancen auf Annahme maximiert.<\/p>\n<hr>\n<h2><span class=\"ez-toc-section\" id=\"Zusaetzliche_Garantien_bieten\"><\/span><strong>Zus\u00e4tzliche Garantien bieten<\/strong><span class=\"ez-toc-section-end\"><\/span><\/h2>\n<p>Je mehr Sie den Kreditgeber beruhigen, desto niedriger wird der Zinssatz sein. Hier sind einige effektive Strategien : <\/p>\n<p>\ud83d\udd39 <strong>Ein Mitkreditnehmer<\/strong> (Ehepartner, Eltern) kann die Bank beruhigen und Ihre Kreditbedingungen verbessern.<br \/>\n\ud83d\udd39 <strong>Eine pers\u00f6nliche Einlage<\/strong> (10-20% des geliehenen Betrags) beweist Ihr Engagement und verringert das Risiko f\u00fcr die Bank.<br \/>\n\ud83d\udd39 <strong>Nebeneink\u00fcnfte (Mieteinnahmen<\/strong>, Investitionseinnahmen) k\u00f6nnen Ihre Unterlagen st\u00e4rken.<\/p>\n<hr>\n<h2><span class=\"ez-toc-section\" id=\"Die_Verwendung_des_Kredits_rechtfertigen\"><\/span><strong>Die Verwendung des Kredits rechtfertigen<\/strong><span class=\"ez-toc-section-end\"><\/span><\/h2>\n<p>Banken ziehen es vor, konkrete Projekte zu finanzieren, die eine positive Auswirkung auf Ihre finanzielle Situation haben.<br \/>\n\u2714 Ein <strong>Immobilienkredit<\/strong> wird besser angesehen als ein Verbraucherkredit.<br \/>\n\u2714 Ein <strong>Kreditr\u00fcckkauf<\/strong> zur Optimierung Ihrer Verschuldung ist eine gute Rechtfertigung.<br \/>\n\u2714 Eine <strong>Finanzierung eines Fahrzeugs f\u00fcr die berufliche Nutzung<\/strong> kann ein g\u00fcnstiges Argument sein.<\/p>\n<p>\ud83d\udccc <strong>Tipp:<\/strong> Vermeiden Sie die Angabe eines vagen Ziels wie &#8220;Liquidit\u00e4tsbedarf&#8221;, das die Banken beunruhigen k\u00f6nnte.<\/p>\n<hr>\n<h2><span class=\"ez-toc-section\" id=\"Ueber_einen_Kreditmakler\"><\/span><strong>\u00dcber einen Kreditmakler<\/strong><span class=\"ez-toc-section-end\"><\/span><\/h2>\n<p>Ein <strong>spezialisierter Makler<\/strong> wie <strong>MultiCredit, Lend.ch oder Cashare<\/strong> kann:<br \/>\n\ud83d\udd39 \ud83d\udd39 Die besten Angebote durch Vergleich mehrerer Institute finden.<br \/>\n\ud83d\udd39 Aushandlung eines <strong>niedrigeren Zinssatzes<\/strong> aufgrund ihres Gesch\u00e4ftsvolumens.<br \/>\n\ud83d\udd39 Sie vermeiden eine Vielzahl von Antr\u00e4gen und sch\u00fctzen Ihre Kreditw\u00fcrdigkeit.<\/p>\n<p>\ud83d\udccc <strong>Tipp:<\/strong> Ein Makler berechnet nur dann Geb\u00fchren, wenn der Kredit gew\u00e4hrt wird.<\/p>\n<hr>\n<h2><span class=\"ez-toc-section\" id=\"Ueberpruefen_Sie_die_einzureichenden_Unterlagen\"><\/span><strong>\u00dcberpr\u00fcfen Sie die einzureichenden Unterlagen<\/strong><span class=\"ez-toc-section-end\"><\/span><\/h2>\n<p>Ein <strong>vollst\u00e4ndiger und gut vorbereiteter<\/strong> Antrag beschleunigt die Bearbeitung und erh\u00f6ht Ihre Chancen auf eine Bewilligung.<br \/>\n\ud83d\udccc  <strong>Allgemein geforderte Dokumente :<\/strong><\/p>\n<ul>\n<li>Personalausweis oder Aufenthaltsgenehmigung (B oder C f\u00fcr Ausl\u00e4nder).<\/li>\n<li>Gehaltsabrechnungen der letzten drei Monate.<\/li>\n<li>Letzter Steuerbescheid.<\/li>\n<li>Aktuelle Bankausz\u00fcge.<\/li>\n<li>Auszug aus dem Betreibungsregister.<\/li>\n<\/ul>\n<hr>\n<h2><span class=\"ez-toc-section\" id=\"Angebote_vergleichen_und_verhandeln\"><\/span><strong>Angebote vergleichen und verhandeln<\/strong><span class=\"ez-toc-section-end\"><\/span><\/h2>\n<p>Selbst wenn eine Bank Ihren Antrag akzeptiert, <strong>nehmen Sie nicht das erste Angebot an, ohne zu vergleichen!<\/strong><br \/>\n\u2714 Vergleichen Sie die <strong>effektiven Jahreszinsen (effektiver Jahreszins)<\/strong> der verschiedenen Angebote.<br \/>\n\u2714 Pr\u00fcfen Sie, ob es <strong>versteckte Kosten<\/strong> gibt.<br \/>\n\u2714 Verhandeln Sie den Zinssatz, wenn Sie eine gute Bonit\u00e4t haben.<\/p>\n<p>\ud83d\udccc <strong>Tipp:<\/strong> Online-Banken bieten oft <strong>bessere Zinss\u00e4tze<\/strong> als traditionelle Institute.<\/p>\n<hr>\n<p>&nbsp;<\/p>\n<p>Um einen <strong>Kredit zum besten Zinssatz zu<\/strong> erhalten, sollten Sie:<br \/>\n\u2705 <strong>Ihre Unterlagen sorgf\u00e4ltig pr\u00fcfen<\/strong> (stabiles Einkommen, geringe Verschuldung, saubere Bankhistorie).<br \/>\n\u2705 <strong>Ihren Kredit-Score verbessern<\/strong> (keine \u00fcberf\u00e4lligen Schulden, solide Ersparnisse).<br \/>\n\u2705 <strong>Einen Makler beauftragen<\/strong>, um Angebote zu vergleichen und auszuhandeln.<br \/>\n\u2705 <strong>Mehrfachantr\u00e4ge vermeiden<\/strong>, die sich auf Ihr Rating auswirken k\u00f6nnen.<\/p>\n<p><strong>Eine gute Akte und ein strategischer Ansatz erh\u00f6hen Ihre Chancen auf eine Bewilligung und erm\u00f6glichen Ihnen, den niedrigsten Zinssatz zu erhalten.<\/strong><\/p>\n<p>Ben\u00f6tigen Sie Hilfe bei der Strukturierung Ihres Antrags?[\/vc_column_text][vc_column_text el_class=&#8221;pb-2 maxwidth&#8221;]<\/p>\n<h3><span class=\"ez-toc-section\" id=\"Warum_sollte_ich_Multicreditch_waehlen_um_das_beste_Kreditangebot_zu_erhalten\"><\/span>Warum sollte ich Multicredit.ch w\u00e4hlen, um das beste Kreditangebot zu erhalten?<span class=\"ez-toc-section-end\"><\/span><\/h3>\n<ul>\n<li><strong>Nachhaltigkeit<\/strong>: Unsere <a href=\"https:\/\/multicredit.ch\/de\/\">Kreditl\u00f6sungen<\/a> sind so konzipiert, dass sie sich harmonisch in Ihr langfristiges Finanzmanagement einf\u00fcgen. Wir sorgen daf\u00fcr, dass Ihr Kredit an Ihre Situation angepasst ist und ein Pluspunkt bleibt, nicht ein Zwang, der Sie daran hindert, weiterzumachen. <\/li>\n<li><strong>Kompetenz<\/strong>: Mit jahrelanger Erfahrung im Bereich <a href=\"https:\/\/multicredit.ch\/de\/kredit\/\">Privatkredite in der Schweiz<\/a> kennt unser Team die Besonderheiten des Marktes und wei\u00df, wie jeder Finanzierungsantrag auf die individuellen Bed\u00fcrfnisse unserer Kunden von Lausanne bis Genf und von Freiburg bis Martigny zugeschnitten werden kann.<\/li>\n<li><strong>Sicherheit<\/strong>: Ihre Gelassenheit steht im Mittelpunkt unseres Engagements. Ihre Akte wird mit garantierter Vertraulichkeit behandelt, und wir begleiten Sie bei jedem Schritt, um einen transparenten und reibungslosen Ablauf f\u00fcr Ihren Kreditantrag oder Ihre <a href=\"https:\/\/multicredit.ch\/de\/kredit\/offre-credit\/kreditkarte\/\">Kreditkarte<\/a> nach Ihren Bed\u00fcrfnissen zu gew\u00e4hrleisten! <\/li>\n<\/ul>\n<p>[\/vc_column_text][vc_column_text]<\/p>\n<h3><span class=\"ez-toc-section\" id=\"Unsere_Staerken_sind_die_folgenden_um_die_bestmoeglichen_Angebote_fuer_unsere_Kunden_in_der_ganzen_Schweiz_zu_erhalten\"><\/span>Unsere St\u00e4rken sind die folgenden, um die bestm\u00f6glichen Angebote f\u00fcr unsere Kunden in der ganzen Schweiz zu erhalten<span class=\"ez-toc-section-end\"><\/span><\/h3>\n<p>[\/vc_column_text][\/vc_column][\/vc_row][vc_row full_width=&#8221;stretch_row&#8221; el_class=&#8221;white-bck&#8221; css=&#8221;.vc_custom_1586930817763{padding-top: 24px !important;padding-bottom: 0px !important;}&#8221;][vc_column width=&#8221;1\/2&#8243; data_aos=&#8221;fade-up&#8221; el_class=&#8221;checklist&#8221;][vc_column_text]<\/p>\n<ul>\n<li>Sie erhalten eine vorl\u00e4ufige Entscheidung \u00fcber Ihr Kreditangebot in nur 5 Minuten w\u00e4hrend des ersten Telefonkontakts.<\/li>\n<li>Kostenlose Bearbeitung Ihres Antrags und unverbindliches Kreditangebot<\/li>\n<li>Vertraulichkeit garantiert (wir unterliegen dem Bankgeheimnis)<\/li>\n<li>Flexible R\u00fcckzahlung f\u00fcr Ihren Kredit mit einer Laufzeit von 12 bis 84 Monaten<\/li>\n<li>Angepasste monatliche Raten und niedrigere Zinsen<\/li>\n<li>Flexible und anpassungsf\u00e4hige Bedingungen (Laufzeit, Zinssatz, Betrag)<\/li>\n<li>Vorzeitige R\u00fcckzahlung Ihres Darlehens zu jedem beliebigen Zeitpunkt ohne Strafgeb\u00fchren<\/li>\n<\/ul>\n<p>[\/vc_column_text][\/vc_column][vc_column width=&#8221;1\/2&#8243; data_aos=&#8221;fade-up&#8221; data_aos_delay=&#8221;250&#8243; el_class=&#8221;checklist&#8221;][vc_column_text]<\/p>\n<ul>\n<li>F\u00fcr Schweizer und Inhaber einer C-Bewilligung k\u00f6nnen die Schuldzinsen steuerlich abgesetzt werden.<\/li>\n<li>Vereinfachte und schnellere Abwicklung als bei Hypothek und Leasing<\/li>\n<li>\u00dcbernahme Ihrer administrativen Schritte durch unser Team<\/li>\n<li>Einfache, schnelle und diskrete Schritte<\/li>\n<li>Zusammenstellung Ihrer Akte durch einen Kreditspezialisten<\/li>\n<li>Pers\u00f6nliche Beratung bei Ihnen zu Hause oder in unserem B\u00fcro zur Optimierung Ihres Kreditantrags in der Schweiz<\/li>\n<\/ul>\n<p>[\/vc_column_text][\/vc_column][\/vc_row][vc_row full_width=&#8221;stretch_row&#8221; el_class=&#8221;white-bck bigpadding&#8221; css=&#8221;.vc_custom_1586929684389{padding-top: 24px !important;}&#8221;][vc_column data_aos=&#8221;fade-in&#8221;][vc_column_text el_class=&#8221;pt-2&#8243;]<\/p>\n<p style=\"text-align: center;\"><strong>F\u00fcr Privatpersonen mit Wohnsitz in der Schweiz, Schweizer oder <a href=\"https:\/\/www.sem.admin.ch\/sem\/fr\/home\/themen\/aufenthalt\/eu_efta.html\" target=\"_blank\" rel=\"noopener\">Inhaber eines B- oder C-Ausweises oder einer Legitimationskarte (D, E, G und H)<\/a>, ist es m\u00f6glich, Ihre Liquidit\u00e4t zu erh\u00f6hen und Geld zu sparen. Profitieren Sie von einer individuellen Pr\u00fcfung Ihres Projekts und einem ma\u00dfgeschneiderten Kreditangebot in k\u00fcrzester Zeit. <\/strong><\/p>\n<h3><span class=\"ez-toc-section\" id=\"Ihre_Anliegen_antizipieren\"><\/span>Ihre Anliegen antizipieren<span class=\"ez-toc-section-end\"><\/span><\/h3>\n<p>Wir wissen, dass auch nach der Aufnahme eines Kredits einige Fragen offen bleiben:<\/p>\n<ul>\n<li><strong>Kann ich dieses Mal bessere Kreditbedingungen erhalten?<\/strong><\/li>\n<li><strong>Kann mein derzeitiger Kredit optimiert oder mit einer neuen, g\u00fcnstigeren L\u00f6sung konsolidiert werden?<\/strong><\/li>\n<li><strong>Wird die Verwaltung meiner Erstattungen einfacher und sicherer?<\/strong><\/li>\n<\/ul>\n<p>Bei Multicredit.ch nehmen wir uns die Zeit, Ihre aktuelle Situation zu analysieren und Ihnen ma\u00dfgeschneiderte L\u00f6sungen anzubieten, die Ihre Vorgeschichte und Ihre zuk\u00fcnftigen Ziele ber\u00fccksichtigen.<\/p>\n<h3><span class=\"ez-toc-section\" id=\"Ein_Service_der_Ihren_Finanzierungsbedarf_versteht\"><\/span>Ein Service, der Ihren Finanzierungsbedarf versteht<span class=\"ez-toc-section-end\"><\/span><\/h3>\n<p>Unser Ansatz bei der Suche nach Ihrem Kreditangebot ist einf\u00fchlsam und basiert auf einem gr\u00fcndlichen Verst\u00e4ndnis Ihrer Erwartungen bei der Suche nach Ihrem Kreditangebot. Wir wissen, dass jede finanzielle Entscheidung wichtig ist, und deshalb sind wir da, um Sie auf transparente und wohlwollende Weise zu beraten. Sie verdienen einen Partner, der Ihnen zuh\u00f6rt und Ihnen hilft, sich effizient und stressfrei durch den Prozess zu bewegen. Unsere Expertise erstreckt sich auch auf den <a href=\"https:\/\/multicredit.ch\/de\/kredit\/rueckkauf-von-krediten\/rueckkauf-von-kreditengagements\/\">Kreditkauf<\/a>, bitte fragen Sie uns nach weiteren Informationen.[\/vc_column_text][\/vc_column][\/vc_row][vc_row full_width=&#8221;stretch_row&#8221; equal_height=&#8221;yes&#8221; el_class=&#8221;lightgrey-bck bigpadding flex-eq-height diagonal-top-bck one-fifth-link-bloc&#8221;][vc_column width=&#8221;1\/5&#8243; data_aos=&#8221;fade-down&#8221; data_aos_delay=&#8221;0&#8243;]<\/p>\n<div class=\"wpb_single_image wpb_content_element vc_align_center  wpb_animate_when_almost_visible wpb_top-to-bottom top-to-bottom wpb_start_animation animated\">\n<figure class=\"wpb_wrapper vc_figure\">\n<div class=\"vc_single_image-wrapper\"><img decoding=\"async\" src=\"https:\/\/multicredit.ch\/wp\/wp-content\/uploads\/c-hab.jpg\" alt=\"\" title=\"\"><\/div><figcaption>\n<h4>Wohnungskredit<\/h4>\n<p>Finanzierung von Einrichtungen und H\u00e4usern<\/p>\n<\/figcaption><\/figure>\n<\/div>\n<div class=\"vc_btn3-container text-center\"><a class=\"btn-circle-2\" href=\"https:\/\/www.multicredit.ch\/fr\/credit\/credit-habitation\/\" title=\"Wohnungskredit\"><span class=\"round\">&gt;<\/span><\/a><\/div>\n<p>[\/vc_column][vc_column width=&#8221;1\/5&#8243; data_aos=&#8221;fade-down&#8221; data_aos_delay=&#8221;50&#8243;]<\/p>\n<div class=\"wpb_single_image wpb_content_element vc_align_center  wpb_animate_when_almost_visible wpb_top-to-bottom top-to-bottom wpb_start_animation animated\">\n<figure class=\"wpb_wrapper vc_figure\">\n<div class=\"vc_single_image-wrapper\"><img decoding=\"async\" src=\"https:\/\/multicredit.ch\/wp\/wp-content\/uploads\/c-auto.jpg\" alt=\"\" title=\"\"><\/div><figcaption>\n<h4>Autokredit<\/h4>\n<p>Kaufen Sie Ihr Fahrzeug auf Kredit<\/p>\n<\/figcaption><\/figure>\n<\/div>\n<div class=\"vc_btn3-container text-center\"><a class=\"btn-circle-2\" href=\"https:\/\/multicredit.ch\/fr\/credit-vehicule\/financement-automobile\/\" title=\"Wohnungskredit\" target=\"_blank\"><span class=\"round\">&gt;<\/span><\/a><\/div>\n<p>[\/vc_column][vc_column width=&#8221;1\/5&#8243; data_aos=&#8221;fade-down&#8221; data_aos_delay=&#8221;100&#8243;]<\/p>\n<div class=\"wpb_single_image wpb_content_element vc_align_center  wpb_animate_when_almost_visible wpb_top-to-bottom top-to-bottom wpb_start_animation animated\">\n<figure class=\"wpb_wrapper vc_figure\">\n<div class=\"vc_single_image-wrapper\"><img decoding=\"async\" src=\"https:\/\/multicredit.ch\/wp\/wp-content\/uploads\/c-form.jpg\" alt=\"\" title=\"\"><\/div><figcaption>\n<h4>Kredit f\u00fcr Ausbildung<\/h4>\n<p>Finanzieren Sie Ihr Studium<\/p>\n<\/figcaption><\/figure>\n<\/div>\n<div class=\"vc_btn3-container text-center\"><a class=\"btn-circle-2\" href=\"https:\/\/www.multicredit.ch\/fr\/credit\/financement-d-etudes-et-de-formations\/\" title=\"Wohnungskredit\"><span class=\"round\">&gt;<\/span><\/a><\/div>\n<p>[\/vc_column][vc_column width=&#8221;1\/5&#8243; data_aos=&#8221;fade-down&#8221; data_aos_delay=&#8221;150&#8243;]<\/p>\n<div class=\"wpb_single_image wpb_content_element vc_align_center  wpb_animate_when_almost_visible wpb_top-to-bottom top-to-bottom wpb_start_animation animated\">\n<figure class=\"wpb_wrapper vc_figure\">\n<div class=\"vc_single_image-wrapper\"><img decoding=\"async\" src=\"https:\/\/multicredit.ch\/wp\/wp-content\/uploads\/c-med.jpg\" alt=\"\" title=\"\"><\/div><figcaption>\n<h4>Medizinischer Kredit<\/h4>\n<p>Finanzieren Sie Ihre Operation und medizinische Versorgung<\/p>\n<\/figcaption><\/figure>\n<\/div>\n<div class=\"vc_btn3-container text-center\"><a class=\"btn-circle-2\" href=\"https:\/\/www.multicredit.ch\/fr\/credit\/pret-medical\/\" title=\"Wohnungskredit\"><span class=\"round\">&gt;<\/span><\/a><\/div>\n<p>[\/vc_column][vc_column width=&#8221;1\/5&#8243; data_aos=&#8221;fade-down&#8221; data_aos_delay=&#8221;200&#8243;]<\/p>\n<div class=\"wpb_single_image wpb_content_element vc_align_center  wpb_animate_when_almost_visible wpb_top-to-bottom top-to-bottom wpb_start_animation animated\">\n<figure class=\"wpb_wrapper vc_figure\">\n<div class=\"vc_single_image-wrapper\"><img decoding=\"async\" src=\"https:\/\/multicredit.ch\/wp\/wp-content\/uploads\/c-all.jpg\" alt=\"\" title=\"\"><\/div><figcaption>\n<h4>Verschiedene Kredite<\/h4>\n<p>F\u00fcr alle anderen Projekte<\/p>\n<\/figcaption><\/figure>\n<\/div>\n<div class=\"vc_btn3-container text-center\"><a class=\"btn-circle-2\" href=\"https:\/\/www.multicredit.ch\/fr\/credit\/credits-divers\/\" title=\"Wohnungskredit\"><span class=\"round\">&gt;<\/span><\/a><\/div>\n<p>[\/vc_column][\/vc_row][vc_row full_width=&#8221;stretch_row&#8221; el_class=&#8221;white-bck regularpadding steps&#8221;][vc_column data_aos=&#8221;fade-in&#8221;]<\/p>\n<div class=\"blocktitle title-center title-dark\" clearfix\"><H2><span class=\"ez-toc-section\" id=\"Ihr_Kredit_in_4_Schritten\"><\/span>Ihr Kredit in 4 Schritten<\/H2><\/p>\n<h4>Einfach und schnell<\/h4>\n<\/div>\n<p>[vc_row_inner equal_height=&#8221;yes&#8221;][vc_column_inner width=&#8221;1\/4&#8243;][vc_pie value=&#8221;25&#8243; label_value=&#8221;1&#8243; color=&#8221;custom&#8221; title=&#8221;Antrag&#8221; custom_color=&#8221;#df003c&#8221;][vc_column_text]<\/p>\n<p style=\"text-align: center;\">Sie f\u00fcllen das Kreditantragsformular entsprechend Ihren Bed\u00fcrfnissen aus.<\/p>\n<h5 style=\"text-align: center;\">2 Min.<\/h5>\n<p>[\/vc_column_text][\/vc_column_inner][vc_column_inner width=&#8221;1\/4&#8243;][vc_pie label_value=&#8221;2&#8243; color=&#8221;custom&#8221; title=&#8221;Vorschlag&#8221; custom_color=&#8221;#df003c&#8221;][vc_column_text]<\/p>\n<p style=\"text-align: center;\">Wir analysieren Ihre Anfrage und schlagen Ihnen eine L\u00f6sung vor, die auf Ihr Profil zugeschnitten ist.<\/p>\n<h5 style=\"text-align: center;\">12 Stunden<\/h5>\n<p>[\/vc_column_text][\/vc_column_inner][vc_column_inner width=&#8221;1\/4&#8243;][vc_pie value=&#8221;75&#8243; label_value=&#8221;3&#8243; color=&#8221;custom&#8221; title=&#8221;Unterschrift&#8221; custom_color=&#8221;#df003c&#8221;][vc_column_text]<\/p>\n<p style=\"text-align: center;\">Sobald der Vertrag aufgesetzt ist, m\u00fcssen Sie ihn nur noch unterschreiben und an uns weiterleiten.<\/p>\n<h5 style=\"text-align: center;\">Dieser Schritt h\u00e4ngt von Ihrer Reaktionsf\u00e4higkeit ab.<\/h5>\n<p>[\/vc_column_text][\/vc_column_inner][vc_column_inner width=&#8221;1\/4&#8243;][vc_pie value=&#8221;100&#8243; label_value=&#8221;4&#8243; color=&#8221;custom&#8221; title=&#8221;\u00dcberweisung&#8221; custom_color=&#8221;#df003c&#8221;][vc_column_text]<\/p>\n<p style=\"text-align: center;\">Der Betrag wird auf Ihr Konto \u00fcberwiesen.<\/p>\n<h5 style=\"text-align: center;\">14 Tage (Gesetzliche Frist)<\/h5>\n<p>[\/vc_column_text][\/vc_column_inner][\/vc_row_inner][\/vc_column][\/vc_row][vc_row full_width=&#8221;stretch_row&#8221; content_placement=&#8221;middle&#8221; el_class=&#8221;lightgrey-bck bigpadding checklist&#8221;][vc_column data_aos=&#8221;fade-in&#8221;]<\/p>\n<div class=\"blocktitle title-left title-dark\" clearfix\"><H3><span class=\"ez-toc-section\" id=\"Beauftragen_Sie_uns_mit_der_Suche_nach_Ihrem_bestmoeglichen_Kreditangebot\"><\/span>Beauftragen Sie uns mit der Suche nach Ihrem bestm\u00f6glichen Kreditangebot.<\/H3><\/p>\n<h4>Wir suchen immer nach dem bestm\u00f6glichen Angebot f\u00fcr unsere Kunden in der ganzen Schweiz.<\/h4>\n<\/div>\n<p>[vc_row_inner][vc_column_inner width=&#8221;1\/2&#8243;][vc_column_text]Vertrauen Sie auf das Fachwissen von <strong>MultiCredit<\/strong>, um Ihre W\u00fcnsche mit Ihrem neuen Kreditangebot in die Realit\u00e4t umzusetzen. Unsere Spezialisten stehen Ihnen zur Verf\u00fcgung, um alle Ihre Fragen zu beantworten, Sie pers\u00f6nlich zu beraten und Sie zu der Kreditl\u00f6sung zu f\u00fchren, die am besten zu Ihnen passt, mit innovativen Tools, die wir stolz darauf sind, die einzigen zu sein, die sie Ihnen anbieten k\u00f6nnen! <\/p>\n<p>Machen Sie den ersten Schritt zu einer ma\u00dfgeschneiderten finanziellen Unterst\u00fctzung, indem Sie sich noch heute an unser Team wenden. <strong>MultiCredit<\/strong>, weil Ihre Projekte besondere Aufmerksamkeit und Expertise verdienen, um das Ja f\u00fcr Ihr bestes Kreditangebot zu erhalten.[\/vc_column_text][vc_btn title=&#8221;Entdecken Sie&#8221; link=&#8221;url:https%3A%2F%2Fwww.multicredit.ch%2Ffr%2Fa-propos%2F|title:%C3%9Cber|&#8221;][\/vc_column_inner][vc_column_inner width=&#8221;1\/2&#8243;][vc_column_text]<\/p>\n<ul>\n<li><strong>Sicherheit und Vertraulichkeit<\/strong><\/li>\n<li><strong>N\u00e4he und Verantwortung<\/strong><\/li>\n<li><strong>Garantierte Abholung in weniger als 24 Stunden<\/strong><\/li>\n<li><strong>Niedrigerer Zinssatz als die Konkurrenz<\/strong><\/li>\n<\/ul>\n<h4 style=\"text-align: right;\">Kreditangebot<\/h4>\n<p>[\/vc_column_text][\/vc_column_inner][\/vc_row_inner][\/vc_column][\/vc_row]<\/section>\n","protected":false},"excerpt":{"rendered":"<p>Konkretisieren Sie Ihr Projekt einfach<\/p>\n","protected":false},"author":25,"featured_media":11772,"parent":12357,"menu_order":-9,"comment_status":"closed","ping_status":"closed","template":"template-credit.php","meta":{"inline_featured_image":false,"footnotes":"","_links_to":"","_links_to_target":""},"categories":[240],"class_list":["post-30582","page","type-page","status-publish","has-post-thumbnail","hentry","category-gutschrift"],"_links":{"self":[{"href":"https:\/\/multicredit.ch\/de\/wp-json\/wp\/v2\/pages\/30582","targetHints":{"allow":["GET"]}}],"collection":[{"href":"https:\/\/multicredit.ch\/de\/wp-json\/wp\/v2\/pages"}],"about":[{"href":"https:\/\/multicredit.ch\/de\/wp-json\/wp\/v2\/types\/page"}],"author":[{"embeddable":true,"href":"https:\/\/multicredit.ch\/de\/wp-json\/wp\/v2\/users\/25"}],"replies":[{"embeddable":true,"href":"https:\/\/multicredit.ch\/de\/wp-json\/wp\/v2\/comments?post=30582"}],"version-history":[{"count":5,"href":"https:\/\/multicredit.ch\/de\/wp-json\/wp\/v2\/pages\/30582\/revisions"}],"predecessor-version":[{"id":30587,"href":"https:\/\/multicredit.ch\/de\/wp-json\/wp\/v2\/pages\/30582\/revisions\/30587"}],"up":[{"embeddable":true,"href":"https:\/\/multicredit.ch\/de\/wp-json\/wp\/v2\/pages\/12357"}],"wp:featuredmedia":[{"embeddable":true,"href":"https:\/\/multicredit.ch\/de\/wp-json\/wp\/v2\/media\/11772"}],"wp:attachment":[{"href":"https:\/\/multicredit.ch\/de\/wp-json\/wp\/v2\/media?parent=30582"}],"wp:term":[{"taxonomy":"category","embeddable":true,"href":"https:\/\/multicredit.ch\/de\/wp-json\/wp\/v2\/categories?post=30582"}],"curies":[{"name":"wp","href":"https:\/\/api.w.org\/{rel}","templated":true}]}}