{"id":30564,"date":"2024-11-28T13:07:35","date_gmt":"2024-11-28T13:07:35","guid":{"rendered":"https:\/\/multicredit.ch\/kredit\/credit-vehicule\/financement-moto\/"},"modified":"2026-03-10T14:02:49","modified_gmt":"2026-03-10T14:02:49","slug":"financement-moto","status":"publish","type":"page","link":"https:\/\/multicredit.ch\/de\/kredit\/credit-vehicule\/financement-moto\/","title":{"rendered":"Motorrad-Kredit"},"content":{"rendered":"<section class=\"wpb-content-wrapper\">[vc_row full_width=&#8221;stretch_row&#8221; el_class=&#8221;white-bck bigpadding&#8221; css=&#8221;.vc_custom_1586929679182{padding-bottom: 24px !important;}&#8221;][vc_column data_aos=&#8221;fade-in&#8221;]<\/p>\n<div class=\"blocktitle title-center title-dark\" clearfix\"><H2><span class=\"ez-toc-section\" id=\"Motorradkredit_mit_MultiCredit\"><\/span>Motorradkredit mit MultiCredit<\/H2><\/div>\n<p>[vc_column_text]Sp\u00fcren Sie die Freiheit der Stra\u00dfe mit <strong>MultiCredit<\/strong>, dem Spezialisten f\u00fcr die Finanzierung von Motorr\u00e4dern in der Schweiz. Ob Sie ein Sportler sind, ein Fan von Custom-Modellen oder ein Zweirad f\u00fcr den t\u00e4glichen Gebrauch suchen, wir unterst\u00fctzen Sie bei der Anschaffung Ihres Traummotorrads.[\/vc_column_text][vc_column_text el_class=&#8221;pb-2 maxwidth&#8221;]<\/p>\n<h2><span class=\"ez-toc-section\" id=\"Eine_Finanzierung_fuer_alle_Arten_von_Motorradfahrern\"><\/span><strong>Eine Finanzierung f\u00fcr alle Arten von Motorradfahrern<\/strong><span class=\"ez-toc-section-end\"><\/span><\/h2>\n<ul>\n<li><strong>Sportmotorr\u00e4der<\/strong>: Beherrschen Sie die Stra\u00dfe mit Raten, die Ihrem Budget entsprechen, f\u00fcr schnelle und leistungsf\u00e4hige Modelle.<\/li>\n<li><strong>Touring-Motorr\u00e4der<\/strong>: Machen Sie sich auf den Weg ins Abenteuer und finanzieren Sie das perfekte Motorrad f\u00fcr Ihre Langstreckenreisen.<\/li>\n<li><strong>Stadtmotorr\u00e4der<\/strong>: Entscheiden Sie sich f\u00fcr ein praktisches und wirtschaftliches Zweirad, das Ihnen das Reisen in der Stadt erleichtert.<\/li>\n<li><strong>Customs und Choppers<\/strong>: Verwirklichen Sie Ihre Tr\u00e4ume von einem Motorrad mit einzigartigem Stil durch flexible Kreditl\u00f6sungen.<\/li>\n<li><strong>Motorroller und Maxi-Scooter<\/strong>: Nutzen Sie eine einfache Finanzierung f\u00fcr eine schnelle und bequeme t\u00e4gliche Mobilit\u00e4t.<\/li>\n<\/ul>\n<p>[\/vc_column_text][vc_column_text]<\/p>\n<h3><span class=\"ez-toc-section\" id=\"Unsere_Staerken_sind_die_folgenden_um_die_bestmoeglichen_Angebote_fuer_unsere_Kunden_in_der_ganzen_Schweiz_zu_erhalten\"><\/span>Unsere St\u00e4rken sind die folgenden, um die bestm\u00f6glichen Angebote f\u00fcr unsere Kunden in der ganzen Schweiz zu erhalten<span class=\"ez-toc-section-end\"><\/span><\/h3>\n<p>[\/vc_column_text][\/vc_column][\/vc_row][vc_row full_width=&#8221;stretch_row&#8221; el_class=&#8221;white-bck&#8221; css=&#8221;.vc_custom_1586930817763{padding-top: 24px !important;padding-bottom: 0px !important;}&#8221;][vc_column width=&#8221;1\/2&#8243; data_aos=&#8221;fade-up&#8221; el_class=&#8221;checklist&#8221;][vc_column_text]<\/p>\n<ul>\n<li>Erhalten Sie eine vorl\u00e4ufige Entscheidung in nur 5 Minuten, w\u00e4hrend des ersten Telefonkontakts<\/li>\n<li>Kostenlose Bearbeitung Ihres Antrags und unverbindliches Angebot<\/li>\n<li>Vertraulichkeit garantiert (wir unterliegen dem Bankgeheimnis)<\/li>\n<li>Flexible R\u00fcckzahlung \u00fcber 12 bis 84 Monate<\/li>\n<li>Angepasste monatliche Raten und niedrigere Zinsen<\/li>\n<li>Flexible und anpassungsf\u00e4hige Bedingungen (Laufzeit, Zinssatz, Betrag)<\/li>\n<li>Vorzeitige R\u00fcckzahlung Ihres Darlehens zu jedem beliebigen Zeitpunkt<\/li>\n<\/ul>\n<p>[\/vc_column_text][\/vc_column][vc_column width=&#8221;1\/2&#8243; data_aos=&#8221;fade-up&#8221; data_aos_delay=&#8221;250&#8243; el_class=&#8221;checklist&#8221;][vc_column_text]<\/p>\n<ul>\n<li>F\u00fcr Schweizer und Inhaber einer C-Bewilligung k\u00f6nnen die Schuldzinsen steuerlich abgesetzt werden.<\/li>\n<li>Vereinfachte und schnellere Abwicklung als bei Hypothek und Leasing<\/li>\n<li>\u00dcbernahme Ihrer administrativen Schritte<\/li>\n<li>Einfache, schnelle und diskrete Schritte<\/li>\n<li>Zusammenstellung Ihres Dossiers durch einen Spezialisten<\/li>\n<li>Pers\u00f6nliche Beratung zu Hause oder in unserem B\u00fcro<\/li>\n<\/ul>\n<p>[\/vc_column_text][\/vc_column][\/vc_row][vc_row full_width=&#8221;stretch_row&#8221; el_class=&#8221;white-bck bigpadding&#8221; css=&#8221;.vc_custom_1586929684389{padding-top: 24px !important;}&#8221;][vc_column data_aos=&#8221;fade-in&#8221;][vc_column_text el_class=&#8221;pt-2&#8243;]<\/p>\n<p style=\"text-align: center;\"><strong>F\u00fcr Privatpersonen mit Wohnsitz in der Schweiz, Schweizer oder <a href=\"https:\/\/www.sem.admin.ch\/sem\/fr\/home\/themen\/aufenthalt\/eu_efta.html\" target=\"_blank\" rel=\"noopener\">Inhaber eines B- oder C-Ausweises oder einer Legitimationskarte (D, E, G und H)<\/a>, ist es m\u00f6glich, Ihre Liquidit\u00e4t zu erh\u00f6hen und Geld zu sparen. Profitieren Sie von einer individuellen Pr\u00fcfung Ihres Projekts und einem ma\u00dfgeschneiderten Kreditangebot in k\u00fcrzester Zeit. <\/strong><\/p>\n<h2><span class=\"ez-toc-section\" id=\"Warum_sollten_Sie_MultiCredit_fuer_Ihren_Motorradkredit_waehlen\"><\/span><strong>Warum sollten Sie MultiCredit f\u00fcr Ihren Motorradkredit w\u00e4hlen?<\/strong><span class=\"ez-toc-section-end\"><\/span><\/h2>\n<p>Bei <strong>MultiCredit<\/strong> wissen wir, dass jeder Motorradfahrer einzigartig ist, und wir passen unsere Dienstleistungen an Ihre speziellen Bed\u00fcrfnisse an: <\/p>\n<ul>\n<li><strong>Spezialisiertes Fachwissen<\/strong>: Dank unserer umfassenden Kenntnisse des Motorradmarktes k\u00f6nnen wir Ihnen optimale L\u00f6sungen anbieten.<\/li>\n<li><strong>Wettbewerbsf\u00e4hige Zinss\u00e4tze<\/strong>: Fahren Sie entspannt mit einer Finanzierung, die Ihr Budget respektiert.<\/li>\n<li><strong>Pers\u00f6nliche Betreuung<\/strong>: Unsere Berater stehen Ihnen zur Seite und begleiten Sie bei jedem Schritt, vom Kreditantrag bis zum Kauf Ihres Motorrads.<\/li>\n<li><strong>Optimierte Scoring-Analyse<\/strong>: Wir maximieren Ihre Chancen, eine Finanzierung zu erhalten, unabh\u00e4ngig von Ihrem Profil.<\/li>\n<\/ul>\n<hr>\n<h3><span class=\"ez-toc-section\" id=\"Eine_einfache_und_schnelle_Finanzierungserfahrung\"><\/span><strong>Eine einfache und schnelle Finanzierungserfahrung<\/strong><span class=\"ez-toc-section-end\"><\/span><\/h3>\n<ol>\n<li><strong>F\u00fcllen Sie unser Online-Formular<\/strong> f\u00fcr eine kostenlose und unverbindliche Bewertung aus.<\/li>\n<li>Erhalten Sie eine schnelle Antwort mit einem Angebot, das auf Ihre Bed\u00fcrfnisse zugeschnitten ist.<\/li>\n<li>Schlie\u00dfen Sie Ihren Kauf ab und genie\u00dfen Sie Ihr Motorrad ohne Sorgen.<\/li>\n<\/ol>\n<p>[\/vc_column_text][\/vc_column][\/vc_row][vc_row full_width=&#8221;stretch_row&#8221; equal_height=&#8221;yes&#8221; el_class=&#8221;lightgrey-bck bigpadding flex-eq-height diagonal-top-bck one-fifth-link-bloc&#8221;][vc_column width=&#8221;1\/5&#8243; data_aos=&#8221;fade-down&#8221; data_aos_delay=&#8221;0&#8243;]<\/p>\n<div class=\"wpb_single_image wpb_content_element vc_align_center  wpb_animate_when_almost_visible wpb_top-to-bottom top-to-bottom wpb_start_animation animated\">\n<figure class=\"wpb_wrapper vc_figure\">\n<div class=\"vc_single_image-wrapper\"><img decoding=\"async\" src=\"https:\/\/multicredit.ch\/wp\/wp-content\/uploads\/c-hab.jpg\" alt=\"\" title=\"\"><\/div><figcaption>\n<h4>Wohnungskredit<\/h4>\n<p>Finanzierung von Einrichtungen und H\u00e4usern<\/p>\n<\/figcaption><\/figure>\n<\/div>\n<div class=\"vc_btn3-container text-center\"><a class=\"btn-circle-2\" href=\"https:\/\/www.multicredit.ch\/fr\/credit\/credit-habitation\/\" title=\"Wohnungskredit\"><span class=\"round\">&gt;<\/span><\/a><\/div>\n<p>[\/vc_column][vc_column width=&#8221;1\/5&#8243; data_aos=&#8221;fade-down&#8221; data_aos_delay=&#8221;50&#8243;]<\/p>\n<div class=\"wpb_single_image wpb_content_element vc_align_center  wpb_animate_when_almost_visible wpb_top-to-bottom top-to-bottom wpb_start_animation animated\">\n<figure class=\"wpb_wrapper vc_figure\">\n<div class=\"vc_single_image-wrapper\"><img decoding=\"async\" src=\"https:\/\/multicredit.ch\/wp\/wp-content\/uploads\/c-auto.jpg\" alt=\"\" title=\"\"><\/div><figcaption>\n<h4>Autokredit<\/h4>\n<p>Kaufen Sie Ihr Fahrzeug auf Kredit<\/p>\n<\/figcaption><\/figure>\n<\/div>\n<div class=\"vc_btn3-container text-center\"><a class=\"btn-circle-2\" href=\"https:\/\/www.multicredit.ch\/fr\/credit\/credit-auto\" title=\"Wohnungskredit\"><span class=\"round\">&gt;<\/span><\/a><\/div>\n<p>[\/vc_column][vc_column width=&#8221;1\/5&#8243; data_aos=&#8221;fade-down&#8221; data_aos_delay=&#8221;100&#8243;]<\/p>\n<div class=\"wpb_single_image wpb_content_element vc_align_center  wpb_animate_when_almost_visible wpb_top-to-bottom top-to-bottom wpb_start_animation animated\">\n<figure class=\"wpb_wrapper vc_figure\">\n<div class=\"vc_single_image-wrapper\"><img decoding=\"async\" src=\"https:\/\/multicredit.ch\/wp\/wp-content\/uploads\/c-form.jpg\" alt=\"\" title=\"\"><\/div><figcaption>\n<h4>Kredit f\u00fcr Ausbildung<\/h4>\n<p>Finanzieren Sie Ihr Studium<\/p>\n<\/figcaption><\/figure>\n<\/div>\n<div class=\"vc_btn3-container text-center\"><a class=\"btn-circle-2\" href=\"https:\/\/www.multicredit.ch\/fr\/credit\/financement-d-etudes-et-de-formations\/\" title=\"Wohnungskredit\"><span class=\"round\">&gt;<\/span><\/a><\/div>\n<p>[\/vc_column][vc_column width=&#8221;1\/5&#8243; data_aos=&#8221;fade-down&#8221; data_aos_delay=&#8221;150&#8243;]<\/p>\n<div class=\"wpb_single_image wpb_content_element vc_align_center  wpb_animate_when_almost_visible wpb_top-to-bottom top-to-bottom wpb_start_animation animated\">\n<figure class=\"wpb_wrapper vc_figure\">\n<div class=\"vc_single_image-wrapper\"><img decoding=\"async\" src=\"https:\/\/multicredit.ch\/wp\/wp-content\/uploads\/c-med.jpg\" alt=\"\" title=\"\"><\/div><figcaption>\n<h4>Medizinischer Kredit<\/h4>\n<p>Finanzieren Sie Ihre Operation und medizinische Versorgung<\/p>\n<\/figcaption><\/figure>\n<\/div>\n<div class=\"vc_btn3-container text-center\"><a class=\"btn-circle-2\" href=\"https:\/\/www.multicredit.ch\/fr\/credit\/pret-medical\/\" title=\"Wohnungskredit\"><span class=\"round\">&gt;<\/span><\/a><\/div>\n<p>[\/vc_column][vc_column width=&#8221;1\/5&#8243; data_aos=&#8221;fade-down&#8221; data_aos_delay=&#8221;200&#8243;]<\/p>\n<div class=\"wpb_single_image wpb_content_element vc_align_center  wpb_animate_when_almost_visible wpb_top-to-bottom top-to-bottom wpb_start_animation animated\">\n<figure class=\"wpb_wrapper vc_figure\">\n<div class=\"vc_single_image-wrapper\"><img decoding=\"async\" src=\"https:\/\/multicredit.ch\/wp\/wp-content\/uploads\/c-all.jpg\" alt=\"\" title=\"\"><\/div><figcaption>\n<h4>Verschiedene Kredite<\/h4>\n<p>F\u00fcr alle anderen Projekte<\/p>\n<\/figcaption><\/figure>\n<\/div>\n<div class=\"vc_btn3-container text-center\"><a class=\"btn-circle-2\" href=\"https:\/\/www.multicredit.ch\/fr\/credit\/credits-divers\/\" title=\"Wohnungskredit\"><span class=\"round\">&gt;<\/span><\/a><\/div>\n<p>[\/vc_column][\/vc_row][vc_row full_width=&#8221;stretch_row&#8221; el_class=&#8221;white-bck regularpadding steps&#8221;][vc_column data_aos=&#8221;fade-in&#8221;]<\/p>\n<div class=\"blocktitle title-center title-dark\" clearfix\"><H2><span class=\"ez-toc-section\" id=\"Ihr_Kredit_in_4_Schritten\"><\/span>Ihr Kredit in 4 Schritten<\/H2><\/p>\n<h4>Einfach und schnell<\/h4>\n<\/div>\n<p>[vc_row_inner equal_height=&#8221;yes&#8221;][vc_column_inner width=&#8221;1\/4&#8243;][vc_pie value=&#8221;25&#8243; label_value=&#8221;1&#8243; color=&#8221;custom&#8221; title=&#8221;Antrag&#8221; custom_color=&#8221;#df003c&#8221;][vc_column_text]<\/p>\n<p style=\"text-align: center;\">Sie f\u00fcllen das Kreditantragsformular entsprechend Ihren Bed\u00fcrfnissen aus.<\/p>\n<h5 style=\"text-align: center;\">2 Min.<\/h5>\n<p>[\/vc_column_text][\/vc_column_inner][vc_column_inner width=&#8221;1\/4&#8243;][vc_pie label_value=&#8221;2&#8243; color=&#8221;custom&#8221; title=&#8221;Vorschlag&#8221; custom_color=&#8221;#df003c&#8221;][vc_column_text]<\/p>\n<p style=\"text-align: center;\">Wir analysieren Ihre Anfrage und schlagen Ihnen eine L\u00f6sung vor, die auf Ihr Profil zugeschnitten ist.<\/p>\n<h5 style=\"text-align: center;\">12 Stunden<\/h5>\n<p>[\/vc_column_text][\/vc_column_inner][vc_column_inner width=&#8221;1\/4&#8243;][vc_pie value=&#8221;75&#8243; label_value=&#8221;3&#8243; color=&#8221;custom&#8221; title=&#8221;Unterschrift&#8221; custom_color=&#8221;#df003c&#8221;][vc_column_text]<\/p>\n<p style=\"text-align: center;\">Sobald der Vertrag aufgesetzt ist, m\u00fcssen Sie ihn nur noch unterschreiben und an uns weiterleiten.<\/p>\n<h5 style=\"text-align: center;\">Dieser Schritt h\u00e4ngt von Ihrer Reaktionsf\u00e4higkeit ab.<\/h5>\n<p>[\/vc_column_text][\/vc_column_inner][vc_column_inner width=&#8221;1\/4&#8243;][vc_pie value=&#8221;100&#8243; label_value=&#8221;4&#8243; color=&#8221;custom&#8221; title=&#8221;\u00dcberweisung&#8221; custom_color=&#8221;#df003c&#8221;][vc_column_text]<\/p>\n<p style=\"text-align: center;\">Der Betrag wird auf Ihr Konto \u00fcberwiesen.<\/p>\n<h5 style=\"text-align: center;\">14 Tage (Gesetzliche Frist)<\/h5>\n<p>[\/vc_column_text][\/vc_column_inner][\/vc_row_inner][\/vc_column][\/vc_row][vc_row full_width=&#8221;stretch_row&#8221; content_placement=&#8221;middle&#8221; el_class=&#8221;lightgrey-bck bigpadding checklist&#8221;][vc_column data_aos=&#8221;fade-in&#8221;]<\/p>\n<div class=\"blocktitle title-left title-dark\" clearfix\"><H3><span class=\"ez-toc-section\" id=\"Beauftragen_Sie_uns_mit_der_Suche_nach_Ihrem_bestmoeglichen_Angebot_fuer_einen_Fahrzeugkredit\"><\/span>Beauftragen Sie uns mit der Suche nach Ihrem bestm\u00f6glichen Angebot f\u00fcr einen Fahrzeugkredit.<\/H3><\/p>\n<h4>Wir suchen immer nach dem bestm\u00f6glichen Angebot f\u00fcr unsere Kunden in der ganzen Schweiz.<\/h4>\n<\/div>\n<p>[vc_row_inner][vc_column_inner width=&#8221;1\/2&#8243;][vc_column_text]<\/p>\n<h3><span class=\"ez-toc-section\" id=\"Fahren_Sie_los_MultiCredit_an_Ihrer_Seite\"><\/span><strong>Fahren Sie los: MultiCredit an Ihrer Seite<\/strong><span class=\"ez-toc-section-end\"><\/span><\/h3>\n<p>Sind Sie bereit, Ihr Motorradprojekt zu verwirklichen? Lassen Sie Ihre Tr\u00e4ume nicht warten. <strong>Kontaktieren Sie unsere Berater<\/strong> oder <strong>f\u00fcllen Sie noch heute unser Online-Formular aus<\/strong>, um Ihr Projekt zu starten. <\/p>\n<blockquote><p>Mit <strong>MultiCredit<\/strong> ist Ihr Motorrad in greifbarer N\u00e4he. Entdecken Sie eine ma\u00dfgeschneiderte Finanzierungsl\u00f6sung und fahren Sie mit einem vertrauensw\u00fcrdigen Partner in die Freiheit.<\/p><\/blockquote>\n<p>\ud83c\udfcd\ufe0f <strong>MultiCredit: Ihr Weg in die Freiheit beginnt hier. Fordern Sie jetzt eine kostenlose Bewertung an!<\/strong>[\/vc_column_text][vc_btn title=&#8221;Entdecken Sie&#8221; link=&#8221;url:https%3A%2F%2Fwww.multicredit.ch%2Ffr%2Fa-propos%2F|title:%C3%9Cber|&#8221;][\/vc_column_inner][vc_column_inner width=&#8221;1\/2&#8243;][vc_column_text]<\/p>\n<ul>\n<li><strong>Sicherheit und Vertraulichkeit<\/strong><\/li>\n<li><strong>N\u00e4he und Verantwortung<\/strong><\/li>\n<li><strong>Garantierte Abholung in weniger als 24 Stunden<\/strong><\/li>\n<li><strong>Niedrigerer Zinssatz als die Konkurrenz<\/strong><\/li>\n<\/ul>\n<p>[\/vc_column_text][\/vc_column_inner][\/vc_row_inner][\/vc_column][\/vc_row]<\/section>\n","protected":false},"excerpt":{"rendered":"<p>Konkretisieren Sie Ihr Projekt einfach<\/p>\n","protected":false},"author":25,"featured_media":11772,"parent":30546,"menu_order":-9,"comment_status":"closed","ping_status":"closed","template":"template-credit.php","meta":{"inline_featured_image":false,"footnotes":"","_links_to":"","_links_to_target":""},"categories":[240],"class_list":["post-30564","page","type-page","status-publish","has-post-thumbnail","hentry","category-gutschrift"],"_links":{"self":[{"href":"https:\/\/multicredit.ch\/de\/wp-json\/wp\/v2\/pages\/30564","targetHints":{"allow":["GET"]}}],"collection":[{"href":"https:\/\/multicredit.ch\/de\/wp-json\/wp\/v2\/pages"}],"about":[{"href":"https:\/\/multicredit.ch\/de\/wp-json\/wp\/v2\/types\/page"}],"author":[{"embeddable":true,"href":"https:\/\/multicredit.ch\/de\/wp-json\/wp\/v2\/users\/25"}],"replies":[{"embeddable":true,"href":"https:\/\/multicredit.ch\/de\/wp-json\/wp\/v2\/comments?post=30564"}],"version-history":[{"count":2,"href":"https:\/\/multicredit.ch\/de\/wp-json\/wp\/v2\/pages\/30564\/revisions"}],"predecessor-version":[{"id":30566,"href":"https:\/\/multicredit.ch\/de\/wp-json\/wp\/v2\/pages\/30564\/revisions\/30566"}],"up":[{"embeddable":true,"href":"https:\/\/multicredit.ch\/de\/wp-json\/wp\/v2\/pages\/30546"}],"wp:featuredmedia":[{"embeddable":true,"href":"https:\/\/multicredit.ch\/de\/wp-json\/wp\/v2\/media\/11772"}],"wp:attachment":[{"href":"https:\/\/multicredit.ch\/de\/wp-json\/wp\/v2\/media?parent=30564"}],"wp:term":[{"taxonomy":"category","embeddable":true,"href":"https:\/\/multicredit.ch\/de\/wp-json\/wp\/v2\/categories?post=30564"}],"curies":[{"name":"wp","href":"https:\/\/api.w.org\/{rel}","templated":true}]}}