{"id":30523,"date":"2024-12-06T19:18:00","date_gmt":"2024-12-06T19:18:00","guid":{"rendered":"https:\/\/multicredit.ch\/kredit\/calculateur\/"},"modified":"2026-03-10T12:49:22","modified_gmt":"2026-03-10T12:49:22","slug":"calculateur","status":"publish","type":"page","link":"https:\/\/multicredit.ch\/de\/kredit\/calculateur\/","title":{"rendered":"Kreditrechner: Schnell und effizient"},"content":{"rendered":"<section class=\"wpb-content-wrapper\">[vc_row][vc_column][vc_empty_space height=&#8221;80px&#8221;][vc_column_text]<iframe style=\"margin: 0; padding: 0; border: none;\" src=\"https:\/\/audioblog.arteradio.com\/embed\/241874\" width=\"100%\"><\/iframe>[\/vc_column_text][\/vc_column][\/vc_row][vc_row][vc_column width=&#8221;1\/2&#8243;]<\/p>\n<div class=\"blocktitle title-center title-dark\" clearfix\"><H2><span class=\"ez-toc-section\" id=\"Kreditrechner_in_der_Schweiz\"><\/span>Kreditrechner in der Schweiz<\/H2><\/p>\n<h4>Ein Darlehen ohne b\u00fcrokratischen Aufwand. Schnell, einfach und diskret <\/h4>\n<\/div>\n<p>[vc_column_text css_animation=&#8221;fadeIn&#8221;]Bei <strong>MultiCredit<\/strong> wissen wir, dass jedes Projekt einzigartig ist. Deshalb haben wir einen <strong>intuitiven und pr\u00e4zisen Kreditrechner<\/strong> entwickelt, der Ihnen eine schnelle und klare Sch\u00e4tzung Ihrer monatlichen Raten erm\u00f6glicht. Ein guter Kreditrechner macht oft einen gro\u00dfen Unterschied bei der Planung eines <a href=\"https:\/\/multicredit.ch\/de\/kreditantrag\/\">Kreditantrags<\/a>! Ob Sie nun ein Auto, eine Renovierung oder ein pers\u00f6nliches Projekt finanzieren m\u00f6chten, unser Tool ist der ideale Ausgangspunkt, um Ihre Finanzierung besser zu verstehen.  <\/p>\n<p style=\"text-align: center;\">Grundsatzentscheidung innerhalb von <strong>24 bis 48 Stunden<\/strong> dank unserer Erfahrung auf dem Markt seit 1999. Wir haben Tausende von Krediten f\u00fcr unsere Kunden in der ganzen Schweiz vermittelt.<\/p>\n<p>[\/vc_column_text][\/vc_column][vc_column width=&#8221;1\/2&#8243;][vc_single_image image=&#8221;11652&#8243; img_size=&#8221;large&#8221; css_animation=&#8221;fadeIn&#8221;][\/vc_column][\/vc_row][vc_row][vc_column][vc_empty_space height=&#8221;50px&#8221;][\/vc_column][\/vc_row][vc_row][vc_column width=&#8221;1\/2&#8243;][vc_single_image image=&#8221;11667&#8243; img_size=&#8221;full&#8221; alignment=&#8221;center&#8221; css_animation=&#8221;fadeIn&#8221;][\/vc_column][vc_column width=&#8221;1\/2&#8243;]<\/p>\n<div class=\"blocktitle title-center title-dark\" clearfix\"><H2><span class=\"ez-toc-section\" id=\"Tausende_von_Finanzierungen_fuer_unsere_Kunden_in_der_Schweiz_erhalten\"><\/span>Tausende von Finanzierungen f\u00fcr unsere Kunden in der Schweiz erhalten<\/H2><\/p>\n<h4>Ob Sie nun aus Freiburg, Genf, Martigny oder sogar Bern kommen, z\u00f6gern Sie nicht, unsere Kreditkompetenz in Anspruch zu nehmen.<\/h4>\n<\/div>\n<p>[vc_column_text css_animation=&#8221;fadeIn&#8221;]<\/p>\n<h3><span class=\"ez-toc-section\" id=\"Warum_sollten_Sie_unseren_Kreditrechner_nutzen\"><\/span><strong>Warum sollten Sie unseren Kreditrechner nutzen?<\/strong><span class=\"ez-toc-section-end\"><\/span><\/h3>\n<ul>\n<li><strong>Schnelle und genaue Sch\u00e4tzung:<\/strong> Geben Sie einfach den Betrag an, den Sie in Ihrem <a href=\"https:\/\/multicredit.ch\/de\/\">Kredit<\/a> aufnehmen m\u00f6chten, die R\u00fcckzahlungsdauer und sehen Sie sofort Ihre potenziellen monatlichen Raten.<\/li>\n<li>Ber\u00fccksichtigung der <strong>tats\u00e4chlichen Kosten in unserem Kreditrechner:<\/strong> Dank unseres Fachwissens ber\u00fccksichtigt unser Rechner den <strong>effektiven Jahreszins<\/strong>, um eine realistische Sch\u00e4tzung der Gesamtkosten Ihres Kredits zu erm\u00f6glichen.<\/li>\n<li><strong>Flexibilit\u00e4t:<\/strong> Passen Sie Ihre Parameter in Echtzeit an, um die Option zu finden, die am besten zu Ihrem <a href=\"https:\/\/multicredit.ch\/de\/kreditantrag\/\">Kreditantrag<\/a> passt.<\/li>\n<\/ul>\n<p>[\/vc_column_text][\/vc_column][\/vc_row][vc_row][vc_column][vc_empty_space height=&#8221;50px&#8221;]<\/p>\n<div class=\"blocktitle title-left title-dark\" clearfix\"><H3><span class=\"ez-toc-section\" id=\"Guenstige_Finanzierung\"><\/span>G\u00fcnstige Finanzierung<\/H3><\/div>\n<p>[vc_column_text css_animation=&#8221;fadeIn&#8221;]<\/p>\n<h3><span class=\"ez-toc-section\" id=\"MultiCredit_hoert_zu_und_kennt_sich_aus_Ihre_massgeschneiderte_Loesung\"><\/span><strong>MultiCredit h\u00f6rt zu und kennt sich aus: Ihre ma\u00dfgeschneiderte L\u00f6sung<\/strong><span class=\"ez-toc-section-end\"><\/span><\/h3>\n<p>Seit mehreren Jahren begleitet MultiCredit Privatpersonen in der Schweiz bei der Suche nach geeigneten und g\u00fcnstigen Kreditl\u00f6sungen. Unsere Aufgabe beschr\u00e4nkt sich nicht darauf, ein leistungsstarkes Berechnungstool anzubieten. Wir sind da, um Sie zu f\u00fchren, zu beraten und Sie bei jedem Schritt Ihres Antrags zu begleiten.  <\/p>\n<ol>\n<li>Ein <strong>offenes Ohr:<\/strong><br \/>\nUnsere Berater nehmen sich die Zeit, Ihre Bed\u00fcrfnisse, Ihre finanzielle Situation und Ihre Pl\u00e4ne zu verstehen. Wir glauben, dass jeder Kunde pers\u00f6nliche Aufmerksamkeit verdient. <\/li>\n<li><strong>Anerkanntes Fachwissen:<\/strong><br \/>\nMit unserer jahrelangen Erfahrung im Kreditgesch\u00e4ft haben wir Tausenden von Privatpersonen geholfen, ihre Projekte zu verwirklichen. Unsere umfassenden Kenntnisse erm\u00f6glichen es uns, wettbewerbsf\u00e4hige Zinss\u00e4tze und vorteilhafte Bedingungen f\u00fcr unsere Kunden auszuhandeln. <\/li>\n<li><strong>Passende L\u00f6sungen:<\/strong><br \/>\nOb Sie einen kleinen Kredit oder eine gr\u00f6\u00dfere Finanzierung ben\u00f6tigen, wir bieten Betr\u00e4ge von <strong>3.000 CHF bis 400.000 CHF<\/strong> mit flexiblen Laufzeiten an.<\/li>\n<li><strong>Volle Transparenz:<\/strong><br \/>\nWir erkl\u00e4ren Ihnen deutlich die Unterschiede zwischen <strong>Nominal-<\/strong> und <strong>Effektivzinssatz<\/strong>, damit Sie eine fundierte Entscheidung treffen k\u00f6nnen.<\/li>\n<\/ol>\n<h3><span class=\"ez-toc-section\" id=\"Wie_funktioniert_der_Kreditrechner\"><\/span><strong>Wie funktioniert der Kreditrechner?<\/strong><span class=\"ez-toc-section-end\"><\/span><\/h3>\n<ol>\n<li><strong>Geben Sie den gew\u00fcnschten Betrag ein:<\/strong> z.B. <strong>20.000 CHF<\/strong>.<\/li>\n<li><strong>Geben Sie die Dauer der R\u00fcckzahlung an:<\/strong> Zum Beispiel <strong>36 Monate<\/strong>.<\/li>\n<li><strong>Entdecken Sie Ihre gesch\u00e4tzten monatlichen Raten und die Gesamtkosten des Kredits:<\/strong> Unser Tool beinhaltet die Kosten des effektiven Jahreszinses f\u00fcr eine realistische Simulation.<\/li>\n<\/ol>\n<hr>\n<h3><span class=\"ez-toc-section\" id=\"MultiCredit_mehr_als_ein_Rechner_ein_vertrauenswuerdiger_Partner\"><\/span><strong>MultiCredit, mehr als ein Rechner: ein vertrauensw\u00fcrdiger Partner<\/strong><span class=\"ez-toc-section-end\"><\/span><\/h3>\n<p>Sobald Sie Ihre Simulation durchgef\u00fchrt haben, stehen Ihnen unsere Berater zur Verf\u00fcgung, um weitere Schritte zu unternehmen, sei es f\u00fcr einen <a href=\"https:\/\/multicredit.ch\/de\/kredit\/credit-vehicule\/auto-kredit\/\">Autokredit<\/a> oder einen <a href=\"https:\/\/multicredit.ch\/de\/kredit\/\">Privatkredit<\/a>. Wir analysieren Ihr Profil im Detail und bieten Ihnen ma\u00dfgeschneiderte Angebote, die mit unseren Finanzpartnern ausgehandelt wurden. Unser Ziel ist es, Ihnen <strong>die g\u00fcnstigste L\u00f6sung<\/strong> anzubieten, die Ihren Bed\u00fcrfnissen <strong>am besten entspricht<\/strong>.  <\/p>\n<hr>\n<h3><span class=\"ez-toc-section\" id=\"Werden_Sie_noch_heute_aktiv_und_nutzen_Sie_unseren_Kreditrechner\"><\/span><strong>Werden Sie noch heute aktiv und nutzen Sie unseren Kreditrechner!<\/strong><span class=\"ez-toc-section-end\"><\/span><\/h3>\n<p>Nutzen Sie unseren Online-Kreditrechner, um eine schnelle Sch\u00e4tzung zu erhalten. Lassen Sie sich dann von unseren Experten bei der Suche nach der besten Finanzierungsl\u00f6sung begleiten. Mit <strong>MultiCredit<\/strong> profitieren Sie von einem ma\u00dfgeschneiderten Service, einem offenen Ohr und der Erfahrung eines vertrauensw\u00fcrdigen Anbieters. Sie k\u00f6nnen auch f\u00fcr eine <a href=\"https:\/\/multicredit.ch\/de\/kredit\/offre-credit\/kreditkarte\/\">Kreditkartenl\u00f6sung<\/a> mit uns Kontakt aufnehmen!   <\/p>\n<p><strong>Berechnen Sie jetzt Ihren Kredit und verwirklichen Sie Ihre Projekte in aller Ruhe!<\/strong><\/p>\n<h4 style=\"text-align: right;\">Kreditrechner<\/h4>\n<p>[\/vc_column_text][\/vc_column][\/vc_row]<\/section>\n","protected":false},"excerpt":{"rendered":"<p>[vc_row][vc_column][vc_empty_space height=&#8221;80px&#8221;][vc_column_text][\/vc_column_text][\/vc_column][\/vc_row][vc_row][vc_column width=&#8221;1\/2&#8243;][vc_column_text css_animation=&#8221;fadeIn&#8221;]Bei MultiCredit wissen wir, dass jedes Projekt einzigartig ist. Deshalb haben wir einen intuitiven und pr\u00e4zisen Kreditrechner entwickelt, der Ihnen eine schnelle und klare Sch\u00e4tzung Ihrer monatlichen Raten erm\u00f6glicht. Ein guter Kreditrechner macht oft einen gro\u00dfen Unterschied bei der Planung eines Kreditantrags! Ob Sie nun ein Auto, eine Renovierung oder ein pers\u00f6nliches [&hellip;]<\/p>\n","protected":false},"author":25,"featured_media":11523,"parent":12357,"menu_order":0,"comment_status":"closed","ping_status":"closed","template":"template-credit.php","meta":{"inline_featured_image":false,"footnotes":"","_links_to":"","_links_to_target":""},"categories":[764],"class_list":["post-30523","page","type-page","status-publish","has-post-thumbnail","hentry","category-credit-independant-de"],"_links":{"self":[{"href":"https:\/\/multicredit.ch\/de\/wp-json\/wp\/v2\/pages\/30523","targetHints":{"allow":["GET"]}}],"collection":[{"href":"https:\/\/multicredit.ch\/de\/wp-json\/wp\/v2\/pages"}],"about":[{"href":"https:\/\/multicredit.ch\/de\/wp-json\/wp\/v2\/types\/page"}],"author":[{"embeddable":true,"href":"https:\/\/multicredit.ch\/de\/wp-json\/wp\/v2\/users\/25"}],"replies":[{"embeddable":true,"href":"https:\/\/multicredit.ch\/de\/wp-json\/wp\/v2\/comments?post=30523"}],"version-history":[{"count":3,"href":"https:\/\/multicredit.ch\/de\/wp-json\/wp\/v2\/pages\/30523\/revisions"}],"predecessor-version":[{"id":30526,"href":"https:\/\/multicredit.ch\/de\/wp-json\/wp\/v2\/pages\/30523\/revisions\/30526"}],"up":[{"embeddable":true,"href":"https:\/\/multicredit.ch\/de\/wp-json\/wp\/v2\/pages\/12357"}],"wp:featuredmedia":[{"embeddable":true,"href":"https:\/\/multicredit.ch\/de\/wp-json\/wp\/v2\/media\/11523"}],"wp:attachment":[{"href":"https:\/\/multicredit.ch\/de\/wp-json\/wp\/v2\/media?parent=30523"}],"wp:term":[{"taxonomy":"category","embeddable":true,"href":"https:\/\/multicredit.ch\/de\/wp-json\/wp\/v2\/categories?post=30523"}],"curies":[{"name":"wp","href":"https:\/\/api.w.org\/{rel}","templated":true}]}}