{"id":27764,"date":"2025-01-08T18:39:01","date_gmt":"2025-01-08T18:39:01","guid":{"rendered":"https:\/\/multicredit.ch\/?page_id=27764"},"modified":"2025-01-08T18:43:37","modified_gmt":"2025-01-08T18:43:37","slug":"kredit-bern","status":"publish","type":"page","link":"https:\/\/multicredit.ch\/de\/kredit-bern\/","title":{"rendered":"Kredit Bern"},"content":{"rendered":"\n<p>Beantragen Sie Ihren Kredit aus Bern, wir sprechen Deutsch<\/p>\n\n\n\n<hr class=\"wp-block-separator has-alpha-channel-opacity\"\/>\n\n\n\n<p>In Bern k\u00f6nnen Ihre Projekte oder unerwartete finanzielle Bed\u00fcrfnisse eine ma\u00dfgeschneiderte L\u00f6sung erfordern. <strong>MultiCredit<\/strong>, der Spezialist f\u00fcr Privatkredite in der Schweiz, steht Ihnen zur Verf\u00fcgung, um Ihnen einfache und schnelle Finanzl\u00f6sungen anzubieten. Ob f\u00fcr ein pers\u00f6nliches Projekt, Renovierungen, eine gr\u00f6\u00dfere Anschaffung oder die Zusammenf\u00fchrung von Schulden \u2013 wir begleiten Sie, um Ihnen die notwendige finanzielle Sicherheit zu bieten.<\/p>\n\n\n\n<h3 class=\"wp-block-heading\"><span class=\"ez-toc-section\" id=\"Warum_MultiCredit_in_Bern_waehlen\"><\/span><strong>Warum MultiCredit in Bern w\u00e4hlen?<\/strong><span class=\"ez-toc-section-end\"><\/span><\/h3>\n\n\n\n<p>In einem komplexen Markt, in dem jede Situation einzigartig ist, hat sich MultiCredit als vertrauensw\u00fcrdiger Partner etabliert. Unsere Dienstleistungen zeichnen sich durch Individualit\u00e4t und Transparenz aus. Hier sind einige Gr\u00fcnde, warum wir die richtige Wahl f\u00fcr die Einwohner von Bern sind:<\/p>\n\n\n\n<ol class=\"wp-block-list\">\n<li><strong>Individuelle L\u00f6sungen<\/strong>:\n<ul class=\"wp-block-list\">\n<li>Ihre Situation ist einzigartig \u2013 Ihre L\u00f6sung sollte es auch sein. Unsere Berater analysieren Ihre Bed\u00fcrfnisse und M\u00f6glichkeiten, um ein Angebot zu entwickeln, das zu Ihrem Projekt passt.<\/li>\n<\/ul>\n<\/li>\n\n\n\n<li><strong>Attraktive Zinss\u00e4tze<\/strong>:\n<ul class=\"wp-block-list\">\n<li>Wir verhandeln die besten Konditionen, um Ihnen g\u00fcnstige Zinss\u00e4tze mit Raten anzubieten, die zu Ihrem Budget passen.<\/li>\n<\/ul>\n<\/li>\n\n\n\n<li><strong>Schnelle Bearbeitung<\/strong>:\n<ul class=\"wp-block-list\">\n<li>Ihre Projekte k\u00f6nnen nicht warten. Mit MultiCredit erhalten Sie schnell eine Antwort auf Ihre Anfrage und profitieren von einem unkomplizierten Verwaltungsprozess.<\/li>\n<\/ul>\n<\/li>\n\n\n\n<li><strong>Volle Transparenz<\/strong>:\n<ul class=\"wp-block-list\">\n<li>Keine versteckten Kosten. Alle Geb\u00fchren, Konditionen und Bedingungen werden Ihnen von Anfang an klar erkl\u00e4rt.<\/li>\n<\/ul>\n<\/li>\n\n\n\n<li><strong>Maximale Flexibilit\u00e4t<\/strong>:\n<ul class=\"wp-block-list\">\n<li>Unsere L\u00f6sungen passen sich Ihrem Lebensrhythmus an. Sie k\u00f6nnen eine R\u00fcckzahlungsdauer w\u00e4hlen, die zu Ihrer Situation passt, mit der M\u00f6glichkeit, Anpassungen vorzunehmen, wenn n\u00f6tig.<\/li>\n<\/ul>\n<\/li>\n<\/ol>\n\n\n\n<hr class=\"wp-block-separator has-alpha-channel-opacity\"\/>\n\n\n\n<h3 class=\"wp-block-heading\"><span class=\"ez-toc-section\" id=\"Unsere_Dienstleistungen_fuer_die_Einwohner_von_Bern_und_Umgebung\"><\/span><strong>Unsere Dienstleistungen f\u00fcr die Einwohner von Bern und Umgebung<\/strong><span class=\"ez-toc-section-end\"><\/span><\/h3>\n\n\n\n<p>Wir kennen die Besonderheiten der Region Bern und die spezifischen Bed\u00fcrfnisse ihrer Bewohner. Egal, ob Sie im Zentrum von Bern oder in den umliegenden Gemeinden wohnen, MultiCredit bietet Ihnen Dienstleistungen, die auf Ihre lokale Situation zugeschnitten sind.<\/p>\n\n\n\n<ul class=\"wp-block-list\">\n<li><strong>Privatkredit<\/strong>: Finanzierung f\u00fcr pers\u00f6nliche Projekte (Reisen, Hochzeiten, Studien usw.).<\/li>\n\n\n\n<li><strong>Renovierungen und Bauarbeiten<\/strong>: Finanzieren Sie Ihre Wohnraumverbesserungen.<\/li>\n\n\n\n<li><strong>Schuldenkonsolidierung<\/strong>: Fassen Sie Ihre Kredite zusammen, um Ihre Zahlungen zu vereinfachen und Ihre monatlichen Raten zu senken.<\/li>\n\n\n\n<li><strong>Zus\u00e4tzliche Liquidit\u00e4t<\/strong>: Bew\u00e4ltigen Sie unvorhergesehene Ausgaben mit einer schnellen und effizienten Finanzl\u00f6sung.<\/li>\n<\/ul>\n\n\n\n<hr class=\"wp-block-separator has-alpha-channel-opacity\"\/>\n\n\n\n<h3 class=\"wp-block-heading\"><span class=\"ez-toc-section\" id=\"Der_MultiCredit-Prozess_Einfach_und_effizient\"><\/span><strong>Der MultiCredit-Prozess: Einfach und effizient<\/strong><span class=\"ez-toc-section-end\"><\/span><\/h3>\n\n\n\n<ol class=\"wp-block-list\">\n<li><strong>Kontaktaufnahme<\/strong><br>Vereinbaren Sie einen Termin mit unseren Beratern oder f\u00fcllen Sie eine Online-Anfrage auf unserer Website aus.<\/li>\n\n\n\n<li><strong>Analyse Ihrer Anfrage<\/strong><br>Nach der Pr\u00fcfung Ihrer Bed\u00fcrfnisse und Ihrer finanziellen Situation ermitteln wir die besten L\u00f6sungen f\u00fcr Sie.<\/li>\n\n\n\n<li><strong>Individuelles Angebot<\/strong><br>Sie erhalten einen klaren Vorschlag, der den Betrag, den Zinssatz, die monatlichen Raten und die R\u00fcckzahlungsdauer umfasst.<\/li>\n\n\n\n<li><strong>Genehmigung und Auszahlung der Mittel<\/strong><br>Sobald Ihr Antrag genehmigt wurde, stehen Ihnen die Mittel schnell zur Verf\u00fcgung, damit Sie Ihre Projekte ohne Verz\u00f6gerung umsetzen k\u00f6nnen.<\/li>\n<\/ol>\n\n\n\n<hr class=\"wp-block-separator has-alpha-channel-opacity\"\/>\n\n\n\n<h3 class=\"wp-block-heading\"><span class=\"ez-toc-section\" id=\"Persoenliche_Betreuung_und_Naehe\"><\/span><strong>Pers\u00f6nliche Betreuung und N\u00e4he<\/strong><span class=\"ez-toc-section-end\"><\/span><\/h3>\n\n\n\n<p>Bei MultiCredit wissen wir, dass finanzielle Entscheidungen manchmal Stress verursachen k\u00f6nnen. Deshalb legen wir gro\u00dfen Wert darauf, jeden Kunden mit Einf\u00fchlungsverm\u00f6gen, Professionalit\u00e4t und Diskretion zu begleiten. Unsere lokalen Berater, die auf den Berner Markt spezialisiert sind, stehen Ihnen bei jedem Schritt zur Seite, um Ihre Fragen zu beantworten und Sie zu unterst\u00fctzen.<\/p>\n\n\n\n<hr class=\"wp-block-separator has-alpha-channel-opacity\"\/>\n\n\n\n<h3 class=\"wp-block-heading\"><span class=\"ez-toc-section\" id=\"Machen_Sie_heute_den_ersten_Schritt\"><\/span><strong>Machen Sie heute den ersten Schritt!<\/strong><span class=\"ez-toc-section-end\"><\/span><\/h3>\n\n\n\n<p>Lassen Sie Ihre Projekte nicht warten! MultiCredit steht Ihnen zur Verf\u00fcgung, um Ihnen schnelle, ma\u00dfgeschneiderte und zuverl\u00e4ssige Finanzierungsl\u00f6sungen anzubieten. Kontaktieren Sie uns noch heute f\u00fcr eine kostenlose und unverbindliche Analyse.<\/p>\n\n\n\n<p>\ud83d\udcde <strong>Rufen Sie uns an<\/strong> oder \ud83c\udf10 <strong>besuchen Sie unsere Website<\/strong>, um mehr zu erfahren.<\/p>\n\n\n\n<p><strong>MultiCredit \u2013 Gemeinsam verwirklichen wir Ihre Ziele in Bern.<\/strong><\/p>\n","protected":false},"excerpt":{"rendered":"<p>Beantragen Sie Ihren Kredit aus Bern, wir sprechen Deutsch In Bern k\u00f6nnen Ihre Projekte oder unerwartete finanzielle Bed\u00fcrfnisse eine ma\u00dfgeschneiderte L\u00f6sung erfordern. MultiCredit, der Spezialist f\u00fcr Privatkredite in der Schweiz, steht Ihnen zur Verf\u00fcgung, um Ihnen einfache und schnelle Finanzl\u00f6sungen anzubieten. Ob f\u00fcr ein pers\u00f6nliches Projekt, Renovierungen, eine gr\u00f6\u00dfere Anschaffung oder die Zusammenf\u00fchrung von Schulden [&hellip;]<\/p>\n","protected":false},"author":25,"featured_media":0,"parent":0,"menu_order":-3,"comment_status":"closed","ping_status":"closed","template":"template-form.php","meta":{"inline_featured_image":false,"footnotes":"","_links_to":"","_links_to_target":""},"categories":[240],"class_list":["post-27764","page","type-page","status-publish","hentry","category-gutschrift"],"_links":{"self":[{"href":"https:\/\/multicredit.ch\/de\/wp-json\/wp\/v2\/pages\/27764","targetHints":{"allow":["GET"]}}],"collection":[{"href":"https:\/\/multicredit.ch\/de\/wp-json\/wp\/v2\/pages"}],"about":[{"href":"https:\/\/multicredit.ch\/de\/wp-json\/wp\/v2\/types\/page"}],"author":[{"embeddable":true,"href":"https:\/\/multicredit.ch\/de\/wp-json\/wp\/v2\/users\/25"}],"replies":[{"embeddable":true,"href":"https:\/\/multicredit.ch\/de\/wp-json\/wp\/v2\/comments?post=27764"}],"version-history":[{"count":2,"href":"https:\/\/multicredit.ch\/de\/wp-json\/wp\/v2\/pages\/27764\/revisions"}],"predecessor-version":[{"id":27767,"href":"https:\/\/multicredit.ch\/de\/wp-json\/wp\/v2\/pages\/27764\/revisions\/27767"}],"wp:attachment":[{"href":"https:\/\/multicredit.ch\/de\/wp-json\/wp\/v2\/media?parent=27764"}],"wp:term":[{"taxonomy":"category","embeddable":true,"href":"https:\/\/multicredit.ch\/de\/wp-json\/wp\/v2\/categories?post=27764"}],"curies":[{"name":"wp","href":"https:\/\/api.w.org\/{rel}","templated":true}]}}