{"id":25234,"date":"2023-01-25T15:09:38","date_gmt":"2023-01-25T15:09:38","guid":{"rendered":"https:\/\/multicredit.ch\/check-scoring-rating-solvabilitaet-finanzielle-schweiz\/"},"modified":"2023-06-02T14:47:35","modified_gmt":"2023-06-02T14:47:35","slug":"bonitaet-kredit-rating","status":"publish","type":"page","link":"https:\/\/multicredit.ch\/de\/kreditantrag\/bonitaet-kredit-rating\/","title":{"rendered":"Kennen Sie Ihre Kreditbonit\u00e4t? Pr\u00fcfen Sie Ihr Rating jetzt mit ZEK, CRIF, etc."},"content":{"rendered":"<section class=\"wpb-content-wrapper\">[vc_row full_width=&#8221;stretch_row&#8221; content_placement=&#8221;middle&#8221; css=&#8221;.vc_custom_1681240976640{padding-top: 16px !important;}&#8221;][vc_column][vc_column_text]<\/p>\n<h2><span class=\"ez-toc-section\" id=\"Warum_muss_eine_negative_Kreditwuerdigkeit_unbedingt_bereinigt_werden\"><\/span>Warum muss eine negative Kreditw\u00fcrdigkeit unbedingt bereinigt werden?<span class=\"ez-toc-section-end\"><\/span><\/h2>\n<p>[\/vc_column_text][vc_empty_space][vc_row_inner content_placement=&#8221;middle&#8221; css=&#8221;.vc_custom_1681219929827{margin-top: -16px !important;}&#8221;][vc_column_inner width=&#8221;1\/2&#8243;][vc_column_text]Andernfalls k\u00f6nnen Sie \u00fcber verschiedene Plattformen keinen Kredit, kein Leasing und keine Zahlung auf Rechnung erhalten, und man k\u00f6nnte Ihnen Wohnungen und Arbeitspl\u00e4tze verweigern!<\/p>\n<p>Verschiedene Institutionen zur \u00dcberpr\u00fcfung von Finanzdaten \u00fcberpr\u00fcfen Ihre Handlungen in Bezug auf die Regelm\u00e4\u00dfigkeit Ihrer Zahlungen und die Einhaltung Ihrer Verpflichtungen (z. B. <a href=\"https:\/\/www.zek.ch\/fr-ch\/kredit-leasingnehmer\" target=\"_blank\" rel=\"noopener\">ZEK\/IKO<\/a>, Cresura, Intrum, Creditreform, CRIF, &#8230;). Sie versuchen herauszufinden, welchem Risikoprofil Sie entsprechen und wie streng Sie mit Ihren finanziellen Verpflichtungen und Rechnungen umgehen. Daten, die sie interessieren, sind z. B. :<\/p>\n<ul>\n<li class=\"ql-heading\" data-block-id=\"block-dbbef3f2-9d39-469e-80b8-5e7002fe61fc\">negative Codes bei der ZEK\/IKO<\/li>\n<li class=\"ql-heading\" data-block-id=\"block-dbbef3f2-9d39-469e-80b8-5e7002fe61fc\">monatliche Ratenzahlungen und Regelm\u00e4\u00dfigkeit der Zahlungen<\/li>\n<li class=\"ql-heading\" data-block-id=\"block-dbbef3f2-9d39-469e-80b8-5e7002fe61fc\">Kreditkartensaldo und Regelm\u00e4\u00dfigkeit der R\u00fcckzahlung<\/li>\n<li class=\"ql-heading\" data-block-id=\"block-dbbef3f2-9d39-469e-80b8-5e7002fe61fc\">Zahlungsverz\u00f6gerungen<\/li>\n<li class=\"ql-heading\" data-block-id=\"block-dbbef3f2-9d39-469e-80b8-5e7002fe61fc\">Betreibungen\/Zahlungsbefehle<\/li>\n<\/ul>\n<p>[\/vc_column_text][\/vc_column_inner][vc_column_inner width=&#8221;1\/2&#8243;][vc_empty_space][vc_single_image image=&#8221;25970&#8243; img_size=&#8221;full&#8221; alignment=&#8221;center&#8221;][vc_single_image image=&#8221;25939&#8243; img_size=&#8221;full&#8221; alignment=&#8221;center&#8221;][\/vc_column_inner][\/vc_row_inner][vc_row_inner css=&#8221;.vc_custom_1681240932611{margin-top: -32px !important;}&#8221;][vc_column_inner width=&#8221;1\/12&#8243;][\/vc_column_inner][vc_column_inner width=&#8221;10\/12&#8243;][vc_column_text]<\/p>\n<ul>\n<li>Dies erfordert manuelle Ma\u00dfnahmen und die Einbeziehung Ihres Gl\u00e4ubigers (die Person, der gegen\u00fcber Sie Schulden haben), um einige kritische Daten zu bereinigen.<\/li>\n<li>Diese Reinigung ist f\u00fcr viele Arten von \u00fcblichen Antr\u00e4gen sehr wichtig: Sei es, um eine Kreditlinie (<a href=\"https:\/\/www.leasingverband.ch\/de\/schweizerischer-leasingverband-slv\/ueber-uns\/index.html\" target=\"_blank\" rel=\"noopener\">Leasing<\/a>, Hypothekenkredit usw.), eine <a href=\"https:\/\/multicredit.ch\/fr\/carte-de-credit\/\">Kreditkarte<\/a>, eine Wohnung und in manchen F\u00e4llen einen Job (Polizei, medizinischer Bereich, Unterricht usw.) zu bekommen. Die Qualit\u00e4t Ihrer Punktzahl ist entscheidend.<\/li>\n<li>Je negativer Ihr Kreditscore ist, desto h\u00f6here Zinsen verlangen die Finanzinstitute in Verbindung mit Ihrer als riskanter eingestuften Situation.<\/li>\n<\/ul>\n<p>[\/vc_column_text][\/vc_column_inner][vc_column_inner width=&#8221;1\/12&#8243;][\/vc_column_inner][\/vc_row_inner][\/vc_column][\/vc_row][vc_row full_width=&#8221;stretch_row_content&#8221; css=&#8221;.vc_custom_1680710082444{background-color: #0247d3 !important;}&#8221;][vc_column][vc_column_text]<\/p>\n<div class=\"blocktitle title-center title-light maxwidth\">\n<h2><span class=\"ez-toc-section\" id=\"Die_Schweizer_Wirtschaftsauskunfteien_haben_keine_Geheimnisse_vor_uns_und_dank_unserer_langjaehrigen_Erfahrung_kennen_wir_die_Codes_und_Verbesserungsmoeglichkeiten_genau_damit_Sie_von_den_besten_Zinssaetzen_profitieren_koennen\"><\/span>Die Schweizer Wirtschaftsauskunfteien haben keine Geheimnisse vor uns, und dank unserer langj\u00e4hrigen Erfahrung kennen wir die Codes und Verbesserungsm\u00f6glichkeiten genau, damit Sie von den besten Zinss\u00e4tzen profitieren k\u00f6nnen.<span class=\"ez-toc-section-end\"><\/span><\/h2>\n<\/div>\n<p>[\/vc_column_text][\/vc_column][\/vc_row][vc_row full_width=&#8221;stretch_row&#8221; css=&#8221;.vc_custom_1685717247256{background-color: #0247d3 !important;}&#8221;][vc_column][vc_raw_html]JTNDZGl2JTIwaWQlM0QlMjJ2dWUtZGlhZ25vc3RpYy1mb3JtLWNvbnRhaW5lciUyMiUyMGNsYXNzJTNEJTIyZmxleC1jZW50ZXItY2VudGVyJTIyJTNFJTNDJTJGZGl2JTNF[\/vc_raw_html][vc_raw_js]JTNDc2NyaXB0JTNFbG9hZERpYWdub3N0aWNGb3JtJTI4JTI5JTNDJTJGc2NyaXB0JTNF[\/vc_raw_js][\/vc_column][\/vc_row][vc_row full_width=&#8221;stretch_row_content&#8221; css=&#8221;.vc_custom_1681283200601{padding-bottom: 32px !important;background-color: #0247d3 !important;}&#8221;][vc_column width=&#8221;3\/12&#8243;][\/vc_column][vc_column width=&#8221;2\/12&#8243;][vc_btn title=&#8221;&#8221; align=&#8221;center&#8221; i_icon_fontawesome=&#8221;fas fa-envelope&#8221; add_icon=&#8221;true&#8221; link=&#8221;url:mailto%3Ainfo%40multicredit.ch|&#8221;][\/vc_column][vc_column width=&#8221;2\/12&#8243;][vc_btn title=&#8221;&#8221; align=&#8221;center&#8221; i_icon_fontawesome=&#8221;fas fa-phone&#8221; add_icon=&#8221;true&#8221; link=&#8221;url:tel%3A079%20936%2031%2075|&#8221;][\/vc_column][vc_column width=&#8221;2\/12&#8243;][vc_btn title=&#8221;&#8221; align=&#8221;center&#8221; i_icon_fontawesome=&#8221;fab fa-whatsapp&#8221; add_icon=&#8221;true&#8221; link=&#8221;url:https%3A%2F%2Fapi.whatsapp.com%2Fsend%3Fphone%3D41799363175|&#8221;][\/vc_column][vc_column width=&#8221;3\/12&#8243;][\/vc_column][\/vc_row][vc_row][vc_column]<\/p>\n<div class=\"blocktitle title-left title-dark\" clearfix\"><H2><span class=\"ez-toc-section\" id=\"Haeufig_gestellte_Fragen_zum_Kredit-ScoreRating\"><\/span>H\u00e4ufig gestellte Fragen zum Kredit-Score\/Rating<\/H2><\/div>\n<p>[vc_toggle title=&#8221;Was ist die Bonit\u00e4tsnote, auch bekannt als Credit Score oder Credit Rating?&#8221;]<\/p>\n<h3 data-block-id=\"block-a5c28f75-1808-43f6-bec1-73c5f7896563\"><\/h3>\n<p>In der Schweiz gibt es Register, die es jeder Organisation erm\u00f6glichen, Ihre Bonit\u00e4tsnote zu erfahren (auch Scoring genannt). Banken, Hausverwaltungen, Autoh\u00e4ndler &#8230; jede Organisation, die Geld verleiht, Immobilien vermietet, Leasingvertr\u00e4ge abschlie\u00dft &#8230; konsultiert diese Register, bevor sie eine Entscheidung best\u00e4tigt. Unn\u00f6tig zu sagen, dass Ihre Note zu Ihren Gunsten und, wenn Sie als schlechter Zahler gelten, zu Ihren Ungunsten ausfallen kann.<\/p>\n<p>Liquidit\u00e4t, Solvenz und Leumund sind die drei wichtigsten Kriterien, die von der Bank ber\u00fccksichtigt werden.<\/p>\n<ul>\n<li>Liquidit\u00e4t: Dies sind alle Bargeldbest\u00e4nde und Guthaben auf Konten. In der Regel addieren wir Ihr Gehalt, Ihre Renten, Mieten oder Dividenden und ziehen davon Ihre gr\u00f6\u00dften Ausgaben ab (Miete, laufende Verpflichtungen wie wiederkehrende Abonnements usw.).<\/li>\n<li>Bonit\u00e4t: Dies sind die Vorstrafen, die Sie bei den Betreibungs\u00e4mtern (PO) haben.<\/li>\n<li>Die Kreditw\u00fcrdigkeit: Die F\u00e4higkeit einer Person, Kredite zu bezahlen oder zu bedienen.<\/li>\n<\/ul>\n<p>[\/vc_toggle][vc_row_inner equal_height=&#8221;yes&#8221; gap=&#8221;15&#8243;][vc_column_inner width=&#8221;1\/3&#8243; css=&#8221;.vc_custom_1680095002445{background-color: #0247d3 !important;border-radius: 35px !important;}&#8221;][vc_empty_space][vc_icon icon_fontawesome=&#8221;fas fa-hand-holding-usd&#8221; color=&#8221;custom&#8221; size=&#8221;xl&#8221; align=&#8221;center&#8221; custom_color=&#8221;#ffffff&#8221;][vc_custom_heading text=&#8221;Sie verf\u00fcgen \u00fcber regelm\u00e4\u00dfiges Bargeld&#8221; font_container=&#8221;tag:h2|text_align:left|color:%23ffffff&#8221; google_fonts=&#8221;font_family:Open%20Sans%3A300%2C300italic%2Cregular%2Citalic%2C600%2C600italic%2C700%2C700italic%2C800%2C800italic|font_style:400%20regular%3A400%3Anormal&#8221;][vc_column_text]<\/p>\n<p style=\"color: white;\">Es gibt eine positive Differenz zwischen Ihren Geldeinnahmen und Ihren laufenden Ausgaben.<\/p>\n<p>[\/vc_column_text][\/vc_column_inner][vc_column_inner width=&#8221;1\/3&#8243; css=&#8221;.vc_custom_1680095743564{background-color: #0247d3 !important;border-radius: 35px !important;}&#8221;][vc_empty_space][vc_icon icon_fontawesome=&#8221;fas fa-gavel&#8221; color=&#8221;custom&#8221; size=&#8221;xl&#8221; align=&#8221;center&#8221; custom_color=&#8221;#ffffff&#8221;][vc_custom_heading text=&#8221;Sie sind als kreditw\u00fcrdig gemeldet&#8221; font_container=&#8221;tag:h2|text_align:left|color:%23ffffff&#8221; google_fonts=&#8221;font_family:Open%20Sans%3A300%2C300italic%2Cregular%2Citalic%2C600%2C600italic%2C700%2C700italic%2C800%2C800italic|font_style:400%20regular%3A400%3Anormal&#8221;][vc_column_text]<\/p>\n<p style=\"color: white;\">Es gibt keine negativen Meldungen an das Betreibungsamt.<\/p>\n<p>[\/vc_column_text][\/vc_column_inner][vc_column_inner width=&#8221;1\/3&#8243; css=&#8221;.vc_custom_1680095750236{background-color: #0247d3 !important;border-radius: 35px !important;}&#8221;][vc_empty_space][vc_icon icon_fontawesome=&#8221;fas fa-handshake&#8221; color=&#8221;custom&#8221; size=&#8221;xl&#8221; align=&#8221;center&#8221; custom_color=&#8221;#ffffff&#8221;][vc_custom_heading text=&#8221;Sie werden als ehrenhaft gemeldet&#8221; font_container=&#8221;tag:h2|text_align:left|color:%23ffffff&#8221; google_fonts=&#8221;font_family:Open%20Sans%3A300%2C300italic%2Cregular%2Citalic%2C600%2C600italic%2C700%2C700italic%2C800%2C800italic|font_style:400%20regular%3A400%3Anormal&#8221;][vc_column_text]<\/p>\n<p style=\"color: white;\">Sie haben eine positive Historie bei der ZEK (Zentralstelle f\u00fcr Kreditwesen).<\/p>\n<p>[\/vc_column_text][\/vc_column_inner][\/vc_row_inner][vc_empty_space][vc_toggle title=&#8221;Welche Bonit\u00e4tsdatenbanken gibt es in der Schweiz?&#8221;]Die kantonalen Betreibungsregister, ZEK, Cresura, Intrum, Creditreform, CRIF, IKO sind Organisationen, die Ihre versp\u00e4teten Zahlungen, negativen Ratings und <a href=\"https:\/\/multicredit.ch\/fr\/les-codes-de-la-zek\/\">Negativcodes gegen<\/a> Sie, unbezahlte Rechnungen, nicht rechtzeitig zur\u00fcckgezahlte Kredite und alle Unregelm\u00e4ssigkeiten im Zusammenhang mit Zahlungen im Zusammenhang mit Rechnungen, Krediten und Kreditkarten archivieren.<\/p>\n<p>Das Gesetz \u00fcber Verbraucherkredite verpflichtet die kreditgebenden Banken, Ihre Daten in diesen Datenbanken zu \u00fcberpr\u00fcfen, bevor sie einen Antrag annehmen. In der Schweiz werden jedes Jahr Millionen von Zahlungsbefehlen und Pf\u00e4ndungen durchgef\u00fchrt. Dies zeigt die Menge an Informationen, die diese Datenbanken t\u00e4glich aufnehmen.[\/vc_toggle][vc_toggle title=&#8221;Warum sollte man amtliche Register von einem Fachmann \u00fcberpr\u00fcfen lassen?&#8221;]Da all diese Organisationen diese Daten in Form von Abonnements f\u00fcr alle Unternehmen, die die Kreditw\u00fcrdigkeit ihrer Kunden \u00fcberpr\u00fcfen m\u00f6chten, an die Banken weiterverkaufen, &#8230; Sie k\u00f6nnen sich in einer Abw\u00e4rtsspirale wiederfinden, indem Sie bei verschiedenen Institutionen mit mehr oder weniger aufdringlichen Kriterien in einer Kartei gef\u00fchrt werden.<\/p>\n<p>In der CRIF-Datenbank gibt es zum Beispiel einen Abschnitt &#8220;Strafverfolgung&#8221;. Unter diesem &#8220;offiziellen&#8221; Teil gibt es ein Feld f\u00fcr die Meldung durch Partnergesch\u00e4fte. Wenn es zum Beispiel noch offene Kosten gibt (Sie haben sich entschieden, die Mahnungen nicht zu bezahlen, sondern nur die urspr\u00fcngliche Rechnung) oder eine Zahlung versp\u00e4tet war, obwohl sie nicht auf Betreibung ging, oder Sie aufgrund finanzieller Unw\u00e4gbarkeiten eine Zahlungsvereinbarungen neu verhandeln mussten, k\u00f6nnten Sie als schlechter Zahler aufgelistet werden! Nur ein Fachmann wei\u00df genau, was diese Codes bedeuten und was man tun kann und welche Fristen einzuhalten sind, bevor man eine neue Finanztransaktion (insbesondere einen Kreditantrag) einleitet, um von einer g\u00fcnstigeren Risikoklasse und minimierten Zinss\u00e4tzen zu profitieren. Wenn man Sie als gutes Risiko einstuft, erhalten Sie bessere Zinss\u00e4tze, und das h\u00e4ngt von Ihrer Akte bei den Wirtschaftsauskunfteien ab.[\/vc_toggle][vc_toggle title=&#8221;Warum gibt es falsche Daten in diesen Datenbanken?&#8221;]Daf\u00fcr kann es viele Gr\u00fcnde geben, z. B. menschliches oder technisches Versagen oder eine Verz\u00f6gerung bei der Aktualisierung Ihres Status. Es ist wichtig zu beachten, dass sich die Daten \u00e4ndern k\u00f6nnen, wenn eine Beschwerde zur\u00fcckgezogen, eine Zahlung ausgeglichen oder eine Pf\u00e4ndung abgeschlossen wurde. Es ist jedoch wichtig, dass diese Daten mit Ihrer Realit\u00e4t \u00fcbereinstimmen. Es kommt h\u00e4ufig vor, dass dies nicht der Fall ist.<\/p>\n<p>In letzter Zeit sind einige F\u00e4lle f\u00fcr Interpretationen offen, um eine doppelte Strafwirkung zu vermeiden.[\/vc_toggle][vc_toggle title=&#8221;Wie kann ich \u00fcberpr\u00fcfen, ob meine Kreditw\u00fcrdigkeit auch Credit Score genannt, gut ist?&#8221;]Es kommt h\u00e4ufig vor, dass eine Vorgeschichte falsch interpretiert oder in diesen Registern vermerkt wird. Unsere Teams verf\u00fcgen \u00fcber nachweisliche Erfahrung in diesem Bereich und kennen alle Abl\u00e4ufe der betreffenden Systeme.<\/p>\n<p>Das L\u00f6schen negativer Daten und die Sicherstellung, dass die Anmerkungen fair und repr\u00e4sentativ f\u00fcr Ihre aktuelle Situation sind, wird Ihre Bewertung verbessern, sodass Sie gegen\u00fcber den Entscheidungsgremien die richtige Glaubw\u00fcrdigkeit besitzen. Sie k\u00f6nnen dann von besseren Zinss\u00e4tzen und g\u00fcnstigeren L\u00f6sungen profitieren.<\/p>\n<p>Wir stellen Ihnen die Informationen zur Verf\u00fcgung und helfen Ihnen, die notwendigen Schritte zu unternehmen, um sicherzustellen, dass Sie die negativen Codes und die notwendigen Schritte verstanden haben.[\/vc_toggle][vc_toggle title=&#8221;Welche Folgen hat eine negative Kredithistorie?&#8221;]Es ist sehr schwierig, ein Darlehen, einen Kredit, ein Leasing, eine Kreditkarte, einen Mietvertrag oder sogar Ratenzahlungserleichterungen zu erhalten, wenn man in den zentralen Wirtschaftsauskunftssystemen registriert ist. Es kann sein, dass Ihnen ein Kredit, ein Leasing, eine Kreditkarte verweigert wird oder Sie weniger g\u00fcnstige Bedingungen erhalten.<\/p>\n<ul>\n<li>Sie haben Ihren Kreditkartensaldo nicht rechtzeitig bezahlt. \u00dcberpr\u00fcfen Sie Ihr Limit, es ist m\u00f6glich, dass Sie den Saldo nicht \u00fcbertragen d\u00fcrfen.<\/li>\n<li>Sie haben Ihre monatlichen Raten nicht rechtzeitig bezahlt.<\/li>\n<\/ul>\n<p>Aber nicht nur eine schlechte Geschichte im Zusammenhang mit Kreditkarten! Jede Zahlung, die schief gelaufen ist, kann Ihnen eine Menge Sorgen bereiten.<\/p>\n<ul>\n<li>Sie haben vergessen, Ihr Telefonabonnement (Swisscom, Salt, Sunrise) zu bezahlen?<\/li>\n<li>Sie haben vergessen, Ihre Stromrechnung zu bezahlen und wurden \u00fcber ein Inkassounternehmen gemahnt?<\/li>\n<li>Sie haben vergessen, eine Arztrechnung zu bezahlen und wurden von der Firma INTRUM, INKASSOMED bedroht?<\/li>\n<li>Sie haben Ihr Fitnessabonnement zu sp\u00e4t bezahlt und sich mit irgendeinem Inkassounternehmen (es gibt Hunderte davon) angelegt?<\/li>\n<\/ul>\n<p>Ja, auch das kann dazu f\u00fchren, dass Sie f\u00fcr verschiedene Programme, Kredite, Wohnungen und sogar in bestimmten Berufsfeldern nicht in Frage kommen! Unternehmen verkaufen ihre Rechnungen lieber an Firmen, die 100% ihrer Zeit damit verbringen, Kunden zu mahnen, Mahnungen, Zahlungsbefehle und Betreibungen zu erstellen! Warum? F\u00fcr ihr Image und um sich auf ihr Kerngesch\u00e4ft konzentrieren zu k\u00f6nnen, die Verwaltungskosten zu senken und gleichzeitig ihr Risiko zu verringern, dass die Kunden nicht zahlen.[\/vc_toggle][vc_toggle title=&#8221;Wie lange dauert eine Finanzdiagnose?&#8221;]Nach 24 Arbeitsstunden erhalten Sie eine Grundsatzdiagnose.<\/p>\n<p>Nach 3-5 Werktagen erhalten Sie die vollst\u00e4ndige Analyse und einen Bericht \u00fcber Ihre finanzielle Situation sowie einen Rat, welche Schritte Sie unternehmen sollten.[\/vc_toggle][vc_toggle title=&#8221;Wie viel kostet eine Finanzdiagnose bei Multicredit.ch?&#8221;]Ab 200 k\u00f6nnen Sie einen umfassenden Service genie\u00dfen, der Folgendes umfasst:<\/p>\n<ul>\n<li>Analyse von Strafverfolgungsma\u00dfnahmen<\/li>\n<li>Haushaltsanalyse<\/li>\n<li>Analyse der Dokumente der Zentralstelle f\u00fcr Kreditwesen (ZEK)<\/li>\n<li>Wirtschaftsforschung, Aktenstudium<\/li>\n<\/ul>\n<p>[\/vc_toggle][vc_toggle title=&#8221;Warum sollten Sie sich f\u00fcr MultiCredit entscheiden?&#8221;]Unsere Beraterinnen und Berater haben mehrere Jahre in verschiedenen dieser Finanzinstitute gearbeitet und wissen sehr genau, welche Instanzen sie kontaktieren m\u00fcssen, wie sie funktionieren und welche versteckten Felder es gibt, in denen sich giftige Informationen \u00fcber Sie befinden k\u00f6nnten.<\/p>\n<p>Unsere Diagnose geht weiter als ein automatisiertes Verfahren, das von den meisten Anbietern automatisch erstellt wird, w\u00e4hrend wir zus\u00e4tzliche Elemente \u00fcberpr\u00fcfen.<\/p>\n<p>Wenn Sie schon eine \u00dcberpr\u00fcfung Ihrer Situation vornehmen, dann doch bitte mit einem hochqualifizierten Anbieter![\/vc_toggle][vc_column_text]<\/p>\n<h2><span class=\"ez-toc-section\" id=\"MultiCredit-Tipp_Nehmen_Sie_die_Zuegel_Ihrer_Finanzen_wieder_in_die_Hand_und_vermeiden_Sie_dass_Sie_zu_viel_bezahlen_oder_von_vielen_Dienstleistungen_oder_den_besten_Chancen_Ihr_Leben_lang_ausgeschlossen_werden\"><\/span>MultiCredit-Tipp: Nehmen Sie die Z\u00fcgel Ihrer Finanzen wieder in die Hand und vermeiden Sie, dass Sie zu viel bezahlen oder von vielen Dienstleistungen oder den besten Chancen Ihr Leben lang ausgeschlossen werden!<span class=\"ez-toc-section-end\"><\/span><\/h2>\n<p>Viele Ihrer Projekte k\u00f6nnen unter einer finanziellen Situation mit einer negativen Historie in den Registern von Banken, Finanzbewertungsgesellschaften und Aufsichtsbeh\u00f6rden leiden.<br \/>\nWenn Ihnen mehrmals Gelegenheiten vor der Nase weggeschnappt wurden, m\u00fcssen Sie vermuten, dass Ihr Rating Sie verschlechtert hat! Wir sind dazu da, Ihnen Ihre finanzielle Unabh\u00e4ngigkeit zur\u00fcckzugeben, damit Sie das Leben in vollen Z\u00fcgen genie\u00dfen k\u00f6nnen und nicht mehr in die zweite Reihe gedr\u00e4ngt werden.[\/vc_column_text][vc_single_image image=&#8221;23183&#8243; img_size=&#8221;FULL&#8221; alignment=&#8221;center&#8221;][vc_row_inner][vc_column_inner width=&#8221;1\/6&#8243;][\/vc_column_inner][vc_column_inner width=&#8221;2\/3&#8243;][\/vc_column_inner][vc_column_inner width=&#8221;1\/6&#8243;][\/vc_column_inner][\/vc_row_inner][\/vc_column][\/vc_row][vc_row full_width=&#8221;stretch_row&#8221; el_class=&#8221;diagonal-bck gradient-bck bigpadding full-width&#8221;][vc_column data_aos=&#8221;fade-in&#8221;][vc_column_text css=&#8221;.vc_custom_1586938811774{padding-top: 96px !important;}&#8221;]<\/p>\n<div class=\"blocktitle title-center title-light maxwidth\">\n<h2><span class=\"ez-toc-section\" id=\"MultiCredit_profitiert_von_den_zahlreichen_Empfehlungen_seiner_Kunden_und_dankt_ihnen_dafuer\"><\/span>MultiCredit, profitiert von den zahlreichen Empfehlungen seiner Kunden und dankt ihnen daf\u00fcr.<span class=\"ez-toc-section-end\"><\/span><\/h2>\n<\/div>\n<p>[\/vc_column_text][\/vc_column][\/vc_row][vc_row][vc_column][\/vc_column][\/vc_row]<\/section>\n","protected":false},"excerpt":{"rendered":"<p>[vc_row full_width=&#8221;stretch_row&#8221; content_placement=&#8221;middle&#8221; css=&#8221;.vc_custom_1681240976640{padding-top: 16px !important;}&#8221;][vc_column][vc_column_text] Warum muss eine negative Kreditw\u00fcrdigkeit unbedingt bereinigt werden? [\/vc_column_text][vc_empty_space][vc_row_inner content_placement=&#8221;middle&#8221; css=&#8221;.vc_custom_1681219929827{margin-top: -16px !important;}&#8221;][vc_column_inner width=&#8221;1\/2&#8243;][vc_column_text]Andernfalls k\u00f6nnen Sie \u00fcber verschiedene Plattformen keinen Kredit, kein Leasing und keine Zahlung auf Rechnung erhalten, und man k\u00f6nnte Ihnen Wohnungen und Arbeitspl\u00e4tze verweigern! Verschiedene Institutionen zur \u00dcberpr\u00fcfung von Finanzdaten \u00fcberpr\u00fcfen Ihre Handlungen in Bezug auf [&hellip;]<\/p>\n","protected":false},"author":4,"featured_media":11772,"parent":12268,"menu_order":0,"comment_status":"closed","ping_status":"closed","template":"template-diagnostic.php","meta":{"inline_featured_image":false,"footnotes":"","_links_to":"","_links_to_target":""},"categories":[240,764,244],"class_list":["post-25234","page","type-page","status-publish","has-post-thumbnail","hentry","category-gutschrift","category-credit-independant-de","category-verschiedenes"],"_links":{"self":[{"href":"https:\/\/multicredit.ch\/de\/wp-json\/wp\/v2\/pages\/25234","targetHints":{"allow":["GET"]}}],"collection":[{"href":"https:\/\/multicredit.ch\/de\/wp-json\/wp\/v2\/pages"}],"about":[{"href":"https:\/\/multicredit.ch\/de\/wp-json\/wp\/v2\/types\/page"}],"author":[{"embeddable":true,"href":"https:\/\/multicredit.ch\/de\/wp-json\/wp\/v2\/users\/4"}],"replies":[{"embeddable":true,"href":"https:\/\/multicredit.ch\/de\/wp-json\/wp\/v2\/comments?post=25234"}],"version-history":[{"count":29,"href":"https:\/\/multicredit.ch\/de\/wp-json\/wp\/v2\/pages\/25234\/revisions"}],"predecessor-version":[{"id":26247,"href":"https:\/\/multicredit.ch\/de\/wp-json\/wp\/v2\/pages\/25234\/revisions\/26247"}],"up":[{"embeddable":true,"href":"https:\/\/multicredit.ch\/de\/wp-json\/wp\/v2\/pages\/12268"}],"wp:featuredmedia":[{"embeddable":true,"href":"https:\/\/multicredit.ch\/de\/wp-json\/wp\/v2\/media\/11772"}],"wp:attachment":[{"href":"https:\/\/multicredit.ch\/de\/wp-json\/wp\/v2\/media?parent=25234"}],"wp:term":[{"taxonomy":"category","embeddable":true,"href":"https:\/\/multicredit.ch\/de\/wp-json\/wp\/v2\/categories?post=25234"}],"curies":[{"name":"wp","href":"https:\/\/api.w.org\/{rel}","templated":true}]}}