{"id":25192,"date":"2023-04-05T12:25:05","date_gmt":"2023-04-05T12:25:05","guid":{"rendered":"https:\/\/multicredit.ch\/antrag-abgelehnt\/"},"modified":"2023-04-26T11:01:35","modified_gmt":"2023-04-26T11:01:35","slug":"antrag-abgelehnt","status":"publish","type":"page","link":"https:\/\/multicredit.ch\/de\/antrag-abgelehnt\/","title":{"rendered":"Leider wurde Ihr Antrag abgelehnt."},"content":{"rendered":"<section class=\"wpb-content-wrapper\">\n<p>[vc_row full_width=&#8221;stretch_row_content&#8221; gap=&#8221;10&#8243; equal_height=&#8221;yes&#8221; content_placement=&#8221;middle&#8221; el_class=&#8221;white-bck checklist&#8221;][vc_column data_aos=&#8221;fade-in&#8221;]<\/p>\n<div class=\"blocktitle title-center title-dark\" clearfix\"><H2>Leider wurde Ihr Antrag abgelehnt...<\/H2><\/p>\n<h4>Finden Sie heraus, wie Sie die Blockade l\u00f6sen k\u00f6nnen :<\/h4>\n<\/div>\n<p>[vc_row_inner equal_height=&#8221;yes&#8221; content_placement=&#8221;middle&#8221; gap=&#8221;25&#8243; css=&#8221;.vc_custom_1680698769522{padding-top: 48px !important;padding-right: 24px !important;padding-bottom: 48px !important;padding-left: 24px !important;background-color: #0247d3 !important;}&#8221;][vc_column_inner width=&#8221;1\/3&#8243; css=&#8221;.vc_custom_1680091712355{background-color: #ffffff !important;border-radius: 35px !important;}&#8221;][vc_icon icon_fontawesome=&#8221;fas fa-birthday-cake&#8221; color=&#8221;custom&#8221; size=&#8221;xl&#8221; align=&#8221;center&#8221; custom_color=&#8221;#df003c&#8221;]<\/p>\n<div class=\"blocktitle title-center title-dark\" clearfix\"><H3><span class=\"ez-toc-section\" id=\"1_Ihr_Alter_passt_nicht_zu_jungzu_alt\"><\/span>1. Ihr Alter passt nicht (zu jung\/zu alt)<\/H3><\/p>\n<h4>\u00dcberpr\u00fcfen Sie das angegebene Geburtsdatum<\/h4>\n<\/div>\n<p>[vc_column_text]<img loading=\"lazy\" decoding=\"async\" class=\"alignnone wp-image-25103\" src=\"https:\/\/multicredit.ch\/wp\/wp-content\/uploads\/Icone-croix-Branding-asset-300x300.png\" alt=\"\" width=\"24\" height=\"24\" title=\"\" srcset=\"https:\/\/multicredit.ch\/wp\/wp-content\/uploads\/Icone-croix-Branding-asset-300x300.png 300w, https:\/\/multicredit.ch\/wp\/wp-content\/uploads\/Icone-croix-Branding-asset-1024x1024.png 1024w, https:\/\/multicredit.ch\/wp\/wp-content\/uploads\/Icone-croix-Branding-asset-150x150.png 150w, https:\/\/multicredit.ch\/wp\/wp-content\/uploads\/Icone-croix-Branding-asset-768x768.png 768w, https:\/\/multicredit.ch\/wp\/wp-content\/uploads\/Icone-croix-Branding-asset.png 1080w\" sizes=\"auto, (max-width: 24px) 100vw, 24px\" \/> Sie haben einen Fehler in Ihrem Geburtsdatum gemacht.<\/p>\n<p><img loading=\"lazy\" decoding=\"async\" class=\"alignnone wp-image-25103\" src=\"https:\/\/multicredit.ch\/wp\/wp-content\/uploads\/Icone-croix-Branding-asset-300x300.png\" alt=\"\" width=\"24\" height=\"24\" title=\"\" srcset=\"https:\/\/multicredit.ch\/wp\/wp-content\/uploads\/Icone-croix-Branding-asset-300x300.png 300w, https:\/\/multicredit.ch\/wp\/wp-content\/uploads\/Icone-croix-Branding-asset-1024x1024.png 1024w, https:\/\/multicredit.ch\/wp\/wp-content\/uploads\/Icone-croix-Branding-asset-150x150.png 150w, https:\/\/multicredit.ch\/wp\/wp-content\/uploads\/Icone-croix-Branding-asset-768x768.png 768w, https:\/\/multicredit.ch\/wp\/wp-content\/uploads\/Icone-croix-Branding-asset.png 1080w\" sizes=\"auto, (max-width: 24px) 100vw, 24px\" \/> Sie sind unter 18 Jahre alt.<\/p>\n<p><img loading=\"lazy\" decoding=\"async\" class=\"alignnone wp-image-25103\" src=\"https:\/\/multicredit.ch\/wp\/wp-content\/uploads\/Icone-croix-Branding-asset-300x300.png\" alt=\"\" width=\"24\" height=\"24\" title=\"\" srcset=\"https:\/\/multicredit.ch\/wp\/wp-content\/uploads\/Icone-croix-Branding-asset-300x300.png 300w, https:\/\/multicredit.ch\/wp\/wp-content\/uploads\/Icone-croix-Branding-asset-1024x1024.png 1024w, https:\/\/multicredit.ch\/wp\/wp-content\/uploads\/Icone-croix-Branding-asset-150x150.png 150w, https:\/\/multicredit.ch\/wp\/wp-content\/uploads\/Icone-croix-Branding-asset-768x768.png 768w, https:\/\/multicredit.ch\/wp\/wp-content\/uploads\/Icone-croix-Branding-asset.png 1080w\" sizes=\"auto, (max-width: 24px) 100vw, 24px\" \/> Sie sind \u00e4lter als 69 Jahre. Leider k\u00f6nnen wir Ihrer Anfrage nicht nachkommen.<\/p>\n<p>Das Alter ist ein wesentliches Kriterium bei der Beantragung eines Kredits. Es liegt nicht in unserer Verantwortung, sondern unterliegt den geltenden Regeln und Gesetzen.[\/vc_column_text][\/vc_column_inner][vc_column_inner width=&#8221;1\/3&#8243; css=&#8221;.vc_custom_1680091902238{background-color: #ffffff !important;border-radius: 35px !important;}&#8221;][vc_icon icon_fontawesome=&#8221;fas fa-briefcase&#8221; color=&#8221;custom&#8221; size=&#8221;xl&#8221; align=&#8221;center&#8221; custom_color=&#8221;#df003c&#8221;]<\/p>\n<div class=\"blocktitle title-center title-dark\" clearfix\"><H3><span class=\"ez-toc-section\" id=\"Ihr_beruflicher_undoder_persoenlicher_Status_sind_nicht_geeignet\"><\/span>Ihr beruflicher und\/oder pers\u00f6nlicher Status sind nicht geeignet.<\/H3><\/p>\n<h4>Sie m\u00fcssen eine Ver\u00e4nderung Ihrer Situation abwarten<\/h4>\n<\/div>\n<p>[vc_column_text]<img loading=\"lazy\" decoding=\"async\" class=\"alignnone wp-image-25103\" src=\"https:\/\/multicredit.ch\/wp\/wp-content\/uploads\/Icone-croix-Branding-asset-300x300.png\" alt=\"\" width=\"24\" height=\"24\" title=\"\" srcset=\"https:\/\/multicredit.ch\/wp\/wp-content\/uploads\/Icone-croix-Branding-asset-300x300.png 300w, https:\/\/multicredit.ch\/wp\/wp-content\/uploads\/Icone-croix-Branding-asset-1024x1024.png 1024w, https:\/\/multicredit.ch\/wp\/wp-content\/uploads\/Icone-croix-Branding-asset-150x150.png 150w, https:\/\/multicredit.ch\/wp\/wp-content\/uploads\/Icone-croix-Branding-asset-768x768.png 768w, https:\/\/multicredit.ch\/wp\/wp-content\/uploads\/Icone-croix-Branding-asset.png 1080w\" sizes=\"auto, (max-width: 24px) 100vw, 24px\" \/> Ihr Nettoeinkommen liegt unter 2700 CHF pro Monat und Sie sind alleinstehend.<\/p>\n<p><img loading=\"lazy\" decoding=\"async\" class=\"alignnone wp-image-25103\" src=\"https:\/\/multicredit.ch\/wp\/wp-content\/uploads\/Icone-croix-Branding-asset-300x300.png\" alt=\"\" width=\"24\" height=\"24\" title=\"\" srcset=\"https:\/\/multicredit.ch\/wp\/wp-content\/uploads\/Icone-croix-Branding-asset-300x300.png 300w, https:\/\/multicredit.ch\/wp\/wp-content\/uploads\/Icone-croix-Branding-asset-1024x1024.png 1024w, https:\/\/multicredit.ch\/wp\/wp-content\/uploads\/Icone-croix-Branding-asset-150x150.png 150w, https:\/\/multicredit.ch\/wp\/wp-content\/uploads\/Icone-croix-Branding-asset-768x768.png 768w, https:\/\/multicredit.ch\/wp\/wp-content\/uploads\/Icone-croix-Branding-asset.png 1080w\" sizes=\"auto, (max-width: 24px) 100vw, 24px\" \/> Sie sind derzeit arbeitslos.<\/p>\n<p>Rufen Sie uns zur\u00fcck, wenn sich die Situation ge\u00e4ndert hat oder wenn Sie vergessen haben, bestimmte Informationen anzugeben, die die Situation ver\u00e4ndern k\u00f6nnen. Wenn Sie vergessen haben, Nebeneink\u00fcnfte anzugeben, setzen Sie sich mit uns in Verbindung, um den Vorgang erneut zu starten.[\/vc_column_text][\/vc_column_inner][vc_column_inner width=&#8221;1\/3&#8243; css=&#8221;.vc_custom_1680091912255{background-color: #ffffff !important;border-radius: 35px !important;}&#8221;][vc_icon icon_fontawesome=&#8221;fas fa-exclamation-triangle&#8221; color=&#8221;custom&#8221; size=&#8221;xl&#8221; align=&#8221;center&#8221; custom_color=&#8221;#df003c&#8221;]<\/p>\n<div class=\"blocktitle title-center title-dark\" clearfix\"><H3><span class=\"ez-toc-section\" id=\"3_Ihr_Kreditscore_ist_negativ\"><\/span>3. Ihr Kreditscore ist negativ!<\/H3><\/p>\n<h4>Es muss eine Finanzdatenbereinigung durchgef\u00fchrt werden<\/h4>\n<\/div>\n<p>[vc_column_text]<img loading=\"lazy\" decoding=\"async\" class=\"alignnone wp-image-25103\" src=\"https:\/\/multicredit.ch\/wp\/wp-content\/uploads\/Icone-croix-Branding-asset-300x300.png\" alt=\"\" width=\"24\" height=\"24\" title=\"\" srcset=\"https:\/\/multicredit.ch\/wp\/wp-content\/uploads\/Icone-croix-Branding-asset-300x300.png 300w, https:\/\/multicredit.ch\/wp\/wp-content\/uploads\/Icone-croix-Branding-asset-1024x1024.png 1024w, https:\/\/multicredit.ch\/wp\/wp-content\/uploads\/Icone-croix-Branding-asset-150x150.png 150w, https:\/\/multicredit.ch\/wp\/wp-content\/uploads\/Icone-croix-Branding-asset-768x768.png 768w, https:\/\/multicredit.ch\/wp\/wp-content\/uploads\/Icone-croix-Branding-asset.png 1080w\" sizes=\"auto, (max-width: 24px) 100vw, 24px\" \/> Sie sind f\u00e4lschlicherweise in den Finanzkontrollregistern registriert: Betreibungen, ZEK, IKO, CRIF etc.<\/p>\n<p><img loading=\"lazy\" decoding=\"async\" class=\"alignnone wp-image-25103\" src=\"https:\/\/multicredit.ch\/wp\/wp-content\/uploads\/Icone-croix-Branding-asset-300x300.png\" alt=\"\" width=\"24\" height=\"24\" title=\"\" srcset=\"https:\/\/multicredit.ch\/wp\/wp-content\/uploads\/Icone-croix-Branding-asset-300x300.png 300w, https:\/\/multicredit.ch\/wp\/wp-content\/uploads\/Icone-croix-Branding-asset-1024x1024.png 1024w, https:\/\/multicredit.ch\/wp\/wp-content\/uploads\/Icone-croix-Branding-asset-150x150.png 150w, https:\/\/multicredit.ch\/wp\/wp-content\/uploads\/Icone-croix-Branding-asset-768x768.png 768w, https:\/\/multicredit.ch\/wp\/wp-content\/uploads\/Icone-croix-Branding-asset.png 1080w\" sizes=\"auto, (max-width: 24px) 100vw, 24px\" \/> Aufgrund eines Zahlungsr\u00fcckstands bei einer wiederkehrenden Rechnung (verschiedene Abonnements) wurde eine Meldung gegen Sie gemacht.<\/p>\n<p>Wenn Ihr Kreditscore negativ ist, ist es f\u00fcr Sie unm\u00f6glich, eine Kreditkarte oder einen Kredit zu erhalten. Kontaktieren Sie uns f\u00fcr eine Finanzdiagnose.[\/vc_column_text][vc_btn title=&#8221;Verbessern Sie Ihren Kredit-Score noch heute und profitieren Sie von niedrigen Zinsen.&#8221; align=&#8221;center&#8221; button_block=&#8221;true&#8221; link=&#8221;url:https%3A%2F%2Fmulticredit.ch%2Ffr%2Fcredit-rating-check%2F|title:Kennen%20Sie%20Ihren%20Kredit-Score%3F%20%C3%9Cberpr%C3%BCfen%20Sie%20Ihre%20finanzielle%20Bonit%C3%A4t%20jetzt%20mit%20ZEK%2C%20CRIF%2C%20etc.|&#8221;][\/vc_column_inner][\/vc_row_inner][vc_row_inner css=&#8221;.vc_custom_1681211908106{background-color: #0247d3 !important;}&#8221;][vc_column_inner width=&#8221;1\/3&#8243; css=&#8221;.vc_custom_1680097392694{border-radius: 35px !important;}&#8221;][vc_btn title=&#8221;Kontaktieren Sie uns per Telefon&#8221; align=&#8221;center&#8221; i_icon_fontawesome=&#8221;fas fa-phone&#8221; button_block=&#8221;true&#8221; add_icon=&#8221;true&#8221; link=&#8221;url:tel%3A079%20936%2031%2075|&#8221;][\/vc_column_inner][vc_column_inner width=&#8221;1\/3&#8243;][vc_btn title=&#8221;Kontaktieren Sie uns per e-Mail&#8221; align=&#8221;center&#8221; i_icon_fontawesome=&#8221;fas fa-envelope&#8221; button_block=&#8221;true&#8221; add_icon=&#8221;true&#8221; link=&#8221;url:http%3A%2F%2Finfo%40multicredit.ch|&#8221;][\/vc_column_inner][vc_column_inner width=&#8221;1\/3&#8243;][vc_btn title=&#8221;Kontaktieren Sie uns per Whatsapp&#8221; align=&#8221;center&#8221; i_icon_fontawesome=&#8221;fab fa-whatsapp&#8221; button_block=&#8221;true&#8221; add_icon=&#8221;true&#8221; link=&#8221;url:https%3A%2F%2Fapi.whatsapp.com%2Fsend%3Fphone%3D41799363175|&#8221;][\/vc_column_inner][\/vc_row_inner][\/vc_column][\/vc_row][vc_row full_width=&#8221;stretch_row&#8221; content_placement=&#8221;middle&#8221; el_class=&#8221;white-bck bigpadding checklist&#8221;][vc_column data_aos=&#8221;fade-in&#8221;][vc_empty_space height=&#8221;35px&#8221;][vc_icon icon_fontawesome=&#8221;fas fa-info-circle&#8221; color=&#8221;custom&#8221; size=&#8221;xl&#8221; align=&#8221;center&#8221; custom_color=&#8221;#df003c&#8221;]<\/p>\n<div class=\"blocktitle title-center title-dark\" clearfix\"><H2><span class=\"ez-toc-section\" id=\"Wussten_Sie_das\"><\/span>Wussten Sie das?<\/H2><\/div>\n<p>[vc_column_text el_class=&#8221;maxwidth&#8221; css=&#8221;.vc_custom_1681455200638{padding-bottom: 48px !important;}&#8221;]Wenn die Bewilligung eines Kredits nicht m\u00f6glich ist, gibt es andere L\u00f6sungen. Suchen Sie nach M\u00f6glichkeiten, eine schwierige finanzielle Situation zu verbessern?<\/p>\n<ul>\n<li>Zahlungsarrangements<\/li>\n<li>Verfolgungen<\/li>\n<li>Schuldanerkennungen<\/li>\n<li>Probleme mit einem fr\u00fcheren oder aktuellen Kredit?<\/li>\n<\/ul>\n<p>Wir k\u00f6nnen Ihnen professionelle Hilfe anbieten, um Ihr Budget auszugleichen und Ihre Situation zu sanieren. Unser Team steht Ihnen gerne zur Verf\u00fcgung, wenn Sie weitere Informationen w\u00fcnschen.[\/vc_column_text][vc_row_inner][vc_column_inner width=&#8221;1\/3&#8243;][\/vc_column_inner][vc_column_inner width=&#8221;1\/3&#8243;][\/vc_column_inner][vc_column_inner width=&#8221;1\/3&#8243;][\/vc_column_inner][\/vc_row_inner][vc_empty_space height=&#8221;150px&#8221;][\/vc_column][\/vc_row][vc_row full_width=&#8221;stretch_row&#8221; el_class=&#8221;diagonal-bck gradient-bck bigpadding full-width&#8221;][vc_column data_aos=&#8221;fade-in&#8221;][vc_column_text css=&#8221;.vc_custom_1681455483047{padding-top: 96px !important;}&#8221;]<\/p>\n<div class=\"blocktitle title-center title-light maxwidth\">\n<h2><span class=\"ez-toc-section\" id=\"MultiCredit_profitiert_von_den_zahlreichen_Empfehlungen_seiner_Kunden_und_dankt_ihnen_dafuer\"><\/span>MultiCredit, profitiert von den zahlreichen <a href=\"https:\/\/multicredit.ch\/de\/faq\/\">Empfehlungen<\/a> seiner Kunden und dankt ihnen daf\u00fcr.<span class=\"ez-toc-section-end\"><\/span><\/h2>\n<\/div>\n<p>[\/vc_column_text][\/vc_column][\/vc_row]<\/p>\n<\/section>\n","protected":false},"excerpt":{"rendered":"<p>Sie werden in K\u00fcrze weitere Informationen per Post und SMS erhalten, bitte \u00fcberpr\u00fcfen Sie Ihre Spam-Nachrichten. Unser Berater wird Sie ebenfalls anrufen.<\/p>\n","protected":false},"author":4,"featured_media":24791,"parent":0,"menu_order":0,"comment_status":"closed","ping_status":"closed","template":"template-basic.php","meta":{"inline_featured_image":false,"footnotes":"","_links_to":"","_links_to_target":""},"categories":[240,693,304,756,696,297,238,249,244],"class_list":["post-25192","page","type-page","status-publish","has-post-thumbnail","hentry","category-gutschrift","category-ausbildungskredit","category-auto-kredit","category-credit-pme-de","category-gesundheits-kredit","category-immobilienkredit","category-kredit-rueckkauf","category-kreditkarte","category-verschiedenes"],"_links":{"self":[{"href":"https:\/\/multicredit.ch\/de\/wp-json\/wp\/v2\/pages\/25192","targetHints":{"allow":["GET"]}}],"collection":[{"href":"https:\/\/multicredit.ch\/de\/wp-json\/wp\/v2\/pages"}],"about":[{"href":"https:\/\/multicredit.ch\/de\/wp-json\/wp\/v2\/types\/page"}],"author":[{"embeddable":true,"href":"https:\/\/multicredit.ch\/de\/wp-json\/wp\/v2\/users\/4"}],"replies":[{"embeddable":true,"href":"https:\/\/multicredit.ch\/de\/wp-json\/wp\/v2\/comments?post=25192"}],"version-history":[{"count":14,"href":"https:\/\/multicredit.ch\/de\/wp-json\/wp\/v2\/pages\/25192\/revisions"}],"predecessor-version":[{"id":26101,"href":"https:\/\/multicredit.ch\/de\/wp-json\/wp\/v2\/pages\/25192\/revisions\/26101"}],"wp:featuredmedia":[{"embeddable":true,"href":"https:\/\/multicredit.ch\/de\/wp-json\/wp\/v2\/media\/24791"}],"wp:attachment":[{"href":"https:\/\/multicredit.ch\/de\/wp-json\/wp\/v2\/media?parent=25192"}],"wp:term":[{"taxonomy":"category","embeddable":true,"href":"https:\/\/multicredit.ch\/de\/wp-json\/wp\/v2\/categories?post=25192"}],"curies":[{"name":"wp","href":"https:\/\/api.w.org\/{rel}","templated":true}]}}