{"id":19870,"date":"2022-05-24T14:21:19","date_gmt":"2022-05-24T14:21:19","guid":{"rendered":"https:\/\/www.multicredit.ch\/affiliate-programm\/"},"modified":"2022-08-09T12:39:14","modified_gmt":"2022-08-09T12:39:14","slug":"affiliate-partnerprogramm","status":"publish","type":"page","link":"https:\/\/multicredit.ch\/de\/affiliate-partnerprogramm\/","title":{"rendered":"Affiliate Partnerprogramm"},"content":{"rendered":"<section class=\"wpb-content-wrapper\">[vc_row][vc_column][vc_empty_space height=&#8221;60px&#8221;][vc_column_text]<\/p>\n<h3 style=\"text-align: center;\"><span class=\"ez-toc-section\" id=\"Wir_bieten_guenstige_und_skalierbare_Provisionen\"><\/span>Wir bieten g\u00fcnstige und skalierbare Provisionen<span class=\"ez-toc-section-end\"><\/span><\/h3>\n<p>[\/vc_column_text][vc_empty_space height=&#8221;60px&#8221;][\/vc_column][\/vc_row][vc_row][vc_column width=&#8221;1\/2&#8243;][vc_column_text]<\/p>\n<h4>Nehmen Sie am Affiliate Partnerprogramm von <a href=\"https:\/\/www.multicredit.ch\/de\/\">MultiCredit<\/a> teil<\/h4>\n<p>Das ist die perfekte Gelegenheit, um <strong>Geld zu generieren<\/strong>. Wir belohnen Ihr Engagement. Je mehr Kunden Sie konvertieren, desto h\u00f6her ist <strong>Ihre Provision<\/strong>.<\/p>\n<p>Die Funktionsweise ist sehr einfach. Im ersten Schritt empfehlen Sie unsere Dienstleistungen in Ihrem Blog, auf Ihrer Website, in Ihrer Zeitschrift, in Ihren sozialen Netzwerken oder bei Ihren Verwandten. In einem zweiten Schritt wenden sich Ihre Besucher an unsere Dienstleistungen und werden zu Kunden. Im dritten Schritt werden Sie bezahlt.[\/vc_column_text][\/vc_column][vc_column width=&#8221;1\/2&#8243;][vc_column_text]<\/p>\n<h4>Wie w\u00e4re es, wenn Sie ganz einfach Geld verdienen k\u00f6nnten?<\/h4>\n<p>MultiCredit bietet Ihnen die M\u00f6glichkeit, Affiliate zu werden. Wenn Sie <a href=\"https:\/\/multicredit.ch\/de\/kredit\/\">unsere Dienstleistungen<\/a> auf Ihren Plattformen empfehlen, zahlen wir Ihnen den Betrag monatlich auf Ihr Konto aus. Mit uns zu arbeiten bedeutet, von einer starken Reaktionsf\u00e4higkeit, einfachen Verfahren und vor allem von regelm\u00e4\u00dfigen Zahlungen zu profitieren.<\/p>\n<p><strong>Es ist m\u00f6glich, Ihre Kassen zu f\u00fcllen und gleichzeitig komfortabel zu sein.<\/strong>[\/vc_column_text][\/vc_column][\/vc_row][vc_row][vc_column][vc_empty_space height=&#8221;60px&#8221;][vc_empty_space height=&#8221;60px&#8221;][\/vc_column][\/vc_row][vc_row][vc_column width=&#8221;1\/2&#8243;][vc_single_image image=&#8221;11596&#8243; img_size=&#8221;full&#8221;][\/vc_column][vc_column width=&#8221;1\/2&#8243;][vc_empty_space][vc_empty_space][vc_empty_space][vc_empty_space][vc_empty_space][vc_column_text]<\/p>\n<h4>Warum sollten Sie MultiCredit-Affiliate werden?<\/h4>\n<ul>\n<li>Um Ihren Kunden einen <strong>hervorragenden Service<\/strong> bei der Bearbeitung von Privatfinanzierungen zu bieten.<\/li>\n<li>Um Ihrem Publikum eine <strong>breite Auswahl an Dienstleistungen<\/strong> in der ganzen Schweiz anzubieten, da wir in 8 Sprachen antworten.<\/li>\n<li>Um Provisionen zwischen <strong>CHF 500 und 3&#8217;000<\/strong> zu erhalten, je nach Ihrem Volumen<\/li>\n<\/ul>\n<p>[\/vc_column_text][\/vc_column][\/vc_row][vc_row][vc_column][vc_empty_space height=&#8221;60px&#8221;][vc_empty_space height=&#8221;60px&#8221;][vc_empty_space height=&#8221;60px&#8221;][vc_column_text]<\/p>\n<h2 style=\"text-align: center;\"><span class=\"ez-toc-section\" id=\"3_Schritte\"><\/span>3 Schritte<span class=\"ez-toc-section-end\"><\/span><\/h2>\n<p>[\/vc_column_text][\/vc_column][\/vc_row][vc_row][vc_column width=&#8221;1\/3&#8243;][vc_single_image image=&#8221;11526&#8243; img_size=&#8221;full&#8221;][vc_column_text]<\/p>\n<h3 style=\"text-align: center;\"><span class=\"ez-toc-section\" id=\"Schliessen_Sie_sich_uns_an\"><\/span>Schliessen Sie sich uns an<span class=\"ez-toc-section-end\"><\/span><\/h3>\n<p>[\/vc_column_text][vc_column_text]<\/p>\n<p style=\"text-align: center;\">Schliessen Sie sich Hunderten von Designern, Bloggern und Webseiten an, die mit dem MultiCredit-Partnerprogramm Geld verdienen.<\/p>\n<p>[\/vc_column_text][\/vc_column][vc_column width=&#8221;1\/3&#8243;][vc_single_image image=&#8221;11536&#8243; img_size=&#8221;full&#8221;][vc_column_text]<\/p>\n<h3 style=\"text-align: center;\"><span class=\"ez-toc-section\" id=\"Empfehlen_Sie_uns\"><\/span>Empfehlen Sie uns<span class=\"ez-toc-section-end\"><\/span><\/h3>\n<p>[\/vc_column_text][vc_column_text]<\/p>\n<p style=\"text-align: center;\">Teilen Sie unsere Dienstleistungen mit Ihrem Publikum. Wir k\u00f6nnen zusammenarbeiten, indem wir Links oder Artikel austauschen oder Leads kaufen.<\/p>\n<p>[\/vc_column_text][\/vc_column][vc_column width=&#8221;1\/3&#8243;][vc_single_image image=&#8221;11541&#8243; img_size=&#8221;full&#8221;][vc_column_text]<\/p>\n<h3 style=\"text-align: center;\"><span class=\"ez-toc-section\" id=\"Empfangen_Sie_Ihr_Geld\"><\/span>Empfangen Sie Ihr Geld<span class=\"ez-toc-section-end\"><\/span><\/h3>\n<p>[\/vc_column_text][vc_column_text]<\/p>\n<p style=\"text-align: center;\">Je h\u00f6her Ihr Volumen ist, desto mehr Geld gewinnen Sie. Wir zahlen Ihnen den Betrag direkt auf Ihr Konto ein.<\/p>\n<p>[\/vc_column_text][\/vc_column][\/vc_row][vc_row][vc_column][vc_empty_space][vc_empty_space][vc_empty_space][vc_empty_space][vc_empty_space][\/vc_column][\/vc_row][vc_row][vc_column width=&#8221;1\/2&#8243;][vc_column_text]<\/p>\n<h2 style=\"text-align: center;\"><span class=\"ez-toc-section\" id=\"Unser_Affiliate_Partnerprogramm_in_Kuerze\"><\/span>Unser Affiliate Partnerprogramm in K\u00fcrze<span class=\"ez-toc-section-end\"><\/span><\/h2>\n<p>[\/vc_column_text][vc_column_text]Wenn Sie sich f\u00fcr MultiCredit als Partner entscheiden, haben Sie Zugang zu :<\/p>\n<ul>\n<li>Attraktive Provisionen, die sich im Laufe der Zeit entwickeln.<\/li>\n<li>Eine kostenlose Anmeldung \u00fcber unser Formular<\/li>\n<li>Eine monatliche Zahlung<\/li>\n<li>Ein grosses Netzwerk von Partnern<\/li>\n<li>Mehr Traffic auf Ihrer Website<\/li>\n<\/ul>\n<p>Die Provision ist proportional zur Art der Leads, die Sie uns vermitteln. Ein einfacher Lead bringt Ihnen einen geringeren Betrag ein, ein Lead, der sich in einen Kunden verwandelt, kann Ihnen hingegen das Doppelte einbringen.<\/p>\n<p>Unsere Optionen sind vielf\u00e4ltig und anpassbar, aber das Ziel ist das gleiche: <strong>Sie werden bezahlt!<\/strong>[\/vc_column_text][\/vc_column][vc_column width=&#8221;1\/2&#8243;][vc_single_image image=&#8221;11491&#8243; img_size=&#8221;full&#8221;][\/vc_column][\/vc_row][vc_row][vc_column][vc_empty_space][vc_empty_space][vc_empty_space][vc_column_text]<\/p>\n<h4 style=\"text-align: center;\">Empfehlen Sie einen der f\u00fchrenden Anbieter von Verbraucherkrediten in der Schweiz<\/h4>\n<p>[\/vc_column_text][vc_column_text]<\/p>\n<p style=\"text-align: center;\">Mit <a href=\"https:\/\/multicredit.ch\/de\/multicredit-fribourg-uber-uns\/\">23 Jahren Erfahrung<\/a> auf dem Finanzierungsmarkt in der Schweiz verf\u00fcgen wir \u00fcber einen hohen Bekanntheitsgrad. Mit qualitativ hochwertigen Dienstleistungen, einem Team von erfahrenen Mitarbeitern und Aktivit\u00e4ten in der ganzen Schweiz erm\u00f6glichen wir es Tausenden von Kunden, ihre Tr\u00e4ume zu verwirklichen.<\/p>\n<h4 style=\"text-align: center;\">Erzielen Sie ein passives Einkommen<\/h4>\n<p style=\"text-align: center;\">Indem Sie anerkannte Dienstleistungen weiterempfehlen, werden Sie schnell Geld verdienen und Ihre Provisionsrate erh\u00f6hen. Je fr\u00fcher Sie anfangen, desto mehr Geld werden Sie verdienen, so einfach ist das.<\/p>\n<p>[\/vc_column_text][\/vc_column][\/vc_row][vc_row][vc_column el_class=&#8221;white-bg-form&#8221;][vc_empty_space][vc_empty_space][vc_empty_space][vc_column_text]<\/p>\n<h3 style=\"text-align: center;\"><span class=\"ez-toc-section\" id=\"Fuellen_Sie_Ihre_Informationen_aus_um_Affiliate_zu_werden\"><\/span>F\u00fcllen Sie Ihre Informationen aus, um Affiliate zu werden<span class=\"ez-toc-section-end\"><\/span><\/h3>\n<p>[\/vc_column_text]<\/p>\n<div class=\"wpcf7 no-js\" id=\"wpcf7-f19860-o1\" lang=\"de-DE\" dir=\"ltr\" data-wpcf7-id=\"19860\">\n<div class=\"screen-reader-response\">\n<p role=\"status\" aria-live=\"polite\" aria-atomic=\"true\">\n<ul><\/ul>\n<\/div>\n<form action=\"\/de\/wp-json\/wp\/v2\/pages\/19870#wpcf7-f19860-o1\" method=\"post\" class=\"wpcf7-form init\" aria-label=\"Contact form\" enctype=\"multipart\/form-data\" novalidate=\"novalidate\" data-status=\"init\">\n<fieldset class=\"hidden-fields-container\"><input type=\"hidden\" name=\"_wpcf7\" value=\"19860\" \/><input type=\"hidden\" name=\"_wpcf7_version\" value=\"6.1.5\" \/><input type=\"hidden\" name=\"_wpcf7_locale\" value=\"de_DE\" \/><input type=\"hidden\" name=\"_wpcf7_unit_tag\" value=\"wpcf7-f19860-o1\" \/><input type=\"hidden\" name=\"_wpcf7_container_post\" value=\"0\" \/><input type=\"hidden\" name=\"_wpcf7_posted_data_hash\" value=\"\" \/><input type=\"hidden\" name=\"_wpcf7_recaptcha_response\" value=\"\" \/><br \/>\n<\/fieldset>\n<p><span class=\"wpcf7-form-control-wrap\" data-name=\"Name\"><input size=\"40\" maxlength=\"400\" class=\"wpcf7-form-control wpcf7-text wpcf7-validates-as-required\" aria-required=\"true\" aria-invalid=\"false\" placeholder=\"Name*\" value=\"\" type=\"text\" name=\"Name\" \/><\/span><br \/>\n<span class=\"wpcf7-form-control-wrap\" data-name=\"Vorname\"><input size=\"40\" maxlength=\"400\" class=\"wpcf7-form-control wpcf7-text wpcf7-validates-as-required\" id=\"Vorname\" aria-required=\"true\" aria-invalid=\"false\" placeholder=\"Vorname*\" value=\"\" type=\"text\" name=\"Vorname\" \/><\/span><br \/>\n<span class=\"wpcf7-form-control-wrap\" data-name=\"Ihr\"><input size=\"40\" maxlength=\"400\" class=\"wpcf7-form-control wpcf7-text\" id=\"Ihr\" aria-invalid=\"false\" placeholder=\"Ihr Unternehmen\" value=\"\" type=\"text\" name=\"Ihr\" \/><\/span><br \/>\n<span class=\"wpcf7-form-control-wrap\" data-name=\"Ihre\"><input size=\"40\" maxlength=\"400\" class=\"wpcf7-form-control wpcf7-email wpcf7-validates-as-required wpcf7-text wpcf7-validates-as-email\" id=\"Ihre\" aria-required=\"true\" aria-invalid=\"false\" placeholder=\"Ihre Email*\" value=\"\" type=\"email\" name=\"Ihre\" \/><\/span><br \/>\n<span class=\"wpcf7-form-control-wrap\" data-name=\"PLZ\"><input size=\"40\" maxlength=\"400\" class=\"wpcf7-form-control wpcf7-text wpcf7-validates-as-required\" id=\"npa\" aria-required=\"true\" aria-invalid=\"false\" placeholder=\"PLZ*\" value=\"\" type=\"text\" name=\"PLZ\" \/><\/span><span class=\"wpcf7-form-control-wrap\" data-name=\"Stadt\"><input size=\"40\" maxlength=\"400\" class=\"wpcf7-form-control wpcf7-text wpcf7-validates-as-required\" id=\"Stadt\" aria-required=\"true\" aria-invalid=\"false\" placeholder=\"Stadt*\" value=\"\" type=\"text\" name=\"Stadt\" \/><\/span><br \/>\n<span class=\"wpcf7-form-control-wrap\" data-name=\"Telefon\"><input size=\"40\" maxlength=\"400\" class=\"wpcf7-form-control wpcf7-tel wpcf7-validates-as-required wpcf7-text wpcf7-validates-as-tel\" id=\"telefon\" aria-required=\"true\" aria-invalid=\"false\" placeholder=\"Telefon*\" value=\"\" type=\"tel\" name=\"Telefon\" \/><\/span><br \/>\n<span class=\"wpcf7-form-control-wrap\" data-name=\"IhreDateien\"><input size=\"40\" class=\"wpcf7-form-control wpcf7-file\" id=\"IhreDateien\" accept=\"audio\/*,video\/*,image\/*\" aria-invalid=\"false\" type=\"file\" name=\"IhreDateien\" \/><\/span><br \/>\n<span class=\"wpcf7-form-control-wrap\" data-name=\"Nachricht\"><textarea cols=\"40\" rows=\"10\" maxlength=\"2000\" class=\"wpcf7-form-control wpcf7-textarea\" id=\"nachricht\" aria-invalid=\"false\" placeholder=\"Nachricht\" name=\"Nachricht\"><\/textarea><\/span><br \/>\n<input class=\"wpcf7-form-control wpcf7-submit has-spinner\" id=\"submit\" type=\"submit\" value=\"Senden\" \/>\n<\/p>\n<p><input type=\"hidden\" id=\"ct_checkjs_cf7_eb6fdc36b281b7d5eabf33396c2683a2\" name=\"ct_checkjs_cf7\" value=\"0\" \/><script >setTimeout(function(){var ct_input_name = \"ct_checkjs_cf7_eb6fdc36b281b7d5eabf33396c2683a2\";if (document.getElementById(ct_input_name) !== null) {var ct_input_value = document.getElementById(ct_input_name).value;document.getElementById(ct_input_name).value = document.getElementById(ct_input_name).value.replace(ct_input_value, 'f350882909af177e6ae7f21ccaa78745bceacc83bdcef37d25207814ac5fc89e');}}, 1000);<\/script><input\n                    class=\"apbct_special_field apbct_email_id__wp_contact_form_7\"\n                    name=\"apbct__email_id__wp_contact_form_7\"\n                    aria-label=\"apbct__label_id__wp_contact_form_7\"\n                    type=\"text\" size=\"30\" maxlength=\"200\" autocomplete=\"off\"\n                    value=\"\"\n                \/><\/p>\n<div class=\"wpcf7-response-output\" aria-hidden=\"true\"><\/div>\n<\/form>\n<\/div>\n<p>[\/vc_column][\/vc_row]<\/section>\n","protected":false},"excerpt":{"rendered":"<p>LASST UNS GEMEINSAM GEWINNEN<\/p>\n","protected":false},"author":4,"featured_media":11652,"parent":0,"menu_order":0,"comment_status":"closed","ping_status":"closed","template":"","meta":{"inline_featured_image":false,"footnotes":"","_links_to":"","_links_to_target":""},"categories":[],"class_list":["post-19870","page","type-page","status-publish","has-post-thumbnail","hentry"],"_links":{"self":[{"href":"https:\/\/multicredit.ch\/de\/wp-json\/wp\/v2\/pages\/19870","targetHints":{"allow":["GET"]}}],"collection":[{"href":"https:\/\/multicredit.ch\/de\/wp-json\/wp\/v2\/pages"}],"about":[{"href":"https:\/\/multicredit.ch\/de\/wp-json\/wp\/v2\/types\/page"}],"author":[{"embeddable":true,"href":"https:\/\/multicredit.ch\/de\/wp-json\/wp\/v2\/users\/4"}],"replies":[{"embeddable":true,"href":"https:\/\/multicredit.ch\/de\/wp-json\/wp\/v2\/comments?post=19870"}],"version-history":[{"count":16,"href":"https:\/\/multicredit.ch\/de\/wp-json\/wp\/v2\/pages\/19870\/revisions"}],"predecessor-version":[{"id":19873,"href":"https:\/\/multicredit.ch\/de\/wp-json\/wp\/v2\/pages\/19870\/revisions\/19873"}],"wp:featuredmedia":[{"embeddable":true,"href":"https:\/\/multicredit.ch\/de\/wp-json\/wp\/v2\/media\/11652"}],"wp:attachment":[{"href":"https:\/\/multicredit.ch\/de\/wp-json\/wp\/v2\/media?parent=19870"}],"wp:term":[{"taxonomy":"category","embeddable":true,"href":"https:\/\/multicredit.ch\/de\/wp-json\/wp\/v2\/categories?post=19870"}],"curies":[{"name":"wp","href":"https:\/\/api.w.org\/{rel}","templated":true}]}}