{"id":19862,"date":"2022-05-24T14:15:09","date_gmt":"2022-05-24T14:15:09","guid":{"rendered":"https:\/\/www.multicredit.ch\/geschaeftsvermittler-haendler-und-kaufleute\/"},"modified":"2022-08-11T10:12:56","modified_gmt":"2022-08-11T10:12:56","slug":"geschaeftsvermittler-haendler-und-kaufleute","status":"publish","type":"page","link":"https:\/\/multicredit.ch\/de\/geschaeftsvermittler-haendler-und-kaufleute\/","title":{"rendered":"Gesch\u00e4ftsvermittler H\u00e4ndler und Kaufleute"},"content":{"rendered":"<section class=\"wpb-content-wrapper\">[vc_row][vc_column][vc_empty_space height=&#8221;60px&#8221;][vc_column_text]<\/p>\n<h3 style=\"text-align: center;\"><span class=\"ez-toc-section\" id=\"Werden_Sie_Partner_von_MultiCredit_und_lassen_Sie_uns_gemeinsam_fuer_den_Erfolg_zusammenarbeiten\"><\/span>Werden Sie Partner von MultiCredit und lassen Sie uns gemeinsam f\u00fcr den Erfolg zusammenarbeiten!<span class=\"ez-toc-section-end\"><\/span><\/h3>\n<p>[\/vc_column_text][vc_empty_space height=&#8221;60px&#8221;][\/vc_column][\/vc_row][vc_row][vc_column width=&#8221;1\/2&#8243;][vc_column_text]<br \/>\nSind Sie Handwerker, Verk\u00e4ufer von Photovoltaik- und Solarmodulen, Heizungen, Sanit\u00e4ranlagen, M\u00f6beln, K\u00fcchen, Anh\u00e4ngern, Gebrauchtwagen und -fahrzeugen, Bauarbeiter, Garagist oder Karosseriebauer und <strong>suchen nach alternativen Zahlungsm\u00f6glichkeiten?<\/strong><br \/>\n[\/vc_column_text][vc_column_text]M\u00f6chten Sie Ihr Gesch\u00e4ft ausbauen und Ihren Kunden das Leben leichter machen?<\/p>\n<h4>Wenn Ihre Antwort JA lautet, lassen Sie uns zusammenarbeiten!<\/h4>\n<p>[\/vc_column_text][\/vc_column][vc_column width=&#8221;1\/2&#8243;][vc_column_text]Bei <a href=\"https:\/\/www.multicredit.ch\/de\/\"><strong>MultiCredit<\/strong><\/a> geht es in erster Linie um eine schnelle, einfache und diskrete L\u00f6sung. Wir haben uns verpflichtet, im besten Interesse unserer Kunden zu verhandeln.<\/p>\n<p>Kontaktieren Sie uns und lernen Sie unsere Dienstleistungen kennen. Gerne besprechen wir mit Ihnen, wie wir eine gegenseitige Partnerschaft aufbauen k\u00f6nnen.<\/p>\n<p>F\u00fcllen Sie das Formular am Ende der Seite aus, um uns besser kennenzulernen. Hinterlassen Sie uns Ihre Kontaktdaten und wir werden uns in unserer ersten M\u00f6glichkeit mit Ihnen in Verbindung setzen.[\/vc_column_text][\/vc_column][\/vc_row][vc_row][vc_column][vc_empty_space][vc_empty_space height=&#8221;60px&#8221;][vc_empty_space height=&#8221;60px&#8221;][\/vc_column][\/vc_row][vc_row][vc_column width=&#8221;1\/2&#8243;][vc_column_text]<\/p>\n<h2><span class=\"ez-toc-section\" id=\"Ihre_Vorteile\"><\/span>Ihre Vorteile?<span class=\"ez-toc-section-end\"><\/span><\/h2>\n<p>Seit<strong> 1999<\/strong> haben wir uns zu einem Spezialisten f\u00fcr Verbraucherkredite entwickelt. Unsere <a href=\"https:\/\/multicredit.ch\/de\/multicredit-fribourg-uber-uns\/\">Leitprinzipien<\/a>, n\u00e4mlich die Zufriedenheit unserer Kunden aus allen Bereichen, die menschlichen Beziehungen im Mittelpunkt unseres Austauschs und die Gew\u00e4hrung von ma\u00dfgeschneiderten Dienstleistungen, erm\u00f6glichen es uns, j\u00e4hrlich mehr als<strong> 15&#8217;000<\/strong> Antr\u00e4ge zu bearbeiten. Sie haben Zugang zu unserem Netzwerk von Finanzpartnern und wir garantieren Ihnen eine zuverl\u00e4ssige und professionelle Partnerschaft mit erfahrenen Mitarbeitern.<\/p>\n<ul>\n<li>Cross-Selling betreiben<\/li>\n<li>Zeigen Sie Ihren Kunden alternative<\/li>\n<li>Zahlungsm\u00f6glichkeiten auf.<\/li>\n<li>Ihre Ums\u00e4tze steigern<\/li>\n<li>Sie erhalten eine Provision<\/li>\n<li>Sie haben kein finanzielles Risiko<\/li>\n<li>Sie haben Zugang zu unserem Partnernetzwerk<\/li>\n<\/ul>\n<p>[\/vc_column_text][\/vc_column][vc_column width=&#8221;1\/2&#8243;][vc_single_image image=&#8221;11546&#8243; img_size=&#8221;full&#8221;][\/vc_column][\/vc_row][vc_row][vc_column][vc_empty_space height=&#8221;60px&#8221;][vc_empty_space height=&#8221;90px&#8221;][vc_empty_space height=&#8221;60px&#8221;][\/vc_column][\/vc_row][vc_row][vc_column width=&#8221;1\/2&#8243;][vc_single_image image=&#8221;12121&#8243; img_size=&#8221;full&#8221;][\/vc_column][vc_column width=&#8221;1\/2&#8243;][vc_column_text]<\/p>\n<h2><span class=\"ez-toc-section\" id=\"Die_Vorteile_fuer_Ihre_Kunden\"><\/span>Die Vorteile f\u00fcr Ihre Kunden?<span class=\"ez-toc-section-end\"><\/span><\/h2>\n<p>Durch die Zusammenarbeit bieten Sie Ihren Kunden nicht nur <a href=\"https:\/\/multicredit.ch\/de\/kreditantrag\/\"><strong>finanzielle Freiheit<\/strong><\/a>, <strong>sondern erleichtern ihnen auch den Alltag<\/strong>. Bei MultiCredit sind die Projekte immer in guten H\u00e4nden und die F\u00e4lle werden sorgf\u00e4ltig bearbeitet.<\/p>\n<ul>\n<li>Mehr finanzielle Freiheit<\/li>\n<li>Zahlung in mehreren Monatsraten<\/li>\n<li>Antwort innerhalb von 48 Stunden<\/li>\n<li>Grundsatzentscheidung in 5 Minuten<\/li>\n<li>Bearbeitung Ihres Dossiers in 8 verschiedenen Sprachen<\/li>\n<\/ul>\n<p>[\/vc_column_text][\/vc_column][\/vc_row][vc_row][vc_column][vc_empty_space height=&#8221;60px&#8221;][vc_empty_space height=&#8221;60px&#8221;][\/vc_column][\/vc_row][vc_row][vc_column][vc_empty_space height=&#8221;60px&#8221;][\/vc_column][\/vc_row][vc_row][vc_column][vc_column_text]<\/p>\n<h3><span class=\"ez-toc-section\" id=\"Kontaktieren_Sie_uns_jetzt_um_eine_Provision_fuer_jeden_abgeschlossenen_Deal_zu_erhalten\"><\/span>Kontaktieren Sie uns jetzt, um eine Provision f\u00fcr jeden abgeschlossenen Deal zu erhalten<span class=\"ez-toc-section-end\"><\/span><\/h3>\n<p>[\/vc_column_text][\/vc_column][\/vc_row][vc_row][vc_column width=&#8221;1\/2&#8243; el_class=&#8221;white-bg-form&#8221;]<\/p>\n<div class=\"wpcf7 no-js\" id=\"wpcf7-f19857-o1\" lang=\"de-DE\" dir=\"ltr\" data-wpcf7-id=\"19857\">\n<div class=\"screen-reader-response\">\n<p role=\"status\" aria-live=\"polite\" aria-atomic=\"true\">\n<ul><\/ul>\n<\/div>\n<form action=\"\/de\/wp-json\/wp\/v2\/pages\/19862#wpcf7-f19857-o1\" method=\"post\" class=\"wpcf7-form init\" aria-label=\"Contact form\" enctype=\"multipart\/form-data\" novalidate=\"novalidate\" data-status=\"init\">\n<fieldset class=\"hidden-fields-container\"><input type=\"hidden\" name=\"_wpcf7\" value=\"19857\" \/><input type=\"hidden\" name=\"_wpcf7_version\" value=\"6.1.5\" \/><input type=\"hidden\" name=\"_wpcf7_locale\" value=\"de_DE\" \/><input type=\"hidden\" name=\"_wpcf7_unit_tag\" value=\"wpcf7-f19857-o1\" \/><input type=\"hidden\" name=\"_wpcf7_container_post\" value=\"0\" \/><input type=\"hidden\" name=\"_wpcf7_posted_data_hash\" value=\"\" \/><input type=\"hidden\" name=\"_wpcf7_recaptcha_response\" value=\"\" \/><br \/>\n<\/fieldset>\n<p><span class=\"wpcf7-form-control-wrap\" data-name=\"Name\"><input size=\"40\" maxlength=\"400\" class=\"wpcf7-form-control wpcf7-text wpcf7-validates-as-required\" aria-required=\"true\" aria-invalid=\"false\" placeholder=\"Name*\" value=\"\" type=\"text\" name=\"Name\" \/><\/span><br \/>\n<span class=\"wpcf7-form-control-wrap\" data-name=\"Vorname\"><input size=\"40\" maxlength=\"400\" class=\"wpcf7-form-control wpcf7-text wpcf7-validates-as-required\" id=\"Vorname\" aria-required=\"true\" aria-invalid=\"false\" placeholder=\"Vorname*\" value=\"\" type=\"text\" name=\"Vorname\" \/><\/span><br \/>\n<span class=\"wpcf7-form-control-wrap\" data-name=\"Ihr\"><input size=\"40\" maxlength=\"400\" class=\"wpcf7-form-control wpcf7-text\" id=\"Ihr\" aria-invalid=\"false\" placeholder=\"Ihr Unternehmen\" value=\"\" type=\"text\" name=\"Ihr\" \/><\/span><br \/>\n<span class=\"wpcf7-form-control-wrap\" data-name=\"Ihre\"><input size=\"40\" maxlength=\"400\" class=\"wpcf7-form-control wpcf7-email wpcf7-validates-as-required wpcf7-text wpcf7-validates-as-email\" id=\"Ihre\" aria-required=\"true\" aria-invalid=\"false\" placeholder=\"Ihre Email*\" value=\"\" type=\"email\" name=\"Ihre\" \/><\/span><br \/>\n<span class=\"wpcf7-form-control-wrap\" data-name=\"PLZ\"><input size=\"40\" maxlength=\"400\" class=\"wpcf7-form-control wpcf7-text wpcf7-validates-as-required\" id=\"npa\" aria-required=\"true\" aria-invalid=\"false\" placeholder=\"PLZ*\" value=\"\" type=\"text\" name=\"PLZ\" \/><\/span><span class=\"wpcf7-form-control-wrap\" data-name=\"Stadt\"><input size=\"40\" maxlength=\"400\" class=\"wpcf7-form-control wpcf7-text wpcf7-validates-as-required\" id=\"Stadt\" aria-required=\"true\" aria-invalid=\"false\" placeholder=\"Stadt*\" value=\"\" type=\"text\" name=\"Stadt\" \/><\/span><br \/>\n<span class=\"wpcf7-form-control-wrap\" data-name=\"Telefon\"><input size=\"40\" maxlength=\"400\" class=\"wpcf7-form-control wpcf7-tel wpcf7-validates-as-required wpcf7-text wpcf7-validates-as-tel\" id=\"telefon\" aria-required=\"true\" aria-invalid=\"false\" placeholder=\"Telefon*\" value=\"\" type=\"tel\" name=\"Telefon\" \/><\/span><br \/>\n<span class=\"wpcf7-form-control-wrap\" data-name=\"IhreDateien\"><input size=\"40\" class=\"wpcf7-form-control wpcf7-file\" id=\"IhreDateien\" accept=\"audio\/*,video\/*,image\/*\" aria-invalid=\"false\" type=\"file\" name=\"IhreDateien\" \/><\/span><br \/>\n<span class=\"wpcf7-form-control-wrap\" data-name=\"Nachricht\"><textarea cols=\"40\" rows=\"10\" maxlength=\"2000\" class=\"wpcf7-form-control wpcf7-textarea\" id=\"nachricht\" aria-invalid=\"false\" placeholder=\"Nachricht\" name=\"Nachricht\"><\/textarea><\/span><br \/>\n<input class=\"wpcf7-form-control wpcf7-submit has-spinner\" id=\"submit\" type=\"submit\" value=\"Senden\" \/>\n<\/p>\n<p><input type=\"hidden\" id=\"ct_checkjs_cf7_fc221309746013ac554571fbd180e1c8\" name=\"ct_checkjs_cf7\" value=\"0\" \/><script >setTimeout(function(){var ct_input_name = \"ct_checkjs_cf7_fc221309746013ac554571fbd180e1c8\";if (document.getElementById(ct_input_name) !== null) {var ct_input_value = document.getElementById(ct_input_name).value;document.getElementById(ct_input_name).value = document.getElementById(ct_input_name).value.replace(ct_input_value, 'f350882909af177e6ae7f21ccaa78745bceacc83bdcef37d25207814ac5fc89e');}}, 1000);<\/script><input\n                    class=\"apbct_special_field apbct_email_id__wp_contact_form_7\"\n                    name=\"apbct__email_id__wp_contact_form_7\"\n                    aria-label=\"apbct__label_id__wp_contact_form_7\"\n                    type=\"text\" size=\"30\" maxlength=\"200\" autocomplete=\"off\"\n                    value=\"\"\n                \/><\/p>\n<div class=\"wpcf7-response-output\" aria-hidden=\"true\"><\/div>\n<\/form>\n<\/div>\n<p>[\/vc_column][vc_column width=&#8221;1\/2&#8243;][vc_column_text]<\/p>\n<h4 style=\"text-align: center;\">Attraktive Provisionen<\/h4>\n<p>[\/vc_column_text][vc_column_text]<\/p>\n<p style=\"text-align: center;\">Wir k\u00fcmmern uns sowohl um unsere Kunden als auch um unsere Partner. Mit einer menschlich orientierten und l\u00f6sungsorientierten Kommunikation bieten wir einfache, schnelle und effektive Finanzierungen an.<\/p>\n<p style=\"text-align: center;\">Sie werden systematisch f\u00fcr Ihre Arbeit belohnt. Wenn Sie Ihren Umsatz steigern,<strong> Ihren Kunden das Leben erleichtern und daf\u00fcr entlohnt werden m\u00f6chten<\/strong>, senden Sie uns Ihre Informationen kostenlos \u00fcber das Formular.<\/p>\n<p>[\/vc_column_text][vc_column_text]<\/p>\n<h4 style=\"text-align: center;\">Ein einfacher Schritt<\/h4>\n<p>[\/vc_column_text][vc_column_text]<br \/>\nWir k\u00fcmmern uns um alle administrativen Schritte. Wir verf\u00fcgen \u00fcber vereinfachte Verfahren mit einer hohen Reaktionsf\u00e4higkeit unserer Teams. Sie m\u00fcssen nur vier Schritte befolgen:<\/p>\n<ul>\n<li>Ausf\u00fcllen Ihrer Informationen \u00fcber unser Formular.<\/li>\n<li>Unser Key Account Manager nimmt innerhalb von 24 Stunden Kontakt mit Ihnen auf.<\/li>\n<li>Ein Treffen zwischen Ihnen und unserem Mitarbeiter wird arrangiert.<\/li>\n<li>Eine Unterzeichnung der Dokumente wird durchgef\u00fchrt<\/li>\n<\/ul>\n<p>[\/vc_column_text][vc_column_text]<\/p>\n<p style=\"text-align: center;\"><strong>Die Zusammenarbeit mit MultiCredit ist die Garantie, mit einem der besten Akteure im Bereich Konsumentenkredite in der Schweiz zusammenzuarbeiten!<\/strong><\/p>\n<p>[\/vc_column_text][vc_single_image image=&#8221;20959&#8243; img_size=&#8221;medium&#8221; alignment=&#8221;center&#8221;][vc_column_text]<\/p>\n<p style=\"text-align: center;\">aslan@multicredit.ch<br \/>\n<a href=\"tel:+41764123789\"><span class=\"\">+41 76 412 37 89\u00a0<\/span><\/a><\/p>\n<h5 style=\"text-align: center;\">GESPROCHENE SPRACHEN<\/h5>\n<p style=\"text-align: center;\">Franz\u00f6sisch, Englisch, Deutsch und T\u00fcrkisch<\/p>\n<p>[\/vc_column_text][\/vc_column][\/vc_row]<\/section>\n","protected":false},"excerpt":{"rendered":"<p>GEMEINSAM ERFOLGREICH SEIN<\/p>\n","protected":false},"author":4,"featured_media":19514,"parent":0,"menu_order":0,"comment_status":"closed","ping_status":"closed","template":"template-w-stats.php","meta":{"inline_featured_image":false,"footnotes":"","_links_to":"","_links_to_target":""},"categories":[],"class_list":["post-19862","page","type-page","status-publish","has-post-thumbnail","hentry"],"_links":{"self":[{"href":"https:\/\/multicredit.ch\/de\/wp-json\/wp\/v2\/pages\/19862","targetHints":{"allow":["GET"]}}],"collection":[{"href":"https:\/\/multicredit.ch\/de\/wp-json\/wp\/v2\/pages"}],"about":[{"href":"https:\/\/multicredit.ch\/de\/wp-json\/wp\/v2\/types\/page"}],"author":[{"embeddable":true,"href":"https:\/\/multicredit.ch\/de\/wp-json\/wp\/v2\/users\/4"}],"replies":[{"embeddable":true,"href":"https:\/\/multicredit.ch\/de\/wp-json\/wp\/v2\/comments?post=19862"}],"version-history":[{"count":14,"href":"https:\/\/multicredit.ch\/de\/wp-json\/wp\/v2\/pages\/19862\/revisions"}],"predecessor-version":[{"id":21010,"href":"https:\/\/multicredit.ch\/de\/wp-json\/wp\/v2\/pages\/19862\/revisions\/21010"}],"wp:featuredmedia":[{"embeddable":true,"href":"https:\/\/multicredit.ch\/de\/wp-json\/wp\/v2\/media\/19514"}],"wp:attachment":[{"href":"https:\/\/multicredit.ch\/de\/wp-json\/wp\/v2\/media?parent=19862"}],"wp:term":[{"taxonomy":"category","embeddable":true,"href":"https:\/\/multicredit.ch\/de\/wp-json\/wp\/v2\/categories?post=19862"}],"curies":[{"name":"wp","href":"https:\/\/api.w.org\/{rel}","templated":true}]}}