{"id":19832,"date":"2022-05-20T12:19:36","date_gmt":"2022-05-20T12:19:36","guid":{"rendered":"https:\/\/www.multicredit.ch\/finanzielle-geschaeftsgeber\/"},"modified":"2022-08-11T10:20:30","modified_gmt":"2022-08-11T10:20:30","slug":"finanzielle-geschaeftsgeber","status":"publish","type":"page","link":"https:\/\/multicredit.ch\/de\/finanzielle-geschaeftsgeber\/","title":{"rendered":"Finanzielle Gesch\u00e4ftsgeber"},"content":{"rendered":"<section class=\"wpb-content-wrapper\">[vc_row][vc_column][vc_empty_space height=&#8221;60px&#8221;][vc_column_text el_class=&#8221;maxwidth&#8221;]<\/p>\n<h3 style=\"text-align: center;\"><span class=\"ez-toc-section\" id=\"Werden_Sie_Partner_von_MultiCredit_und_lassen_Sie_uns_gemeinsam_fuer_den_Erfolg_zusammenarbeiten\"><\/span>Werden Sie Partner von MultiCredit und lassen Sie uns gemeinsam f\u00fcr den Erfolg zusammenarbeiten!<span class=\"ez-toc-section-end\"><\/span><\/h3>\n<p>[\/vc_column_text][vc_empty_space height=&#8221;60px&#8221;][\/vc_column][\/vc_row][vc_row][vc_column width=&#8221;1\/2&#8243;][vc_column_text]Sind Sie ein Makler, ein Wirtschaftsanwalt, ein Gesch\u00e4ftsvermittler, ein Finanzvermittler, ein Bankberater, ein Finanzberater, ein Immobilienmakler oder ein Unternehmensberater?<\/p>\n<p>M\u00f6chten Sie Ihr Gesch\u00e4ft ausbauen und auf dem Markt erfolgreich sein?<\/p>\n<h4>Wenn Ihre Antwort JA lautet, lassen Sie uns zusammenarbeiten!<\/h4>\n<p>[\/vc_column_text][\/vc_column][vc_column width=&#8221;1\/2&#8243;][vc_column_text]<strong>MultiCredit<\/strong> ist in erster Linie schnell, einfach und diskret. Wir haben uns verpflichtet, im besten Interesse unserer Kunden zu verhandeln.<\/p>\n<p><a href=\"https:\/\/multicredit.ch\/de\/beste-kreditrate-kontaktieren-sie-uns\/\">Kontaktieren<\/a> Sie uns und lernen Sie unsere Dienstleistungen kennen. Gerne besprechen wir mit Ihnen, wie wir eine gegenseitige Partnerschaft aufbauen k\u00f6nnen.<\/p>\n<p>F\u00fcllen Sie das Formular am Ende der Seite aus, um uns besser kennenzulernen. Hinterlassen Sie uns Ihre Kontaktdaten und wir werden uns in unserer ersten M\u00f6glichkeit mit Ihnen in Verbindung setzen.[\/vc_column_text][\/vc_column][\/vc_row][vc_row][vc_column][vc_empty_space][vc_empty_space height=&#8221;60px&#8221;][vc_empty_space height=&#8221;60px&#8221;][\/vc_column][\/vc_row][vc_row][vc_column width=&#8221;1\/2&#8243;][vc_column_text]<\/p>\n<h2><span class=\"ez-toc-section\" id=\"Was_sind_Ihre_Vorteile\"><\/span>Was sind Ihre Vorteile?<span class=\"ez-toc-section-end\"><\/span><\/h2>\n<p>Wir zahlen eine <strong>Abschlussprovision<\/strong> f\u00fcr jedes Gesch\u00e4ft, das \u00fcber Ihren Vermittler abgeschlossen wird (Bezahlter Vertrag). Wir k\u00f6nnen uns verpflichten, Sie dabei zu unterst\u00fctzen, Ihren Kunden einen Mehrwert zu bieten und Sie k\u00f6nnen von unserer umfassenden Erfahrung auf dem Markt f\u00fcr Verbraucherkredite profitieren.<\/p>\n<ul>\n<li>Sie gehen kein finanzielles Risiko ein.<\/li>\n<li>Sie erhalten eine Verg\u00fctung f\u00fcr jedes vermittelte Gesch\u00e4ft.<\/li>\n<li>Sie werten Ihr Image bei Ihren Kunden auf, indem Sie ihnen L\u00f6sungen f\u00fcr ihre verschiedenen Projekte anbieten.<\/li>\n<\/ul>\n<p>[\/vc_column_text][\/vc_column][vc_column width=&#8221;1\/2&#8243;][vc_single_image image=&#8221;19519&#8243; img_size=&#8221;full&#8221; alignment=&#8221;center&#8221;][\/vc_column][\/vc_row][vc_row][vc_column][vc_empty_space height=&#8221;60px&#8221;][vc_empty_space height=&#8221;90px&#8221;][vc_empty_space height=&#8221;60px&#8221;][\/vc_column][\/vc_row][vc_row][vc_column width=&#8221;1\/2&#8243;][vc_single_image image=&#8221;19527&#8243; img_size=&#8221;full&#8221; alignment=&#8221;center&#8221;][\/vc_column][vc_column width=&#8221;1\/2&#8243;][vc_column_text]<\/p>\n<h2><span class=\"ez-toc-section\" id=\"Was_sind_die_Vorteile_fuer_Ihre_Kundinnen_und_Kunden\"><\/span>Was sind die Vorteile f\u00fcr Ihre Kundinnen und Kunden?<span class=\"ez-toc-section-end\"><\/span><\/h2>\n<p>Unsere Dienstleistungen eignen sich f\u00fcr alle Projekte von <a href=\"https:\/\/multicredit.ch\/de\/kredit\/\">CHF 3&#8217;000 bis 400&#8217;000<\/a> und mit einer R\u00fcckzahlungsdauer von 12 bis 84 Monaten. Dadurch verf\u00fcgen Ihre Kunden \u00fcber alternative L\u00f6sungen und finanzielle Freiheit.<\/p>\n<ul>\n<li>Pers\u00f6nliche und professionelle Beratung in 8 verschiedenen Sprachen.<\/li>\n<li>Grundsatzentscheidung innerhalb von 5 Minuten.<\/li>\n<li>Kostenloses und unverbindliches Angebot<\/li>\n<\/ul>\n<p>[\/vc_column_text][\/vc_column][\/vc_row][vc_row][vc_column][vc_empty_space height=&#8221;60px&#8221;][\/vc_column][\/vc_row][vc_row][vc_column][vc_empty_space height=&#8221;60px&#8221;][vc_empty_space height=&#8221;60px&#8221;][\/vc_column][\/vc_row][vc_row][vc_column width=&#8221;1\/2&#8243;][\/vc_column][vc_column width=&#8221;1\/2&#8243;][\/vc_column][\/vc_row][vc_row][vc_column width=&#8221;1\/2&#8243;][vc_empty_space][vc_empty_space][vc_empty_space][vc_empty_space][vc_empty_space][vc_empty_space][vc_empty_space][vc_column_text]<\/p>\n<h4 style=\"text-align: center;\">Unser Direktor steht Ihnen gerne zur Verf\u00fcgung, um Ihre Fragen zu beantworten.<\/h4>\n<p>[\/vc_column_text][vc_column_text]<\/p>\n<h4 style=\"text-align: center;\"><a href=\"https:\/\/www.linkedin.com\/in\/m%C3%BCn%C3%BCr-aslan-credit-leasing-factoring\/\" target=\"_blank\" rel=\"noopener\">M\u00fcn\u00fcr Aslan<\/a><br \/>\n076 412 37 89<br \/>\n<a href=\"mailto:aslan@multicredit.ch\">aslan@multicredit.ch<\/a><\/h4>\n<p>[\/vc_column_text][\/vc_column][vc_column width=&#8221;1\/2&#8243;][vc_single_image image=&#8221;19535&#8243; img_size=&#8221;full&#8221; alignment=&#8221;center&#8221;][\/vc_column][\/vc_row][vc_row][vc_column][vc_empty_space height=&#8221;60px&#8221;][vc_empty_space height=&#8221;60px&#8221;][vc_empty_space][vc_column_text]<\/p>\n<h2><span class=\"ez-toc-section\" id=\"Fuellen_Sie_dieses_Formular_aus_um_mit_unseren_Teams_zusammenarbeiten_zu_koennen\"><\/span>F\u00fcllen Sie dieses Formular aus, um mit unseren Teams zusammenarbeiten zu k\u00f6nnen<span class=\"ez-toc-section-end\"><\/span><\/h2>\n<p>[\/vc_column_text][\/vc_column][\/vc_row][vc_row][vc_column width=&#8221;1\/2&#8243; el_class=&#8221;white-bg-form&#8221;]<\/p>\n<div class=\"wpcf7 no-js\" id=\"wpcf7-f19859-o1\" lang=\"de-DE\" dir=\"ltr\" data-wpcf7-id=\"19859\">\n<div class=\"screen-reader-response\">\n<p role=\"status\" aria-live=\"polite\" aria-atomic=\"true\">\n<ul><\/ul>\n<\/div>\n<form action=\"\/de\/wp-json\/wp\/v2\/pages\/19832#wpcf7-f19859-o1\" method=\"post\" class=\"wpcf7-form init\" aria-label=\"Contact form\" enctype=\"multipart\/form-data\" novalidate=\"novalidate\" data-status=\"init\">\n<fieldset class=\"hidden-fields-container\"><input type=\"hidden\" name=\"_wpcf7\" value=\"19859\" \/><input type=\"hidden\" name=\"_wpcf7_version\" value=\"6.1.5\" \/><input type=\"hidden\" name=\"_wpcf7_locale\" value=\"de_DE\" \/><input type=\"hidden\" name=\"_wpcf7_unit_tag\" value=\"wpcf7-f19859-o1\" \/><input type=\"hidden\" name=\"_wpcf7_container_post\" value=\"0\" \/><input type=\"hidden\" name=\"_wpcf7_posted_data_hash\" value=\"\" \/><input type=\"hidden\" name=\"_wpcf7_recaptcha_response\" value=\"\" \/><br \/>\n<\/fieldset>\n<p><span class=\"wpcf7-form-control-wrap\" data-name=\"Name\"><input size=\"40\" maxlength=\"400\" class=\"wpcf7-form-control wpcf7-text wpcf7-validates-as-required\" aria-required=\"true\" aria-invalid=\"false\" placeholder=\"Name*\" value=\"\" type=\"text\" name=\"Name\" \/><\/span><br \/>\n<span class=\"wpcf7-form-control-wrap\" data-name=\"Vorname\"><input size=\"40\" maxlength=\"400\" class=\"wpcf7-form-control wpcf7-text wpcf7-validates-as-required\" id=\"Vorname\" aria-required=\"true\" aria-invalid=\"false\" placeholder=\"Vorname*\" value=\"\" type=\"text\" name=\"Vorname\" \/><\/span><br \/>\n<span class=\"wpcf7-form-control-wrap\" data-name=\"Ihr\"><input size=\"40\" maxlength=\"400\" class=\"wpcf7-form-control wpcf7-text\" id=\"Ihr\" aria-invalid=\"false\" placeholder=\"Ihr Unternehmen\" value=\"\" type=\"text\" name=\"Ihr\" \/><\/span><br \/>\n<span class=\"wpcf7-form-control-wrap\" data-name=\"Ihre\"><input size=\"40\" maxlength=\"400\" class=\"wpcf7-form-control wpcf7-email wpcf7-validates-as-required wpcf7-text wpcf7-validates-as-email\" id=\"Ihre\" aria-required=\"true\" aria-invalid=\"false\" placeholder=\"Ihre Email*\" value=\"\" type=\"email\" name=\"Ihre\" \/><\/span><br \/>\n<span class=\"wpcf7-form-control-wrap\" data-name=\"PLZ\"><input size=\"40\" maxlength=\"400\" class=\"wpcf7-form-control wpcf7-text wpcf7-validates-as-required\" id=\"npa\" aria-required=\"true\" aria-invalid=\"false\" placeholder=\"PLZ*\" value=\"\" type=\"text\" name=\"PLZ\" \/><\/span><span class=\"wpcf7-form-control-wrap\" data-name=\"Stadt\"><input size=\"40\" maxlength=\"400\" class=\"wpcf7-form-control wpcf7-text wpcf7-validates-as-required\" id=\"Stadt\" aria-required=\"true\" aria-invalid=\"false\" placeholder=\"Stadt*\" value=\"\" type=\"text\" name=\"Stadt\" \/><\/span><br \/>\n<span class=\"wpcf7-form-control-wrap\" data-name=\"Telefon\"><input size=\"40\" maxlength=\"400\" class=\"wpcf7-form-control wpcf7-tel wpcf7-validates-as-required wpcf7-text wpcf7-validates-as-tel\" id=\"telefon\" aria-required=\"true\" aria-invalid=\"false\" placeholder=\"Telefon*\" value=\"\" type=\"tel\" name=\"Telefon\" \/><\/span><br \/>\n<span class=\"wpcf7-form-control-wrap\" data-name=\"IhreDateien\"><input size=\"40\" class=\"wpcf7-form-control wpcf7-file\" accept=\"audio\/*,video\/*,image\/*\" aria-invalid=\"false\" type=\"file\" name=\"IhreDateien\" \/><\/span><br \/>\n<span class=\"wpcf7-form-control-wrap\" data-name=\"Nachricht\"><textarea cols=\"40\" rows=\"10\" maxlength=\"2000\" class=\"wpcf7-form-control wpcf7-textarea\" id=\"nachricht\" aria-invalid=\"false\" placeholder=\"Nachricht\" name=\"Nachricht\"><\/textarea><\/span><br \/>\n<input class=\"wpcf7-form-control wpcf7-submit has-spinner\" id=\"submit\" type=\"submit\" value=\"Senden\" \/>\n<\/p>\n<p><input type=\"hidden\" id=\"ct_checkjs_cf7_f9028faec74be6ec9b852b0a542e2f39\" name=\"ct_checkjs_cf7\" value=\"0\" \/><script >setTimeout(function(){var ct_input_name = \"ct_checkjs_cf7_f9028faec74be6ec9b852b0a542e2f39\";if (document.getElementById(ct_input_name) !== null) {var ct_input_value = document.getElementById(ct_input_name).value;document.getElementById(ct_input_name).value = document.getElementById(ct_input_name).value.replace(ct_input_value, 'f350882909af177e6ae7f21ccaa78745bceacc83bdcef37d25207814ac5fc89e');}}, 1000);<\/script><input\n                    class=\"apbct_special_field apbct_email_id__wp_contact_form_7\"\n                    name=\"apbct__email_id__wp_contact_form_7\"\n                    aria-label=\"apbct__label_id__wp_contact_form_7\"\n                    type=\"text\" size=\"30\" maxlength=\"200\" autocomplete=\"off\"\n                    value=\"\"\n                \/><\/p>\n<div class=\"wpcf7-response-output\" aria-hidden=\"true\"><\/div>\n<\/form>\n<\/div>\n<p>[\/vc_column][vc_column width=&#8221;1\/2&#8243;][vc_empty_space][vc_empty_space][vc_empty_space][vc_empty_space][vc_empty_space][vc_column_text]<\/p>\n<h4 style=\"text-align: center;\">Erzielen Sie zus\u00e4tzliche Einnahmen<\/h4>\n<p>[\/vc_column_text][vc_column_text]<\/p>\n<p style=\"text-align: center;\"><strong>Mit uns Geld zu verdienen war noch nie so einfach und unkompliziert<\/strong>!<\/p>\n<p style=\"text-align: center;\">Wir garantieren eine Zusammenarbeit in beide Richtungen. Wenn Sie nach neuen M\u00f6glichkeiten suchen, stehen wir Ihnen gerne zur Verf\u00fcgung, um unser Gesch\u00e4ft auszubauen. <strong>Je mehr Kunden wir haben, desto mehr Geld erhalten Sie.<\/strong><\/p>\n<p>[\/vc_column_text][vc_column_text]<\/p>\n<h4 style=\"text-align: center;\">Flexible Zusammenarbeit<\/h4>\n<p>[\/vc_column_text][vc_column_text]<\/p>\n<p style=\"text-align: center;\">Seit 1999 sind wir auf Verbraucherkredite spezialisiert. Was uns von anderen unterscheidet, ist unsere Flexibilit\u00e4t auf dem Markt. Wir verf\u00fcgen \u00fcber ein kompetentes und erfahrenes Team und haben uns an Ver\u00e4nderungen angepasst, w\u00e4hrend wir uns weiterhin auf die gleiche Branche spezialisiert haben.<\/p>\n<p style=\"text-align: center;\"><strong>Wenn Sie Leistung und Produktivit\u00e4t f\u00fcr Ihr Gesch\u00e4ft w\u00fcnschen<\/strong>, lassen Sie uns Ihre Kontaktdaten \u00fcber das Formular zukommen. Schnell, einfach und diskret bearbeiten wir Ihre Anfrage innerhalb von 24 Stunden. Sobald die Informationen zusammengestellt sind, wird sich unser Key Account Manager gerne bei Ihnen melden, um einen Termin zu vereinbaren.<\/p>\n<p>[\/vc_column_text][vc_column_text]<\/p>\n<p style=\"text-align: center;\"><strong>Die beste L\u00f6sung im Interesse unseres Mandanten zu finden, ist unsere erste Aufgabe.<\/strong><\/p>\n<p>[\/vc_column_text][\/vc_column][\/vc_row][vc_row][vc_column][\/vc_column][\/vc_row]<\/section>\n","protected":false},"excerpt":{"rendered":"<p>GEMEINSAM ERFOLGREICH SEIN<\/p>\n","protected":false},"author":4,"featured_media":19514,"parent":0,"menu_order":0,"comment_status":"closed","ping_status":"closed","template":"","meta":{"inline_featured_image":false,"footnotes":"","_links_to":"","_links_to_target":""},"categories":[],"class_list":["post-19832","page","type-page","status-publish","has-post-thumbnail","hentry"],"_links":{"self":[{"href":"https:\/\/multicredit.ch\/de\/wp-json\/wp\/v2\/pages\/19832","targetHints":{"allow":["GET"]}}],"collection":[{"href":"https:\/\/multicredit.ch\/de\/wp-json\/wp\/v2\/pages"}],"about":[{"href":"https:\/\/multicredit.ch\/de\/wp-json\/wp\/v2\/types\/page"}],"author":[{"embeddable":true,"href":"https:\/\/multicredit.ch\/de\/wp-json\/wp\/v2\/users\/4"}],"replies":[{"embeddable":true,"href":"https:\/\/multicredit.ch\/de\/wp-json\/wp\/v2\/comments?post=19832"}],"version-history":[{"count":18,"href":"https:\/\/multicredit.ch\/de\/wp-json\/wp\/v2\/pages\/19832\/revisions"}],"predecessor-version":[{"id":21012,"href":"https:\/\/multicredit.ch\/de\/wp-json\/wp\/v2\/pages\/19832\/revisions\/21012"}],"wp:featuredmedia":[{"embeddable":true,"href":"https:\/\/multicredit.ch\/de\/wp-json\/wp\/v2\/media\/19514"}],"wp:attachment":[{"href":"https:\/\/multicredit.ch\/de\/wp-json\/wp\/v2\/media?parent=19832"}],"wp:term":[{"taxonomy":"category","embeddable":true,"href":"https:\/\/multicredit.ch\/de\/wp-json\/wp\/v2\/categories?post=19832"}],"curies":[{"name":"wp","href":"https:\/\/api.w.org\/{rel}","templated":true}]}}