{"id":17177,"date":"2021-06-28T09:47:37","date_gmt":"2021-06-28T09:47:37","guid":{"rendered":"https:\/\/www.multicredit.ch\/kredit\/persoenlicher-kredit\/"},"modified":"2025-01-23T08:07:38","modified_gmt":"2025-01-23T08:07:38","slug":"privatkredit","status":"publish","type":"page","link":"https:\/\/multicredit.ch\/de\/kredit\/privatkredit\/","title":{"rendered":"Privatkredit"},"content":{"rendered":"<section class=\"wpb-content-wrapper\">[vc_row][vc_column][vc_empty_space height=&#8221;100px&#8221;]<\/p>\n<div class=\"blocktitle title-left title-dark\" clearfix\"><H2><span class=\"ez-toc-section\" id=\"Privatkredit_zu_den_besten_Konditionen_bei_MultiCredit\"><\/span>Privatkredit zu den besten Konditionen bei MultiCredit<\/H2><\/p>\n<h4>MultiCredit, wertvolle Beratung und viele Vorteile<\/h4>\n<\/div>\n<p>[vc_column_text]<\/p>\n<ul>\n<li><strong>Bester verhandelter<\/strong> Zinssatz<\/li>\n<li>Betr\u00e4ge im Bereich <strong>von CHF 3&#8217;000 bis 400&#8217;000<\/strong><\/li>\n<li><strong>Flexible<\/strong> R\u00fcckzahlungsdauer von 6 bis 84 Monaten<\/li>\n<li>Vorzeitige R\u00fcckzahlung <strong>jederzeit<\/strong> m\u00f6glich, Zinsreduktion<\/li>\n<li><strong>R\u00fcckkauf und <a href=\"https:\/\/multicredit.ch\/de\/kredit\/rueckkauf-von-krediten\/zusammenfuehrung-der-kredite\/\">Konsolidierung von Krediten<\/a><\/strong>, <a href=\"https:\/\/multicredit.ch\/de\/kredit\/rueckkauf-von-krediten\/rueckkauf-des-leasing\/\">Leasing<\/a>, <a href=\"https:\/\/multicredit.ch\/de\/kredit\/rueckkauf-von-krediten\/rueckkauf-der-kredikarte\/\">Kreditkartensalden<\/a><\/li>\n<li>Grundsatzentscheidung in <strong>5 Minuten<\/strong><\/li>\n<li>Die Zinsen sind von Ihrem steuerpflichtigen Einkommen <strong>abzugsf\u00e4hig<\/strong><\/li>\n<li>Sie haben bereits einen Kredit und m\u00f6chten einen Kreditzusatz hinzuf\u00fcgen, es ist m\u00f6glich<\/li>\n<li>Pers\u00f6nliche Beratung durch ein auf Privatkredite spezialisiertes Team<\/li>\n<\/ul>\n<p>Mit MultiCredit, dem <a href=\"https:\/\/www.multicredit.ch\/de\/\">Privatkreditspezialisten (Privatkredit oder Pers\u00f6nlicher Kredit)<\/a>\u00a0in der Schweiz <strong>seit 1999<\/strong>, profitieren Sie von den Vorteilen eines Kredits zum besten Zinssatz. Haben Sie ein Projekt wie Autokauf, M\u00f6bel, Renovierung, Ausbildung, Gesundheit, Freizeit usw.? Sprechen Sie uns an und wir finden die L\u00f6sung, <strong>die zu Ihnen passt<\/strong>.<\/p>\n<p>[\/vc_column_text][\/vc_column][\/vc_row][vc_row][vc_column width=&#8221;1\/2&#8243;][vc_single_image image=&#8221;17138&#8243; img_size=&#8221;full&#8221;][\/vc_column][vc_column width=&#8221;1\/2&#8243;]<\/p>\n<div class=\"blocktitle title-left title-dark\" clearfix\"><H2><span class=\"ez-toc-section\" id=\"Bedingungen_fuer_die_Kreditvergabe\"><\/span>Bedingungen f\u00fcr die Kreditvergabe<\/H2><\/div>\n<p>[vc_column_text]<\/p>\n<ul>\n<li><strong>Schweizer B\u00fcrger, <a href=\"https:\/\/www.sem.admin.ch\/sem\/de\/home\/themen\/aufenthalt\/eu_efta.html\" target=\"_blank\" rel=\"noopener\">Ausweis C, Ausweis B, Ausweis G oder Legitimationskarte<\/a><\/strong><\/li>\n<li>Sie arbeiten <strong>in der Schweiz<\/strong> und haben einen unbefristeten oder langfristigen Vertrag<\/li>\n<li><strong>Keine anh\u00e4ngigen<\/strong> Gerichtsverfahren haben<\/li>\n<li><strong>Mindestens 18 Jahre<\/strong> alt sein<\/li>\n<li>Bei Zeitarbeitern <strong>mindestens 6 Monate<\/strong> bei der gleichen Agentur arbeiten<\/li>\n<li>F\u00fcr Rentner, AI und AVS, die <strong>keine<\/strong> Erg\u00e4nzungsleistungen erhalten<\/li>\n<li>F\u00fcr Selbstst\u00e4ndige, Eintragung ins Handelsregister f\u00fcr <strong>mindestens 2 Jahre<\/strong><\/li>\n<li>F\u00fcr Inhaber einer B-Bewilligung, <strong>seit mindestens 12 <\/strong>Monaten in der Schweiz niedergelassen sein<\/li>\n<li>F\u00fcr Inhaber einer Legitimationskarte, <strong>seit mindestens 6 <\/strong>Monaten in der Schweiz niedergelassen sein<\/li>\n<\/ul>\n<p>[\/vc_column_text][\/vc_column][\/vc_row]<\/section>\n","protected":false},"excerpt":{"rendered":"<p>[vc_row][vc_column][vc_empty_space height=&#8221;100px&#8221;][vc_column_text] Bester verhandelter Zinssatz Betr\u00e4ge im Bereich von CHF 3&#8217;000 bis 400&#8217;000 Flexible R\u00fcckzahlungsdauer von 6 bis 84 Monaten Vorzeitige R\u00fcckzahlung jederzeit m\u00f6glich, Zinsreduktion R\u00fcckkauf und Konsolidierung von Krediten, Leasing, Kreditkartensalden Grundsatzentscheidung in 5 Minuten Die Zinsen sind von Ihrem steuerpflichtigen Einkommen abzugsf\u00e4hig Sie haben bereits einen Kredit und m\u00f6chten einen Kreditzusatz hinzuf\u00fcgen, es [&hellip;]<\/p>\n","protected":false},"author":4,"featured_media":17199,"parent":12357,"menu_order":0,"comment_status":"closed","ping_status":"closed","template":"template-credit-full.php","meta":{"inline_featured_image":false,"footnotes":"","_links_to":"","_links_to_target":""},"categories":[],"class_list":["post-17177","page","type-page","status-publish","has-post-thumbnail","hentry"],"_links":{"self":[{"href":"https:\/\/multicredit.ch\/de\/wp-json\/wp\/v2\/pages\/17177","targetHints":{"allow":["GET"]}}],"collection":[{"href":"https:\/\/multicredit.ch\/de\/wp-json\/wp\/v2\/pages"}],"about":[{"href":"https:\/\/multicredit.ch\/de\/wp-json\/wp\/v2\/types\/page"}],"author":[{"embeddable":true,"href":"https:\/\/multicredit.ch\/de\/wp-json\/wp\/v2\/users\/4"}],"replies":[{"embeddable":true,"href":"https:\/\/multicredit.ch\/de\/wp-json\/wp\/v2\/comments?post=17177"}],"version-history":[{"count":15,"href":"https:\/\/multicredit.ch\/de\/wp-json\/wp\/v2\/pages\/17177\/revisions"}],"predecessor-version":[{"id":27868,"href":"https:\/\/multicredit.ch\/de\/wp-json\/wp\/v2\/pages\/17177\/revisions\/27868"}],"up":[{"embeddable":true,"href":"https:\/\/multicredit.ch\/de\/wp-json\/wp\/v2\/pages\/12357"}],"wp:featuredmedia":[{"embeddable":true,"href":"https:\/\/multicredit.ch\/de\/wp-json\/wp\/v2\/media\/17199"}],"wp:attachment":[{"href":"https:\/\/multicredit.ch\/de\/wp-json\/wp\/v2\/media?parent=17177"}],"wp:term":[{"taxonomy":"category","embeddable":true,"href":"https:\/\/multicredit.ch\/de\/wp-json\/wp\/v2\/categories?post=17177"}],"curies":[{"name":"wp","href":"https:\/\/api.w.org\/{rel}","templated":true}]}}