{"id":16596,"date":"2021-06-11T08:32:02","date_gmt":"2021-06-11T08:32:02","guid":{"rendered":"https:\/\/www.multicredit.ch\/vielen-dank-fur-die-anfrage\/"},"modified":"2023-03-29T14:58:35","modified_gmt":"2023-03-29T14:58:35","slug":"vielen-dank-fur-die-anfrage","status":"publish","type":"page","link":"https:\/\/multicredit.ch\/de\/vielen-dank-fur-die-anfrage\/","title":{"rendered":"Vielen Dank f\u00fcr die Anfrage"},"content":{"rendered":"<section class=\"wpb-content-wrapper\">[vc_row full_width=&#8221;stretch_row_content&#8221; gap=&#8221;10&#8243; equal_height=&#8221;yes&#8221; content_placement=&#8221;middle&#8221; el_class=&#8221;white-bck checklist&#8221;][vc_column data_aos=&#8221;fade-in&#8221;]<\/p>\n<div class=\"blocktitle title-center title-dark\" clearfix\"><H2><span class=\"ez-toc-section\" id=\"Ihr_Kreditantrag_ist_bei_uns_eingegangen_vielen_Dank\"><\/span>Ihr Kreditantrag ist bei uns eingegangen, vielen Dank!<\/H2><\/p>\n<h4>Damit Ihr Antrag so schnell wie m\u00f6glich bearbeitet werden kann, befolgen Sie diese drei Schritte, damit wir alle Elemente f\u00fcr einen Vertragsabschluss<\/h4>\n<\/div>\n<p>[vc_row_inner equal_height=&#8221;yes&#8221; gap=&#8221;25&#8243; css=&#8221;.vc_custom_1680092313719{padding-top: 48px !important;padding-right: 24px !important;padding-bottom: 48px !important;padding-left: 24px !important;background-color: #0247d3 !important;}&#8221;][vc_column_inner width=&#8221;1\/3&#8243; css=&#8221;.vc_custom_1680091712355{background-color: #ffffff !important;border-radius: 35px !important;}&#8221;][vc_icon icon_fontawesome=&#8221;fas fa-question-circle&#8221; color=&#8221;custom&#8221; size=&#8221;xl&#8221; align=&#8221;center&#8221; custom_color=&#8221;#df003c&#8221;]<\/p>\n<div class=\"blocktitle title-center title-dark\" clearfix\"><H3><span class=\"ez-toc-section\" id=\"1_Bereiten_Sie_diese_Informationen_vor\"><\/span>1. Bereiten Sie diese Informationen vor<\/H3><\/p>\n<h4>Um sie griffbereit zu haben<\/h4>\n<\/div>\n<p>[vc_column_text]<\/p>\n<ul>\n<li>Da quanto tempo lavora nella sua azienda (mesi\/anni)?<\/li>\n<li>A quanto ammonta l&#8217;affitto\/mutuo mensile?<\/li>\n<li>Da quanto tempo vive all&#8217;indirizzo attuale (mesi\/anni)?<\/li>\n<li>Se avete figli a carico, quali sono i loro anni di nascita?<\/li>\n<\/ul>\n<p>[\/vc_column_text][\/vc_column_inner][vc_column_inner width=&#8221;1\/3&#8243; css=&#8221;.vc_custom_1680091902238{background-color: #ffffff !important;border-radius: 35px !important;}&#8221;][vc_icon icon_fontawesome=&#8221;fas fa-file-alt&#8221; color=&#8221;custom&#8221; size=&#8221;xl&#8221; align=&#8221;center&#8221; custom_color=&#8221;#df003c&#8221;]<\/p>\n<div class=\"blocktitle title-center title-dark\" clearfix\"><H3><span class=\"ez-toc-section\" id=\"2_Dokumentensuche\"><\/span>2. Dokumentensuche<\/H3><\/p>\n<h4>Und scannen Sie sie oder machen Sie ein Foto<\/h4>\n<\/div>\n<p>[vc_column_text]<\/p>\n<ul>\n<li>Ihre letzten drei Gehaltsabrechnungen&lt;br&gt;<\/li>\n<li>Kopie beider Seiten Ihres CH-Ausweises oder Ihres Schweizer Aufenhaltstitels&lt;br&gt;<\/li>\n<li>Kopie der aktuellen Krankenversicherung Police (wenn verheiratet von der ganzen Familie).<\/li>\n<\/ul>\n<p>[\/vc_column_text][\/vc_column_inner][vc_column_inner width=&#8221;1\/3&#8243; css=&#8221;.vc_custom_1680091912255{background-color: #ffffff !important;border-radius: 35px !important;}&#8221;][vc_icon icon_fontawesome=&#8221;fas fa-paper-plane&#8221; color=&#8221;custom&#8221; size=&#8221;xl&#8221; align=&#8221;center&#8221; custom_color=&#8221;#df003c&#8221;]<\/p>\n<div class=\"blocktitle title-center title-dark\" clearfix\"><H3><span class=\"ez-toc-section\" id=\"3_Senden_Sie_die_letzten_Infos\"><\/span>3. Senden Sie die letzten Infos<\/H3><\/p>\n<h4>Per Whatsapp, e-Mail oder auf dem Postweg<\/h4>\n<\/div>\n<p>[vc_column_text]<\/p>\n<ul>\n<li style=\"text-align: left;\">Sobald diese Elemente in unserem Besitz sind, beginnen wir mit dem Analyseprozess, der ca. 1 bis 2 Werktage dauert und es uns erm\u00f6glicht, ein massgeschneidertes Angebot zu erstellen.<\/li>\n<li style=\"text-align: left;\">Wir versichern Ihnen die kostenlose und vertrauliche Behandlung der Akte.<\/li>\n<\/ul>\n<p>[\/vc_column_text][\/vc_column_inner][\/vc_row_inner][vc_row_inner css=&#8221;.vc_custom_1680097548143{padding-right: 24px !important;padding-bottom: 48px !important;padding-left: 24px !important;background-color: #0247d3 !important;}&#8221;][vc_column_inner width=&#8221;1\/3&#8243; css=&#8221;.vc_custom_1680097392694{border-radius: 35px !important;}&#8221;][\/vc_column_inner][vc_column_inner width=&#8221;1\/3&#8243;][vc_btn title=&#8221;Dokumente per e-Mail versenden&#8221; align=&#8221;center&#8221; i_icon_fontawesome=&#8221;fas fa-envelope&#8221; button_block=&#8221;true&#8221; add_icon=&#8221;true&#8221; link=&#8221;url:http%3A%2F%2Finfo%40multicredit.ch|&#8221;][vc_btn title=&#8221;Dokumente per Whatsapp versenden&#8221; align=&#8221;center&#8221; i_icon_fontawesome=&#8221;fab fa-whatsapp&#8221; button_block=&#8221;true&#8221; add_icon=&#8221;true&#8221; link=&#8221;url:https%3A%2F%2Fapi.whatsapp.com%2Fsend%3Fphone%3D41799363175|&#8221;][\/vc_column_inner][vc_column_inner width=&#8221;1\/3&#8243;][\/vc_column_inner][\/vc_row_inner][\/vc_column][\/vc_row][vc_row full_width=&#8221;stretch_row&#8221; content_placement=&#8221;middle&#8221; el_class=&#8221;white-bck bigpadding checklist&#8221;][vc_column data_aos=&#8221;fade-in&#8221;][vc_icon icon_fontawesome=&#8221;fas fa-info-circle&#8221; color=&#8221;custom&#8221; size=&#8221;xl&#8221; align=&#8221;center&#8221; custom_color=&#8221;#df003c&#8221;]<\/p>\n<div class=\"blocktitle title-center title-dark\" clearfix\"><H2><span class=\"ez-toc-section\" id=\"Wussten_Sie_schon\"><\/span>Wussten Sie schon?<\/H2><\/div>\n<p>[vc_column_text el_class=&#8221;maxwidth&#8221; css=&#8221;.vc_custom_1680101888563{padding-bottom: 48px !important;}&#8221;]<\/p>\n<ul>\n<li class=\"ql-block\" data-block-id=\"block-0bad60c5-6ddc-4833-96d2-32b8fea4c3ed\">Sie k\u00f6nnen Ihr Darlehen jederzeit im Voraus zur\u00fcckzahlen und erhalten eine Zinserm\u00e4ssigung an die Laufzeit des ungenutzten Darlehens<\/li>\n<li class=\"ql-block\" data-block-id=\"block-0bad60c5-6ddc-4833-96d2-32b8fea4c3ed\">Todesfallversicherung zur Deckung des Guthabens (Familienschutz)<\/li>\n<li class=\"ql-block\" data-block-id=\"block-0bad60c5-6ddc-4833-96d2-32b8fea4c3ed\">Entscheidung grunds\u00e4tzlich in 5 Minuten beim ersten Telefonkontakt<\/li>\n<\/ul>\n<p>[\/vc_column_text][\/vc_column][\/vc_row][vc_row full_width=&#8221;stretch_row&#8221; el_class=&#8221;diagonal-bck gradient-bck bigpadding full-width&#8221;][vc_column data_aos=&#8221;fade-in&#8221;][vc_column_text css=&#8221;.vc_custom_1680101912719{padding-top: 96px !important;}&#8221;]<\/p>\n<div class=\"blocktitle title-center title-light maxwidth\">\n<h2><span class=\"ez-toc-section\" id=\"Multicredit_geniesst_zahlreiche_Empfehlungen_seiner_Kunden_und_dankt_ihnen_dafuer\"><\/span>Multicredit, genie\u00dft zahlreiche Empfehlungen seiner Kunden und dankt ihnen daf\u00fcr.<span class=\"ez-toc-section-end\"><\/span><\/h2>\n<\/div>\n<p>[\/vc_column_text][\/vc_column][\/vc_row]<\/section>\n","protected":false},"excerpt":{"rendered":"<p>[vc_row full_width=&#8221;stretch_row_content&#8221; gap=&#8221;10&#8243; equal_height=&#8221;yes&#8221; content_placement=&#8221;middle&#8221; el_class=&#8221;white-bck checklist&#8221;][vc_column data_aos=&#8221;fade-in&#8221;][vc_row_inner equal_height=&#8221;yes&#8221; gap=&#8221;25&#8243; css=&#8221;.vc_custom_1680092313719{padding-top: 48px !important;padding-right: 24px !important;padding-bottom: 48px !important;padding-left: 24px !important;background-color: #0247d3 !important;}&#8221;][vc_column_inner width=&#8221;1\/3&#8243; css=&#8221;.vc_custom_1680091712355{background-color: #ffffff !important;border-radius: 35px !important;}&#8221;][vc_icon icon_fontawesome=&#8221;fas fa-question-circle&#8221; color=&#8221;custom&#8221; size=&#8221;xl&#8221; align=&#8221;center&#8221; custom_color=&#8221;#df003c&#8221;][vc_column_text] Da quanto tempo lavora nella sua azienda (mesi\/anni)? A quanto ammonta l&#8217;affitto\/mutuo mensile? Da quanto tempo vive all&#8217;indirizzo attuale (mesi\/anni)? Se avete [&hellip;]<\/p>\n","protected":false},"author":4,"featured_media":24791,"parent":0,"menu_order":0,"comment_status":"closed","ping_status":"closed","template":"template-basic.php","meta":{"inline_featured_image":false,"footnotes":"","_links_to":"","_links_to_target":""},"categories":[240,693,304,756,696,297,238,249],"class_list":["post-16596","page","type-page","status-publish","has-post-thumbnail","hentry","category-gutschrift","category-ausbildungskredit","category-auto-kredit","category-credit-pme-de","category-gesundheits-kredit","category-immobilienkredit","category-kredit-rueckkauf","category-kreditkarte"],"_links":{"self":[{"href":"https:\/\/multicredit.ch\/de\/wp-json\/wp\/v2\/pages\/16596","targetHints":{"allow":["GET"]}}],"collection":[{"href":"https:\/\/multicredit.ch\/de\/wp-json\/wp\/v2\/pages"}],"about":[{"href":"https:\/\/multicredit.ch\/de\/wp-json\/wp\/v2\/types\/page"}],"author":[{"embeddable":true,"href":"https:\/\/multicredit.ch\/de\/wp-json\/wp\/v2\/users\/4"}],"replies":[{"embeddable":true,"href":"https:\/\/multicredit.ch\/de\/wp-json\/wp\/v2\/comments?post=16596"}],"version-history":[{"count":11,"href":"https:\/\/multicredit.ch\/de\/wp-json\/wp\/v2\/pages\/16596\/revisions"}],"predecessor-version":[{"id":25031,"href":"https:\/\/multicredit.ch\/de\/wp-json\/wp\/v2\/pages\/16596\/revisions\/25031"}],"wp:featuredmedia":[{"embeddable":true,"href":"https:\/\/multicredit.ch\/de\/wp-json\/wp\/v2\/media\/24791"}],"wp:attachment":[{"href":"https:\/\/multicredit.ch\/de\/wp-json\/wp\/v2\/media?parent=16596"}],"wp:term":[{"taxonomy":"category","embeddable":true,"href":"https:\/\/multicredit.ch\/de\/wp-json\/wp\/v2\/categories?post=16596"}],"curies":[{"name":"wp","href":"https:\/\/api.w.org\/{rel}","templated":true}]}}