{"id":16220,"date":"2020-03-10T09:53:00","date_gmt":"2020-03-10T09:53:00","guid":{"rendered":"https:\/\/www.multicredit.ch\/faq\/"},"modified":"2021-07-31T10:33:06","modified_gmt":"2021-07-31T10:33:06","slug":"faq","status":"publish","type":"page","link":"https:\/\/multicredit.ch\/de\/faq\/","title":{"rendered":"FAQ"},"content":{"rendered":"<section class=\"wpb-content-wrapper\">[vc_row][vc_column]<\/p>\n<div class=\"blocktitle title-left title-dark\" clearfix\"><H2>MultiKredit FAQ - Wie k\u00f6nnen wir Ihnen helfen?<\/H2><\/p>\n<h4>MultiKredit hat Antworten auf alle Ihre Fragen!<\/h4>\n<\/div>\n<p>[vc_column_text]Wahrscheinlich haben Sie viele Fragen zu Kreditantr\u00e4gen und den verschiedenen damit verbundenen Aspekten. MultiKredit hat Antworten auf alle Ihre Fragen (FAQ). Z\u00f6gern Sie nicht, uns f\u00fcr jede andere Frage zu kontaktieren![\/vc_column_text][\/vc_column][\/vc_row][vc_row][vc_column][vc_column_text]<\/p>\n<h3><span class=\"ez-toc-section\" id=\"Wie_bekomme_ich_einen_Kredit_und_welche_Gebuehren_muss_ich_zahlen\"><\/span><strong>Wie bekomme ich einen Kredit und welche Geb\u00fchren muss ich zahlen<\/strong><span class=\"ez-toc-section-end\"><\/span><\/h3>\n<p>Sie k\u00f6nnen ein kostenloses und unverbindliches Angebot einholen, indem Sie einen Antrag stellen (auf der Website, telefonisch oder pers\u00f6nlich). Es fallen keine Geb\u00fchren f\u00fcr die Beschaffung des Kredits oder f\u00fcr das Studium der Akte an, aber Sie m\u00fcssen den Kredit (und die Zinsen) zur\u00fcckzahlen, wenn der Vertrag genehmigt wird.<\/p>\n<p>&nbsp;<\/p>\n<p>&nbsp;<\/p>\n<h3><span class=\"ez-toc-section\" id=\"Ich_habe_eine_Niederlassungserlaubnis_B_oder_C_Kann_ich_in_der_Schweiz_einen_Konsumkredit_erhalten\"><\/span><strong>Ich habe eine Niederlassungserlaubnis B oder C. Kann ich in der Schweiz einen Konsumkredit erhalten?<\/strong><span class=\"ez-toc-section-end\"><\/span><\/h3>\n<p>Jeder mit einer <a href=\"https:\/\/www.sem.admin.ch\/sem\/de\/home\/themen\/aufenthalt\/eu_efta.html\" target=\"_blank\" rel=\"noopener\">Niederlassungsbewilligung B, C oder G oder einer Legitimationskarte<\/a> kann in der Schweiz einen Privatkredit beantragen.<\/p>\n<p>&nbsp;<\/p>\n<p>&nbsp;<\/p>\n<h3><span class=\"ez-toc-section\" id=\"Ist_es_moeglich_ein_privates_Darlehen_vor_Vertragsende_zurueckzuzahlen_Gibt_es_Vorteile_wenn_Sie_das_tun\"><\/span><strong>Ist es m\u00f6glich, ein privates Darlehen vor Vertragsende zur\u00fcckzuzahlen? Gibt es Vorteile, wenn Sie das tun?<\/strong><span class=\"ez-toc-section-end\"><\/span><\/h3>\n<p>Nach dem Verbraucherkreditgesetz ist es m\u00f6glich, Ihren Kredit vor Ablauf der Laufzeit oder jederzeit ohne zus\u00e4tzliche Kosten zur\u00fcckzuzahlen. Bestellen Sie einfach Ihre Endabrechnung und profitieren Sie von einer Zinsreduzierung oder Sie k\u00f6nnen auch jeden Monat einen h\u00f6heren Betrag zahlen und die R\u00fcckzahlung vorziehen\/vorwegnehmen. Fragen Sie uns nach einer Simulation!<\/p>\n<p>&nbsp;<\/p>\n<p>&nbsp;<\/p>\n<h3><span class=\"ez-toc-section\" id=\"Wie_kann_ich_vom_Rueckkauf_der_Umschichtung_oder_Konsolidierung_meiner_Kredit_Leasing_oder_Kreditkartenguthaben_profitieren\"><\/span><strong>Wie kann ich vom <a href=\"https:\/\/multicredit.ch\/de\/kredit\/rueckkauf-von-krediten\/\">R\u00fcckkauf, der Umschichtung oder Konsolidierung<\/a> meiner Kredit, Leasing oder Kreditkartenguthaben profitieren?<\/strong><span class=\"ez-toc-section-end\"><\/span><\/h3>\n<p>Wir k\u00fcmmern uns um alle administrativen Abl\u00e4ufe rund um Ihren Kreditr\u00fcckkauf oder die Konsolidierung. Dank dieser L\u00f6sung reduzieren Sie Ihre monatlichen Ausgaben, profitieren von einem besseren Tarif und haben nur eine Rechnung pro Monat zu bezahlen.<\/p>\n<p>&nbsp;<\/p>\n<p>&nbsp;<\/p>\n<h3><span class=\"ez-toc-section\" id=\"Koennen_IV-Rentner_Invalidenversicherung_und_AHV-Rentner_Rentner_einen_Privatkredit_erhalten\"><\/span><strong>K\u00f6nnen IV-Rentner (Invalidenversicherung) und AHV-Rentner (Rentner) einen Privatkredit erhalten?<\/strong><span class=\"ez-toc-section-end\"><\/span><\/h3>\n<p>Die Gutschrift erfolgt bei Invalidenversicherungs-Rentnern und AHV-Rentnern aufgrund ihres Einkommens. Wir ber\u00fccksichtigen das Einkommen auf dem Bankkonto sowie das Ausweisdokument oder die Aufenthaltsbewiligung. Nat\u00fcrlich d\u00fcrfen Sie keine Erg\u00e4nzungsleistungen beziehen, nicht verschuldet sein und das H\u00f6chstalter liegt bei 68 Jahren. Wir laden Sie ein, eine Anfrage zu stellen, um den genauen Betrag zu erfahren, den Sie erhalten k\u00f6nnen.<\/p>\n<p>&nbsp;<\/p>\n<p>&nbsp;<\/p>\n<h3><span class=\"ez-toc-section\" id=\"Koennen_Selbststaendige_leitende_Angestellte_Geschaeftsfuehrer_oder_Manager_eines_Unternehmens_einen_Privatkredit_aufnehmen\"><\/span><strong>K\u00f6nnen Selbstst\u00e4ndige, leitende Angestellte, Gesch\u00e4ftsf\u00fchrer oder Manager eines Unternehmens einen Privatkredit aufnehmen?<\/strong><span class=\"ez-toc-section-end\"><\/span><\/h3>\n<p>Ein Selbst\u00e4ndiger, ein gesch\u00e4ftsf\u00fchrender Gesellschafter, ein Direktor seiner Firma oder ein leitender Angestellter kann ohne weiteres einen Privatkredit beantragen und die Vorteile geniessen. Es geht schnell, einfach und diskret! Die Betr\u00e4ge variieren von 3&#8217;000 bis 400&#8217;000 CHF und die R\u00fcckzahlungsdauer kann zwischen 12 und 84 Monaten liegen. Nat\u00fcrlich ist es m\u00f6glich, den Kredit vorzeitig zur\u00fcckzuzahlen und von einer Zinsreduzierung zu profitieren.<\/p>\n<p>&nbsp;<\/p>\n<p>&nbsp;<\/p>\n<h3><span class=\"ez-toc-section\" id=\"Was_sind_die_Unterschiede_zwischen_Leasing_und_Privatkredit\"><\/span><strong>Was sind die Unterschiede zwischen Leasing und Privatkredit?<\/strong><span class=\"ez-toc-section-end\"><\/span><\/h3>\n<p>Bei einem Privatkredit sind die Zinsen steuerlich absetzbar, das Fahrzeug geh\u00f6rt Ihnen, Sie k\u00f6nnen eine Vollkaskoversicherung abschliessen, Sie k\u00f6nnen das Fahrzeug jederzeit ohne Strafe verkaufen. Wenn Sie Ihr Auto bar bezahlen, k\u00f6nnen Sie den Betrag verhandeln. Bei einem Leasing haben Sie diese Vorteile nicht, da Sie das Fahrzeug mieten und somit weniger Flexibilit\u00e4t haben. Es ist wichtig, alle mit dem Leasing verbundenen Kosten zu berechnen und zu vergleichen. Wir empfehlen die Aufnahme eines Autokredits.<\/p>\n<p>&nbsp;<\/p>\n<p>&nbsp;<\/p>\n<h3><span class=\"ez-toc-section\" id=\"Welche_Moeglichkeiten_gibt_es_fuer_die_Rueckzahlungsdauer_eines_Privatkredits\"><\/span><strong>Welche M\u00f6glichkeiten gibt es f\u00fcr die R\u00fcckzahlungsdauer eines Privatkredits?<\/strong><span class=\"ez-toc-section-end\"><\/span><\/h3>\n<p>Sie haben die M\u00f6glichkeit, zwischen 12 und 84 Monaten zur\u00fcckzuzahlen, dies h\u00e4ngt jedoch von Ihrer finanziellen Situation sowie Ihrer Aufenthaltsgenehmigung ab. Kontaktieren Sie uns f\u00fcr weitere Informationen.<\/p>\n<p>&nbsp;<\/p>\n<p>&nbsp;<\/p>\n<h3><span class=\"ez-toc-section\" id=\"Wer_kann_einen_Privatkredit_aufnehmen\"><\/span><strong>Wer kann einen Privatkredit aufnehmen?<\/strong><span class=\"ez-toc-section-end\"><\/span><\/h3>\n<p>Erstens m\u00fcssen Sie in der Schweiz arbeiten und d\u00fcrfen keine Gerichtsverfahren in Ihrer Akte haben. Sie m\u00fcssen Schweizer B\u00fcrger sein oder eine Aufenthaltsgenehmigung (B, C, G oder Legitimationskarte) haben und zwischen 20 und 68 Jahre alt sein. Es ist notwendig, ein kostenloses und unverbindliches Angebot zu beantragen.<\/p>\n<p>&nbsp;<\/p>\n<p>&nbsp;<\/p>\n<h3><span class=\"ez-toc-section\" id=\"Sind_die_Zinssaetze_bei_einem_Privatkredit_waehrend_der_gesamten_Vertragslaufzeit_fest\"><\/span><strong>Sind die Zinss\u00e4tze bei einem Privatkredit w\u00e4hrend der gesamten Vertragslaufzeit fest?<\/strong><span class=\"ez-toc-section-end\"><\/span><\/h3>\n<p>Ja, wenn Sie einen Privatkredit aufnehmen, ist der Zinssatz w\u00e4hrend der gesamten Vertragslaufzeit fest, es gibt also keine Variation oder Schwankung des Zinssatzes. Sie behalten den gleichen Zinssatz von Anfang an.<\/p>\n<p>&nbsp;<\/p>\n<p>&nbsp;<\/p>\n<h3><span class=\"ez-toc-section\" id=\"Kann_ich_einen_zusaetzlichen_Kredit_erhalten_wenn_ich_bereits_einen_Kredit_bei_einer_anderen_Bank_habe\"><\/span><strong>Kann ich einen zus\u00e4tzlichen Kredit erhalten, wenn ich bereits einen Kredit bei einer anderen Bank habe?<\/strong><span class=\"ez-toc-section-end\"><\/span><\/h3>\n<p>Nat\u00fcrlich haben Sie das Recht, einen Kreditaufschlag zu erhalten, solange Ihre finanzielle Situation es zul\u00e4sst. Sie m\u00fcssen einen Antrag stellen, um zu erfahren, welchen Betrag Sie erhalten k\u00f6nnen.<\/p>\n<p>&nbsp;<\/p>\n<p>&nbsp;<\/p>\n<h3><span class=\"ez-toc-section\" id=\"Fuer_den_Fall_der_Arbeitsunfaehigkeit_und_Arbeitslosigkeit_habe_ich_einen_optionalen_Versicherungsschutz_%E2%80%9CMonatliche_Payment_Protection_Insurance_oder_PPI%E2%80%9D_abgeschlossen_Ich_bin_jetzt_zB_arbeitslos\"><\/span><strong>F\u00fcr den Fall der Arbeitsunf\u00e4higkeit und Arbeitslosigkeit habe ich einen optionalen Versicherungsschutz &#8220;Monatliche Payment Protection Insurance oder PPI&#8221; abgeschlossen. Ich bin jetzt z.B. arbeitslos<\/strong>.<span class=\"ez-toc-section-end\"><\/span><\/h3>\n<p>Wenn Sie diese Versicherung vom Anfang an abgeschlossen haben, k\u00f6nnen Sie den Schutz in Anspruch nehmen, d.h. die Versicherung zahlt f\u00fcr maximal 9 bis 12 Monate (je nach Institut) an die Bank. (abh\u00e4ngig von der Einrichtung). Sobald Sie eine Stelle gefunden haben, endet der Versicherungsschutz. Nat\u00fcrlich ist es notwendig, die allgemeinen Bedingungen der Versicherungsgesellschaft f\u00fcr weitere Informationen zu lesen.<\/p>\n<p>&nbsp;<\/p>\n<p>&nbsp;<\/p>\n<h3><span class=\"ez-toc-section\" id=\"Wann_erhalte_ich_eine_Steuerbescheinigung_fuer_meine_Steuererklaerung\"><\/span><strong>Wann erhalte ich eine Steuerbescheinigung f\u00fcr meine Steuererkl\u00e4rung?<\/strong><span class=\"ez-toc-section-end\"><\/span><\/h3>\n<p>Normalerweise wird das Zertifikat etwa Mitte Januar automatisch an jeden Kunden verschickt. Z\u00f6gern Sie nicht, uns bei der Bestellung zu kontaktieren.<\/p>\n<p>&nbsp;<\/p>\n<p>&nbsp;<\/p>\n<h3><span class=\"ez-toc-section\" id=\"Wer_ist_Cashflex_MultiCredit\"><\/span><strong>Wer ist Cashflex MultiCredit?<\/strong><span class=\"ez-toc-section-end\"><\/span><\/h3>\n<p>Wir sind ein neutrales und unabh\u00e4ngiges Beratungs- und Vermittlungsunternehmen f\u00fcr Privatkredite und beraten Sie schweizweit. Die Gesellschaft ist im Handelsregister von Freiburg eingetragen. Unsere Mitarbeiter sprechen Deutsch, Italienisch, Englisch, Portugiesisch, Spanisch und T\u00fcrkisch.<\/p>\n<p>&nbsp;<\/p>\n<p>&nbsp;<\/p>\n<h3><span class=\"ez-toc-section\" id=\"Muss_ich_eine_Antragsgebuehr_an_Cashflex_MultiCredit_zahlen\"><\/span><strong>Muss ich eine Antragsgeb\u00fchr an Cashflex MultiCredit zahlen? <\/strong><span class=\"ez-toc-section-end\"><\/span><\/h3>\n<p>Es fallen keine Geb\u00fchren an, die Angebote sind f\u00fcr Sie kostenlos und unverbindlich.<\/p>\n<p>&nbsp;<\/p>\n<h3><span class=\"ez-toc-section\" id=\"Wie_lange_ist_Cashflex_MultiCredit_schon_auf_dem_Markt\"><\/span><strong>Wie lange ist <a href=\"https:\/\/g.page\/Multicredit?share\">Cashflex MultiCredi<\/a>t schon auf dem Markt<\/strong><span class=\"ez-toc-section-end\"><\/span><\/h3>\n<p>Wir sind seit 1999 auf dem Finanzierungsmarkt t\u00e4tig und verf\u00fcgen daher \u00fcber eine Menge Erfahrung und Know-how.<\/p>\n<p>&nbsp;<\/p>\n<h3><span class=\"ez-toc-section\" id=\"Wer_betreibt_Cashflex_MultiCredit\"><\/span><strong>Wer betreibt Cashflex MultiCredit?<\/strong><span class=\"ez-toc-section-end\"><\/span><\/h3>\n<p>Das Unternehmen wird seit 1999 von Herrn <a href=\"https:\/\/www.linkedin.com\/in\/m\u00fcn\u00fcr-aslan-credit-leasing-factoring\/\" target=\"_blank\" rel=\"noopener\">M\u00fcn\u00fcr ASLAN<\/a>, Vater von zwei T\u00f6chtern, wohnhaft im Kanton Zug, gef\u00fchrt. Er ist Inhaber eines eidgen\u00f6ssischen Diploms in Bankwirtschaft (ISFB) und eines Diploms in Business Risk Management (DAS, UNIGE). Das Unternehmen hat 8 Mitarbeiter in Fribourg.[\/vc_column_text][\/vc_column][\/vc_row]<\/section>\n","protected":false},"excerpt":{"rendered":"<p>Fragen Sie uns nach einer kostenlosen Beratung.<\/p>\n","protected":false},"author":4,"featured_media":11642,"parent":0,"menu_order":100,"comment_status":"closed","ping_status":"closed","template":"","meta":{"inline_featured_image":false,"footnotes":"","_links_to":"","_links_to_target":""},"categories":[],"class_list":["post-16220","page","type-page","status-publish","has-post-thumbnail","hentry"],"_links":{"self":[{"href":"https:\/\/multicredit.ch\/de\/wp-json\/wp\/v2\/pages\/16220","targetHints":{"allow":["GET"]}}],"collection":[{"href":"https:\/\/multicredit.ch\/de\/wp-json\/wp\/v2\/pages"}],"about":[{"href":"https:\/\/multicredit.ch\/de\/wp-json\/wp\/v2\/types\/page"}],"author":[{"embeddable":true,"href":"https:\/\/multicredit.ch\/de\/wp-json\/wp\/v2\/users\/4"}],"replies":[{"embeddable":true,"href":"https:\/\/multicredit.ch\/de\/wp-json\/wp\/v2\/comments?post=16220"}],"version-history":[{"count":10,"href":"https:\/\/multicredit.ch\/de\/wp-json\/wp\/v2\/pages\/16220\/revisions"}],"predecessor-version":[{"id":17684,"href":"https:\/\/multicredit.ch\/de\/wp-json\/wp\/v2\/pages\/16220\/revisions\/17684"}],"wp:featuredmedia":[{"embeddable":true,"href":"https:\/\/multicredit.ch\/de\/wp-json\/wp\/v2\/media\/11642"}],"wp:attachment":[{"href":"https:\/\/multicredit.ch\/de\/wp-json\/wp\/v2\/media?parent=16220"}],"wp:term":[{"taxonomy":"category","embeddable":true,"href":"https:\/\/multicredit.ch\/de\/wp-json\/wp\/v2\/categories?post=16220"}],"curies":[{"name":"wp","href":"https:\/\/api.w.org\/{rel}","templated":true}]}}