{"id":15218,"date":"2021-05-21T08:43:40","date_gmt":"2021-05-21T08:43:40","guid":{"rendered":"https:\/\/www.multicredit.ch\/kredit\/kredit-fur-selbstandige\/"},"modified":"2021-07-31T10:01:09","modified_gmt":"2021-07-31T10:01:09","slug":"kredit-fur-selbstandige","status":"publish","type":"page","link":"https:\/\/multicredit.ch\/de\/kredit\/kredit-fur-selbstandige\/","title":{"rendered":"Privatkredit f\u00fcr Selbstst\u00e4ndige von Multicredit"},"content":{"rendered":"<section class=\"wpb-content-wrapper\">[vc_row][vc_column][vc_empty_space height=&#8221;80px&#8221;][\/vc_column][\/vc_row][vc_row][vc_column width=&#8221;1\/2&#8243;]<\/p>\n<div class=\"blocktitle title-center title-dark\" clearfix\"><H3><span class=\"ez-toc-section\" id=\"Brauchen_Sie_Bargeld_Denken_Sie_an_einem_Kredit_fuer_Selbstaendige\"><\/span>Brauchen Sie Bargeld? Denken Sie an einem Kredit f\u00fcr Selbst\u00e4ndige<\/H3><\/p>\n<h4>Ein Kredit ohne administrative Komplikationen. Schnell, einfach und diskret<\/h4>\n<\/div>\n<p>[vc_column_text css_animation=&#8221;fadeIn&#8221;]<\/p>\n<p style=\"text-align: center;\">Sie sind Selbstst\u00e4ndiger, gesch\u00e4ftsf\u00fchrender Gesellschafter Ihrer GmbH oder Gesch\u00e4ftsf\u00fchrer Ihrer Kapitalgesellschaft und ben\u00f6tigen sehr schnell einen Kredit?<\/p>\n<p style=\"text-align: center;\">Es war noch nie so einfach, einen unabh\u00e4ngigen Kredit online \u00fcber unsere Multicredit-Website zu beantragen. Erhalten Sie eine Finanzierung f\u00fcr die Entwicklung Ihres Unternehmens, schnell <strong>von CHF 10.000 bis 400.000<\/strong> mit einer R\u00fcckzahlungsdauer <strong>von 12 bis 84 Monaten.<\/strong><\/p>\n<p style=\"text-align: center;\">Entscheidung im Prinzip innerhalb <strong>von 24 bis 48 Stunden<\/strong> dank unserer Erfahrung im Markt seit 1999.<\/p>\n<p style=\"text-align: center;\">F\u00fcllen Sie das <a href=\"https:\/\/multicredit.ch\/de\/kreditantrag\/\">Online-Formular<\/a> aus oder <a href=\"tel:026 322 23 10\">kontaktieren Sie<\/a> uns einfach f\u00fcr ein kostenloses, unverbindliches Angebot.<\/p>\n<p>[\/vc_column_text][\/vc_column][vc_column width=&#8221;1\/2&#8243;][vc_single_image image=&#8221;11650&#8243; img_size=&#8221;large&#8221; css_animation=&#8221;fadeIn&#8221;][\/vc_column][\/vc_row][vc_row][vc_column][vc_empty_space height=&#8221;50px&#8221;][\/vc_column][\/vc_row][vc_row][vc_column width=&#8221;1\/2&#8243;][vc_single_image image=&#8221;11665&#8243; img_size=&#8221;full&#8221; alignment=&#8221;center&#8221; css_animation=&#8221;fadeIn&#8221;][\/vc_column][vc_column width=&#8221;1\/2&#8243;]<\/p>\n<div class=\"blocktitle title-center title-dark\" clearfix\"><H3><span class=\"ez-toc-section\" id=\"Viele_Vorteile\"><\/span>Viele Vorteile!<\/H3><\/div>\n<p>[vc_column_text css_animation=&#8221;fadeIn&#8221;]<br \/>\nIm Gegensatz zu einem kommerziellen Kredit, der viele Dokumente erfordert, sowie eine ziemlich lange Wartezeit f\u00fcr eine Entscheidung, ist der Kredit f\u00fcr Selbst\u00e4ndige <strong>schneller und erfordert weniger Dokumente:<\/strong><\/p>\n<ul>\n<li>Pers\u00f6nlicher Steuerbescheid<\/li>\n<li>Personalausweis oder Reisepass<\/li>\n<li>Wenn Sie der Inhaber Ihrer Firma sind, m\u00fcssen Sie Ihre letzten drei Gehaltsabrechnungen hinzuf\u00fcgen. (nur f\u00fcr die Direktoren von S\u00e0rl &#8211; SA)<\/li>\n<\/ul>\n<p>Ob Sie <strong>Arzt, Rechtsanwalt, Ingenieur, Immobilienmakler, Versicherungsmakler, Lehrer, B\u00e4cker oder Apotheker<\/strong> sind, wir sind an Ihrer Seite.[\/vc_column_text][\/vc_column][\/vc_row][vc_row][vc_column][vc_empty_space height=&#8221;50px&#8221;]<\/p>\n<div class=\"blocktitle title-left title-dark\" clearfix\"><H3><span class=\"ez-toc-section\" id=\"Vorteilhafte_Finanzierung\"><\/span>Vorteilhafte Finanzierung<\/H3><\/div>\n<p>[vc_column_text css_animation=&#8221;fadeIn&#8221;]<\/p>\n<ul>\n<li>Einer der Vorteile dieser Art von Kredit ist, dass Sie Ihren Kredit <strong>jederzeit zur\u00fcckzahlen oder im Voraus abbezahlen k\u00f6nnen.<\/strong> Dies hat einen erheblichen Einfluss auf den Zinsteil. Vergessen Sie nicht, dass <a href=\"https:\/\/www.moneyland.ch\/de\/kredit-steuer-abziehen\" target=\"_blank\" rel=\"noopener\">die Zinsen steuerlich absetzbar sind.<\/a><\/li>\n<li>F\u00fcr alle Fallstudien sind <strong>zwei Jahre Betriebszugeh\u00f6rigkeit erforderlich.<\/strong> Unabh\u00e4ngig davon, ob Sie ein Einzelunternehmer, eine offene Handelsgesellschaft, eine Gesellschaft mit beschr\u00e4nkter Haftung, eine Kapitalgesellschaft usw. sind und in welchem Bereich Sie t\u00e4tig sind, finden wir f\u00fcr Sie die auf Ihre Liquidit\u00e4tsbed\u00fcrfnisse abgestimmte L\u00f6sung und unterbreiten sie Ihnen.<\/li>\n<\/ul>\n<p>[\/vc_column_text][\/vc_column][\/vc_row]<\/section>\n","protected":false},"excerpt":{"rendered":"<p>[vc_row][vc_column][vc_empty_space height=&#8221;80px&#8221;][\/vc_column][\/vc_row][vc_row][vc_column width=&#8221;1\/2&#8243;][vc_column_text css_animation=&#8221;fadeIn&#8221;] Sie sind Selbstst\u00e4ndiger, gesch\u00e4ftsf\u00fchrender Gesellschafter Ihrer GmbH oder Gesch\u00e4ftsf\u00fchrer Ihrer Kapitalgesellschaft und ben\u00f6tigen sehr schnell einen Kredit? Es war noch nie so einfach, einen unabh\u00e4ngigen Kredit online \u00fcber unsere Multicredit-Website zu beantragen. Erhalten Sie eine Finanzierung f\u00fcr die Entwicklung Ihres Unternehmens, schnell von CHF 10.000 bis 400.000 mit einer R\u00fcckzahlungsdauer von [&hellip;]<\/p>\n","protected":false},"author":4,"featured_media":11523,"parent":12357,"menu_order":0,"comment_status":"closed","ping_status":"closed","template":"template-credit.php","meta":{"inline_featured_image":false,"footnotes":"","_links_to":"","_links_to_target":""},"categories":[764],"class_list":["post-15218","page","type-page","status-publish","has-post-thumbnail","hentry","category-credit-independant-de"],"_links":{"self":[{"href":"https:\/\/multicredit.ch\/de\/wp-json\/wp\/v2\/pages\/15218","targetHints":{"allow":["GET"]}}],"collection":[{"href":"https:\/\/multicredit.ch\/de\/wp-json\/wp\/v2\/pages"}],"about":[{"href":"https:\/\/multicredit.ch\/de\/wp-json\/wp\/v2\/types\/page"}],"author":[{"embeddable":true,"href":"https:\/\/multicredit.ch\/de\/wp-json\/wp\/v2\/users\/4"}],"replies":[{"embeddable":true,"href":"https:\/\/multicredit.ch\/de\/wp-json\/wp\/v2\/comments?post=15218"}],"version-history":[{"count":8,"href":"https:\/\/multicredit.ch\/de\/wp-json\/wp\/v2\/pages\/15218\/revisions"}],"predecessor-version":[{"id":17672,"href":"https:\/\/multicredit.ch\/de\/wp-json\/wp\/v2\/pages\/15218\/revisions\/17672"}],"up":[{"embeddable":true,"href":"https:\/\/multicredit.ch\/de\/wp-json\/wp\/v2\/pages\/12357"}],"wp:featuredmedia":[{"embeddable":true,"href":"https:\/\/multicredit.ch\/de\/wp-json\/wp\/v2\/media\/11523"}],"wp:attachment":[{"href":"https:\/\/multicredit.ch\/de\/wp-json\/wp\/v2\/media?parent=15218"}],"wp:term":[{"taxonomy":"category","embeddable":true,"href":"https:\/\/multicredit.ch\/de\/wp-json\/wp\/v2\/categories?post=15218"}],"curies":[{"name":"wp","href":"https:\/\/api.w.org\/{rel}","templated":true}]}}