{"id":14258,"date":"2020-06-17T15:06:06","date_gmt":"2020-06-17T15:06:06","guid":{"rendered":"https:\/\/www.multicredit.ch\/kredit\/selbstaendigerwerbende-kmu-kredit\/"},"modified":"2021-08-11T18:19:43","modified_gmt":"2021-08-11T18:19:43","slug":"kmu-kredit","status":"publish","type":"page","link":"https:\/\/multicredit.ch\/de\/kredit\/kmu-kredit\/","title":{"rendered":"Erhalten Sie einen KMU-Kredit &#8211; Finanzieren Sie Ihr Unternehmen"},"content":{"rendered":"<section class=\"wpb-content-wrapper\">[vc_row el_class=&#8221;white-bck bigpadding&#8221;][vc_column data_aos=&#8221;fade-in&#8221;]<\/p>\n<div class=\"blocktitle title-center title-dark\" clearfix\"><H2><span class=\"ez-toc-section\" id=\"PrestaFlex_ein_langjaehriger_Partner_im_Bereich_der_KMU-Kredit\"><\/span>PrestaFlex, ein langj\u00e4hriger Partner im Bereich der KMU-Kredit<\/H2><\/p>\n<h4>Ihre L\u00f6sung f\u00fcr Selbst\u00e4ndige, KMU und Private<\/h4>\n<\/div>\n<p>[vc_column_text el_class=&#8221;maxwidth&#8221;]<\/p>\n<p style=\"text-align: center;\"><strong><a href=\"https:\/\/prestaflex.ch\/de\" target=\"_blank\" rel=\"noopener\">PrestaFlex Service<\/a> ist unser langj\u00e4hriger Partner, aktiv seit 2013 mit einem Team von mehreren Fachspezialisten. <\/strong><\/p>\n<p style=\"text-align: center;\">Hilft Ihnen nach Ihrem Bedarf die Mittel einfach und vorteilhaft zu finden.<\/p>\n<p style=\"text-align: center;\">Unser Partner schl\u00e4gt Finanzierung ab CHF 100&#8217;000.&#8211; bis CHF 5 Millionen mit einem schnellen Entscheigungsprozess ( 3 &#8211; 5 Arbeitstage nach Erhalt der Dokumente) und Auszahlung des Kreditbetrages 10 Tage nach Unterschrift des Vertrages.<\/p>\n<p style=\"text-align: center;\">Bedacht eine individuelle L\u00f6sung anzubieten, bevorzugen wir das zuh\u00f6ren und die Beziehung mit der Kundschaft um jede Anfrage einzeln in einer neutraler Beratung und globalen Analyse auf Ihre Situation einzugehen.<\/p>\n<p style=\"text-align: center;\"><strong>Ob es sich um ein KMU-Kredit oder f\u00fcr Selbst\u00e4ndige die Fachspezialisten stehen Ihnen zur Verf\u00fcgung!<\/strong><\/p>\n<p>[\/vc_column_text][vc_btn title=&#8221;PrestaFlex-Website besuchen&#8221; align=&#8221;center&#8221; link=&#8221;url:https%3A%2F%2Fprestaflex.ch%2Fde|title:Selbst%C3%A4ndige%20Kredit|&#8221;][\/vc_column][\/vc_row][vc_row full_width=&#8221;stretch_row&#8221; el_class=&#8221;lightgrey-bck diagonal-bottom-bck bigpadding&#8221;][vc_column width=&#8221;1\/2&#8243; data_aos=&#8221;fade-in&#8221; data_aos_delay=&#8221;250&#8243; el_class=&#8221;checklist&#8221;]<\/p>\n<div class=\"blocktitle title-left title-dark\" clearfix\"><H2><span class=\"ez-toc-section\" id=\"Revolvingkredit_ab_Finanzierungen_von_CHF_200000\"><\/span>Revolvingkredit ab Finanzierungen von CHF 200&#8217;000<\/H2><\/p>\n<h4>Massgeschneidertes Darlehen, flexible Verl\u00e4ngerung<\/h4>\n<\/div>\n<p>[vc_column_text]Der Revolving Kredit ist eine Darlehensform, bei der Sie die Laufzeit selbst bestimmen k\u00f6nnen und w\u00e4hrend der Sie nur die Zinsen bezahlen. Am Vertragsende k\u00f6nnen Sie zwischen einer kompletten R\u00fcckzahlung oder einer Erneuerung des Vertrages f\u00fcr eine weitere Periode w\u00e4hlen.<\/p>\n<p><strong>Dank dieser L\u00f6sung verf\u00fcgen Sie immer \u00fcber einen flexiblen Betrag, der es Ihnen erlaubt, Ihren Liquidit\u00e4tsmangel aufzufangen.<\/strong><\/p>\n<ul>\n<li>Revolving Kredit: Modalit\u00e4ten<\/li>\n<li>Betrag des Revolvingkredit<\/li>\n<li>Betrag ab CHF 200&#8217;000<\/li>\n<\/ul>\n<p><strong>W\u00e4hlen Sie eine Summe die Sie ben\u00f6tigen &#8211; Sie bezahlen nur die Zinsen.<\/strong><\/p>\n<ul>\n<li>Bei Ablauf ist eine Erneuerung m\u00f6glich<\/li>\n<li>Flexible Erneureung<\/li>\n<\/ul>\n<p><strong>Der Vertrag wird f\u00fcr eine Laufzeit von 6 &#8211; 36 Monaten aufgesetzt, bei Ablauf ist eine Erneuerung m\u00f6glich. <\/strong><\/p>\n<ul>\n<li>R\u00fcckzahlung vom Revolvingdarlehen<\/li>\n<li>R\u00fcckzahlung bei Verfall<\/li>\n<\/ul>\n<p><strong>Die ausgeliehene Summe wird in einer einzigen Zahlung bei Vertragsende zur\u00fcckbezahlt.<\/strong>[\/vc_column_text][\/vc_column][vc_column width=&#8221;1\/2&#8243; data_aos=&#8221;fade-left&#8221; el_class=&#8221;sticky&#8221;][vc_single_image image=&#8221;11556&#8243; img_size=&#8221;full&#8221; alignment=&#8221;center&#8221; css_animation=&#8221;none&#8221;][\/vc_column][\/vc_row][vc_row el_class=&#8221;white-bck bigpadding checklist&#8221;][vc_column width=&#8221;1\/2&#8243; data_aos=&#8221;fade-right&#8221; el_class=&#8221;sticky&#8221;][vc_single_image image=&#8221;11546&#8243; img_size=&#8221;full&#8221; alignment=&#8221;center&#8221; css_animation=&#8221;none&#8221;][\/vc_column][vc_column width=&#8221;1\/2&#8243; data_aos=&#8221;fade-in&#8221; data_aos_delay=&#8221;250&#8243;]<\/p>\n<div class=\"blocktitle title-left title-dark\" clearfix\"><H2><span class=\"ez-toc-section\" id=\"Geschaeftskredit_Finanzierung_mit_oder_ohne_Bank\"><\/span>Gesch\u00e4ftskredit Finanzierung mit oder ohne Bank<\/H2><\/p>\n<h4>Die Mittel die Sie brauchen<\/h4>\n<\/div>\n<p>[vc_column_text]Dank eines KMU-Kredites profitieren Sie von einem Betrag Ihrer Wahl, mit dem Sie Projekte im eigenen Unternehmen konkretisieren und Ihre Firma weiterentwickeln k\u00f6nnen.<\/p>\n<p><strong>Verpassen Sie keine Gelegenheit aufgrund von Liquidit\u00e4tsengp\u00e4ssen!<\/strong><\/p>\n<ul>\n<li>Kredit f\u00fcr Ihr KMU: Modalit\u00e4ten<\/li>\n<li>Kreditbetrag f\u00fcr KMU<\/li>\n<li>Betrag ab CHF 50&#8217;000<\/li>\n<\/ul>\n<p><strong>W\u00e4hlen Sie eine Summe, mit der Sie Ihre Projekte verwirklichen k\u00f6nnen.<\/strong><\/p>\n<ul>\n<li>Darlehenslimite<\/li>\n<li>Kreditlimite<\/li>\n<\/ul>\n<p><strong>Erhalten Sie eine attraktive Kreditlimite und beziehen Sie bis zu 10&#8217;000&#8217;000 CHF oder mehr!<\/strong><\/p>\n<ul>\n<li>Wahl der R\u00fcckzahlung<\/li>\n<li>R\u00fcckzahlung zwischen 6 und 60 Monate.<\/li>\n<\/ul>\n<p><strong>Profitieren Sie von einer grossen Freiheit dank einer flexiblen monatlichen oder j\u00e4hrlichen R\u00fcckzahlung.<\/strong><br \/>\n[\/vc_column_text][\/vc_column][\/vc_row][vc_row full_width=&#8221;stretch_row&#8221; css=&#8221;.vc_custom_1592472624932{padding-bottom: 48px !important;}&#8221;][vc_column][vc_btn title=&#8221;Online KMU Anfrage&#8221; align=&#8221;center&#8221; button_block=&#8221;true&#8221; link=&#8221;url:https%3A%2F%2Fwww.prestaflex.ch%2Fde|title:Online%20KMU%20Anfrage|target:%20_blank|&#8221;][\/vc_column][\/vc_row]<\/section>\n","protected":false},"excerpt":{"rendered":"<p>Ihre Liquidit\u00e4t mit oder ohne Bank<\/p>\n","protected":false},"author":4,"featured_media":14238,"parent":12357,"menu_order":0,"comment_status":"closed","ping_status":"closed","template":"template-w-stats.php","meta":{"inline_featured_image":false,"footnotes":"","_links_to":"","_links_to_target":""},"categories":[244,756],"class_list":["post-14258","page","type-page","status-publish","has-post-thumbnail","hentry","category-verschiedenes","category-credit-pme-de"],"_links":{"self":[{"href":"https:\/\/multicredit.ch\/de\/wp-json\/wp\/v2\/pages\/14258","targetHints":{"allow":["GET"]}}],"collection":[{"href":"https:\/\/multicredit.ch\/de\/wp-json\/wp\/v2\/pages"}],"about":[{"href":"https:\/\/multicredit.ch\/de\/wp-json\/wp\/v2\/types\/page"}],"author":[{"embeddable":true,"href":"https:\/\/multicredit.ch\/de\/wp-json\/wp\/v2\/users\/4"}],"replies":[{"embeddable":true,"href":"https:\/\/multicredit.ch\/de\/wp-json\/wp\/v2\/comments?post=14258"}],"version-history":[{"count":8,"href":"https:\/\/multicredit.ch\/de\/wp-json\/wp\/v2\/pages\/14258\/revisions"}],"predecessor-version":[{"id":17857,"href":"https:\/\/multicredit.ch\/de\/wp-json\/wp\/v2\/pages\/14258\/revisions\/17857"}],"up":[{"embeddable":true,"href":"https:\/\/multicredit.ch\/de\/wp-json\/wp\/v2\/pages\/12357"}],"wp:featuredmedia":[{"embeddable":true,"href":"https:\/\/multicredit.ch\/de\/wp-json\/wp\/v2\/media\/14238"}],"wp:attachment":[{"href":"https:\/\/multicredit.ch\/de\/wp-json\/wp\/v2\/media?parent=14258"}],"wp:term":[{"taxonomy":"category","embeddable":true,"href":"https:\/\/multicredit.ch\/de\/wp-json\/wp\/v2\/categories?post=14258"}],"curies":[{"name":"wp","href":"https:\/\/api.w.org\/{rel}","templated":true}]}}