{"id":12661,"date":"2020-03-10T15:27:09","date_gmt":"2020-03-10T15:27:09","guid":{"rendered":"https:\/\/www.multicredit.ch\/cg\/"},"modified":"2026-03-17T13:59:50","modified_gmt":"2026-03-17T13:59:50","slug":"cg","status":"publish","type":"page","link":"https:\/\/multicredit.ch\/de\/cg\/","title":{"rendered":"Allgemeine Gesch\u00e4ftsbedingungen"},"content":{"rendered":"<section class=\"wpb-content-wrapper\">[vc_row][vc_column][vc_column_text]<\/p>\n<h1><span class=\"ez-toc-section\" id=\"Nutzungsbedingungen_der_Website_wwwmulticreditch\"><\/span>Nutzungsbedingungen der Website www.multicredit.ch<span class=\"ez-toc-section-end\"><\/span><\/h1>\n<p>(Aktualisiert am 17 M\u00e4rz 2026)<\/p>\n<p>Denken Sie auch daran, unsere <a href=\"https:\/\/multicredit.ch\/fr\/politique-de-confidentialite\/\">Datenschutzbestimmungen<\/a> zu lesen.<\/p>\n<p>Mit dem Zugriff auf die Website www.multicredit.ch erkl\u00e4ren Sie, dass Sie die folgenden Nutzungsbedingungen, insbesondere betreffend Verarbeitung personenbezogener Daten gem\u00e4ss der Verordnung (EU) 2016\/679 des Europ\u00e4ischen Parlaments und des Rates vom 27. April 2016 zum Schutz nat\u00fcrlicher Personen bei der Verarbeitung personenbezogener Daten und zum freien Datenverkehr, verstanden haben und akzeptieren.<\/p>\n<h2><span class=\"ez-toc-section\" id=\"1_Anwendungsbereich\"><\/span>1. Anwendungsbereich<span class=\"ez-toc-section-end\"><\/span><\/h2>\n<p>Die vorliegenden allgemeinen Nutzungsbedingungen gelten f\u00fcr den Besuch auf der Website www.multicredit.ch. Die Nutzungsbedingungen haben insbesondere die Verarbeitung der personenbezogenen Daten (nachfolgend \u00abDaten\u00bb genannt), die beim Zugriff auf die Website und beim Ausf\u00fcllen von Formularen erfasst werden k\u00f6nnen, zum Gegenstand. Dabei ist unerheblich, ob ich meine Daten der Cashflex MultiKredit GmbH durch Ausf\u00fcllen von Papierformularen, in elektronischer Form, per Telefon, \u00fcber Kommunikationskan\u00e4le in sozialen Medien oder \u00fcber andere Kommunikationsmittel (E-Mail, WhatsApp, Facebook, Twitter, LinkedIn usw.) mitteile; ich nehme zur Kenntnis, dass Cashflex MultiKredit GmbH keinerlei Dokumente auf diesen Kan\u00e4len verschickt und jede Verantwortung f\u00fcr die Vertraulichkeit einer solchen Kommunikationsform ablehnt.<\/p>\n<p>In diesem Zusammenhang werde ich ausdr\u00fccklich auf die nachfolgenden Punkte hingewiesen. Mit dem Zugriff auf die Website www.multicredit.ch erkl\u00e4re ich, dass ich die folgenden Punkte verstanden habe und vollumf\u00e4nglich akzeptiere.<\/p>\n<h2><span class=\"ez-toc-section\" id=\"2_Verantwortliche\"><\/span>2. Verantwortliche<span class=\"ez-toc-section-end\"><\/span><\/h2>\n<p>F\u00fcr die Datenverarbeitung ist die Cashflex MultiKredit GmbH, Dorfplatz 4 in CH-6330 Cham ZG verantwortlich. Cashflex MultiKredit S\u00e0rl ist im Handelsregister des Kantons Zug seit April 2007 eingetragen (IDE: CHE-113.592.711) marketing@multicredit.ch Tel: 044 726 71 00.<\/p>\n<p>Die Stelle des Eidgen\u00f6ssischen Datenschutz- und \u00d6ffentlichkeitsbeauftragten (ED\u00d6B) befindet sich am Feldeggweg 1 in 3003 Bern.<\/p>\n<h2><span class=\"ez-toc-section\" id=\"3_Zweck_der_Datenerhebung\"><\/span>3. Zweck der Datenerhebung<span class=\"ez-toc-section-end\"><\/span><\/h2>\n<p>Cashflex MultiKredit GmbH verarbeitet meine Daten, um mir die von mir angeforderten Informationen und Dienstleistungen zur Verf\u00fcgung stellen zu k\u00f6nnen und um ihre Website, Produkte und Dienstleistungen zu verbessern. Sie nutzt meine Daten auch, um mit mir Kontakt aufnehmen zu k\u00f6nnen, insbesondere um mir neue Produkte und\/oder Dienstleistungen anbieten zu k\u00f6nnen.<\/p>\n<p>Ich nehme zur Kenntnis und akzeptiere, dass Telefongespr\u00e4che mit Cashflex MultiKredit GmbH aufgezeichnet werden k\u00f6nnen, z.B. zu Qualit\u00e4tskontroll- und Schulungszwecken, und dass Massnahmen zur Sicherheit von Geb\u00e4uden (namentlich Video\u00fcberwachung der Geb\u00e4ude und der B\u00fcrozug\u00e4nge) bestehen.<\/p>\n<p>Ich nehme ebenfalls zur Kenntnis, dass ich Nachrichten (z.B. Newsletter, Werbung) auf die Nummern oder Adressen, die ich bei Cashflex MultiKredit S\u00e0rl hinterlegt habe, bekommen k\u00f6nnte. Ich werde deshalb darauf aufmerksam gemacht, dass ich nicht meine beruflichen Koordination der Cashflex MultiKredit S\u00e0rl mitteilen sollte.<\/p>\n<p>Ich nehme dies zur Kenntnis und erm\u00e4chtige CashFlex MultiCredit, meine pers\u00f6nlichen Daten weiterzugeben, um von ihren exklusiven Versicherungspartnern mit dem Ziel kontaktiert zu werden, mein Dossier zu optimieren.<\/p>\n<h2><span class=\"ez-toc-section\" id=\"4_Uebertragung_von_Daten\"><\/span>4. \u00dcbertragung von Daten<span class=\"ez-toc-section-end\"><\/span><\/h2>\n<p>Ich nehme zur Kenntnis, dass das Finanzierungsinstitut meine Daten zur Pr\u00fcfung meines Antrags sowie zu Risikobewertungs- und Marketingzwecken (Datenauswertung und Profilerstellung) bearbeiten kann. Zudem k\u00f6nnen mir andere Produkte und Dienstleistungen, auch von Konzerngesellschaften des Finanzierungsinstitutes sowie weiteren Dritten, per Post oder Telefon angeboten werden. Ich kann dieser Datenbearbeitung zu Marketingzwecken jederzeit widersprechen. <strong>Mit Angabe meiner E-Mail Adresse erkl\u00e4re ich mich zudem einverstanden, dass das Finanzierungsinstitut mir die vorgenannten Angebote auch per E-Mail zustellen kann<\/strong>. Ich akzeptiere im Zusammenhang mit der offenen Kommunikation via E-Mail ausdr\u00fccklich das Risiko, dass meine Daten bei der \u00dcbermittlung durch Dritte abgefangen oder ver\u00f6ffentlicht werden k\u00f6nnen, oder dass unbefugte Dritte R\u00fcckschluss auf eine Vertragsbeziehung zwischen dem Finanzierungsinstitut und mir ziehen k\u00f6nnen, und dass insoweit der Geheimnisschutz bzw. das Bankkundengeheimnis nicht gew\u00e4hrleistet ist. Meine Einwilligung in die elektronische Zustellung von Werbesendungen kann ich jederzeit widerrufen.<\/p>\n<h3><span class=\"ez-toc-section\" id=\"41_Finanzinstitute\"><\/span><strong>4.1 Finanzinstitute<\/strong><span class=\"ez-toc-section-end\"><\/span><\/h3>\n<p>Ich nehme zur Kenntnis, dass Cashflex MultiKredit GmbH AGENT (nachfolgend: Vermittler) meinen Antrag zur Pr\u00fcfung an die Cembra Money Bank AG, Bank-now AG, CG24 oder an andere Banken bzw. Partnerfinanzinstitute (je einzeln nachfolgend das \u201eFinanzierungsinstitut\u201c) \u00fcber das Internet, via Email oder per Fax\/Post weiterleitet. Zudem nehme ich zur Kenntnis bzw. best\u00e4tige was folgt.<\/p>\n<p>Ich bin damit einverstanden, dass die Finanzinstitute sowie die Cashflex MultICredit GmbH meine Daten zu Marketing- und Risikomanagementzwecken verarbeiten und analysieren und in diesem Zusammenhang Profile erstellen. Ich erlaube den Finanzinstituten und der Cashflex MultiCredit GmbH auch, mir andere Produkte und Dienstleistungen anzubieten (Zum Beispiel Partnerschaften mit Axa, Swica, Gestifin&#8230;), einschlie\u00dflich derer ihrer Konzerngesellschaften oder ihres Gesch\u00e4ftsnetzwerks (PrestaFlex Services GmbH). Diese Einwilligung zur Verarbeitung meiner Daten zu Marketingzwecken oder zur \u00dcbermittlung von Informationen kann ich jederzeit widerrufen.<\/p>\n<h3><span class=\"ez-toc-section\" id=\"42_Zusammenarbeit_mit_Vermittlern\"><\/span><strong>4.2 Zusammenarbeit mit Vermittlern<\/strong><span class=\"ez-toc-section-end\"><\/span><\/h3>\n<p>Ich nehme zur Kenntnis, dass das Finanzierungsinstitut bei Antr\u00e4gen, die es von einem Vermittler erh\u00e4lt, mit diesem die notwendigen Informationen im Zusammenhang mit Antrags- \/Kreditf\u00e4higkeitspr\u00fcfung sowie Vertragsabschluss und -abwicklung (z.B. Parameter und Ergebnis der Antragspr\u00fcfung, Zustellung der Vertragsdokumente, Informationen zum Vertragsstatus und Zahlungsverhalten sowie Saldo) austauschen kann und entbinde das Finanzierungsinstitut in diesem Umfang sofern und soweit erforderlich vom Bankkundengeheimnis.<\/p>\n<h3><span class=\"ez-toc-section\" id=\"43_Zusammenarbeit_mit_Dienstleistungsanbietern_AuslagerungOutsourcing\"><\/span><strong>4.3 Zusammenarbeit mit Dienstleistungsanbietern (Auslagerung\/Outsourcing)<\/strong><span class=\"ez-toc-section-end\"><\/span><\/h3>\n<p>Ich nehme zur Kenntnis, dass das Finanzierungsinstitut Dienstleistungen, insbesondere im Bereich der Abwicklung von Gesch\u00e4ftsprozessen, IT-Sicherheit und Systemsteuerung, Marktforschung und -bearbeitung, der Berechnung von gesch\u00e4ftsrelevanten Kredit- und Marktrisiken sowie der Administration von Vertragsverh\u00e4ltnissen (z.B. Antrags- und Vertragsabwicklung, Inkasso, Kommunikation mit Kunden) an Dritte (\u201eDienstleister\u201c) auslagern kann. Das Finanzierungsinstitut stellt diesen Dienstleistern die zur Erf\u00fcllung der vertraglichen Pflichten notwendigen Daten zur Verf\u00fcgung und kann diese Daten daf\u00fcr auch ins Ausland weiterleiten. Dienstleister, deren Mitarbeiter sowie Subunternehmer werden dabei vom Finanzierungsinstitut vertraglich zur Vertraulichkeit verpflichtet. Die Dienstleister befinden sich in der Regel in der Schweiz oder im EU-\/EWR-Raum, k\u00f6nnen aber grunds\u00e4tzlich auf der ganzen Welt niedergelassen sein. Falls Personendaten in einen Staat \u00fcbermittelt werden, der aus Sicht der Schweiz \u00fcber kein angemessenes Datenschutzniveau verf\u00fcgt, stellt das Finanzierungsinstitut durch geeigneten Garantien, wie z.B. die Vereinbarung der Standardvertragsklauseln einen angemessenen Datenschutz sicher.<\/p>\n<p>Ich nehme zur Kenntnis, dass die Kommunikation zwischen dem Finanzierungsinstitut und mir bzw. dem Vermittler \u00fcber elektronische Kan\u00e4le erfolgen kann. Der Vermittler sowie das Finanzierungsinstitut k\u00f6nnen die Vertraulichkeit von Daten bei der \u00dcbertragung \u00fcber das Internet nicht gew\u00e4hrleisten. R\u00fcckschl\u00fcsse Dritter auf eine zwischen mir und dem Finanzierungsinstitut bestehende bzw. bevorstehende Gesch\u00e4ftsbeziehung (allenfalls Bankbeziehung) sind daher m\u00f6glich.<\/p>\n<p>Weitere Informationen zur Bearbeitung von Personendaten durch das Finanzierungsinstitut lassen sich der Datenschutzerkl\u00e4rung auf der Webseite des Finanzierungsinstitut entnehmen bzw. k\u00f6nnen beim Finanzierungsinstitut angefragt werden.<\/p>\n<p class=\"p1\">Ich erm\u00e4chtige Cashflex MultiCredit, mein Dossier zu bearbeiten und, falls erforderlich an einen Vermittler\/Finanzdienstleister\/Finanzbroker weiterzuleiten.<\/p>\n<h2><span class=\"ez-toc-section\" id=\"5_Ermaechtigung_zur_Anforderung_von_Kreditinformationen\"><\/span>5. Erm\u00e4chtigung zur Anforderung von Kreditinformationen<span class=\"ez-toc-section-end\"><\/span><\/h2>\n<p><strong>\u00a0<\/strong>Ich best\u00e4tige die Vollst\u00e4ndigkeit, Aktualit\u00e4t und Richtigkeit aller meiner im Antrag gemachten Angaben und erm\u00e4chtige das Finanzierungsinstitut, im Zusammenhang mit der Pr\u00fcfung dieses Antrags und der Abwicklung der vertraglichen Beziehung Ausk\u00fcnfte \u00fcber meine Person bei Dritten, insbesondere Banken, der Zentralstelle f\u00fcr Kreditinformation (ZEK), Beh\u00f6rden (z.B. Betreibungs-, Grundbuch- und Steuer\u00e4mtern, Einwohnerkontrollen, Kindes- und Erwachsenenschutzbeh\u00f6rden), Wirtschaftsauskunfteien, Kreditvermittlern, Arbeitgebern, Konzerngesellschaften des Finanzierungsinstituts und gegebenenfalls der Informationsstelle f\u00fcr Konsumkredit (IKO) einzuholen. Zu den vorgenannten Zwecken entbinde ich diese Stellen vom Bankkunden-, Post-, Amts- beziehungsweise Gesch\u00e4ftsgeheimnis. Ich nehme zur Kenntnis, dass das Finanzinstitut gegebenenfalls verpflichtet ist, ein Konsumentenleasing \/ einen zu gew\u00e4hrenden bzw. gew\u00e4hrten Konsumkredit der Informationsstelle f\u00fcr Konsumkredit (IKO) zu melden. Ich erm\u00e4chtige das Finanzierungsinstitut ausserdem, das beantragte Gesch\u00e4ft der ZEK mitzuteilen sowie bei entsprechenden gesetzlichen Pflichten auch anderen Stellen Meldung zu erstatten. Gemeldet werden dabei namentlich Kredit- bzw. Finanzierungsart, -h\u00f6he und -modalit\u00e4ten sowie die Personalien des\/der Antragstellenden und allenfalls qualifizierte Zahlungsr\u00fcckst\u00e4nde oder Missbr\u00e4uche. Ich anerkenne das Recht der ZEK, ihren Mitgliedern \u00fcber die gemeldeten Daten Ausk\u00fcnfte zu erteilen. Das Finanzierungsinstitut kann den Antrag ohne Angabe von Gr\u00fcnden ablehnen.<\/p>\n<p>Antrag auf Erstellung einer Finanzdiagnose oder eines Kreditscorings\/Ratings nur auf ausdr\u00fccklichen Wunsch des Kunden. Diese Dienstleistung wird separat f\u00fcr eine Pauschale von 250 CHF pro Person (ca. 2 Arbeitsstunden) in Rechnung gestellt und betrifft in keinem Fall die Bearbeitung oder Erstellung eines pers\u00f6nlichen Kreditantrags, der kostenlos und unverbindlich ist.<\/p>\n<h3><span class=\"ez-toc-section\" id=\"51_Automatisierte_Verarbeitung_und_Einsatz_kuenstlicher_Intelligenz\"><\/span>5.1 <strong>Automatisierte Verarbeitung und Einsatz k\u00fcnstlicher Intelligenz<\/strong><span class=\"ez-toc-section-end\"><\/span><\/h3>\n<p>Mit der Einreichung meines Finanzierungsantrags erkl\u00e4re ich mich damit einverstanden, dass meine personenbezogenen Daten automatisiert verarbeitet werden k\u00f6nnen, insbesondere mithilfe von Systemen k\u00fcnstlicher Intelligenz (KI), einschlie\u00dflich Sprachmodellen (LLM), zum ausschlie\u00dflichen Zweck der Bewertung meiner Bonit\u00e4t, meiner beruflichen Stabilit\u00e4t und meines Risikoprofils.<\/p>\n<p>Bestimmte Analysen k\u00f6nnen \u00dcberpr\u00fcfungen in \u00f6ffentlichen oder online zug\u00e4nglichen Datenbanken im Zusammenhang mit den von mir angegebenen Informationen (z. B. Arbeitgeber, Beruf, Online-Pr\u00e4senz) umfassen. Diese \u00dcberpr\u00fcfungen werden unter Beachtung des Grundsatzes der Verh\u00e4ltnism\u00e4\u00dfigkeit und Relevanz durchgef\u00fchrt.<\/p>\n<p>Alle Daten werden in der Europ\u00e4ischen Union oder in der Schweiz unter Einhaltung der Datenschutz-Grundverordnung (DSGVO \u2013 EU 2016\/679) und des Bundesgesetzes \u00fcber den Datenschutz (nLPD) gespeichert und verarbeitet. Wenn eine Verarbeitung die Verwendung externer KI-Modelle beinhaltet, werden meine Daten systematisch zuvor anonymisiert, um eine direkte oder indirekte Identifizierung zu verhindern.<\/p>\n<p>Ich werde dar\u00fcber informiert, dass ich jederzeit mein Recht auf Zugang, Berichtigung, L\u00f6schung, Einschr\u00e4nkung, Widerspruch oder \u00dcbertragbarkeit aus\u00fcben kann, indem ich eine Anfrage an marketing@multicredit.ch ASLAN M\u00fcn\u00fcr MultiCredit richte.<\/p>\n<h2><span class=\"ez-toc-section\" id=\"6_Partner-Daten\"><\/span>6. Partner-Daten<span class=\"ez-toc-section-end\"><\/span><\/h2>\n<p>Falls ich im Antrag Angaben zu meinem\/r Ehepartner\/-in bzw. eingetragenem\/n Partner\/-in (\u201ePartner\u201c) gemacht habe, best\u00e4tige ich, dass (i) ich meinen Partner \u00fcber diesen Antrag informiert habe, (ii) das Finanzierungsinstitut die obenstehenden Angaben mittels direkter R\u00fcckfragen bei meinem Partner \u00fcberpr\u00fcfen darf, und (iii) mein Partner damit einverstanden ist, dass das Finanzierungsinstitut ihn betreffende Ausk\u00fcnfte wie oben beschrieben (einschliesslich Durchf\u00fchrung von Informativanfragen bei der ZEK) einholen darf.<\/p>\n<h2><span class=\"ez-toc-section\" id=\"7_Dauer_der_Daten-Speicherung\"><\/span>7. Dauer der Daten-Speicherung<span class=\"ez-toc-section-end\"><\/span><\/h2>\n<p>Die Cashflex MultiKredit GmbH wird meine Daten f\u00fcr die Dauer des vorliegenden Vertragsverh\u00e4ltnisses und zur Erreichung des Zwecks gem\u00e4ss Ziffer 3 speichern. Sobald klar ist, dass kein Vertragsverh\u00e4ltnis mit der Cashflex MultiKredit GmbH zustande kommt, werden die Daten gel\u00f6scht. In jedem Fall werden die Daten f\u00fcr maximal 10 Jahre nach Beendigung der Gesch\u00e4ftsbeziehung mit der Cashflex MultiKredit GmbH gespeichert.<\/p>\n<h2><span class=\"ez-toc-section\" id=\"8_Meine_Rechte\"><\/span>8. Meine Rechte<span class=\"ez-toc-section-end\"><\/span><\/h2>\n<p>Ich habe das Recht, Auskunft \u00fcber meine Daten zu erhalten, sowie das Recht auf Berichtigung oder L\u00f6schung und auf Einschr\u00e4nkung der Verarbeitung. Zudem habe ich ein Widerspruchrecht gegen die Verarbeitung und gegen die Daten\u00fcbertragbarkeit.<\/p>\n<p>Ich habe das Recht, meine Einwilligung zur Verarbeitung meiner Daten jederzeit ganz oder teilweise zu widerrufen, insbesondere wenn sie zu Marketing- oder Informationszwecken erteilt wurden.<\/p>\n<p>Mir ist jedoch bekannt, dass die Cashflex MultiKredit GmbH meine Daten ben\u00f6tigt, damit sie ihre vertraglichen Verpflichtungen mir gegen\u00fcber erf\u00fcllen kann. Wenn ich meine Rechte wahrnehme, kann dies die Vertragserf\u00fcllung der Cashflex MultiKredit GmbH erschweren oder sogar unm\u00f6glich machen. In solchen F\u00e4llen kann die Cashflex MultiKredit GmbH das Vertragsverh\u00e4ltnis k\u00fcndigen.<\/p>\n<p>Ich kann mich direkt an die Cashflex MultiKredit GmbH (info@multicredit.ch) wenden, wenn ich Auskunft \u00fcber meine Daten w\u00fcnsche, insbesondere wenn ich deren Berichtigung oder L\u00f6schung w\u00fcnsche.<\/p>\n<p class=\"p1\">Im \u00dcbrigen sind meine Rechte im revidierten Bundesgesetz \u00fcber den Datenschutz (DSG, SR 235.1) sowie \u2013 soweit anwendbar \u2013 in der Datenschutz-Grundverordnung (DSGVO) beschrieben.\u201c<\/p>\n<h2><span class=\"ez-toc-section\" id=\"9_Ausschluss_der_Haftung\"><\/span>9. Ausschluss der Haftung<span class=\"ez-toc-section-end\"><\/span><\/h2>\n<p>Ich nehme zur Kenntnis, dass Cashflex MultiKredit GmbH ausdr\u00fccklich jegliche Haftung (auch bei Fahrl\u00e4ssigkeit) f\u00fcr direkte und indirekte Sch\u00e4den und f\u00fcr Verluste jeglicher Art ablehnt, die sich aus dem Zugriff auf die Website, aus der Nutzung der auf der Website verf\u00fcgbaren Informationen und Hinweise, aus der Unm\u00f6glichkeit des Zugriffs und der Unm\u00f6glichkeit der Nutzung der auf der Website verf\u00fcgbaren Informationen und Hinweise oder aus der Verarbeitung meiner Daten ergeben.<\/p>\n<h2><span class=\"ez-toc-section\" id=\"10_Ausschluss_der_Garantie\"><\/span>10. Ausschluss der Garantie<span class=\"ez-toc-section-end\"><\/span><\/h2>\n<p>Cashflex MultiKredit GmbH stellt sicher, dass die Informationen auf www.multicredit.ch zum Zeitpunkt der Ver\u00f6ffentlichung korrekt sind. Weder Cashflex MultiKredit GmbH noch ihre Partner k\u00f6nnen jedoch die Richtigkeit, Zuverl\u00e4ssigkeit, Aktualit\u00e4t und Vollst\u00e4ndigkeit der Informationen zu jeder Zeit garantieren.<\/p>\n<p>Cashflex MultiKredit GmbH lehnt ausdr\u00fccklich jegliche Haftung ab und \u00fcbernimmt keine Garantie daf\u00fcr, dass die Informationen auf www.multicredit.ch fehler- und virenfrei sind.<\/p>\n<h2><span class=\"ez-toc-section\" id=\"11_Juristische_Informationen\"><\/span>11. Juristische Informationen<span class=\"ez-toc-section-end\"><\/span><\/h2>\n<p>Die auf dieser Internetsite ver\u00f6ffentlichten Informationen stellen keine Einladung, Offerte oder Empfehlung zum Kauf oder Verkauf von Produkten, zur Vornahme einer Transaktion oder jeder anderen Rechtshandlung dar.<\/p>\n<p>S\u00e4mtliche Teile dieser Internetsite geh\u00f6ren ausschliesslich und vollst\u00e4ndig Cashflex MultiKredit GmbH, namentlich was Urheberrechte und andere Immaterialg\u00fcterrechte anbelangt. Jede Vervielf\u00e4ltigung, \u00dcbertragung, \u00c4nderung, Vernetzung mit Links oder Nutzung dieser Internetsite erfordert die vorg\u00e4ngige Zustimmung von Cashflex MultiKredit GmbH.<\/p>\n<p>Diese Internetsite ist nicht f\u00fcr Personen bestimmt, die einer Rechtsordnung unterstehen, welche die Publikation oder den Zugang zur Internetsite von Cashflex MultiKredit GmbH verbietet. Personen, auf welche solche Einschr\u00e4nkungen zutreffen, ist der Zugriff nicht gestattet. Die Internetsite www.multicredit.ch richtet sich einzig und ausschliesslich an nat\u00fcrliche und juristische Personen, die in der Schweiz oder im F\u00fcrstentum Liechtenstein wohnhaft sind und arbeiten.<\/p>\n<p>Wir weisen Sie darauf hin, dass Zahlungserfahrungen, insbesondere \u00fcber unbestrittene und nach Eintritt der F\u00e4lligkeit unbezahlte Forderungen, sowie gegebenenfalls Betreibungsausk\u00fcnfte und Adressdaten an CRIF AG in Z\u00fcrich, zur rechtm\u00e4ssigen Verwendung als Wirtschaftsauskunftei \u00fcbermittelt werden. CRIF wird die Daten zur Pr\u00fcfung Ihrer Identit\u00e4t und Bonit\u00e4t verwenden und berechtigten Dritten bekannt geben. Die Zahlungserfahrungen k\u00f6nnen von CRIF auf der Grundlage mathematisch-statistischer Berechnungsweisen zur automatisierten Entscheidungsfindung insbesondere f\u00fcr die Beurteilung der Bonit\u00e4t einer Person analysiert werden. N\u00e4here Informationen finden Sie unter:<span class=\"apple-converted-space\">\u00a0<\/span><a href=\"https:\/\/www.mycrifdata.ch\/#\/dsg\" target=\"_blank\" rel=\"noopener\">www.mycrifdata.ch\/#\/dsg<\/a><\/p>\n<p>Sie werden in Kenntnis gesetzt, dass Ihre angegebenen Antrags-\/Auftragsdaten an die CRIF AG in Z\u00fcrich zur Pr\u00fcfung Ihrer Identit\u00e4t bzw. Bonit\u00e4t \u00fcbermittelt werden. N\u00e4here Informationen finden Sie unter:<span class=\"apple-converted-space\">\u00a0<\/span><a href=\"https:\/\/www.mycrifdata.ch\/#\/dsg\" target=\"_blank\" rel=\"noopener\">www.mycrifdata.ch\/#\/dsg<\/a><\/p>\n<p>WhatsApp Business Richtlinie: <a href=\"https:\/\/www.whatsapp.com\/legal\/business-policy\/?lang=de\" target=\"_blank\" rel=\"noopener\">https:\/\/www.whatsapp.com\/legal\/business-policy\/?lang=de<\/a><\/p>\n<p>Alle betr\u00fcgerischen, gef\u00e4lschten, irref\u00fchrenden oder materiell unrichtigen Dokumente oder Informationen, die uns \u00fcbermittelt werden \u2014 sei es vors\u00e4tzlich oder fahrl\u00e4ssig \u2014 werden unverz\u00fcglich den zust\u00e4ndigen Beh\u00f6rden gemeldet.<\/p>\n<p>Wir behalten uns ausdr\u00fccklich das Recht vor, die vollst\u00e4ndige Herkunft, den \u00dcbermittlungsweg sowie die gesamte Entstehungs- und Weitergabekette dieser Dokumente offenzulegen, einschlie\u00dflich s\u00e4mtlicher an deren Erstellung, \u00dcbermittlung oder Einreichung beteiligter Personen oder Gesellschaften.<\/p>\n<p>Dar\u00fcber hinaus behalten wir uns das Recht vor, zivil- und\/oder strafrechtliche Schritte gegen jede beteiligte nat\u00fcrliche oder juristische Person einzuleiten und eine vollst\u00e4ndige Entsch\u00e4digung s\u00e4mtlicher erlittenen Sch\u00e4den zu verlangen, einschlie\u00dflich, aber nicht beschr\u00e4nkt auf finanzielle Verluste, Reputationssch\u00e4den, Rechtskosten und administrative Aufwendungen.<\/p>\n<p>Wir unterliegen strengen Compliance-, regulatorischen und internen Risikomanagement-Anforderungen, die jederzeit uneingeschr\u00e4nkt einzuhalten sind.<\/p>\n<p>Als Broker und\/oder Intermedi\u00e4r tragen Sie die alleinige Verantwortung daf\u00fcr, s\u00e4mtliche erforderlichen vorg\u00e4ngigen Due-Diligence-Pr\u00fcfungen durchzuf\u00fchren, bevor Sie einen Lead, eine Transaktion oder eine Einf\u00fchrung zur Pr\u00fcfung oder Bewertung einreichen.<\/p>\n<p>Dies umfasst insbesondere die Beschaffung, \u00dcberpr\u00fcfung sowie die Sicherstellung der Vollst\u00e4ndigkeit, Richtigkeit und G\u00fcltigkeit aller Informationen und Unterlagen, die zur Beurteilung der Identit\u00e4t, Legitimit\u00e4t und des Compliance-Profils des Kunden, der Gegenpartei oder der Transaktion erforderlich sind.<\/p>\n<p>Sofern diese Informationen nicht vollst\u00e4ndig und verl\u00e4sslich bereitgestellt werden k\u00f6nnen, sind sie vor jeglichem Kontakt mit unserem Desk oder dessen Vertretern einzuholen.<\/p>\n<p>Jede Nichteinhaltung dieser Verpflichtungen kann zur sofortigen Ablehnung der Einreichung, zur Aussetzung oder Beendigung der Gesch\u00e4ftsbeziehung sowie zu weiteren Massnahmen gem\u00e4ss der anwendbaren Vereinbarung f\u00fchren.<\/p>\n<h2><span class=\"ez-toc-section\" id=\"12_Aenderung_der_vorliegenden_Nutzungsbedingungen\"><\/span>12. \u00c4nderung der vorliegenden Nutzungsbedingungen<span class=\"ez-toc-section-end\"><\/span><\/h2>\n<p>Die vorliegenden Nutzungsbedingungen k\u00f6nnen jederzeit einseitig von Cashflex MultiKredit GmbH ohne vorherige Ank\u00fcndigung ge\u00e4ndert oder erg\u00e4nzt werden. Ich nehme zur Kenntnis und akzeptiere, dass die jeweils aktuell auf der Website ver\u00f6ffentlichte Version der Nutzungsbedingungen die massgebliche Version ist.<\/p>\n<p>Vor diesem Hintergrund l\u00e4dt Sie die Cashflex MultiKredit GmbH ein, die Nutzungsbedingungen regelm\u00e4ssig einzusehen.<\/p>\n<h2><span class=\"ez-toc-section\" id=\"13_Sprache\"><\/span>13. Sprache<span class=\"ez-toc-section-end\"><\/span><\/h2>\n<p>Im Falle eines Widerspruchs zwischen den verschiedenen Sprachversionen dieser Nutzungsbedingungen ist die franz\u00f6sische Version massgebend.<\/p>\n<h2><span class=\"ez-toc-section\" id=\"14_Gerichtsstand_und_anwendbares_Recht\"><\/span>14. Gerichtsstand und anwendbares Recht<span class=\"ez-toc-section-end\"><\/span><\/h2>\n<p>F\u00fcr alle Streitigkeiten zwischen den Nutzern der Website und Cashflex MultiKredit GmbH, die sich aus der Nutzung oder dem Besuch der Website ergeben, sowie f\u00fcr alle Streitigkeiten im Zusammenhang mit der Datenverarbeitung, werden die Gerichte Kanton Zug (CH) als ausschliesslicher Gerichtsstand vereinbart. Der Cashflex MultiKredit GmbH steht es frei, auch am Wohnsitz\/Sitz des Nutzers zu klagen. Es gilt Schweizer Recht.<\/p>\n<h2><span class=\"ez-toc-section\" id=\"15_Ueberschuldung\"><\/span>15. \u00dcberschuldung<span class=\"ez-toc-section-end\"><\/span><\/h2>\n<p>Ich nehme zur Kenntnis, dass die Gew\u00e4hrung von Krediten verboten ist, wenn sie zu einer \u00dcberschuldung f\u00fchrt (Art. 3 UWG).<\/p>\n<h2><span class=\"ez-toc-section\" id=\"16_Bestaetigung\"><\/span>16. Best\u00e4tigung<span class=\"ez-toc-section-end\"><\/span><\/h2>\n<p>Ich best\u00e4tige hiermit, dass ich die rechtlichen Hinweise vollst\u00e4ndig gelesen habe und sie vollumf\u00e4nglich akzeptiere.[\/vc_column_text][\/vc_column][\/vc_row]<\/section>\n","protected":false},"excerpt":{"rendered":"<p>[vc_row][vc_column][vc_column_text] Nutzungsbedingungen der Website www.multicredit.ch (Aktualisiert am 17 M\u00e4rz 2026) Denken Sie auch daran, unsere Datenschutzbestimmungen zu lesen. Mit dem Zugriff auf die Website www.multicredit.ch erkl\u00e4ren Sie, dass Sie die folgenden Nutzungsbedingungen, insbesondere betreffend Verarbeitung personenbezogener Daten gem\u00e4ss der Verordnung (EU) 2016\/679 des Europ\u00e4ischen Parlaments und des Rates vom 27. April 2016 zum Schutz nat\u00fcrlicher [&hellip;]<\/p>\n","protected":false},"author":4,"featured_media":0,"parent":0,"menu_order":1,"comment_status":"closed","ping_status":"closed","template":"page-empty.php","meta":{"inline_featured_image":false,"footnotes":"","_links_to":"","_links_to_target":""},"categories":[],"class_list":["post-12661","page","type-page","status-publish","hentry"],"_links":{"self":[{"href":"https:\/\/multicredit.ch\/de\/wp-json\/wp\/v2\/pages\/12661","targetHints":{"allow":["GET"]}}],"collection":[{"href":"https:\/\/multicredit.ch\/de\/wp-json\/wp\/v2\/pages"}],"about":[{"href":"https:\/\/multicredit.ch\/de\/wp-json\/wp\/v2\/types\/page"}],"author":[{"embeddable":true,"href":"https:\/\/multicredit.ch\/de\/wp-json\/wp\/v2\/users\/4"}],"replies":[{"embeddable":true,"href":"https:\/\/multicredit.ch\/de\/wp-json\/wp\/v2\/comments?post=12661"}],"version-history":[{"count":23,"href":"https:\/\/multicredit.ch\/de\/wp-json\/wp\/v2\/pages\/12661\/revisions"}],"predecessor-version":[{"id":30794,"href":"https:\/\/multicredit.ch\/de\/wp-json\/wp\/v2\/pages\/12661\/revisions\/30794"}],"wp:attachment":[{"href":"https:\/\/multicredit.ch\/de\/wp-json\/wp\/v2\/media?parent=12661"}],"wp:term":[{"taxonomy":"category","embeddable":true,"href":"https:\/\/multicredit.ch\/de\/wp-json\/wp\/v2\/categories?post=12661"}],"curies":[{"name":"wp","href":"https:\/\/api.w.org\/{rel}","templated":true}]}}