{"id":12334,"date":"2020-03-10T09:57:09","date_gmt":"2020-03-10T09:57:09","guid":{"rendered":"https:\/\/www.multicredit.ch\/contact\/demande-de-sponsoring\/"},"modified":"2020-05-28T09:54:23","modified_gmt":"2020-05-28T09:54:23","slug":"antrag-auf-patenschaft","status":"publish","type":"page","link":"https:\/\/multicredit.ch\/de\/beste-kreditrate-kontaktieren-sie-uns\/antrag-auf-patenschaft\/","title":{"rendered":"Antrag auf Patenschaft"},"content":{"rendered":"<section class=\"wpb-content-wrapper\">[vc_row el_class=&#8221;bigpadding&#8221;][vc_column][vc_column_text el_class=&#8221;maxwidth&#8221;]<\/p>\n<p style=\"text-align: center; font-size: 28px;\">Bei MultiKredit m\u00f6chten wir auch<strong> lokalen und regionalen Verb\u00e4nde<\/strong> die M\u00f6glichkeit geben, sich weiterzuentwickeln. Sind Sie Mitglied eines Sportvereins oder als K\u00fcnstler t\u00e4tig und m\u00f6chten nun eine Sponsoring Anfrage machen? Sehr gerne helfen wir Ihnen dabei!<\/p>\n<p>[\/vc_column_text][\/vc_column][\/vc_row][vc_row full_width=&#8221;stretch_row&#8221; content_placement=&#8221;middle&#8221; el_class=&#8221;lightgrey-bck biggerpadding diagonal-top-bck&#8221;][vc_column width=&#8221;1\/2&#8243; data_aos=&#8221;fade-in&#8221; data_aos_delay=&#8221;250&#8243;][vc_column_text el_class=&#8221;checklist&#8221;]<\/p>\n<h2><span class=\"ez-toc-section\" id=\"Unser_Engagement\"><\/span>Unser Engagement<span class=\"ez-toc-section-end\"><\/span><\/h2>\n<p>Gerne setzen wir uns vor allem f\u00fcr Verb\u00e4nde ein, welche lokal stark verankert sind. Zweifeln Sie nicht bei uns eine Sponsoring Anfrage zu machen! Wir finden garantiert die ideale L\u00f6sung f\u00fcr Sie, indem wir Ihr Projekt in vielen verschiedenen Punkten unterst\u00fctzen und Sie uns als Gegenzug auch mit einbeziehen (Flyer verteilen, Linkaustausch, Werbeinserat,&#8230;):<\/p>\n<ul>\n<li><strong>Sport:<\/strong> Verein, Veranstaltungen, Turniere<\/li>\n<li><strong>Kunst &amp; Kultur:<\/strong> K\u00fcnstler, Konzerte, Theater, Veranstaltungen<\/li>\n<li><strong>Kulturelle Veranstaltungen:<\/strong> ethnische oder karitative, Gruppe von Freunden, Quartierfeste<\/li>\n<\/ul>\n<p>[\/vc_column_text][\/vc_column][vc_column width=&#8221;1\/2&#8243; data_aos=&#8221;fade-left&#8221;][vc_single_image image=&#8221;11536&#8243; img_size=&#8221;full&#8221; alignment=&#8221;center&#8221;][\/vc_column][\/vc_row][vc_row full_width=&#8221;stretch_row&#8221; content_placement=&#8221;middle&#8221; el_class=&#8221;lightgrey-bck biggerpadding&#8221; css=&#8221;.vc_custom_1587476806347{padding-bottom: 128px !important;}&#8221;][vc_column width=&#8221;1\/2&#8243; data_aos=&#8221;fade-right&#8221;][vc_single_image image=&#8221;11541&#8243; img_size=&#8221;full&#8221; alignment=&#8221;center&#8221;][\/vc_column][vc_column width=&#8221;1\/2&#8243; data_aos=&#8221;fade-in&#8221; data_aos_delay=&#8221;250&#8243; el_class=&#8221;checklist&#8221;][vc_column_text el_class=&#8221;checklist&#8221;]<\/p>\n<h2><span class=\"ez-toc-section\" id=\"Wie_koennen_Sie_eine_Sponsoring_Anfrage_machen\"><\/span>Wie k\u00f6nnen Sie eine Sponsoring Anfrage machen?<span class=\"ez-toc-section-end\"><\/span><\/h2>\n<p>Jedes Jahr unterst\u00fctzt MultiKredit zahlreiche Vereine sowie auch Veranstaltungen die in der ganzen Schweiz stattfinden! Zweifeln Sie also nicht uns eine Sponsoring Anfrage zu machen. Verraten Sie uns folgende Angaben:<\/p>\n<ul>\n<li>Art von Verein, Verband oder Gesellschaft<\/li>\n<li>Beschreibung der Veranstaltung (genaues Datum, Zielgruppe und Anzahl zu erwartende Teilnehmer)<\/li>\n<li>Geplanter Betrag den Sie zur Unterst\u00fctzung Ihres Vereins ben\u00f6tigen<\/li>\n<li>M\u00f6glichkeiten um Werbung zu machen (Flyer verteilen, Linkaustausch im Netz, &#8230;)<\/li>\n<\/ul>\n<p>[\/vc_column_text][\/vc_column][\/vc_row][vc_row full_width=&#8221;stretch_row&#8221; el_class=&#8221;diagonal-bck gradient-bck bigpadding full-width&#8221;][vc_column data_aos=&#8221;fade-in&#8221;][vc_column_text css=&#8221;.vc_custom_1590659589399{padding-top: 96px !important;}&#8221;]<\/p>\n<div class=\"blocktitle title-center title-light maxwidth\">\n<h2 style=\"text-align: center;\"><span class=\"ez-toc-section\" id=\"Kontaktieren_Sie_uns\"><\/span>Kontaktieren Sie uns!<span class=\"ez-toc-section-end\"><\/span><\/h2>\n<p style=\"text-align: center;\">Wir nehmen es uns zu Herzen, die verschiedenen Aktivit\u00e4ten Ihrer Region zu f\u00f6rdern! Haben Sie also keine Zweifel uns zu benachrichtigen!<\/p>\n<p style=\"text-align: center;\">Nur so k\u00f6nnen wir innert k\u00fcrzester Zeit Ihre Sponsoring Anfrage analysieren.<\/p>\n<\/div>\n<p>[\/vc_column_text][vc_btn title=&#8221;Sponsoring beantragen&#8221; align=&#8221;center&#8221; link=&#8221;url:https%3A%2F%2Fwww.multicredit.ch%2Fde%2Fcontact%2F|title:Contact|&#8221;][\/vc_column][\/vc_row]<\/section>\n","protected":false},"excerpt":{"rendered":"<p>Ihr Kredit, ein wirtschaftliches und soziales Engagement<\/p>\n","protected":false},"author":4,"featured_media":11662,"parent":12331,"menu_order":0,"comment_status":"closed","ping_status":"closed","template":"","meta":{"inline_featured_image":false,"footnotes":"","_links_to":"","_links_to_target":""},"categories":[],"class_list":["post-12334","page","type-page","status-publish","has-post-thumbnail","hentry"],"_links":{"self":[{"href":"https:\/\/multicredit.ch\/de\/wp-json\/wp\/v2\/pages\/12334","targetHints":{"allow":["GET"]}}],"collection":[{"href":"https:\/\/multicredit.ch\/de\/wp-json\/wp\/v2\/pages"}],"about":[{"href":"https:\/\/multicredit.ch\/de\/wp-json\/wp\/v2\/types\/page"}],"author":[{"embeddable":true,"href":"https:\/\/multicredit.ch\/de\/wp-json\/wp\/v2\/users\/4"}],"replies":[{"embeddable":true,"href":"https:\/\/multicredit.ch\/de\/wp-json\/wp\/v2\/comments?post=12334"}],"version-history":[{"count":5,"href":"https:\/\/multicredit.ch\/de\/wp-json\/wp\/v2\/pages\/12334\/revisions"}],"predecessor-version":[{"id":13963,"href":"https:\/\/multicredit.ch\/de\/wp-json\/wp\/v2\/pages\/12334\/revisions\/13963"}],"up":[{"embeddable":true,"href":"https:\/\/multicredit.ch\/de\/wp-json\/wp\/v2\/pages\/12331"}],"wp:featuredmedia":[{"embeddable":true,"href":"https:\/\/multicredit.ch\/de\/wp-json\/wp\/v2\/media\/11662"}],"wp:attachment":[{"href":"https:\/\/multicredit.ch\/de\/wp-json\/wp\/v2\/media?parent=12334"}],"wp:term":[{"taxonomy":"category","embeddable":true,"href":"https:\/\/multicredit.ch\/de\/wp-json\/wp\/v2\/categories?post=12334"}],"curies":[{"name":"wp","href":"https:\/\/api.w.org\/{rel}","templated":true}]}}