{"id":12331,"date":"2020-02-10T15:28:42","date_gmt":"2020-02-10T15:28:42","guid":{"rendered":"https:\/\/www.multicredit.ch\/contact\/"},"modified":"2022-08-12T15:07:49","modified_gmt":"2022-08-12T15:07:49","slug":"beste-kreditrate-kontaktieren-sie-uns","status":"publish","type":"page","link":"https:\/\/multicredit.ch\/de\/beste-kreditrate-kontaktieren-sie-uns\/","title":{"rendered":"Kontakt"},"content":{"rendered":"<section class=\"wpb-content-wrapper\">[vc_row el_class=&#8221;white-bck bigpadding white-bg-form&#8221;][vc_column width=&#8221;1\/2&#8243;]<\/p>\n<div class=\"blocktitle title-left title-dark\" clearfix\"><H2><span class=\"ez-toc-section\" id=\"Wir_sind_hier_um_Ihnen_die_beste_Kreditrate_zu_verschaffen_Kontaktieren_Sie_uns\"><\/span>Wir sind hier, um Ihnen die beste Kreditrate zu verschaffen. Kontaktieren Sie uns!<\/H2><\/p>\n<h4>Unser Team beantwortet gerne Ihre Fragen.<\/h4>\n<\/div>\n<p>[vc_column_text]Wir sind bestrebt, die Interessen unserer Kunden in den Vordergrund zu stellen, indem wir die bestm\u00f6gliche Kreditrate aushandeln. Wir legen auch gro\u00dfen Wert auf Kundenbeziehungen.<\/p>\n<p>Sie k\u00f6nnen daher direkt mit uns Kontakt aufnehmen:<\/p>\n<ul>\n<li>Telefon: <a href=\"tel:026 322 23 10\">026 322 23 10<\/a><\/li>\n<li>Mobil: <a href=\"tel:079 936 31 75\">079 936 31 75<\/a><\/li>\n<li>E-Mail: <a href=\"mailto:info@multicredit.ch\">info@multicredit.ch<\/a><\/li>\n<\/ul>\n<p>[\/vc_column_text]<\/p>\n<div class=\"blocktitle title-left title-dark\" clearfix\"><H3><span class=\"ez-toc-section\" id=\"Die_Garantie_fuer_beste_Bedingungen_in_der_Schweiz\"><\/span>Die Garantie f\u00fcr beste Bedingungen in der Schweiz!<\/H3><\/p>\n<h4>MultiCr\u00e9dit ber\u00e4t Sie schnell und kostenlos<\/h4>\n<\/div>\n<p>[vc_column_text]<\/p>\n<ul>\n<li><a href=\"https:\/\/multicredit.ch\/de\/kreditantrag\/\">Geschneiderte Beratung zur Finanzierung Ihres Projekts<\/a><\/li>\n<li>Garantiert beste Kreditrate<\/li>\n<li><a href=\"https:\/\/www.google.com\/maps\/place\/Rue+de+la+Banque+4,+1700+Fribourg\/@46.8039045,7.1526062,17z\/data=!3m1!4b1!4m5!3m4!1s0x478e692e6f35c2fb:0xb945e3fefdcb12d4!8m2!3d46.8039045!4d7.1547949\" target=\"_blank\" rel=\"noopener\">Auch in der rue de la banque 4, in Freiburg, k\u00f6nnen wir Sie uns besuchen<\/a><\/li>\n<\/ul>\n<p>[\/vc_column_text][\/vc_column][vc_column width=&#8221;1\/2&#8243;][vc_empty_space]<\/p>\n<div class=\"wpcf7 no-js\" id=\"wpcf7-f12721-o1\" lang=\"de-DE\" dir=\"ltr\" data-wpcf7-id=\"12721\">\n<div class=\"screen-reader-response\">\n<p role=\"status\" aria-live=\"polite\" aria-atomic=\"true\">\n<ul><\/ul>\n<\/div>\n<form action=\"\/de\/wp-json\/wp\/v2\/pages\/12331#wpcf7-f12721-o1\" method=\"post\" class=\"wpcf7-form init\" aria-label=\"Contact form\" novalidate=\"novalidate\" data-status=\"init\">\n<fieldset class=\"hidden-fields-container\"><input type=\"hidden\" name=\"_wpcf7\" value=\"12721\" \/><input type=\"hidden\" name=\"_wpcf7_version\" value=\"6.1.5\" \/><input type=\"hidden\" name=\"_wpcf7_locale\" value=\"de_DE\" \/><input type=\"hidden\" name=\"_wpcf7_unit_tag\" value=\"wpcf7-f12721-o1\" \/><input type=\"hidden\" name=\"_wpcf7_container_post\" value=\"0\" \/><input type=\"hidden\" name=\"_wpcf7_posted_data_hash\" value=\"\" \/><input type=\"hidden\" name=\"_wpcf7_recaptcha_response\" value=\"\" \/><br \/>\n<\/fieldset>\n<p><span class=\"wpcf7-form-control-wrap\" data-name=\"Sujet\"><select class=\"wpcf7-form-control wpcf7-select wpcf7-validates-as-required\" id=\"sujet\" aria-required=\"true\" aria-invalid=\"false\" name=\"Sujet\"><option value=\"Wor\u00fcber m\u00f6chten Sie mit uns Kontakt aufnehmen?\">Wor\u00fcber m\u00f6chten Sie mit uns Kontakt aufnehmen?<\/option><option value=\"Allgemeine Anfrage\">Allgemeine Anfrage<\/option><option value=\"Kredit\">Kredit<\/option><option value=\"Kredit-R\u00fcckkauf\">Kredit-R\u00fcckkauf<\/option><option value=\"Kreditkarte\">Kreditkarte<\/option><option value=\"Sponsoring-Anfrage\">Sponsoring-Anfrage<\/option><\/select><\/span><br \/>\n<span class=\"wpcf7-form-control-wrap\" data-name=\"Prenom\"><input size=\"40\" maxlength=\"400\" class=\"wpcf7-form-control wpcf7-text wpcf7-validates-as-required\" id=\"prenom\" aria-required=\"true\" aria-invalid=\"false\" placeholder=\"Vorname*\" value=\"\" type=\"text\" name=\"Prenom\" \/><\/span><br \/>\n<span class=\"wpcf7-form-control-wrap\" data-name=\"Nom\"><input size=\"40\" maxlength=\"400\" class=\"wpcf7-form-control wpcf7-text wpcf7-validates-as-required\" aria-required=\"true\" aria-invalid=\"false\" placeholder=\"Name*\" value=\"\" type=\"text\" name=\"Nom\" \/><\/span><br \/>\n<span class=\"wpcf7-form-control-wrap\" data-name=\"Mail\"><input size=\"40\" maxlength=\"400\" class=\"wpcf7-form-control wpcf7-email wpcf7-validates-as-required wpcf7-text wpcf7-validates-as-email\" id=\"mail\" aria-required=\"true\" aria-invalid=\"false\" placeholder=\"Ihre Email*\" value=\"\" type=\"email\" name=\"Mail\" \/><\/span><br \/>\n<span class=\"wpcf7-form-control-wrap\" data-name=\"NPA\"><input size=\"40\" maxlength=\"400\" class=\"wpcf7-form-control wpcf7-text wpcf7-validates-as-required\" id=\"npa\" aria-required=\"true\" aria-invalid=\"false\" placeholder=\"PLZ*\" value=\"\" type=\"text\" name=\"NPA\" \/><\/span><span class=\"wpcf7-form-control-wrap\" data-name=\"Localite\"><input size=\"40\" maxlength=\"400\" class=\"wpcf7-form-control wpcf7-text wpcf7-validates-as-required\" id=\"localite\" aria-required=\"true\" aria-invalid=\"false\" placeholder=\"Stadt*\" value=\"\" type=\"text\" name=\"Localite\" \/><\/span><br \/>\n<span class=\"wpcf7-form-control-wrap\" data-name=\"Telephone\"><input size=\"40\" maxlength=\"400\" class=\"wpcf7-form-control wpcf7-tel wpcf7-validates-as-required wpcf7-text wpcf7-validates-as-tel\" id=\"tel\" aria-required=\"true\" aria-invalid=\"false\" placeholder=\"Telefon*\" value=\"\" type=\"tel\" name=\"Telephone\" \/><\/span><br \/>\n<span class=\"wpcf7-form-control-wrap\" data-name=\"Message\"><textarea cols=\"40\" rows=\"10\" maxlength=\"2000\" class=\"wpcf7-form-control wpcf7-textarea\" id=\"message\" aria-invalid=\"false\" placeholder=\"Nachricht\" name=\"Message\"><\/textarea><\/span><br \/>\n<input class=\"wpcf7-form-control wpcf7-submit has-spinner\" id=\"submit\" type=\"submit\" value=\"Senden\" \/>\n<\/p>\n<p><input type=\"hidden\" id=\"ct_checkjs_cf7_4311359ed4969e8401880e3c1836fbe1\" name=\"ct_checkjs_cf7\" value=\"0\" \/><script >setTimeout(function(){var ct_input_name = \"ct_checkjs_cf7_4311359ed4969e8401880e3c1836fbe1\";if (document.getElementById(ct_input_name) !== null) {var ct_input_value = document.getElementById(ct_input_name).value;document.getElementById(ct_input_name).value = document.getElementById(ct_input_name).value.replace(ct_input_value, 'f350882909af177e6ae7f21ccaa78745bceacc83bdcef37d25207814ac5fc89e');}}, 1000);<\/script><input\n                    class=\"apbct_special_field apbct_email_id__wp_contact_form_7\"\n                    name=\"apbct__email_id__wp_contact_form_7\"\n                    aria-label=\"apbct__label_id__wp_contact_form_7\"\n                    type=\"text\" size=\"30\" maxlength=\"200\" autocomplete=\"off\"\n                    value=\"\"\n                \/><\/p>\n<div class=\"wpcf7-response-output\" aria-hidden=\"true\"><\/div>\n<\/form>\n<\/div>\n<p>[\/vc_column][\/vc_row][vc_row][vc_column][vc_separator][vc_empty_space][\/vc_column][\/vc_row][vc_row][vc_column width=&#8221;1\/2&#8243;]<\/p>\n<div class=\"blocktitle title-left title-dark\" clearfix\"><H2><span class=\"ez-toc-section\" id=\"Zufriedene_Kunden_in_der_ganzen_Schweiz\"><\/span>Zufriedene Kunden in der ganzen Schweiz<\/H2><\/div>\n<p>[vc_column_text]<\/p>\n<h4>WIR KENNEN DEN KREDITMARKT IN- UND AUSWENDIG<\/h4>\n<p>Wir sind die Spezialisten f\u00fcr Konsumkredite in der Schweiz. Mit einem Gesamtvolumen von CHF 650 Mio. sind wir ein Beispiel f\u00fcr Langlebigkeit, denn wir sind seit 1999 in der gleichen Gesch\u00e4ftsart t\u00e4tig. Mit unserem l\u00f6sungsorientierten Ansatz werden Ihre Anfragen von unseren Mitarbeitern bearbeitet.<\/p>\n<p>Sie m\u00f6gen Flexibilit\u00e4t und Reaktivit\u00e4t? Dann sind Sie bei uns richtig, denn wir bieten Ihnen eine vertrauensvolle Beratung per Telefon, Video, online oder direkt im B\u00fcro.\u00a0<a href=\"https:\/\/multicredit.ch\/de\/kreditantrag\/\">Beantragen Sie jetzt online<\/a>\u00a0einen Kredit und \u00fcbernehmen Sie die Kontrolle \u00fcber Ihre Projekte.<\/p>\n<h4>WARUM VERTRAUEN UNS DIE KUNDEN?<\/h4>\n<p>Weil ihre Zufriedenheit im Mittelpunkt unseres Handelns steht.<\/p>\n<ul>\n<li>Ein einfacher, schneller und effizienter Prozess.<\/li>\n<li>Wir haben ein geschultes und kompetentes\u00a0<a href=\"https:\/\/multicredit.ch\/de\/multicredit-fribourg-uber-uns\/\">Team<\/a>.<\/li>\n<li>Unsere Berater sind mehrsprachig und arbeiten in 8 verschiedenen Sprachen.<\/li>\n<li>Wir geben Ihnen innerhalb von 24 Stunden an Werktagen eine Antwort.<\/li>\n<li>Wir behandeln die Projekte unserer Kunden mit einem vollst\u00e4ndigen Follow-up.<\/li>\n<li>Wir respektieren die Bankvorschriften.<\/li>\n<li>Wir analysieren die Situation jedes Kunden, um eine \u00dcberschuldung zu<\/li>\n<\/ul>\n<p>[\/vc_column_text][\/vc_column][vc_column width=&#8221;1\/2&#8243;][vc_empty_space][vc_empty_space][vc_empty_space][vc_empty_space][vc_empty_space][vc_single_image image=&#8221;21079&#8243; img_size=&#8221;full&#8221; alignment=&#8221;right&#8221;][\/vc_column][\/vc_row][vc_row][vc_column][vc_separator][vc_empty_space][vc_column_text]<\/p>\n<h5 style=\"text-align: center;\">Alle Bereiche, menschlich und individuell, Ihre Projekte sind in guten H\u00e4nden.<\/h5>\n<p>[\/vc_column_text][\/vc_column][\/vc_row]<\/section>\n","protected":false},"excerpt":{"rendered":"<p>Kennen und sehen, rufen Sie uns an<\/p>\n","protected":false},"author":4,"featured_media":11647,"parent":0,"menu_order":-4,"comment_status":"closed","ping_status":"closed","template":"template-w-stats.php","meta":{"inline_featured_image":false,"footnotes":"","_links_to":"","_links_to_target":""},"categories":[],"class_list":["post-12331","page","type-page","status-publish","has-post-thumbnail","hentry"],"_links":{"self":[{"href":"https:\/\/multicredit.ch\/de\/wp-json\/wp\/v2\/pages\/12331","targetHints":{"allow":["GET"]}}],"collection":[{"href":"https:\/\/multicredit.ch\/de\/wp-json\/wp\/v2\/pages"}],"about":[{"href":"https:\/\/multicredit.ch\/de\/wp-json\/wp\/v2\/types\/page"}],"author":[{"embeddable":true,"href":"https:\/\/multicredit.ch\/de\/wp-json\/wp\/v2\/users\/4"}],"replies":[{"embeddable":true,"href":"https:\/\/multicredit.ch\/de\/wp-json\/wp\/v2\/comments?post=12331"}],"version-history":[{"count":45,"href":"https:\/\/multicredit.ch\/de\/wp-json\/wp\/v2\/pages\/12331\/revisions"}],"predecessor-version":[{"id":21100,"href":"https:\/\/multicredit.ch\/de\/wp-json\/wp\/v2\/pages\/12331\/revisions\/21100"}],"wp:featuredmedia":[{"embeddable":true,"href":"https:\/\/multicredit.ch\/de\/wp-json\/wp\/v2\/media\/11647"}],"wp:attachment":[{"href":"https:\/\/multicredit.ch\/de\/wp-json\/wp\/v2\/media?parent=12331"}],"wp:term":[{"taxonomy":"category","embeddable":true,"href":"https:\/\/multicredit.ch\/de\/wp-json\/wp\/v2\/categories?post=12331"}],"curies":[{"name":"wp","href":"https:\/\/api.w.org\/{rel}","templated":true}]}}