{"id":12325,"date":"2020-03-10T09:52:52","date_gmt":"2020-03-10T09:52:52","guid":{"rendered":"https:\/\/www.multicredit.ch\/carte-de-credit\/"},"modified":"2023-06-28T09:06:58","modified_gmt":"2023-06-28T09:06:58","slug":"kreditkarte","status":"publish","type":"page","link":"https:\/\/multicredit.ch\/de\/kredit\/offre-credit\/kreditkarte\/","title":{"rendered":"Schweizer Kreditkarte von Multicredit"},"content":{"rendered":"<section class=\"wpb-content-wrapper\">[vc_row el_class=&#8221;white-bck bigpadding&#8221;][vc_column data_aos=&#8221;fade-in&#8221;]<\/p>\n<div class=\"blocktitle title-center title-dark\" clearfix\"><H2><span class=\"ez-toc-section\" id=\"Eine_erhoete_Kreditlimite\"><\/span>Eine erh\u00f6te Kreditlimite<\/H2><\/p>\n<h4>Unsere L\u00f6sung bei einer intensiven Beanspruchung ihrer Karte\/n.<\/h4>\n<\/div>\n<p>[vc_column_text el_class=&#8221;maxwidth&#8221;]<\/p>\n<p style=\"text-align: center;\">Sie w\u00fcnschen eine h\u00f6here Kreditlimite oder mehr Liquidit\u00e4t?<\/p>\n<p style=\"text-align: center;\">Sie sind vollj\u00e4hrig und kreditw\u00fcrdig, oder gar mehr als 70j\u00e4hrig, wir pr\u00fcfen f\u00fcr Sie die beste L\u00f6sung f\u00fcr die Ausstellung einer neuen Kreditkarte.<\/p>\n<p style=\"text-align: center;\"><strong>Zwischen CHF 3&#8217;000 und CHF 400&#8217;000 Gesamtkredit, passend zu Ihrem Budget und Ihrer finanziellen Situation.<\/strong><\/p>\n<p>[\/vc_column_text][\/vc_column][\/vc_row][vc_row full_width=&#8221;stretch_row&#8221; content_placement=&#8221;middle&#8221; el_class=&#8221;lightgrey-bck diagonal-bottom-bck bigpadding&#8221;][vc_column width=&#8221;1\/2&#8243; data_aos=&#8221;fade-in&#8221; data_aos_delay=&#8221;250&#8243; el_class=&#8221;checklist&#8221;]<\/p>\n<div class=\"blocktitle title-left title-dark\" clearfix\"><H2><span class=\"ez-toc-section\" id=\"Bonitaets_und_Kreditwuerdigkeitsanalyse\"><\/span>Bonit\u00e4ts und Kreditw\u00fcrdigkeitsanalyse<\/H2><\/p>\n<h4>Eine neue Kreditkarte : Ja, aber vern\u00fcnftig !<\/h4>\n<\/div>\n<p>[vc_column_text]Seit 1999 und dank der Fachkundigkeit von MultitKredit profitieren \u00fcber tausenden Kunden profitieren vom Zugang zu den Kreditkarten auch \u00fcber 65 Jahren.<\/p>\n<p>Dank der vertieften Pr\u00fcfung Ihres Dossiers durch unsere Spezialisten, kommen sie in den Genuss der Vorteile einer Kreditkarte:<\/p>\n<ul>\n<li>Flexible, anpassbare Raten<\/li>\n<li>Wahl der minimalen Rate zwischen 10% und 15% des offenen Kreditsaldos f\u00fcr eine erh\u00f6hte Liquidit\u00e4tsreserve.<\/li>\n<li>Profitieren sie von einer sicheren und vorteilhaften Zahlungsart<\/li>\n<li>Kontaktloses zahlen m\u00f6glich.<\/li>\n<li>Sie haben Zugriff auf Ihr Konto dank den Applikationen und k\u00f6nnen direkt bei unserer Partner die Hilfsfunktion aktivieren.<\/li>\n<li>Modern, sicher, diese Karten erm\u00f6glichen ihnen ihr Budget zu verwalten mit ein einem hohen Komfort.<\/li>\n<\/ul>\n<p>[\/vc_column_text][\/vc_column][vc_column width=&#8221;1\/2&#8243; data_aos=&#8221;fade-left&#8221;][vc_single_image image=&#8221;11536&#8243; img_size=&#8221;full&#8221; alignment=&#8221;center&#8221; css_animation=&#8221;none&#8221;][\/vc_column][\/vc_row][vc_row el_class=&#8221;white-bck bigpadding&#8221;][vc_column data_aos=&#8221;fade-in&#8221;]<\/p>\n<div class=\"blocktitle title-center title-dark\" clearfix\"><H2><span class=\"ez-toc-section\" id=\"Flexibler_klarer\"><\/span>Flexibler, klarer<\/H2><\/p>\n<h4>M\u00fcssen sie ihr Budget anpassen?<\/h4>\n<\/div>\n<p>[vc_column_text el_class=&#8221;maxwidth&#8221;]<\/p>\n<p style=\"text-align: center;\">Sie haben die Kreditlimite ausgesch\u00f6pft? Weil eine unverhoffte pers\u00f6nliche, famili\u00e4re und berufliche Situation eingetroffen und Sie die offenen Rechnungen nicht mehr bezahlen k\u00f6nnen oder weil Sie eine h\u00f6here Liquidit\u00e4t ben\u00f6tigen?<\/p>\n<p style=\"text-align: center;\">Damit die Ereignisse Ihre private Autonomie nicht weiter einschr\u00e4nkt, Ihre Spezialisten von MultiKredit schlagen Ihnen eine finanziellen Gegebenheit angepasste L\u00f6sung vor und dies kostenlos.<\/p>\n<p style=\"text-align: center;\"><a href=\"https:\/\/multicredit.ch\/de\/kredit\/offre-credit\/kreditkarte\/anfrage\/\"><strong>Mit Ihrer gew\u00fcnschten Kreditkarte geben Sie sich den Kredit der Ihnen zusteht.<\/strong><\/a><\/p>\n<p>[\/vc_column_text][\/vc_column][\/vc_row][vc_row full_width=&#8221;stretch_row&#8221; content_placement=&#8221;middle&#8221; el_class=&#8221;lightgrey-bck bigpadding comp-neg-margin-bottom checklist&#8221;][vc_column data_aos=&#8221;fade-in&#8221;]<\/p>\n<div class=\"blocktitle title-left title-dark\" clearfix\"><H2><span class=\"ez-toc-section\" id=\"Rasch_und_einfach_die_Kreditkarte\"><\/span>Rasch und einfach, die Kreditkarte<\/H2><\/p>\n<h4>Beantragen sie ihre Kreditkarte in nur 2 Minuten<\/h4>\n<\/div>\n<p>[vc_row_inner][vc_column_inner width=&#8221;1\/2&#8243;][vc_column_text]Fragen Sie uns f\u00fcr eine Offerte in dem Sie online die Anfrage ausl\u00f6sen und uns Ihr Dossier anvertrauen.<\/p>\n<p>Unsere kostenlose, personalisierte rasche Beratung ist eine wahre L\u00f6sung in unserer Zeit. Unsere Spezialisten studieren f\u00fcr Sie die besten Konditionen f\u00fcr Iihre neue Kreditkarte oder zur Erh\u00f6hung Iihrer Kreditlimite in Ihrem Interesse.<\/p>\n<p><a href=\"https:\/\/www.bfs.admin.ch\/bfs\/de\/home\/statistiken\/wirtschaftliche-soziale-situation-bevoelkerung\/einkommen-verbrauch-vermoegen\/verschuldung.html\" target=\"_blank\" rel=\"noopener\"><strong>Bei MultiKredit, beraten wir unsere Kunden f\u00fcr einen vern\u00fcnftigen Kreditvergab um eine \u00dcberschuldung in Ihrem Interesse zu vermeiden.<\/strong><\/a>[\/vc_column_text][\/vc_column_inner][vc_column_inner width=&#8221;1\/2&#8243;][vc_column_text]<\/p>\n<ul>\n<li>Sicherheit und Vertraulichkeit<\/li>\n<li>N\u00e4he und Verantwortung<\/li>\n<li>Garantierte Abholung in weniger als 24 Stunden<\/li>\n<li>Niedrigere Kreditrate als die Konkurrenz<\/li>\n<\/ul>\n<p>[\/vc_column_text][\/vc_column_inner][\/vc_row_inner][\/vc_column][\/vc_row]<\/section>\n","protected":false},"excerpt":{"rendered":"<p>Eine Vielfalt von Vorteile<\/p>\n","protected":false},"author":4,"featured_media":11624,"parent":30582,"menu_order":-7,"comment_status":"closed","ping_status":"closed","template":"template-w-calc.php","meta":{"inline_featured_image":false,"footnotes":"","_links_to":"","_links_to_target":""},"categories":[249],"class_list":["post-12325","page","type-page","status-publish","has-post-thumbnail","hentry","category-kreditkarte"],"_links":{"self":[{"href":"https:\/\/multicredit.ch\/de\/wp-json\/wp\/v2\/pages\/12325","targetHints":{"allow":["GET"]}}],"collection":[{"href":"https:\/\/multicredit.ch\/de\/wp-json\/wp\/v2\/pages"}],"about":[{"href":"https:\/\/multicredit.ch\/de\/wp-json\/wp\/v2\/types\/page"}],"author":[{"embeddable":true,"href":"https:\/\/multicredit.ch\/de\/wp-json\/wp\/v2\/users\/4"}],"replies":[{"embeddable":true,"href":"https:\/\/multicredit.ch\/de\/wp-json\/wp\/v2\/comments?post=12325"}],"version-history":[{"count":20,"href":"https:\/\/multicredit.ch\/de\/wp-json\/wp\/v2\/pages\/12325\/revisions"}],"predecessor-version":[{"id":26374,"href":"https:\/\/multicredit.ch\/de\/wp-json\/wp\/v2\/pages\/12325\/revisions\/26374"}],"up":[{"embeddable":true,"href":"https:\/\/multicredit.ch\/de\/wp-json\/wp\/v2\/pages\/30582"}],"wp:featuredmedia":[{"embeddable":true,"href":"https:\/\/multicredit.ch\/de\/wp-json\/wp\/v2\/media\/11624"}],"wp:attachment":[{"href":"https:\/\/multicredit.ch\/de\/wp-json\/wp\/v2\/media?parent=12325"}],"wp:term":[{"taxonomy":"category","embeddable":true,"href":"https:\/\/multicredit.ch\/de\/wp-json\/wp\/v2\/categories?post=12325"}],"curies":[{"name":"wp","href":"https:\/\/api.w.org\/{rel}","templated":true}]}}