{"id":12322,"date":"2020-03-10T09:56:39","date_gmt":"2020-03-10T09:56:39","guid":{"rendered":"https:\/\/www.multicredit.ch\/rachat-de-pret\/solde-de-carte-de-credit\/"},"modified":"2021-07-31T10:27:03","modified_gmt":"2021-07-31T10:27:03","slug":"rueckkauf-der-kredikarte","status":"publish","type":"page","link":"https:\/\/multicredit.ch\/de\/kredit\/rueckkauf-von-krediten\/rueckkauf-der-kredikarte\/","title":{"rendered":"Kreditkartensaldo refinanzieren lassen"},"content":{"rendered":"<section class=\"wpb-content-wrapper\">[vc_row el_class=&#8221;white-bck bigpadding&#8221; css=&#8221;.vc_custom_1594909812588{padding-top: 0px !important;}&#8221;][vc_column data_aos=&#8221;fade-in&#8221;]<\/p>\n<div class=\"blocktitle title-center title-dark\" clearfix\"><H2><span class=\"ez-toc-section\" id=\"Rueckkauf_der_Kredikarte_zur_Kontrolle_der_Kreditlimite\"><\/span>R\u00fcckkauf der Kredikarte: zur Kontrolle der Kreditlimite<\/H2><\/p>\n<h4>Sie haben die Kreditlimite ausgesch\u00f6pft oder gar \u00fcberzogen!<\/h4>\n<\/div>\n<p>[vc_column_text el_class=&#8221;maxwidth&#8221;]<\/p>\n<p style=\"text-align: center;\">Ben\u00f6tigen Sie eine finanzielle L\u00f6sung? Wir k\u00f6nnen Ihnen eine finanzielle L\u00f6sung anbieten mit dem R\u00fcckkauf der Kreditkarte oder anderen weitgehenden Finanzengagements. Wir versuchen eine globale L\u00f6sung anzustreben um Ihnen mehr Liquidit\u00e4t oder bis zu 40 % tiefere Raten zu erm\u00f6glichen.<\/p>\n<p style=\"text-align: center;\">Dank MultiKredit, erhalten Sie eine h\u00f6here Kreditlimite als die traditionelle Banken es vorschlagen.<\/p>\n<p>[\/vc_column_text][\/vc_column][\/vc_row][vc_row full_width=&#8221;stretch_row&#8221; content_placement=&#8221;middle&#8221; el_class=&#8221;lightgrey-bck diagonal-bottom-bck bigpadding&#8221;][vc_column width=&#8221;1\/2&#8243; data_aos=&#8221;fade-in&#8221; data_aos_delay=&#8221;250&#8243; el_class=&#8221;checklist&#8221;]<\/p>\n<div class=\"blocktitle title-left title-dark\" clearfix\"><H2><span class=\"ez-toc-section\" id=\"Wann_soll_ich_mich_fuer_einen_Rueckkauf_der_Kreditkarte_entscheiden\"><\/span>Wann soll ich mich f\u00fcr einen R\u00fcckkauf der Kreditkarte entscheiden?<\/H2><\/p>\n<h4>Was erm\u00f6glicht meine aktuelle finanzielle Situation heute? <\/h4>\n<\/div>\n<p>[vc_column_text]Privatkredit, Saldo Kreditkarte wie Visa, Mastercard, American Express, Diners Club und Leasing, zusammenf\u00fchren alle Ihrer Kredite, bis zu einem maximal Betrag von CHF 400&#8217;000 und gewinnen Sie die vereinfachte Verwaltung.<\/p>\n<p>Die Addition kann zu Missverst\u00e4ndnis und \u00dcberschuldung f\u00fchren. MultiKredit pr\u00fcft die beste L\u00f6sung f\u00fcr den R\u00fcckkauf der laufenden Kredite und der Kreditkarten um Ihr Budget zu optimieren.<\/p>\n<p><strong>Bei MultiKredit erhalten Sie die notwendigen Formulare, die f\u00fcr alle klar, leserlich und verst\u00e4ndlich. Kein Kopfzerbrechen mehr !\u00a0<\/strong>[\/vc_column_text][\/vc_column][vc_column width=&#8221;1\/2&#8243; data_aos=&#8221;fade-left&#8221;][vc_single_image image=&#8221;11511&#8243; img_size=&#8221;full&#8221; alignment=&#8221;center&#8221; css_animation=&#8221;none&#8221;][\/vc_column][\/vc_row][vc_row content_placement=&#8221;middle&#8221; el_class=&#8221;white-bck bigpadding checklist&#8221;][vc_column width=&#8221;1\/2&#8243; data_aos=&#8221;fade-right&#8221;][vc_single_image image=&#8221;11556&#8243; img_size=&#8221;full&#8221; alignment=&#8221;center&#8221; css_animation=&#8221;none&#8221;][\/vc_column][vc_column width=&#8221;1\/2&#8243; data_aos=&#8221;fade-in&#8221; data_aos_delay=&#8221;250&#8243;]<\/p>\n<div class=\"blocktitle title-left title-dark\" clearfix\"><H2><span class=\"ez-toc-section\" id=\"MasterCard_Visa_American_Express_Diners_Club\"><\/span>MasterCard, Visa, American Express, Diners Club<\/H2><\/p>\n<h4>Sind Sie betroffen? Wir k\u00f6nnen noch mehr f\u00fcr Sie erreichen.<\/h4>\n<\/div>\n<p>[vc_column_text]Der R\u00fcckkauf der Kreditkarte erfolgt analog des Privatkredites. Wir w\u00fcrden uns freuen wenn wir ihnen einen R\u00fcckkauf vorschlagen k\u00f6nnten:<\/p>\n<ul>\n<li>Privatkredit: Unabh\u00e4ngig mit welchem Bankinstitut Sie einen Vertrag haben, wir erarbeiten f\u00fcr Sie den R\u00fcckkauf mit allen administrativen Arbeiten.<\/li>\n<li>Unsere Offerte beinhaltet ebenfalls Ihren laufenden Leasingvertrag.<\/li>\n<li>Kreditkarte: wir kaufen den Kreditsaldo bei Ihrem Kreditkarteninstitut.<\/li>\n<li>Schweizer und Ausl\u00e4nder <a href=\"https:\/\/www.sem.admin.ch\/sem\/de\/home\/themen\/aufenthalt\/eu_efta.html\" target=\"_blank\" rel=\"noopener\">mit \u00ab\u00a0C\u00a0\u00bb Ausweis<\/a>, steuerbeg\u00fcnstige Abz\u00fcge m\u00f6glich.<\/li>\n<li>Personen welche in der Schweiz arbeiten ohne Betreibungen oder Verlustscheine.<\/li>\n<\/ul>\n<p>[\/vc_column_text][vc_column_text]<strong>Diese L\u00f6sung erm\u00f6glicht Ihnen die Laufzeit zu verl\u00e4ngern und von einem g\u00fcnstigeren Zinssatz zu profitieren.<\/strong>[\/vc_column_text][\/vc_column][\/vc_row][vc_row full_width=&#8221;stretch_row&#8221; content_placement=&#8221;middle&#8221; el_class=&#8221;lightgrey-bck bigpadding comp-neg-margin-bottom checklist&#8221;][vc_column]<\/p>\n<div class=\"blocktitle title-left title-dark\" clearfix\"><H2><span class=\"ez-toc-section\" id=\"Interessiert_fuer_einen_Rueckkauf_ihrer_Kreditkarten\"><\/span>Interessiert f\u00fcr einen R\u00fcckkauf ihrer Kreditkarten? <\/H2><\/p>\n<h4>Unsere L\u00f6sungen, Ihre Vorteile<\/h4>\n<\/div>\n<p>[vc_row_inner][vc_column_inner width=&#8221;1\/2&#8243;][vc_column_text]Z\u00f6gern Sie nicht und stellen Sie direkt einen online gesicherten Antrag. Bei uns ist es vielleicht eine Alternative zur Vermeidung einer \u00dcberschuldung.<\/p>\n<p>Auf unsere online Formular geben Sie den \u00ab\u00a0gew\u00fcnschten Betrag\u00a0\u00bb die H\u00f6he der Schuldbetrages den wir zur\u00fcckkaufen sollen.<\/p>\n<p><a href=\"https:\/\/multicredit.ch\/de\/kreditantrag\/\"><strong>Unser Team wird rasch mit ihnen Kontakt aufnehmen um Ihnen eine kostenlose und unverbindliche Offerte zu unterbreiten.<\/strong><\/a>[\/vc_column_text][\/vc_column_inner][vc_column_inner width=&#8221;1\/2&#8243;][vc_column_text]<\/p>\n<ul>\n<li>Sicherheit und Vertraulichkeit<\/li>\n<li>N\u00e4he und Verantwortung<\/li>\n<li>Garantierte \u00dcbernehmung in weniger als 24 Stunden<\/li>\n<li>Niedrigere Kreditrate als die Konkurrenz<\/li>\n<\/ul>\n<p>[\/vc_column_text][\/vc_column_inner][\/vc_row_inner][\/vc_column][\/vc_row]<\/section>\n","protected":false},"excerpt":{"rendered":"<p>Vereinfachen Sie Ihren Alltag und erh\u00f6hen die Limiten<\/p>\n","protected":false},"author":4,"featured_media":11618,"parent":12310,"menu_order":0,"comment_status":"closed","ping_status":"closed","template":"template-rachat.php","meta":{"inline_featured_image":false,"footnotes":"","_links_to":"","_links_to_target":""},"categories":[249],"class_list":["post-12322","page","type-page","status-publish","has-post-thumbnail","hentry","category-kreditkarte"],"_links":{"self":[{"href":"https:\/\/multicredit.ch\/de\/wp-json\/wp\/v2\/pages\/12322","targetHints":{"allow":["GET"]}}],"collection":[{"href":"https:\/\/multicredit.ch\/de\/wp-json\/wp\/v2\/pages"}],"about":[{"href":"https:\/\/multicredit.ch\/de\/wp-json\/wp\/v2\/types\/page"}],"author":[{"embeddable":true,"href":"https:\/\/multicredit.ch\/de\/wp-json\/wp\/v2\/users\/4"}],"replies":[{"embeddable":true,"href":"https:\/\/multicredit.ch\/de\/wp-json\/wp\/v2\/comments?post=12322"}],"version-history":[{"count":13,"href":"https:\/\/multicredit.ch\/de\/wp-json\/wp\/v2\/pages\/12322\/revisions"}],"predecessor-version":[{"id":17680,"href":"https:\/\/multicredit.ch\/de\/wp-json\/wp\/v2\/pages\/12322\/revisions\/17680"}],"up":[{"embeddable":true,"href":"https:\/\/multicredit.ch\/de\/wp-json\/wp\/v2\/pages\/12310"}],"wp:featuredmedia":[{"embeddable":true,"href":"https:\/\/multicredit.ch\/de\/wp-json\/wp\/v2\/media\/11618"}],"wp:attachment":[{"href":"https:\/\/multicredit.ch\/de\/wp-json\/wp\/v2\/media?parent=12322"}],"wp:term":[{"taxonomy":"category","embeddable":true,"href":"https:\/\/multicredit.ch\/de\/wp-json\/wp\/v2\/categories?post=12322"}],"curies":[{"name":"wp","href":"https:\/\/api.w.org\/{rel}","templated":true}]}}