{"id":12319,"date":"2020-03-10T09:56:50","date_gmt":"2020-03-10T09:56:50","guid":{"rendered":"https:\/\/www.multicredit.ch\/rachat-de-pret\/regroupement-de-credits\/"},"modified":"2021-07-31T10:29:01","modified_gmt":"2021-07-31T10:29:01","slug":"zusammenfuehrung-der-kredite","status":"publish","type":"page","link":"https:\/\/multicredit.ch\/de\/kredit\/rueckkauf-von-krediten\/zusammenfuehrung-der-kredite\/","title":{"rendered":"Darlehenskonsolidierung"},"content":{"rendered":"<section class=\"wpb-content-wrapper\">[vc_row el_class=&#8221;white-bck bigpadding&#8221; css=&#8221;.vc_custom_1594909801977{padding-top: 0px !important;}&#8221;][vc_column data_aos=&#8221;fade-in&#8221;]<\/p>\n<div class=\"blocktitle title-center title-dark\" clearfix\"><H2><span class=\"ez-toc-section\" id=\"Gruppierung_der_Kredite\"><\/span>Gruppierung der Kredite<\/H2><\/p>\n<h4>\u00dcblich in der Schweiz, diese L\u00f6sung verdient besser kennen gelennt zu werden, denn Sie erleichtert Ihr Budget.<\/h4>\n<\/div>\n<p>[vc_column_text el_class=&#8221;maxwidth&#8221;]<br \/>\nM\u00f6chten Sie bis zu 40% sparen auf der monatlichen Rate vom laufenden Kredit oder Saldo der Kreditkarten (MasterCard, Visa, American Express, Diners Club)\u00a0?<\/p>\n<p style=\"text-align: center;\">Ihre R\u00fcckzahlungsraten sammeln sich an und sind zu hoch? Haben Sie an die Zusammenf\u00fchrung der Kredite gedacht? MultiKredit pr\u00fcft Ihr Dossier und Sie profitieren von den Vorteilen dank den Experten die Sie beraten.<\/p>\n<p style=\"text-align: center;\"><a href=\"https:\/\/www.gestifin.ch\/?gclid=CjwKCAjw47eFBhA9EiwAy8kzNO8i6SEWA1-yqyow6_D2wbs2djUFitjopSHygekD1WXs6j7uoCfBShoCsp4QAvD_BwE\" target=\"_blank\" rel=\"noopener\"><strong>Mit dem Zusammenschluss der Darlehen k\u00f6nnen Sie sparen und gewinnen wieder an Ruhe mit einem besseren Zinssatz.<\/strong><\/a><\/p>\n<p>[\/vc_column_text][\/vc_column][\/vc_row][vc_row full_width=&#8221;stretch_row&#8221; content_placement=&#8221;middle&#8221; el_class=&#8221;lightgrey-bck diagonal-bottom-bck bigpadding&#8221;][vc_column width=&#8221;1\/2&#8243; data_aos=&#8221;fade-in&#8221; data_aos_delay=&#8221;250&#8243; el_class=&#8221;checklist&#8221;]<\/p>\n<div class=\"blocktitle title-left title-dark\" clearfix\"><H2><span class=\"ez-toc-section\" id=\"Was_versteht_man_unter_eine_Gruppierung_der_Kredite\"><\/span>Was versteht man unter eine Gruppierung der Kredite?<\/H2><\/p>\n<h4>Die Gruppierung der Darlehen: Die Wahl zwischen einfach und kompliziert.<\/h4>\n<\/div>\n<p>[vc_column_text]Mit dieser L\u00f6sung werden alle Bankengagements zusammengelegt und zur selben Zeit profitieren Sie vom besten Marktzins.<\/p>\n<ul>\n<li>Alle laufenden Bankengagements werden in einen einzigen Privatkredit \u00fcbertragen.<\/li>\n<li>Wir werden die notwendigen Schritte bei den entsprechenden Finanzinstituten in die Wege leiten f\u00fcr die Saldierungen.<\/li>\n<li>Sie profitieren von einem besseren Zinssatz und eine Ihren Bed\u00fcrfnissen angepasste R\u00fcckzahlung.<\/li>\n<li>Nur noch einen Ansprechpartner und eine einzige monatliche Rechnung.<\/li>\n<li>Auf Ihre Anfrage erfolgt eine rasche Antwort.<\/li>\n<\/ul>\n<p>[\/vc_column_text][\/vc_column][vc_column width=&#8221;1\/2&#8243; data_aos=&#8221;fade-left&#8221;][vc_single_image image=&#8221;11546&#8243; img_size=&#8221;full&#8221; alignment=&#8221;center&#8221; css_animation=&#8221;none&#8221;][\/vc_column][\/vc_row][vc_row el_class=&#8221;white-bck bigpadding&#8221;][vc_column data_aos=&#8221;fade-in&#8221;]<\/p>\n<div class=\"blocktitle title-center title-dark\" clearfix\"><H2><span class=\"ez-toc-section\" id=\"Fragen_Sie_nach_einer_Offerte\"><\/span>Fragen Sie nach einer Offerte<\/H2><\/p>\n<h4>Wenn kostenlose Beratung mit sofortigen Vorteilen reimt.<\/h4>\n<\/div>\n<p>[vc_column_text el_class=&#8221;maxwidth&#8221;]<\/p>\n<p style=\"text-align: center;\">Haben Sie laufende Verbindlichkeiten? M\u00f6chten Sie die Kredite zusammenziehen dank einer vorteilhaften neuen Darlehens betreut durch einem Spezialisten der Branche? Z\u00f6gern Sie nicht l\u00e4nger und vertrauen Sie uns Ihr Dossier an.<\/p>\n<p>[\/vc_column_text][vc_row_inner css=&#8221;.vc_custom_1586934012676{padding-top: 48px !important;padding-bottom: 48px !important;}&#8221; el_class=&#8221;checklist&#8221;][vc_column_inner width=&#8221;1\/2&#8243;][vc_column_text]<\/p>\n<ul>\n<li>Wir garantieren Ihnen eine rasche unverbindliche Offerte.<\/li>\n<li>Kostenlose Bearbeitung Ihrer Anfrage.<\/li>\n<li>Flexible R\u00fcckzahlungsdauer zwischen 12 und 84 Monaten.<\/li>\n<li>F\u00fcr Gesamtbetr\u00e4ge zwischen CHF 3&#8217;000 und CHF 400&#8217;000.-<\/li>\n<\/ul>\n<p>[\/vc_column_text][vc_column_text]In nur 2 Minuten, beantragen Sie online gratis, vertraulich und gesichert Ihre Anfrage. Die Antwort erhalten Sie in der Regel innerhalb von 5 Minuten.<\/p>\n<p><a href=\"https:\/\/multicredit.ch\/de\/formular-zum-rueckkauf-von-krediten\/\"><strong>Vertrauen Sie Ihr Dossier einem Fachmann an und machen so Ersparnisse.<\/strong><\/a>[\/vc_column_text][\/vc_column_inner][vc_column_inner width=&#8221;1\/2&#8243;][vc_column_text]<\/p>\n<ul>\n<li>Sicherheit und Vertraulichkeit<\/li>\n<li>N\u00e4he und Verantwortung<\/li>\n<li>Garantierte \u00fcbernehmung in weniger als 24 Stunden<\/li>\n<li>Niedrigere Kreditrate als die Konkurrenz<\/li>\n<\/ul>\n<p>[\/vc_column_text][\/vc_column_inner][\/vc_row_inner][\/vc_column][\/vc_row]<\/section>\n","protected":false},"excerpt":{"rendered":"<p>Machen Sie es einfach wenn es schwierig wird<\/p>\n","protected":false},"author":4,"featured_media":11612,"parent":12310,"menu_order":0,"comment_status":"closed","ping_status":"closed","template":"template-rachat.php","meta":{"inline_featured_image":false,"footnotes":"","_links_to":"","_links_to_target":""},"categories":[238],"class_list":["post-12319","page","type-page","status-publish","has-post-thumbnail","hentry","category-kredit-rueckkauf"],"_links":{"self":[{"href":"https:\/\/multicredit.ch\/de\/wp-json\/wp\/v2\/pages\/12319","targetHints":{"allow":["GET"]}}],"collection":[{"href":"https:\/\/multicredit.ch\/de\/wp-json\/wp\/v2\/pages"}],"about":[{"href":"https:\/\/multicredit.ch\/de\/wp-json\/wp\/v2\/types\/page"}],"author":[{"embeddable":true,"href":"https:\/\/multicredit.ch\/de\/wp-json\/wp\/v2\/users\/4"}],"replies":[{"embeddable":true,"href":"https:\/\/multicredit.ch\/de\/wp-json\/wp\/v2\/comments?post=12319"}],"version-history":[{"count":24,"href":"https:\/\/multicredit.ch\/de\/wp-json\/wp\/v2\/pages\/12319\/revisions"}],"predecessor-version":[{"id":17681,"href":"https:\/\/multicredit.ch\/de\/wp-json\/wp\/v2\/pages\/12319\/revisions\/17681"}],"up":[{"embeddable":true,"href":"https:\/\/multicredit.ch\/de\/wp-json\/wp\/v2\/pages\/12310"}],"wp:featuredmedia":[{"embeddable":true,"href":"https:\/\/multicredit.ch\/de\/wp-json\/wp\/v2\/media\/11612"}],"wp:attachment":[{"href":"https:\/\/multicredit.ch\/de\/wp-json\/wp\/v2\/media?parent=12319"}],"wp:term":[{"taxonomy":"category","embeddable":true,"href":"https:\/\/multicredit.ch\/de\/wp-json\/wp\/v2\/categories?post=12319"}],"curies":[{"name":"wp","href":"https:\/\/api.w.org\/{rel}","templated":true}]}}