{"id":12316,"date":"2020-03-10T09:56:22","date_gmt":"2020-03-10T09:56:22","guid":{"rendered":"https:\/\/www.multicredit.ch\/rachat-de-pret\/leasing\/"},"modified":"2021-07-31T10:25:41","modified_gmt":"2021-07-31T10:25:41","slug":"rueckkauf-des-leasing","status":"publish","type":"page","link":"https:\/\/multicredit.ch\/de\/kredit\/rueckkauf-von-krediten\/rueckkauf-des-leasing\/","title":{"rendered":"R\u00fcckkauf Ihres Fahrzeugs durch Leasing &#8211; keine versteckten Kosten"},"content":{"rendered":"<section class=\"wpb-content-wrapper\">[vc_row el_class=&#8221;white-bck bigpadding&#8221; css=&#8221;.vc_custom_1594909790748{padding-top: 0px !important;}&#8221;][vc_column data_aos=&#8221;fade-in&#8221;]<\/p>\n<div class=\"blocktitle title-center title-dark\" clearfix\"><H2><span class=\"ez-toc-section\" id=\"Rueckkauf_des_Leasing_Kredit_oder_Leasing_schon_ueberlegt\"><\/span>R\u00fcckkauf des Leasing (Kredit) oder Leasing, schon \u00fcberlegt<\/H2><\/p>\n<h4>Dank MultiKredit, analysieren wir f\u00fcr sie die Kosten und die Sparm\u00f6glichkeiten.<\/h4>\n<\/div>\n<p>[vc_column_text el_class=&#8221;maxwidth&#8221;]<\/p>\n<p style=\"text-align: center;\">Einen Kredit aufzunehmen ist manchmal ratsamer als ein <a href=\"https:\/\/multicredit.ch\/de\/kreditantrag\/\">Leasing<\/a> auf das Objekt. Wir finanzieren den R\u00fcckkaufswert ihres Fahrzeuges von CHF 3&#8217;000 bis CHF 400&#8217;000.<\/p>\n<p style=\"text-align: center;\">Der R\u00fcckkauf des Leasings erlaubt in einer ersten Phase die globalen Kosten zu reduzieren,\u00a0 vor allem die verdeckten Kosten des Leasings.<\/p>\n<p style=\"text-align: center;\"><strong>Ende mit der Beschr\u00e4nkung beim Verkauf, Vollkaskoversicherung, Unterhalt und Kilometervorgaben.<\/strong><\/p>\n<p>[\/vc_column_text][\/vc_column][\/vc_row][vc_row full_width=&#8221;stretch_row&#8221; content_placement=&#8221;middle&#8221; el_class=&#8221;lightgrey-bck diagonal-bottom-bck bigpadding&#8221;][vc_column width=&#8221;1\/2&#8243; data_aos=&#8221;fade-in&#8221; data_aos_delay=&#8221;250&#8243; el_class=&#8221;checklist&#8221;]<\/p>\n<div class=\"blocktitle title-left title-dark\" clearfix\"><H2><span class=\"ez-toc-section\" id=\"Welches_sind_die_Vorteile_des_Rueckkaufs_des_Leasings\"><\/span>Welches sind die Vorteile des R\u00fcckkaufs des Leasings?<\/H2><\/p>\n<h4>Erleichtern sie ihr Budget, optiminisiern sie ihre finanzielle Situation und werden Eigent\u00fcmer. <\/h4>\n<\/div>\n<p>[vc_column_text]<\/p>\n<ul>\n<li>Ein R\u00fcckkauf (teil oder gesamt) des Objekt (ob es sich um ein Fahrzeug handelt oder andere)<\/li>\n<li>Ein tiefer Zinssatz je nach Ihrer finanziellen Situation.<\/li>\n<li>Sie w\u00e4hlen die Laufzeit f\u00fcr die R\u00fcckzahlung ihrer Finanzierung.<\/li>\n<li>Falls notwendig, k\u00f6nnen sie einen Zusatzkredit beantragen.<\/li>\n<li>Mit unseren Versicherungen, sch\u00fctzen Sie Ihren Kreditbetrag im Todesfall, auf freiwilliger Basis gegen Unfall, Krankheit, Invalidit\u00e4t oder Arbeitsstelle Verlust.<\/li>\n<\/ul>\n<p>[\/vc_column_text][vc_column_text]<strong>Mit dem R\u00fcckkauf Ihres Leasing, k\u00f6nnen Sie rascher und einfacher wieder Ihr Objekt als Eigentum erwerben.<\/strong>[\/vc_column_text][\/vc_column][vc_column width=&#8221;1\/2&#8243; data_aos=&#8221;fade-left&#8221;][vc_single_image image=&#8221;11556&#8243; img_size=&#8221;full&#8221; alignment=&#8221;center&#8221; css_animation=&#8221;none&#8221;][\/vc_column][\/vc_row][vc_row content_placement=&#8221;middle&#8221; el_class=&#8221;white-bck bigpadding&#8221;][vc_column width=&#8221;1\/2&#8243; data_aos=&#8221;fade-right&#8221;][vc_single_image image=&#8221;11551&#8243; img_size=&#8221;full&#8221; alignment=&#8221;center&#8221; css_animation=&#8221;none&#8221;][\/vc_column][vc_column width=&#8221;1\/2&#8243; data_aos=&#8221;fade-in&#8221; data_aos_delay=&#8221;250&#8243; el_class=&#8221;checklist&#8221;]<\/p>\n<div class=\"blocktitle title-center title-dark\" clearfix\"><H2><span class=\"ez-toc-section\" id=\"Rueckkauf_des_Autoleasings\"><\/span>R\u00fcckkauf des Autoleasings<\/H2><\/p>\n<h4>Leisten sie sich mehr Optionen f\u00fcr mehr Freiheit. <\/h4>\n<\/div>\n<p>[vc_column_text]Nach dem R\u00fcckkauf des Autoleasing, k\u00f6nnen Sie endlich:<\/p>\n<ul>\n<li>Wahl Ihrer Autoversicherung<\/li>\n<li>Kilometervorgaben k\u00f6nnen Sie vergessen<\/li>\n<li>Ihr Auto jederzeit und zu jeden Preis verkaufen<\/li>\n<li>Ein neues Auto finanzieren<\/li>\n<li>R\u00fcckzahlungsmodalit\u00e4ten innerhalb einer Periode von 12 bis 84 Monate.<\/li>\n<\/ul>\n<p>[\/vc_column_text][vc_column_text]<strong>Kostenlose Offerte, rasch und ohne Verpflichtung f\u00fcr den R\u00fcckkauf aller Automarken (ohne Lastwagen).<\/strong>[\/vc_column_text][\/vc_column][\/vc_row][vc_row full_width=&#8221;stretch_row&#8221; content_placement=&#8221;middle&#8221; el_class=&#8221;lightgrey-bck bigpadding comp-neg-margin-bottom checklist&#8221;][vc_column]<\/p>\n<div class=\"blocktitle title-center title-dark\" clearfix\"><H2><span class=\"ez-toc-section\" id=\"Einfach_rasch_und_ohne_Verpflichtung\"><\/span>Einfach, rasch und ohne Verpflichtung<\/H2><\/p>\n<h4>Der Autokredit, einfach mit einer Anfrage online in 2 Minuten erstellt!<\/h4>\n<\/div>\n<p>[vc_column_text]<\/p>\n<p style=\"text-align: center;\">MultiCredit vous simplifie la vie. Notre \u00e9quipe se charge \u00e0 votre place des d\u00e9marches administratives pour racheter votre contrat de leasing.<\/p>\n<p style=\"text-align: center;\">N&#8217;h\u00e9sitez pas \u00e0 nous contacter pour en savoir plus et \u00e0 demander une offre naturellement confidentielle !<\/p>\n<p style=\"text-align: center;\">B\u00e9n\u00e9ficiez gratuitement de notre conseil professionnel, rapidement et sans obligation.<\/p>\n<p style=\"text-align: center;\"><a href=\"https:\/\/multicredit.ch\/de\/kreditantrag\/\"><strong>En 2 minutes, remplissez notre formulaire de demande en ligne.<\/strong><\/a><\/p>\n<p>[\/vc_column_text][\/vc_column][\/vc_row]<\/section>\n","protected":false},"excerpt":{"rendered":"<p>Denken Sie an Freiheit<\/p>\n","protected":false},"author":4,"featured_media":11604,"parent":12310,"menu_order":0,"comment_status":"closed","ping_status":"closed","template":"template-rachat.php","meta":{"inline_featured_image":false,"footnotes":"","_links_to":"","_links_to_target":""},"categories":[304,238],"class_list":["post-12316","page","type-page","status-publish","has-post-thumbnail","hentry","category-auto-kredit","category-kredit-rueckkauf"],"_links":{"self":[{"href":"https:\/\/multicredit.ch\/de\/wp-json\/wp\/v2\/pages\/12316","targetHints":{"allow":["GET"]}}],"collection":[{"href":"https:\/\/multicredit.ch\/de\/wp-json\/wp\/v2\/pages"}],"about":[{"href":"https:\/\/multicredit.ch\/de\/wp-json\/wp\/v2\/types\/page"}],"author":[{"embeddable":true,"href":"https:\/\/multicredit.ch\/de\/wp-json\/wp\/v2\/users\/4"}],"replies":[{"embeddable":true,"href":"https:\/\/multicredit.ch\/de\/wp-json\/wp\/v2\/comments?post=12316"}],"version-history":[{"count":17,"href":"https:\/\/multicredit.ch\/de\/wp-json\/wp\/v2\/pages\/12316\/revisions"}],"predecessor-version":[{"id":17679,"href":"https:\/\/multicredit.ch\/de\/wp-json\/wp\/v2\/pages\/12316\/revisions\/17679"}],"up":[{"embeddable":true,"href":"https:\/\/multicredit.ch\/de\/wp-json\/wp\/v2\/pages\/12310"}],"wp:featuredmedia":[{"embeddable":true,"href":"https:\/\/multicredit.ch\/de\/wp-json\/wp\/v2\/media\/11604"}],"wp:attachment":[{"href":"https:\/\/multicredit.ch\/de\/wp-json\/wp\/v2\/media?parent=12316"}],"wp:term":[{"taxonomy":"category","embeddable":true,"href":"https:\/\/multicredit.ch\/de\/wp-json\/wp\/v2\/categories?post=12316"}],"curies":[{"name":"wp","href":"https:\/\/api.w.org\/{rel}","templated":true}]}}