{"id":12313,"date":"2020-03-10T09:56:11","date_gmt":"2020-03-10T09:56:11","guid":{"rendered":"https:\/\/www.multicredit.ch\/rachat-de-pret\/rachat-de-credit-en-cours\/"},"modified":"2023-03-23T11:39:03","modified_gmt":"2023-03-23T11:39:03","slug":"rueckkauf-von-kreditengagements","status":"publish","type":"page","link":"https:\/\/multicredit.ch\/de\/kredit\/rueckkauf-von-krediten\/rueckkauf-von-kreditengagements\/","title":{"rendered":"Kreditrefinanzierung mit den besten Konditionen in der Schweiz"},"content":{"rendered":"<section class=\"wpb-content-wrapper\">\n<p>[vc_row el_class=&#8221;white-bck bigpadding&#8221;][vc_column data_aos=&#8221;fade-in&#8221;]<\/p>\n<div class=\"blocktitle title-center title-dark\" clearfix\"><H2><span class=\"ez-toc-section\" id=\"Der_Rueckkauf_von_Krediten\"><\/span>Der R\u00fcckkauf von Krediten<\/H2><\/p>\n<h4>Eine einfache Sache die es verdient besser bekannt zu sein.<\/h4>\n<\/div>\n<p>[vc_column_text el_class=&#8221;maxwidth&#8221;]<\/p>\n<p style=\"text-align: center;\">Haben Sie mehrere laufende Kredite, zahlen Sie zu viele Raten, ist Ihr Zinssatz zu hoch? Die Kumulierung kann zu \u00dcberschuldung f\u00fchren.<\/p>\n<p style=\"text-align: center;\">MultiCredit pr\u00fcft die M\u00f6glichkeit, Ihren\/Ihre Kredit\/e abzul\u00f6sen, um Ihr Budget zu optimieren. Unsere Finanzl\u00f6sungen bieten Ihnen Flexibilit\u00e4t.<\/p>\n<p style=\"text-align: center;\"><strong>Privatdarlehen, Kartensaldo und Leasing; wie w\u00e4re es, wenn wir Ihnen bei der Planung Ihrer Finanzen mit geeigneten L\u00f6sungen f\u00fcr Ihr Profil helfen w\u00fcrden?<\/strong><\/p>\n<p>[\/vc_column_text][\/vc_column][\/vc_row][vc_row full_width=&#8221;stretch_row&#8221; content_placement=&#8221;middle&#8221; el_class=&#8221;lightgrey-bck diagonal-bottom-bck bigpadding&#8221;][vc_column width=&#8221;1\/2&#8243; data_aos=&#8221;fade-in&#8221; data_aos_delay=&#8221;250&#8243;]<\/p>\n<div class=\"blocktitle title-left title-dark\" clearfix\"><H2><span class=\"ez-toc-section\" id=\"Die_Vorteile\"><\/span>Die Vorteile<\/H2><\/p>\n<h4>Mehrere laufende Kredite? Zu teuer? Sparen Sie!<\/h4>\n<\/div>\n<p>[vc_column_text]Der R\u00fcckkauf des Kredites ist eine interessante finanzielle L\u00f6sung um Ihr Budget auszugleichen und Ihr finanziellen Bedarf zu optimieren.<\/p>\n<ul>\n<li>Wir verhandeln f\u00fcr die den g\u00fcnstigsten Zinssatz.<\/li>\n<li>Wenn die H\u00e4ufigkeit der Raten zu belastend wird, kann mit einem R\u00fcckkauf der Kredite den Abzahlungsplan angepasst werden.<\/li>\n<li>Die monatlichen Raten sinken den Zins und schlussendlich Ihre Finanzen.<\/li>\n<\/ul>\n<p>[\/vc_column_text][vc_column_text]<strong>MultiKredit hilft Ihnen bei der Verwaltung einer vern\u00fcnftigen Finanzierungsmodus um eine \u00dcberschuldung zu verhindern.<\/strong>[\/vc_column_text][\/vc_column][vc_column width=&#8221;1\/2&#8243; data_aos=&#8221;fade-left&#8221;][vc_single_image image=&#8221;11521&#8243; img_size=&#8221;full&#8221; alignment=&#8221;center&#8221; css_animation=&#8221;none&#8221;][\/vc_column][\/vc_row][vc_row el_class=&#8221;white-bck bigpadding&#8221;][vc_column data_aos=&#8221;fade-in&#8221;]<\/p>\n<div class=\"blocktitle title-center title-dark\" clearfix\"><H2><span class=\"ez-toc-section\" id=\"Flexibler_klarer\"><\/span>Flexibler, klarer<\/H2><\/p>\n<h4>Eine klare Budgetierung verbessert ihre finanzielle Wirksamkeit.<\/h4>\n<\/div>\n<p>[vc_column_text el_class=&#8221;maxwidth&#8221;]<\/p>\n<p style=\"text-align: center;\">Ersetzen die verschiedenen monatlichen Raten an die verschiedenen Institute durch das Bankinstitut mit nur einer Rate f\u00fcr die Gesamtschuld.<\/p>\n<p style=\"text-align: center;\">Die Rate wird tiefer und Sie haben nur noch einen monatlichen Einzahlungsschein und einen Partner.<\/p>\n<p style=\"text-align: center;\"><strong>MultiKredit stellt Ihnen klare, einfache verst\u00e4ndliche Dokumente.<\/strong><\/p>\n<p>[\/vc_column_text][\/vc_column][\/vc_row][vc_row full_width=&#8221;stretch_row&#8221; content_placement=&#8221;middle&#8221; el_class=&#8221;lightgrey-bck bigpadding comp-neg-margin-bottom checklist&#8221;][vc_column data_aos=&#8221;fade-in&#8221;]<\/p>\n<div class=\"blocktitle title-left title-dark\" clearfix\"><H2><span class=\"ez-toc-section\" id=\"Einfach_schneller_Rueckkauf_ihres_Kredites\"><\/span>Einfach, schneller R\u00fcckkauf ihres Kredites<\/H2><\/p>\n<h4>Senden sie uns ihre Anfrage in nur 2 Minuten<\/h4>\n<\/div>\n<p>[vc_row_inner][vc_column_inner width=&#8221;1\/2&#8243;][vc_column_text]Sind Sie an einem R\u00fcckkauf des Kredites interessiert? Z\u00f6gern Sie nicht direkt eine Offerte auf der gesicherten online Plattform zu stellen.<\/p>\n<p>Unser Team wird Sie rasch kontaktieren und Ihnen <strong>eine kostenlose und unverbindliche<\/strong> Offerte unterbreiten.<\/p>\n<p>Vervollst\u00e4ndigen Sie unser online Formular \u00ab\u00a0gew\u00fcnschter Betrag\u00a0\u00bb mit der Summer der gew\u00fcnschten Kreditr\u00fcckk\u00e4ufe.[\/vc_column_text][\/vc_column_inner][vc_column_inner width=&#8221;1\/2&#8243;][vc_column_text]<\/p>\n<ul>\n<li>Sicherheit und Vertraulichkeit<\/li>\n<li>N\u00e4he und Verantwortung<\/li>\n<li>Garantierte \u00dcbernehmung in weniger als 24 Stunden<\/li>\n<li>Niedrigere Kreditrate als die Konkurrenz<\/li>\n<\/ul>\n<p>[\/vc_column_text][\/vc_column_inner][\/vc_row_inner][\/vc_column][\/vc_row][vc_row][vc_column][vc_raw_html css=&#8221;.vc_custom_1655189002651{margin-top: 32px !important;margin-bottom: 55px !important;}&#8221;]JTNDaW5wdXQlMjBzdHlsZSUzRCUyMm1hcmdpbiUzQSUyMGF1dG8lM0JkaXNwbGF5JTNBJTIwYmxvY2slM0J3aWR0aCUzQSUyMDQwJTI1JTNCJTIyJTIwdHlwZSUzRCUyMmJ1dHRvbiUyMiUyMGNsYXNzJTNEJTIyYnRuJTIyJTIwaWQlM0QlMjJib3V0b24tc2F2b2lyLXBsdXMlMjIlMjB2YWx1ZSUzRCUyMk1laHIlMjBsZXNlbiUyMiUzRSUwQSUzQ2RpdiUyMGlkJTNEJTIycGFyYWdyYXBoZS1jYWNoZSUyMiUyMHN0eWxlJTNEJTIyZGlzcGxheSUzQW5vbmUlM0J0ZXh0LWFsaWduJTNBanVzdGlmeSUzQiUyMiUzRSUwQSUzQ2gyJTIwY2xhc3MlM0QlMjJ0aXRsZS1sZWZ0JTIyJTNFRXJmYWhyZW4lMjBTaWUlMjBhbGxlcyUyQyUyMHdhcyUyMFNpZSUyMCVDMyVCQ2JlciUyMGRpZSUyMFJlZmluYW56aWVydW5nJTIwSWhyZXMlMjBha3R1ZWxsZW4lMjBLcmVkaXRzJTIwd2lzc2VuJTIwbSVDMyVCQ3NzZW4lMjElM0MlMkZoMiUzRSUwQU11bHRpY3JlZGl0LmNoJTIwZ2lidCUyMElobmVuJTIwZWluZW4lMjBMZWl0ZmFkZW4lMkMlMjB3b3JhdWYlMjBTaWUlMjBiZWklMjBkZXIlMjBLJUMzJUJDbmRpZ3VuZyUyMGVpbmVzJTIwS3JlZGl0cyUyMGltJTIwUmFobWVuJTIwZWluZXMlMjBLcmVkaXRnZWJlcndlY2hzZWxzJTIwYWNodGVuJTIwbSVDMyVCQ3NzZW4uJTBBJTBBRXMlMjBpc3QlMjBpbW1lciUyMGVpbmUlMjBzY2hsZWNodGUlMjBJZGVlJTJDJTIwbmV1ZSUyMFNjaHVsZGVuJTIwYXVmenVuZWhtZW4lMkMlMjB1bSUyMElocmUlMjByZWdlbG0lQzMlQTRzc2lnZW4lMjBSJUMzJUJDY2t6YWhsdW5nZW4lMjBhdWYlMjBiZXN0ZWhlbmRlJTIwS3JlZGl0ZSUyMHp1JTIwZGVja2VuLiUyMEVzJTIwd2lyZCUyMElocmUlMjBmaW5hbnppZWxsZSUyMEJlbGFzdHVuZyUyMG51ciUyMGVyaCVDMyVCNmhlbiUyQyUyMGFuc3RhdHQlMjBzaWUlMjB6dSUyMGVybGVpY2h0ZXJuLiUwQSUwQUFsbGVyZGluZ3MlMjBrYW5uJTIwZXMlMjBpbiUyMG1hbmNoZW4lMjBGJUMzJUE0bGxlbiUyMG4lQzMlQkN0emxpY2glMjB3ZXJkZW4lMkMlMjBJaHJlbiUyMGJlc3RlaGVuZGVuJTIwS3JlZGl0JTIwZHVyY2glMjBlaW5lbiUyMGclQzMlQkNuc3RpZ2VyZW4lMjBPbmxpbmUtS3JlZGl0JTIwenUlMjBlcnNldHplbi4lMjBXZW5uJTIwU2llJTIwZWluZW4lMjBLcmVkaXQlMjByZWZpbmFuemllcmVuJTJDJTIwZXJzZXR6ZW4lMjBTaWUlMjBJaHJlbiUyMGJlc3RlaGVuZGVuJTIwS3JlZGl0JTIwdm9sbHN0JUMzJUE0bmRpZyUyMGR1cmNoJTIwZWluZSUyMGclQzMlQkNuc3RpZ2VyZSUyMEFsdGVybmF0aXZlLiUwQSUzQ2gyJTIwY2xhc3MlM0QlMjJ0aXRsZS1sZWZ0JTIyJTNFV2llJTIwdmllbCUyMGtvc3RldCUyMGVzJTJDJTIwZWluZW4lMjBLcmVkaXQlMjB6dSUyMGslQzMlQkNuZGlnZW4lM0YlM0MlMkZoMiUzRSUwQU5hY2glMjBkZW0lMjBTY2h3ZWl6ZXIlMjBCdW5kZXNnZXNldHolMjAlQzMlQkNiZXIlMjBkZW4lMjBLb25zdW1rcmVkaXQlMjBkJUMzJUJDcmZlbiUyMEtyZWRpdGdlYmVyJTIwSWhuZW4lMjBrZWluZSUyMFZlcnRyYWdzc3RyYWZlJTIwYmVyZWNobmVuJTJDJTIwd2VubiUyMFNpZSUyMGVpbmVuJTIwS3JlZGl0JTIwdm9yJTIwRiVDMyVBNGxsaWdrZWl0JTIwayVDMyVCQ25kaWdlbi4lMjBTaWUlMjBrJUMzJUI2bm5lbiUyMGVpbmVuJTIwS3JlZGl0JTIwamVkZXJ6ZWl0JTIwenVyJUMzJUJDY2t6YWhsZW4lMkMlMjBvaG5lJTIwZGFzcyUyMFNpZSUyMFN0cmFmZW4lMjB6YWhsZW4lMjBtJUMzJUJDc3NlbiUyQyUyMHVtJTIwZGVuJTIwQXVzZmFsbCUyMGRlcyUyMEtyZWRpdGdlYmVycyUyMGJlaSUyMHp1ayVDMyVCQ25mdGlnZW4lMjBaaW5zemFobHVuZ2VuJTIwenUlMjBkZWNrZW4uJTBBJTBBVGF0cyVDMyVBNGNobGljaCUyMGFremVwdGllcmVuJTIwYWxsZSUyMFNjaHdlaXplciUyMEFuYmlldGVyJTIwS3JlZGl0ayVDMyVBNHVmZS4lMjBFaW5pZ2UlMjBBbmJpZXRlciUyQyUyMHdpZSUyMHouQi4lMjBkaWUlMjBNaWdyb3MlMjBCYW5rJTJDJTIwdmVybGFuZ2VuJTIwc29nYXIlMkMlMjBkYXNzJTIwU2llJTIwYmVpJTIwZGVyJTIwQXVmbmFobWUlMjBlaW5lcyUyMEtyZWRpdHMlMjBhdWNoJTIwYmVzdGVoZW5kZSUyMEtyZWRpdGUlMjB2b24lMjBhbmRlcmVuJTIwS3JlZGl0Z2ViZXJuJTIwJUMzJUJDYmVydHJhZ2VuLiUwQSUwQUJlaSUyMGVpbmVyJTIwUmVmaW5hbnppZXJ1bmclMjB2ZXJsYW5nZW4lMjBuZXVlJTIwS3JlZGl0Z2ViZXIlMjBpbiUyMGRlciUyMFJlZ2VsJTIwZWluZSUyMFNjaGx1c3NhYnJlY2hudW5nJTIwZGVzJTIwbGV0enRlbiUyMEtyZWRpdGdlYmVycy4lMjBMZWlkZXIlMjBpc3QlMjBkaWVzJTIwYmVpJTIwZWluaWdlbiUyMEtyZWRpdGJhbmtlbiUyMG1pdCUyMEtvc3RlbiUyMHZlcmJ1bmRlbi4lMjBDZW1icmElMjBNb25leSUyMEJhbmslMjBiZXJlY2huZXQlMjBiZWlzcGllbHN3ZWlzZSUyMGVpbmUlMjBHZWIlQzMlQkNociUyMHZvbiUyMENIRiUyMDE1MCUyMGYlQzMlQkNyJTIwZWluZSUyMGxldHp0ZSUyMEtyZWRpdGFicmVjaG51bmcuJTIwQmFuay1ub3clMjBpc3QlMjBldHdhcyUyMGtvbXBsaXppZXJ0ZXIlMjB1bmQlMjBiZXJlY2huZXQlMjBlaW5lJTIwR2ViJUMzJUJDaHIlMjBmJUMzJUJDciUyMGRpZSUyMEVuZGFicmVjaG51bmclMkMlMjBkaWUlMjBqZSUyMG5hY2glMjBLcmVkaXQlMjB2YXJpaWVydCUyMCUyOG1heGltYWwlMjAyMDAlMjBDSEYlMjkuJTBBJTNDaDIlMjBjbGFzcyUzRCUyMnRpdGxlLWxlZnQlMjIlM0VLcmVkaXRyZWZpbmFuemllcnVuZyUzQSUyMGxvaG50JTIwc2ljaCUyMGRhcyUzRiUzQyUyRmgyJTNFJTBBRGllJTIwWmluc2VuJTIwYmVpJTIwZWluZXIlMjBLcmVkaXRyZWZpbmFuemllcnVuZyUyMHJpY2h0ZW4lMjBzaWNoJTIwbmFjaCUyMGRlbiUyMFppbnNrb3N0ZW4lMjBkZXMlMjBiZXN0ZWhlbmRlbiUyMEtyZWRpdHMlMjBpbSUyMFZlcmdsZWljaCUyMHp1bSUyMG5ldWVuJTIwS3JlZGl0LiUyMERhJTIwZGllJTIwWmluc2tvc3RlbiUyMHN0ZWlnZW4lMkMlMjB3ZW5uJTIwc2ljaCUyMGRlciUyMGVmZmVrdGl2ZSUyMEphaHJlc3ppbnMlMjBlcmglQzMlQjZodCUyQyUyMHNvbGx0ZSUyMGVpbiUyMEZpbmFuemluc3RpdHV0JTIwbWl0JTIwZWluZW0lMjBuaWVkcmlnZXJlbiUyMEphaHJlc3ppbnMlMjBmJUMzJUJDciUyMGRlbiUyMFNjaHVsZGVuZXJzYXR6JTIwYmV0cmFjaHRldCUyMHdlcmRlbi4lMEElMEFXZW5uJTIwZGllJTIwRGlmZmVyZW56JTIwZGVyJTIwS3JlZGl0a29zdGVuJTIwZiVDMyVCQ3IlMjBkaWUlMjBSZXN0bGF1ZnplaXQlMjBlYmVuZmFsbHMlMjBob2NoJTIwaXN0JTJDJTIwZC5oLiUyMGRlciUyMG5ldWUlMjBLcmVkaXQlMjBpc3QlMjBkZXV0bGljaCUyMGclQzMlQkNuc3RpZ2VyJTJDJTIwZGFubiUyMGlzdCUyMGVpbmUlMjBSZWZpbmFuemllcnVuZyUyMGRlcyUyMEtyZWRpdHMlMjB6d2VpZmVsbG9zJTIwdm9ydGVpbGhhZnQuJTIwU2llJTIwayVDMyVCNm5uZW4lMjBnYW56JTIwZWluZmFjaCUyMGRpZSUyMEtvc3RlbiUyMHZlcmdsZWljaGVuJTJDJTIwd2VubiUyMFNpZSUyMHVuc2VyZSUyMEV4cGVydGVuJTIwZiVDMyVCQ3IlMjBlaW4lMjB1bnZlcmJpbmRsaWNoZXMlMjBBbmdlYm90JTIwa29udGFrdGllcmVuLiUwQSUwQURhcyUyMGZvbGdlbmRlJTIwQmVpc3BpZWwlMjBrYW5uJTIwZGllJTIwUmVmaW5hbnppZXJ1bmdzYmVyZWNobnVuZyUyMHZlcmFuc2NoYXVsaWNoZW4lM0ElMjBTaWUlMjBoYWJlbiUyMGVpbmVuJTIwUHJpdmF0a3JlZGl0JTIwdm9uJTIwNTAuMDAwJTIwU2Nod2VpemVyJTIwRnJhbmtlbiUyMG1pdCUyMGVpbmVyJTIwTGF1ZnplaXQlMjB2b24lMjA4NCUyME1vbmF0ZW4lMjB1bmQlMjBlaW5lbSUyMFppbnNzYXR6JTIwdm9uJTIwOSUyQzklMjUlMjBhdWZnZW5vbW1lbiUyQyUyMHdhcyUyMHp1JTIwR2VzYW10emluc2tvc3RlbiUyMHZvbiUyMDE4JTI3NTk2JTIwU2Nod2VpemVyJTIwRnJhbmtlbiUyMGYlQzMlQkNocnQuJTIwTmFjaCUyMGVpbmVtJTIwSmFociUyMGVudHNjaGVpZGVuJTIwU2llJTIwc2ljaCUyQyUyMGRhcyUyMERhcmxlaGVuJTIwZHVyY2glMjBlaW4lMjBuZXVlcyUyMHp1JTIwcmVmaW5hbnppZXJlbiUyQyUyMGRhJTIwSWhuZW4lMjBlaW4lMjBuZXVlciUyMFppbnNzYXR6JTIwdm9uJTIwNSUyQzklMjUlMjBhbmdlYm90ZW4lMjB3aXJkJTJDJTIwd2FzJTIwenUlMjBHZXNhbXR6aW5za29zdGVuJTIwZiVDMyVCQ3IlMjBkaWUlMjB2ZXJibGVpYmVuZGVuJTIwNzIlMjBNb25hdGUlMjB2b24lMjA5JTI3MjMyJTIwU2Nod2VpemVyJTIwRnJhbmtlbiUyMGYlQzMlQkNocnQuJTBBJTBBRHVyY2glMjBkaWVzZW4lMjBXZWNoc2VsJTIwc3BhcmVuJTIwU2llJTIwYmlzJTIwenVtJTIwRW5kZSUyMGRlciUyMExhdWZ6ZWl0JTIwWmluc2tvc3RlbiUyMHZvbiUyMHJ1bmQlMjBDSEYlMjA2JTI3MDAwLiUyMFZvbiUyMGRpZXNlbSUyMEJldHJhZyUyMG0lQzMlQkNzc2VuJTIwU2llJTIwYXVjaCUyMGRpZSUyMEdlYiVDMyVCQ2hyZW4lMjBhYnppZWhlbiUyQyUyMGRpZSUyMGRhcyUyMGFsdGUlMjBLcmVkaXRpbnN0aXR1dCUyMGYlQzMlQkNyJTIwZWluZSUyMEVuZGFicmVjaG51bmclMjB2ZXJsYW5ndC4lMjBCZXRyYWdlbiUyMGRpZXNlJTIwS29zdGVuJTIwei5CLiUyMDE1MCUyMEZyYW5rZW4lMkMlMjBzcGFyZW4lMjBTaWUlMjBpbnNnZXNhbXQlMjBydW5kJTIwNSUyNzg1MCUyMEZyYW5rZW4uJTBBJTBBRGElMjBkaWUlMjBLb3N0ZW4lMjBmJUMzJUJDciUyMGRlbiUyMFppbnNzYXR6JTIwenUlMjBCZWdpbm4lMjBkZXIlMjBLcmVkaXRsYXVmemVpdCUyMGglQzMlQjZoZXIlMjBzaW5kJTIwdW5kJTIwaW0lMjBMYXVmZSUyMGRlciUyMFplaXQlMjBzaW5rZW4lMkMlMjByJUMzJUE0dCUyME11bHRpQ3JlZGl0JTIwc2VpbmVuJTIwS3VuZGVuJTJDJTIwZWluZSUyMFJlZmluYW56aWVydW5nJTIwaW4lMjBkZW4lMjBlcnN0ZW4lMjBKYWhyZW4lMjBkZXIlMjBLcmVkaXRsYXVmemVpdCUyMGluJTIwQmV0cmFjaHQlMjB6dSUyMHppZWhlbiUyQyUyMGRhJTIwZGllcyUyMHp1JTIwZ3IlQzMlQjZzc2VyZW4lMjBFaW5zcGFydW5nZW4lMjBmJUMzJUJDaHJlbiUyMGthbm4uJTBBJTNDaDIlMjBjbGFzcyUzRCUyMnRpdGxlLWxlZnQlMjIlM0VMZWlkZXIlMjBpc3QlMjBlaW5lJTIwUmVmaW5hbnppZXJ1bmclMjBuaWNodCUyMGltbWVyJTIwbSVDMyVCNmdsaWNoJTIxJTNDJTJGaDIlM0UlMEFFcyUyMGthbm4lMjByZWxhdGl2JTIwZWluZmFjaCUyMHNlaW4lMkMlMjBlaW5lbiUyMEtyZWRpdCUyMHp1JTIwZmluZGVuJTJDJTIwZGVyJTIwd2VuaWdlciUyMGtvc3RldCUyMGFscyUyMElociUyMGFrdHVlbGxlciUyMEtyZWRpdCUyQyUyMGFiZXIlMjBlaW5lJTIwUmVmaW5hbnppZXJ1bmclMjBtaXQlMjBnJUMzJUJDbnN0aWdlcmVuJTIwS3JlZGl0ZW4lMjBpc3QlMjBuaWNodCUyMGltbWVyJTIwbSVDMyVCNmdsaWNoLiUyMERhcyUyMGxpZWd0JTIwZGFyYW4lMkMlMjBkYXNzJTIwZGllJTIwZyVDMyVCQ25zdGlnZXJlbiUyMEtyZWRpdGdlYmVyJTIwJTI4TG93JTIwQ29zdCUyMExvYW4lMjBQcm92aWRlciUyOSUyMG9mdCUyMGhvaGUlMjBBbmZvcmRlcnVuZ2VuJTIwYW4lMjBkaWUlMjBBbmVya2VubnVuZyUyMHZvbiUyMEtyZWRpdGFudHIlQzMlQTRnZW4lMjBzdGVsbGVuLiUwQSUwQUVzJTIwaXN0JTIwZGFoZXIlMjB3aWNodGlnJTJDJTIwZGFzcyUyMFNpZSUyMGVpbmUlMjBCZXN0JUMzJUE0dGlndW5nJTIwZGVzJTIwbmV1ZW4lMjBLcmVkaXRnZWJlcnMlMjBlcmhhbHRlbiUyQyUyMGJldm9yJTIwU2llJTIwSWhyZW4lMjBLcmVkaXQlMjBiZWklMjBkZXIlMjBhbHRlbiUyMEJhbmslMjBrJUMzJUJDbmRpZ2VuLiUyMEVzJTIwdmVyaGluZGVydCUyMElobmVuJTIwZmVzdHp1c3RlY2tlbiUyQyUyMHdlbm4lMjBkZXIlMjBuZXVlJTIwS3JlZGl0Z2ViZXIlMjB3ZWdlbiUyMHVuZXJmJUMzJUJDbGx0ZW4lMjBLcml0ZXJpZW4lMjBTaWUlMjBzY2hsaWVzc2xpY2glMjBhYmxlaG50LiUwQSUzQ2gyJTIwY2xhc3MlM0QlMjJ0aXRsZS1sZWZ0JTIyJTNFRXJoJUMzJUI2aGVuJTIwZGVzJTIwQmV0cmFncyUyMG9kZXIlMjBkZXIlMjBMYXVmemVpdCUyMGVpbmVzJTIwS3JlZGl0cyUzQyUyRmgyJTNFJTBBV2VubiUyMFNpZSUyMG1laHIlMjBHZWxkJTIwYmVuJUMzJUI2dGlnZW4lMjBhbHMlMjBkZXIlMjBCZXRyYWclMjBJaHJlcyUyMGJlc3RlaGVuZGVuJTIwS3JlZGl0cyUyQyUyMGlzdCUyMGVzJTIwJUMzJUJDYmxpY2glMkMlMjBJaHJlbiUyMGFrdHVlbGxlbiUyMEtyZWRpdCUyMG1pdCUyMGVpbmVtJTIwZ3IlQzMlQjZzc2VyZW4lMjBLcmVkaXQlMjB6dSUyMHJlZmluYW56aWVyZW4uJTIwU2llJTIwayVDMyVCNm5uZW4lMjBJaHIlMjBha3R1ZWxsZXMlMjBEYXJsZWhlbiUyMGF1Y2glMjBtaXQlMjBlaW5lbSUyMG5ldWVuJTIwRGFybGVoZW4lMjByZWZpbmFuemllcmVuJTJDJTIwZGFzJTIwZWJlbmZhbGxzJTIwZWluZSUyMGwlQzMlQTRuZ2VyZSUyMEFtb3J0aXNhdGlvbnN6ZWl0JTIwaGF0JTJDJTIwdyVDMyVBNGhyZW5kJTIwU2llJTIwZGVuJTIwZ2xlaWNoZW4lMjBCZXRyYWclMjBiZWhhbHRlbi4lMjBEaWVzJTIwa2FubiUyMHp3YXIlMjBoZWxmZW4lMkMlMjBkZW4lMjBmaW5hbnppZWxsZW4lMjBTdHJlc3MlMjB6dSUyMGVybGVpY2h0ZXJuJTJDJTIwYWJlciUyMFNpZSUyMHNvbGx0ZW4lMjB3aXNzZW4lMkMlMjBkYXNzJTIwZGllJTIwR2VzYW10a29zdGVuJTIwZGVzJTIwS3JlZGl0cyUyMHVtc28lMjBoJUMzJUI2aGVyJTIwc2luZCUyQyUyMGplJTIwbCVDMyVBNG5nZXIlMjBkaWUlMjBMYXVmemVpdCUyMGlzdC4lMEElM0NoMiUyMGNsYXNzJTNEJTIydGl0bGUtbGVmdCUyMiUzRVdlbGNoZSUyMFNjaHJpdHRlJTIwc2luZCUyMGJlaSUyMGRlciUyMFJlZmluYW56aWVydW5nJTIwZWluZXMlMjBLcmVkaXRzJTIwaW4lMjBkZXIlMjBTY2h3ZWl6JTIwenUlMjBiZWFjaHRlbiUzRiUzQyUyRmgyJTNFJTBBMS4lMDlWZXJnbGVpY2hlbiUyMFNpZSUyMGRpZSUyMFppbnNrb3N0ZW4lMjBmJUMzJUJDciUyMGRpZSUyMFJlc3RsYXVmemVpdCUyMElocmVzJTIwYmVzdGVoZW5kZW4lMjBLcmVkaXRzJTIwbWl0JTIwZGVuZW4lMjBhbmRlcmVyJTIwS3JlZGl0YW5nZWJvdGUlMjAtJTNFJTIwZGllc2UlMjBJbmZvcm1hdGlvbmVuJTIwZXJoYWx0ZW4lMjBTaWUlMjB2b24lMjB1bnNlcmVuJTIwRXhwZXJ0ZW4lMjBpbiUyMGVpbmVtJTIwZGV0YWlsbGllcnRlbiUyQyUyMHVudmVyYmluZGxpY2hlbiUyMEFuZ2Vib3QuJTIwVW5zZXJlJTIwRXhwZXJ0ZW4lMjBiZXJlY2huZW4lMjBJaG5lbiUyMGF1Y2glMjBkYXMlMjBFaW5zcGFycG90ZW56aWFsJTIwZWluZXIlMjBSZWZpbmFuemllcnVuZyUyQyUyMGRhbWl0JTIwU2llJTIwZWluZSUyMGVpbmZhY2hlJTIwRW50c2NoZWlkdW5nJTIwdHJlZmZlbiUyMGslQzMlQjZubmVuLiUwQSUwQTIuJTA5QmVyJUMzJUJDY2tzaWNodGlnZW4lMjBTaWUlMjBkaWUlMjBHZWIlQzMlQkNocmVuJTJDJTIwZGllJTIwSWhyJTIwYWt0dWVsbGVyJTIwS3JlZGl0Z2ViZXIlMjBmJUMzJUJDciUyMGVpbmUlMjBlbmRnJUMzJUJDbHRpZ2UlMjBLcmVkaXRhYnJlY2hudW5nJTIwZXJoZWJ0JTIwLSUzRSUyME11bHRpQ3JlZGl0LUV4cGVydGVuJTIwaW5mb3JtaWVyZW4lMjBTaWUlMjAlQzMlQkNiZXIlMjBkaWVzZW4lMjBCZXRyYWclMkMlMjBzbyUyMGRhc3MlMjBTaWUlMjBuaWNodCUyMHNlbGJzdCUyMGRhbmFjaCUyMHN1Y2hlbiUyMG0lQzMlQkNzc2VuLiUyMFNvbGFuZ2UlMjBkaWVzZSUyMEdlYiVDMyVCQ2hyZW4lMjBuaWVkcmlnZXIlMjBzaW5kJTIwYWxzJTIwZGllJTIwcG90ZW56aWVsbGVuJTIwRWluc3BhcnVuZ2VuJTIwZHVyY2glMjBkaWUlMjBSZWZpbmFuemllcnVuZyUyMElocmVzJTIwS3JlZGl0cyUyQyUyMGxvaG50JTIwZXMlMjBzaWNoJTIwaW4lMjBkZXIlMjBSZWdlbCUyQyUyMGF1ZiUyMGRlbiUyMGclQzMlQkNuc3RpZ2VyZW4lMjBLcmVkaXQlMjB6dSUyMHdlY2hzZWxuLiUwQSUwQTMuJTA5QmVzdCVDMyVBNHRpZ2VuJTIwU2llJTIwZGFzJTIwdm9ydGVpbGhhZnRlJTIwUmVmaW5hbnppZXJ1bmdzYW5nZWJvdCUyMGRlcyUyMG5ldWVuJTIwS3JlZGl0Z2ViZXJzLiUwQTQuJTA5SyVDMyVCQ25kaWdlbiUyMFNpZSUyMElocmVuJTIwYWt0dWVsbGVuJTIwS3JlZGl0JTIwLSUzRSUyME11bHRpQ3JlZGl0JTIwJUMzJUJDYmVybmltbXQlMjBkaWVzJTIwdW5kJTIwYWxsZSUyMGFuZGVyZW4lMjBhZG1pbmlzdHJhdGl2ZW4lMjBBcmJlaXRlbiUyMGYlQzMlQkNyJTIwU2llJTJDJTIwc28lMjBkYXNzJTIwU2llJTIwc2ljaCUyMG5pY2h0JTIwZGFydW0lMjBrJUMzJUJDbW1lcm4lMjBtJUMzJUJDc3Nlbi4lMEElM0MlMkZkaXYlM0U=[\/vc_raw_html][\/vc_column][\/vc_row]<\/p>\n<\/section>\n","protected":false},"excerpt":{"rendered":"<p>Sparen! Vereinen Sie alle Kredite<\/p>\n","protected":false},"author":4,"featured_media":11598,"parent":12310,"menu_order":0,"comment_status":"closed","ping_status":"closed","template":"template-rachat.php","meta":{"inline_featured_image":false,"footnotes":"","_links_to":"","_links_to_target":""},"categories":[238],"class_list":["post-12313","page","type-page","status-publish","has-post-thumbnail","hentry","category-kredit-rueckkauf"],"_links":{"self":[{"href":"https:\/\/multicredit.ch\/de\/wp-json\/wp\/v2\/pages\/12313","targetHints":{"allow":["GET"]}}],"collection":[{"href":"https:\/\/multicredit.ch\/de\/wp-json\/wp\/v2\/pages"}],"about":[{"href":"https:\/\/multicredit.ch\/de\/wp-json\/wp\/v2\/types\/page"}],"author":[{"embeddable":true,"href":"https:\/\/multicredit.ch\/de\/wp-json\/wp\/v2\/users\/4"}],"replies":[{"embeddable":true,"href":"https:\/\/multicredit.ch\/de\/wp-json\/wp\/v2\/comments?post=12313"}],"version-history":[{"count":16,"href":"https:\/\/multicredit.ch\/de\/wp-json\/wp\/v2\/pages\/12313\/revisions"}],"predecessor-version":[{"id":24738,"href":"https:\/\/multicredit.ch\/de\/wp-json\/wp\/v2\/pages\/12313\/revisions\/24738"}],"up":[{"embeddable":true,"href":"https:\/\/multicredit.ch\/de\/wp-json\/wp\/v2\/pages\/12310"}],"wp:featuredmedia":[{"embeddable":true,"href":"https:\/\/multicredit.ch\/de\/wp-json\/wp\/v2\/media\/11598"}],"wp:attachment":[{"href":"https:\/\/multicredit.ch\/de\/wp-json\/wp\/v2\/media?parent=12313"}],"wp:term":[{"taxonomy":"category","embeddable":true,"href":"https:\/\/multicredit.ch\/de\/wp-json\/wp\/v2\/categories?post=12313"}],"curies":[{"name":"wp","href":"https:\/\/api.w.org\/{rel}","templated":true}]}}