{"id":12307,"date":"2020-03-10T09:55:39","date_gmt":"2020-03-10T09:55:39","guid":{"rendered":"https:\/\/www.multicredit.ch\/pret-medical\/"},"modified":"2021-07-31T09:59:36","modified_gmt":"2021-07-31T09:59:36","slug":"gesundheitsdarlehen","status":"publish","type":"page","link":"https:\/\/multicredit.ch\/de\/kredit\/gesundheitsdarlehen\/","title":{"rendered":"Holen Sie sich einen medizinischen\/gesundheitlichen Kredit f\u00fcr Ihre dringenden Bed\u00fcrfnisse"},"content":{"rendered":"<section class=\"wpb-content-wrapper\">[vc_row el_class=&#8221;white-bck bigpadding&#8221;][vc_column]<\/p>\n<div class=\"blocktitle title-center title-dark\" clearfix\"><H2><span class=\"ez-toc-section\" id=\"Gesundheitsdarlehen_finanzieren_Sie_sich_Ihren_chirurgischen_Eingriff_und_Gesundheitspflege_mit_dem_Darlehen\"><\/span>Gesundheitsdarlehen: finanzieren Sie sich Ihren chirurgischen Eingriff und Gesundheitspflege mit dem Darlehen<\/H2><\/p>\n<h4>Gesundheitsdarlehen, die Antwort f\u00fcr einen Notfall und Vertraulichkeit<\/h4>\n<\/div>\n<p>[vc_column_text]<\/p>\n<p style=\"text-align: center;\">Zahnarzt, plastischer Chirurg, <a href=\"https:\/\/www.proinfirmis.ch\/behindertwastun\/assistenz\/die-finanzierung-der-pflege-durch-die-krankenversicherung-unfallversicherung-und-invalidenversicherung.html\" target=\"_blank\" rel=\"noopener\">Pfleger aller Art welche von der Versicherung nicht abgedeckt sind<\/a>. Der Gesundheitskredit ist eine L\u00f6sung f\u00fcr einen Notfall oder Vorprogrammierten Eingriff in aller Diskretion.<\/p>\n<p style=\"text-align: center;\">Zwischen CHF 3&#8217;000 bis CHF 400&#8217;000, unsere Beratung, unsere flexiblen L\u00f6sungen erlauben eine ma\u00dfgeschneiderte L\u00f6sung, wir h\u00f6ren Ihnen zu.<\/p>\n<p>[\/vc_column_text][\/vc_column][\/vc_row][vc_row full_width=&#8221;stretch_row&#8221; content_placement=&#8221;middle&#8221; el_class=&#8221;lightgrey-bck diagonal-bottom-bck bigpadding&#8221;][vc_column width=&#8221;1\/2&#8243;]<\/p>\n<div class=\"blocktitle title-left title-dark\" clearfix\"><H2><span class=\"ez-toc-section\" id=\"Vereinfachen_und_verschnaufen\"><\/span>Vereinfachen und verschnaufen<\/H2><\/p>\n<h4>Unser Ziel: das Leben vereinfachen. <\/h4>\n<\/div>\n<p>[vc_column_text]Besorgt um Ihre Situation, wir \u00fcbernehmen die administrativen Arbeiten und k\u00f6nnen so den Prozess beschleunigen und Ihnen rasch einen Entscheid mitteilen f\u00fcr Ihre Gesundheitspflege.<\/p>\n<p>Ihre Vorteile: Dieser Weg entspricht f\u00fcr eine schnelle Finanzierungsl\u00f6sung f\u00fcr Ihren chirurgischen Eingriff. Unsere kostenlose Beratung, rasch, vertraulich und ohne Verpflichtung erm\u00f6glicht eine vereinfachte, klare und verst\u00e4ndliche L\u00f6sung.[\/vc_column_text][\/vc_column][vc_column width=&#8221;1\/2&#8243;][vc_single_image image=&#8221;11516&#8243; img_size=&#8221;full&#8221; alignment=&#8221;center&#8221; css_animation=&#8221;top-to-bottom&#8221;][\/vc_column][\/vc_row][vc_row el_class=&#8221;white-bck bigpadding&#8221;][vc_column el_class=&#8221;checklist&#8221;]<\/p>\n<div class=\"blocktitle title-center title-dark\" clearfix\"><H2><span class=\"ez-toc-section\" id=\"Gesundheitsdarlehen_unsere_Loesungen_Ihre_Vorteile\"><\/span>Gesundheitsdarlehen: unsere L\u00f6sungen, Ihre Vorteile<\/H2><\/p>\n<h4>Weil Gesundheit und Sch\u00f6nheit sich mit Ausgeglichenheit reimen, w\u00e4hlen sie den ma\u00dfgeschneiderten Kredit.<\/h4>\n<\/div>\n<p>[vc_column_text]Unsere Spezialisten studieren Ihre globale Situation und schlagen Ihnen die vern\u00fcnftigste L\u00f6sung vor. Entdecken Sie die Vorteile in einigen Worten.<\/p>\n<ul>\n<li>Fester Zinssatz w\u00e4hrend der ganzen Laufzeit.<\/li>\n<li>Klarheit w\u00e4hrend der ganzen Bearbeitung Ihrer Anfrage.<\/li>\n<li>Anpassung der monatlichen Rate an Ihr Budget.<\/li>\n<li>W\u00e4hlen Sie die R\u00fcckzahlung zwischen 12 und 84 Monate.<\/li>\n<li>Profitieren Sie von den interessantesten Zinss\u00e4tze, direkt verhandelt mit unseren Partnern.<\/li>\n<\/ul>\n<p>Das Gesundheitsdarlehen, f\u00fcr Ihre Intervention ganz vertraulich.[\/vc_column_text][\/vc_column][\/vc_row][vc_row full_width=&#8221;stretch_row&#8221; content_placement=&#8221;middle&#8221; el_class=&#8221;lightgrey-bck bigpadding comp-neg-margin-bottom checklist&#8221;][vc_column]<\/p>\n<div class=\"blocktitle title-left title-dark\" clearfix\"><H2><span class=\"ez-toc-section\" id=\"Vorteilhafte_Optionen\"><\/span>Vorteilhafte Optionen<\/H2><\/p>\n<h4>Gut zu wissen was ihre finanzielle Situation erlaubt? Vielleicht k\u00f6nnen wir noch etwas mehr f\u00fcr sie tun.<\/h4>\n<\/div>\n<p>[vc_row_inner][vc_column_inner width=&#8221;1\/2&#8243;][vc_column_text]Das Gesundheitsdarlehen oder Kredit ist die rasche und vertrauliche L\u00f6sung, wenn die Situation eine rasche personalisierte Antwort erfordert.<\/p>\n<ul>\n<li>Bei der Anfrage Ihres Gesundheitskredites, m\u00fcssen Sie den Grund nicht unbedingt erw\u00e4hnen.<\/li>\n<li>Beantragen Sie den Kredit und benutzen Sie ihn in aller Diskretion.<\/li>\n<li>Nach Bewilligung des Kredites k\u00f6nnen Sie ihn nach Wunsch ben\u00fctzen.<\/li>\n<li>Sie haben noch andere Kreditengagements? Ein Zusammenschluss aller Kredite, Leasing oder Kreditkarten erm\u00f6glicht Ihnen ein optimales Angebot zu unterbreiten und Geld zu sparen!<\/li>\n<\/ul>\n<p>Fragen Sie uns um einen Beratung. <a href=\"https:\/\/multicredit.ch\/de\/kredit\/gesundheitsdarlehen\/\">Vervollst\u00e4ndigen Sie innerhalb von 2 Minuten online die Anfrage<\/a> und erhalten unsererseits innert kurzester Zeit einen Vorschlag.[\/vc_column_text][\/vc_column_inner][vc_column_inner width=&#8221;1\/2&#8243;][vc_column_text]<\/p>\n<ul>\n<li>Sicherheit und Vertraulichkeit<\/li>\n<li>N\u00e4he und Verantwortung<\/li>\n<li>Garantierte Abholung in weniger als 24 Stunden<\/li>\n<li>Niedrigere Kreditrate als die Konkurrenz<\/li>\n<\/ul>\n<p>[\/vc_column_text][\/vc_column_inner][\/vc_row_inner][\/vc_column][\/vc_row]<\/section>\n","protected":false},"excerpt":{"rendered":"<p>Gesundheitskredit zu Ihrem Wohlbefinden<\/p>\n","protected":false},"author":4,"featured_media":11592,"parent":12357,"menu_order":0,"comment_status":"closed","ping_status":"closed","template":"template-credit.php","meta":{"inline_featured_image":false,"footnotes":"","_links_to":"","_links_to_target":""},"categories":[696],"class_list":["post-12307","page","type-page","status-publish","has-post-thumbnail","hentry","category-gesundheits-kredit"],"_links":{"self":[{"href":"https:\/\/multicredit.ch\/de\/wp-json\/wp\/v2\/pages\/12307","targetHints":{"allow":["GET"]}}],"collection":[{"href":"https:\/\/multicredit.ch\/de\/wp-json\/wp\/v2\/pages"}],"about":[{"href":"https:\/\/multicredit.ch\/de\/wp-json\/wp\/v2\/types\/page"}],"author":[{"embeddable":true,"href":"https:\/\/multicredit.ch\/de\/wp-json\/wp\/v2\/users\/4"}],"replies":[{"embeddable":true,"href":"https:\/\/multicredit.ch\/de\/wp-json\/wp\/v2\/comments?post=12307"}],"version-history":[{"count":17,"href":"https:\/\/multicredit.ch\/de\/wp-json\/wp\/v2\/pages\/12307\/revisions"}],"predecessor-version":[{"id":17670,"href":"https:\/\/multicredit.ch\/de\/wp-json\/wp\/v2\/pages\/12307\/revisions\/17670"}],"up":[{"embeddable":true,"href":"https:\/\/multicredit.ch\/de\/wp-json\/wp\/v2\/pages\/12357"}],"wp:featuredmedia":[{"embeddable":true,"href":"https:\/\/multicredit.ch\/de\/wp-json\/wp\/v2\/media\/11592"}],"wp:attachment":[{"href":"https:\/\/multicredit.ch\/de\/wp-json\/wp\/v2\/media?parent=12307"}],"wp:term":[{"taxonomy":"category","embeddable":true,"href":"https:\/\/multicredit.ch\/de\/wp-json\/wp\/v2\/categories?post=12307"}],"curies":[{"name":"wp","href":"https:\/\/api.w.org\/{rel}","templated":true}]}}