{"id":12304,"date":"2020-03-10T09:55:15","date_gmt":"2020-03-10T09:55:15","guid":{"rendered":"https:\/\/www.multicredit.ch\/financement-d-etudes-et-de-formations\/"},"modified":"2021-07-31T09:58:16","modified_gmt":"2021-07-31T09:58:16","slug":"ausbildungskredite","status":"publish","type":"page","link":"https:\/\/multicredit.ch\/de\/kredit\/ausbildungskredite\/","title":{"rendered":"Kredite f\u00fcr Ihre Ausbildung zum besten Zinssatz von MultiCredit Schweiz"},"content":{"rendered":"<section class=\"wpb-content-wrapper\">[vc_row el_class=&#8221;white-bck bigpadding&#8221;][vc_column]<\/p>\n<div class=\"blocktitle title-center title-dark\" clearfix\"><H2><span class=\"ez-toc-section\" id=\"Finanzierung_der_Ausbildung\"><\/span>Finanzierung der Ausbildung<\/H2><\/p>\n<h4>Finanzierung der Ausbildung post-grade, Weiterbildung oder Privatschule, w\u00e4hlen sie ihre Variante. <\/h4>\n<\/div>\n<p>[vc_column_text]<\/p>\n<p style=\"text-align: center;\">Unterst\u00fctzen Sie die Ausbildung Ihrer Kinder, Fremdsprache, berufliche Neuorientierung oder Privatschule.<\/p>\n<p style=\"text-align: center;\">Mit MultiKredit, profitieren Sie vom besten Zinssatz und z\u00e4hlen Sie Ihr Darlehen zum wichtigen Schritt in Ihrem Leben.<\/p>\n<p style=\"text-align: center;\"><a href=\"https:\/\/www.ch.ch\/de\/hochschule\/\" target=\"_blank\" rel=\"noopener\"><strong>Ausbildungskredit, die Investition in Ihre Zukunft.<\/strong><\/a><\/p>\n<p>[\/vc_column_text][\/vc_column][\/vc_row][vc_row full_width=&#8221;stretch_row&#8221; content_placement=&#8221;middle&#8221; el_class=&#8221;lightgrey-bck diagonal-bottom-bck bigpadding&#8221;][vc_column width=&#8221;1\/2&#8243;]<\/p>\n<div class=\"blocktitle title-left title-dark\" clearfix\"><H2><span class=\"ez-toc-section\" id=\"Finanzierung_der_Ausbildung-2\"><\/span>Finanzierung der Ausbildung <\/H2><\/p>\n<h4>Unsere einfache und rasche Abwicklung, erleichtert ihre dringende Einschreibung f\u00fcr ihre Ausbildung. <\/h4>\n<\/div>\n<p>[vc_column_text]Weil wir \u00fcberzeugt sind dass, ein Ausbildungskredit f\u00fcr die Familie einer leichten einfachen L\u00f6sung sein kann, MultiKredit k\u00fcmmert sich um die administrativen Abwicklungen und bietet die notwendigen Garantien f\u00fcr die Bearbeitung Ihrer Anfrage:<\/p>\n<ul>\n<li>Sicherheit: Alle Ihre Angaben werden strikte vertraulich gehalten.<\/li>\n<li>Professionalit\u00e4t: Unser B\u00fcro ist aktiv in dieser Branche seit 1999.<\/li>\n<li>Vorteile: profitieren Sie von einer gro\u00dfen Flexibilit\u00e4t f\u00fcr Ihren Kredit verbunden mit einem tiefen Zinssatz.<\/li>\n<li>Kredit von CHF 3\u2019000 bis CHF 400&#8217;000.-<\/li>\n<li>Aufgrund unvorgesehenen Ereignissen, wie Verlust der Arbeit, Krankheit, Unfall, Scheidung usw., MultiKredit begleitet Sie um das finanzielle Risiko zu reduzieren dank gezielten Ma\u00dfnahmen.<\/li>\n<\/ul>\n<p><strong>Fragen Sie uns noch heute f\u00fcr eine Beratung \u2013 morgen ist es vielleicht schon zu sp\u00e4t.<\/strong>[\/vc_column_text][\/vc_column][vc_column width=&#8221;1\/2&#8243;][vc_single_image image=&#8221;11531&#8243; img_size=&#8221;full&#8221; alignment=&#8221;center&#8221; css_animation=&#8221;top-to-bottom&#8221;][\/vc_column][\/vc_row][vc_row el_class=&#8221;white-bck bigpadding&#8221;][vc_column]<\/p>\n<div class=\"blocktitle title-center title-dark\" clearfix\"><H2><span class=\"ez-toc-section\" id=\"Eine_flexible_Loesung\"><\/span>Eine flexible L\u00f6sung<\/H2><\/p>\n<h4>Weiterbildung hei\u00dft Ver\u00e4nderung, deshalb muss ihre Finanzierung anpassungsf\u00e4hig sein.<\/h4>\n<\/div>\n<p>[vc_column_text]<\/p>\n<p style=\"text-align: center;\">Ihre Vorteile: Unsere Spezialisten pr\u00fcfen kostenlos Ihre Kreditf\u00e4higkeit um Ihnen einen Ausbildungskredit zu unterbreiten unter Einhaltung Ihrer finanziellen Situation.<\/p>\n<p style=\"text-align: center;\">Z\u00f6gern Sie nicht f\u00fcr den n\u00e4chsten beruflichen Schritt oder Ihrer Kinder. W\u00e4hlen Sie Raten zwischen 12 und 84 Monate und bereiten Sie Ihre Zukunft so rasch wie m\u00f6glich vor.<\/p>\n<p>[\/vc_column_text][\/vc_column][\/vc_row][vc_row full_width=&#8221;stretch_row&#8221; content_placement=&#8221;middle&#8221; el_class=&#8221;lightgrey-bck bigpadding comp-neg-margin-bottom checklist&#8221;][vc_column]<\/p>\n<div class=\"blocktitle title-left title-dark\" clearfix\"><H2><span class=\"ez-toc-section\" id=\"Unsere_Loesungen_Ihre_Vorteile\"><\/span>Unsere L\u00f6sungen, Ihre Vorteile<\/H2><\/p>\n<h4>Dank dem Kredit, sparen ? Fragen sie uns f\u00fcr eine Beratung.<\/h4>\n<\/div>\n<p>[vc_row_inner][vc_column_inner width=&#8221;1\/2&#8243;][vc_column_text]<strong>Wussten Sie es ?<\/strong> Schweizer oder Ausl\u00e4nder mit Ausweis C, dank dem Weiterbildungskredit kann man steuerliche Erleichterung profitieren. Haben Sie schon einen Kredit?<strong> Sprechen wir dar\u00fcber.<\/strong><\/p>\n<p>Unsere L\u00f6sungen f\u00fcr den R\u00fcckkauf oder Zusammenf\u00fchrung von Kreditengagements zeigen manchmal unverhoffte M\u00f6glichkeiten auf. Wir beraten Sie gerne.<\/p>\n<p><a href=\"https:\/\/multicredit.ch\/de\/kreditantrag\/\"><strong>F\u00fcllen Sie unser Antragsformular auf unserer Homepage aus \u2013 in nur 2 Minuten. Wir antworten kostenlos, rasch und ohne Verpflichtung.<\/strong><\/a>[\/vc_column_text][\/vc_column_inner][vc_column_inner width=&#8221;1\/2&#8243;][vc_column_text]<\/p>\n<ul>\n<li><strong>Sicherheit und Vertraulichkeit<\/strong><\/li>\n<li><strong>N\u00e4he und Verantwortung<\/strong><\/li>\n<li><strong>Garantierte Abholung in weniger als 24 Stunden<\/strong><\/li>\n<li><strong>Niedrigere Kreditrate als die Konkurrenz<\/strong><\/li>\n<\/ul>\n<p>[\/vc_column_text][\/vc_column_inner][\/vc_row_inner][\/vc_column][\/vc_row]<\/section>\n","protected":false},"excerpt":{"rendered":"<p>Ihre Investition in Ihre Zukunft<\/p>\n","protected":false},"author":4,"featured_media":11586,"parent":12357,"menu_order":0,"comment_status":"closed","ping_status":"closed","template":"template-credit.php","meta":{"inline_featured_image":false,"footnotes":"","_links_to":"","_links_to_target":""},"categories":[693],"class_list":["post-12304","page","type-page","status-publish","has-post-thumbnail","hentry","category-ausbildungskredit"],"_links":{"self":[{"href":"https:\/\/multicredit.ch\/de\/wp-json\/wp\/v2\/pages\/12304","targetHints":{"allow":["GET"]}}],"collection":[{"href":"https:\/\/multicredit.ch\/de\/wp-json\/wp\/v2\/pages"}],"about":[{"href":"https:\/\/multicredit.ch\/de\/wp-json\/wp\/v2\/types\/page"}],"author":[{"embeddable":true,"href":"https:\/\/multicredit.ch\/de\/wp-json\/wp\/v2\/users\/4"}],"replies":[{"embeddable":true,"href":"https:\/\/multicredit.ch\/de\/wp-json\/wp\/v2\/comments?post=12304"}],"version-history":[{"count":13,"href":"https:\/\/multicredit.ch\/de\/wp-json\/wp\/v2\/pages\/12304\/revisions"}],"predecessor-version":[{"id":17669,"href":"https:\/\/multicredit.ch\/de\/wp-json\/wp\/v2\/pages\/12304\/revisions\/17669"}],"up":[{"embeddable":true,"href":"https:\/\/multicredit.ch\/de\/wp-json\/wp\/v2\/pages\/12357"}],"wp:featuredmedia":[{"embeddable":true,"href":"https:\/\/multicredit.ch\/de\/wp-json\/wp\/v2\/media\/11586"}],"wp:attachment":[{"href":"https:\/\/multicredit.ch\/de\/wp-json\/wp\/v2\/media?parent=12304"}],"wp:term":[{"taxonomy":"category","embeddable":true,"href":"https:\/\/multicredit.ch\/de\/wp-json\/wp\/v2\/categories?post=12304"}],"curies":[{"name":"wp","href":"https:\/\/api.w.org\/{rel}","templated":true}]}}