{"id":12301,"date":"2020-03-10T09:55:50","date_gmt":"2020-03-10T09:55:50","guid":{"rendered":"https:\/\/www.multicredit.ch\/credits-divers\/"},"modified":"2021-08-07T14:50:48","modified_gmt":"2021-08-07T14:50:48","slug":"kredite-fuer-diverses","status":"publish","type":"page","link":"https:\/\/multicredit.ch\/de\/kredit\/kredite-fuer-diverses\/","title":{"rendered":"Kredite f\u00fcr Diverses"},"content":{"rendered":"<section class=\"wpb-content-wrapper\">[vc_row el_class=&#8221;white-bck bigpadding&#8221;][vc_column data_aos=&#8221;fade-in&#8221;]<\/p>\n<div class=\"blocktitle title-center title-dark\" clearfix\"><H2><span class=\"ez-toc-section\" id=\"Ein_Projekt_Kredite_fuer_Diverses\"><\/span>Ein Projekt, Kredite f\u00fcr Diverses<\/H2><\/p>\n<h4>Ein Projekt ? Kennen sie ihre aktuelle finanzielle Kapazit\u00e4t?<\/h4>\n<\/div>\n<p>[vc_column_text el_class=&#8221;maxwidth&#8221;]<\/p>\n<p style=\"text-align: center;\">Was auch immer Ihr Projekt ist, Sie k\u00f6nnen von einem Kredit oder mehreren Krediten f\u00fcr eine pr\u00e4zise Finanzierung oder von der Zahlung eines Betrages auf Ihr Konto profitieren, \u00fcber den Sie in aller Vertraulichkeit frei verf\u00fcgen k\u00f6nnen.<\/p>\n<p style=\"text-align: center;\">MultiKredit erm\u00f6glicht Ihnen den besten Marktzinssatz f\u00fcr Ihren Kredit zwischen CHF 3&#8217;000 bis CHF 400&#8217;000.-. Unsere Spezialisten \u00fcbernehmen kostenlos die administrativen Arbeiten und erleichtern Ihnen so das Leben!<\/p>\n<p>[\/vc_column_text][\/vc_column][\/vc_row][vc_row full_width=&#8221;stretch_row&#8221; content_placement=&#8221;middle&#8221; el_class=&#8221;lightgrey-bck diagonal-bottom-bck bigpadding&#8221;][vc_column width=&#8221;1\/2&#8243; data_aos=&#8221;fade-in&#8221; data_aos_delay=&#8221;250&#8243; el_class=&#8221;checklist&#8221;]<\/p>\n<div class=\"blocktitle title-left title-dark\" clearfix\"><H2><span class=\"ez-toc-section\" id=\"Einen_Kredit_in_der_Schweiz_aufnehmen_ohne_Grundangabe\"><\/span>Einen Kredit in der Schweiz aufnehmen ohne Grundangabe<\/H2><\/p>\n<h4>MultitKredit empfiehlt die Wahl eines \u00ab vern\u00fcnftigen Kredites \u00bb, das andere liegt bei Ihnen.<\/h4>\n<\/div>\n<p>[vc_column_text]<\/p>\n<ul>\n<li>Die R\u00fcckzahlungsmodalit\u00e4ten des Kredits belaufen sich zwischen 12 und 84 Monaten.<\/li>\n<\/ul>\n<ul>\n<li>Profitieren Sie von monatliche festen Raten zu einem g\u00fcnstigen Zinssatz<\/li>\n<li>Erhalten sie eine klare, verst\u00e4ndliche Offerte um das Budget einzuhalten.<\/li>\n<li>Passen sie die R\u00fcckzahlungsmodalit\u00e4ten an um vom Steuerpotenzial zu profitieren.<\/li>\n<li>Profitieren sie von der gesicherten Dienstleistung online.<\/li>\n<\/ul>\n<p><strong><br \/>\nZur Vertraulichkeit ihres Projekts. Keine weiteren Ausgabeangaben sind notwendig. <\/strong>[\/vc_column_text][\/vc_column][vc_column width=&#8221;1\/2&#8243; data_aos=&#8221;fade-left&#8221;][vc_single_image image=&#8221;11526&#8243; img_size=&#8221;full&#8221; alignment=&#8221;center&#8221; css_animation=&#8221;none&#8221;][\/vc_column][\/vc_row][vc_row content_placement=&#8221;middle&#8221; el_class=&#8221;white-bck bigpadding checklist&#8221;][vc_column width=&#8221;1\/2&#8243; data_aos=&#8221;fade-right&#8221;][vc_single_image image=&#8221;11501&#8243; img_size=&#8221;full&#8221; alignment=&#8221;center&#8221; css_animation=&#8221;none&#8221;][\/vc_column][vc_column width=&#8221;1\/2&#8243; data_aos=&#8221;fade-in&#8221; data_aos_delay=&#8221;250&#8243;]<\/p>\n<div class=\"blocktitle title-left title-dark\" clearfix\"><H2><span class=\"ez-toc-section\" id=\"Kredite_fuer_Diverses_eine_flexible_Loesung\"><\/span>Kredite f\u00fcr Diverses: eine flexible L\u00f6sung<\/H2><\/p>\n<h4>Analyse und ma\u00dfgeschneiderte Offerte sind die Schl\u00fcssel der Gelassenheit.<\/h4>\n<\/div>\n<p>[vc_column_text]<\/p>\n<ul>\n<li><span class=\"\">W\u00e4hlen Sie frei den notwendigen Kreditbedarf f\u00fcr Ihr Projekt<\/span><\/li>\n<li><span class=\"\">Anpassbare R\u00fcckzahlungsdauer<\/span><\/li>\n<li><span class=\"\">Vorzeitige R\u00fcckzahlung m\u00f6glich mit Zinsr\u00fcckzahlung<\/span><\/li>\n<li><span class=\"\">F\u00fcr <a href=\"https:\/\/www.seco.admin.ch\/seco\/de\/home\/Arbeit\/Personenfreizugigkeit_Arbeitsbeziehungen\/schwarzarbeit\/Arbeit_korrekt_melden\/Selbstaendige.html\" target=\"_blank\" rel=\"noopener\">Fest- oder Tempor\u00e4r Angestellte<\/a><\/span><\/li>\n<li><span class=\"\">Zus\u00e4tzliche M\u00f6glichkeiten um die monatlichen Raten\u00a0 zu erleichtern<\/span><\/li>\n<\/ul>\n<p>[\/vc_column_text][\/vc_column][\/vc_row][vc_row full_width=&#8221;stretch_row&#8221; content_placement=&#8221;middle&#8221; el_class=&#8221;lightgrey-bck bigpadding checklist comp-neg-margin-bottom&#8221;][vc_column data_aos=&#8221;fade-in&#8221;]<\/p>\n<div class=\"blocktitle title-center title-dark\" clearfix\"><H2><span class=\"ez-toc-section\" id=\"Unsere_Loesungen_Ihre_Vorteile\"><\/span>Unsere L\u00f6sungen, Ihre Vorteile<\/H2><\/p>\n<h4>Wir erledigen noch mehr f\u00fcr Sie.<\/h4>\n<\/div>\n<p>[vc_row_inner css=&#8221;.vc_custom_1586932436543{padding-top: 48px !important;padding-bottom: 48px !important;}&#8221;][vc_column_inner width=&#8221;1\/2&#8243;][vc_column_text]<\/p>\n<ul>\n<li>Vertrauliche kostenlose Analyse.<\/li>\n<li>Rasche kostenlose und unverbindliche Offert Unterbreitung .<\/li>\n<li>Bei Vertragsabschluss; \u00dcberweisung ihres Geldes nach 14 Tagen nach Vertragsunterzeichnung.<\/li>\n<li>Nehmen sie mit uns Kontakt auf um von den g\u00fcnstigen Marktkonditionen Gebrauch zu machen.<\/li>\n<li>Si vous avez d\u00e9j\u00e0 des cr\u00e9dits en cours, avec nos solutions, faites des \u00e9conomies.<\/li>\n<\/ul>\n<p>[\/vc_column_text][\/vc_column_inner][vc_column_inner width=&#8221;1\/2&#8243;][vc_column_text]<\/p>\n<ul>\n<li><strong>Sicherheit und Vertraulichkeit<\/strong><\/li>\n<li><strong>N\u00e4he und Verantwortung<\/strong><\/li>\n<li><strong>Garantierte Abholung in weniger als 24 Stunden<\/strong><\/li>\n<li><strong>Niedrigere Kreditrate als die Konkurrenz<\/strong><\/li>\n<\/ul>\n<p>[\/vc_column_text][\/vc_column_inner][\/vc_row_inner][vc_column_text el_class=&#8221;maxwidth&#8221;]<\/p>\n<p style=\"text-align: center;\">Welches Projekt auch immer, MultiKredit schl\u00e4gt vor Ihre rasche Anfrage auf der gesicherten, vertraulichen online Plattform zu starten. W\u00e4hlen Sie den gew\u00fcnschten Betrag.<\/p>\n<p style=\"text-align: center;\"><a href=\"https:\/\/multicredit.ch\/de\/kreditantrag\/\"><strong>Lassen Sie sich beraten. Vertrauen Sie Ihre Anfrage einem Spezialisten an.<\/strong><\/a><\/p>\n<p>[\/vc_column_text][\/vc_column][\/vc_row]<\/section>\n","protected":false},"excerpt":{"rendered":"<p>Den besten Zinssatz f\u00fcr den Wohnungswechsel<\/p>\n","protected":false},"author":4,"featured_media":11571,"parent":12357,"menu_order":0,"comment_status":"closed","ping_status":"closed","template":"template-credit.php","meta":{"inline_featured_image":false,"footnotes":"","_links_to":"","_links_to_target":""},"categories":[],"class_list":["post-12301","page","type-page","status-publish","has-post-thumbnail","hentry"],"_links":{"self":[{"href":"https:\/\/multicredit.ch\/de\/wp-json\/wp\/v2\/pages\/12301","targetHints":{"allow":["GET"]}}],"collection":[{"href":"https:\/\/multicredit.ch\/de\/wp-json\/wp\/v2\/pages"}],"about":[{"href":"https:\/\/multicredit.ch\/de\/wp-json\/wp\/v2\/types\/page"}],"author":[{"embeddable":true,"href":"https:\/\/multicredit.ch\/de\/wp-json\/wp\/v2\/users\/4"}],"replies":[{"embeddable":true,"href":"https:\/\/multicredit.ch\/de\/wp-json\/wp\/v2\/comments?post=12301"}],"version-history":[{"count":16,"href":"https:\/\/multicredit.ch\/de\/wp-json\/wp\/v2\/pages\/12301\/revisions"}],"predecessor-version":[{"id":17740,"href":"https:\/\/multicredit.ch\/de\/wp-json\/wp\/v2\/pages\/12301\/revisions\/17740"}],"up":[{"embeddable":true,"href":"https:\/\/multicredit.ch\/de\/wp-json\/wp\/v2\/pages\/12357"}],"wp:featuredmedia":[{"embeddable":true,"href":"https:\/\/multicredit.ch\/de\/wp-json\/wp\/v2\/media\/11571"}],"wp:attachment":[{"href":"https:\/\/multicredit.ch\/de\/wp-json\/wp\/v2\/media?parent=12301"}],"wp:term":[{"taxonomy":"category","embeddable":true,"href":"https:\/\/multicredit.ch\/de\/wp-json\/wp\/v2\/categories?post=12301"}],"curies":[{"name":"wp","href":"https:\/\/api.w.org\/{rel}","templated":true}]}}