{"id":12298,"date":"2020-03-10T14:39:48","date_gmt":"2020-03-10T14:39:48","guid":{"rendered":"https:\/\/www.multicredit.ch\/credit-habitation\/"},"modified":"2021-07-31T09:55:46","modified_gmt":"2021-07-31T09:55:46","slug":"wohnkredit","status":"publish","type":"page","link":"https:\/\/multicredit.ch\/de\/kredit\/wohnkredit\/","title":{"rendered":"Bekommen Sie einen Renovierungs- oder Baukredit in 3 einfachen Schritten"},"content":{"rendered":"<section class=\"wpb-content-wrapper\">[vc_row el_class=&#8221;white-bck bigpadding&#8221;][vc_column data_aos=&#8221;fade-in&#8221;]<\/p>\n<div class=\"blocktitle title-center title-dark\" clearfix\"><H2><span class=\"ez-toc-section\" id=\"Finanzierung_von_Wohneinrichtungen_und_Wohnungen\"><\/span>Finanzierung von Wohneinrichtungen und Wohnungen<\/H2><\/p>\n<h4>Rascher und einfacher als eine Hypothek, profitieren sie von einem g\u00fcnstigeren Zinssatz.<\/h4>\n<\/div>\n<p>[vc_column_text el_class=&#8221;maxwidth&#8221;]<\/p>\n<p style=\"text-align: center;\">Ob zum Z\u00fcgeln, Renovationsarbeiten, eine Heizung ersetzen oder zum Kauf von M\u00f6beln, MultiKredit ber\u00e4t Sie in der besten Wahl der Finanzierung ob als Wohnkredit oder Renovationskredit auch je nach Ihrer globalen Situation. Nehmen sie einen \u00ab verfn\u00fcnftigen \u00bb Kredit in der H\u00f6he von CHF 3&#8217;000 bis CHF 400&#8217;000 auf.<\/p>\n<p style=\"text-align: center;\"><strong>Wir engagieren uns f\u00fcr unsere Kunden seit 1999 damit sie von den interessantesten Zinss\u00e4tzen profitieren k\u00f6nnen.<\/strong><\/p>\n<p>[\/vc_column_text][\/vc_column][\/vc_row][vc_row full_width=&#8221;stretch_row&#8221; content_placement=&#8221;middle&#8221; el_class=&#8221;lightgrey-bck diagonal-bottom-bck bigpadding&#8221;][vc_column width=&#8221;1\/2&#8243; data_aos=&#8221;fade-in&#8221; data_aos_delay=&#8221;250&#8243; el_class=&#8221;checklist&#8221;]<\/p>\n<div class=\"blocktitle title-left title-dark\" clearfix\"><H2><span class=\"ez-toc-section\" id=\"Die_flexible_und_anpassungsfaehige_Loesung\"><\/span>Die flexible und anpassungsf\u00e4hige L\u00f6sung<\/H2><\/p>\n<h4>Budget zu knapp? Wichtige Ausgaben? Ihr Kredit wird von Fall zu Fall angepasst.<\/h4>\n<\/div>\n<p>[vc_column_text]MultiKredit bringt Ihnen eine personalisierte Antwort um Ihre dringende Arbeiten zu finanzieren oder Ihr Wunschprojekt.<\/p>\n<ul>\n<li>Angepasste Raten an Ihr Budget mit einer Laufzeit zwischen 12 und 84 Monate.<\/li>\n<li>Erleichtere administrative Weg.<\/li>\n<li>Rasche Bearbeitung Ihres Dossiers.<\/li>\n<li>R\u00fcckzahlungsmodalit\u00e4ten nach Ihren W\u00fcnschen.<\/li>\n<li>Wir verhandeln f\u00fcr Sie mit unseren Partner, damit Sie von den g\u00fcnstigsten Marktkonditionen profitieren k\u00f6nnen.<\/li>\n<\/ul>\n<p><strong>Steuerbarer Abzug und Zusammenzug der Kredite. Haben Sie schon daran gedacht?<\/strong>[\/vc_column_text][\/vc_column][vc_column width=&#8221;1\/2&#8243; data_aos=&#8221;fade-left&#8221;][vc_single_image image=&#8221;11511&#8243; img_size=&#8221;full&#8221; alignment=&#8221;center&#8221; css_animation=&#8221;none&#8221;][\/vc_column][\/vc_row][vc_row el_class=&#8221;white-bck bigpadding&#8221;][vc_column data_aos=&#8221;fade-in&#8221;]<\/p>\n<div class=\"blocktitle title-center title-dark\" clearfix\"><H2><span class=\"ez-toc-section\" id=\"Vereinfachen_und_verschnaufen\"><\/span>Vereinfachen und verschnaufen<\/H2><\/p>\n<h4>Vertrauen Sie unser Dossier an und starten f\u00fcr sie die administrativen Arbeiten.<\/h4>\n<\/div>\n<p>[vc_column_text el_class=&#8221;maxwidth&#8221;]<\/p>\n<p style=\"text-align: center;\">Jedes Dossier dass, wir bearbeiten, vereinfachen wir die administrativen Arbeiten und k\u00f6nnen Sie rasch beraten.<\/p>\n<p style=\"text-align: center;\">Brauchen Sie rasch ein Z\u00fcgelkredit? Verbessern Sie Ihren Komfort, wir regeln Ihren Kredit.<\/p>\n<p style=\"text-align: center;\">Ob ein Privatteil m\u00f6glich oder auch nicht, wir suchen f\u00fcr Sie den Wohnungskredit. Sie erhalten unsere Offerte ganz unverbindlich.<\/p>\n<p style=\"text-align: center;\"><strong>Profitieren Sie von den Vorteilen des Wohnkredites.<\/strong><\/p>\n<p>[\/vc_column_text][\/vc_column][\/vc_row][vc_row full_width=&#8221;stretch_row&#8221; content_placement=&#8221;middle&#8221; el_class=&#8221;lightgrey-bck bigpadding comp-neg-margin-bottom checklist&#8221;][vc_column width=&#8221;1\/2&#8243; data_aos=&#8221;fade-right&#8221;][vc_single_image image=&#8221;11516&#8243; img_size=&#8221;full&#8221; alignment=&#8221;center&#8221; css_animation=&#8221;none&#8221;][\/vc_column][vc_column width=&#8221;1\/2&#8243; data_aos=&#8221;fade-in&#8221; data_aos_delay=&#8221;250&#8243;]<\/p>\n<div class=\"blocktitle title-left title-dark\" clearfix\"><H2><span class=\"ez-toc-section\" id=\"Mehr_als_nur_eine_einfache_Finanzierung\"><\/span>Mehr als nur eine einfache Finanzierung<\/H2><\/p>\n<h4>Wenn Sie bei uns eine Finanzierung aufnehmen, erm\u00f6glicht es ihnen vielleicht auch Sparpotenzial auszunutzen.<\/h4>\n<\/div>\n<p>[vc_column_text]Der Wohnkredit erm\u00f6glicht ihnen mehre vorteilhafte Optionen an.<\/p>\n<ul>\n<li>Anstelle einer Festhypothek, k\u00f6nnen sie der Kredit jederzeitig vorzeitig teil oder gesamthaft zur\u00fcckzuzahlen.<\/li>\n<li>Finden Sie rascher die vern\u00fcnftigere Liquidit\u00e4tsl\u00f6sung.<\/li>\n<li>W\u00e4hlen Sie die monatliche Rate die zu ihnen passt.<\/li>\n<li>Sichern sich vor Unvorhergesehenem ab, dank einer Versicherung gegen Krankheit, Unfall, Invalidit\u00e4t, Todesfall oder Verlust der Arbeitsstelle.<\/li>\n<\/ul>\n<p>[\/vc_column_text][vc_column_text]M\u00f6chten Sie mehr \u00fcber die Wohnungsfinanzierung erfahren, vervollst\u00e4ndigen Sie online die Kreditanfrage aus in nur 2 Minuten.<\/p>\n<p><strong>Und sie erhalten kostenlos und unverbindlich unsererseits eine Offerte.<\/strong>[\/vc_column_text][\/vc_column][\/vc_row]<\/section>\n","protected":false},"excerpt":{"rendered":"<p>Den besten Zinssatz f\u00fcr den Wohnungswechsel<\/p>\n","protected":false},"author":4,"featured_media":11565,"parent":12357,"menu_order":0,"comment_status":"closed","ping_status":"closed","template":"template-credit.php","meta":{"inline_featured_image":false,"footnotes":"","_links_to":"","_links_to_target":""},"categories":[297],"class_list":["post-12298","page","type-page","status-publish","has-post-thumbnail","hentry","category-immobilienkredit"],"_links":{"self":[{"href":"https:\/\/multicredit.ch\/de\/wp-json\/wp\/v2\/pages\/12298","targetHints":{"allow":["GET"]}}],"collection":[{"href":"https:\/\/multicredit.ch\/de\/wp-json\/wp\/v2\/pages"}],"about":[{"href":"https:\/\/multicredit.ch\/de\/wp-json\/wp\/v2\/types\/page"}],"author":[{"embeddable":true,"href":"https:\/\/multicredit.ch\/de\/wp-json\/wp\/v2\/users\/4"}],"replies":[{"embeddable":true,"href":"https:\/\/multicredit.ch\/de\/wp-json\/wp\/v2\/comments?post=12298"}],"version-history":[{"count":13,"href":"https:\/\/multicredit.ch\/de\/wp-json\/wp\/v2\/pages\/12298\/revisions"}],"predecessor-version":[{"id":17666,"href":"https:\/\/multicredit.ch\/de\/wp-json\/wp\/v2\/pages\/12298\/revisions\/17666"}],"up":[{"embeddable":true,"href":"https:\/\/multicredit.ch\/de\/wp-json\/wp\/v2\/pages\/12357"}],"wp:featuredmedia":[{"embeddable":true,"href":"https:\/\/multicredit.ch\/de\/wp-json\/wp\/v2\/media\/11565"}],"wp:attachment":[{"href":"https:\/\/multicredit.ch\/de\/wp-json\/wp\/v2\/media?parent=12298"}],"wp:term":[{"taxonomy":"category","embeddable":true,"href":"https:\/\/multicredit.ch\/de\/wp-json\/wp\/v2\/categories?post=12298"}],"curies":[{"name":"wp","href":"https:\/\/api.w.org\/{rel}","templated":true}]}}