{"id":12265,"date":"2020-03-24T08:14:50","date_gmt":"2020-03-24T08:14:50","guid":{"rendered":"https:\/\/www.multicredit.ch\/calculateur-de-budget\/"},"modified":"2020-05-28T09:37:20","modified_gmt":"2020-05-28T09:37:20","slug":"budget-rechner","status":"publish","type":"page","link":"https:\/\/multicredit.ch\/de\/budget-rechner\/","title":{"rendered":"Budget-Rechner"},"content":{"rendered":"<section class=\"wpb-content-wrapper\">[vc_row full_width=&#8221;stretch_row&#8221; el_class=&#8221;gradient-bck bigpadding&#8221;][vc_column]<\/p>\n<div class=\"blocktitle title-center title-light\" clearfix\"><H2><span class=\"ez-toc-section\" id=\"Empfehlungsschreiben\"><\/span>Empfehlungsschreiben<\/H2><\/p>\n<h4>Sie erz\u00e4hlen uns von ihren Pl\u00e4nen<\/h4>\n<\/div>\n<p>[\/vc_column][\/vc_row][vc_row full_width=&#8221;stretch_row&#8221; el_class=&#8221;light-grey-bck bigpadding&#8221;][vc_column width=&#8221;1\/2&#8243; data_aos=&#8221;fade-in&#8221; data_aos_delay=&#8221;250&#8243;][vc_column_text]<\/p>\n<h2><span class=\"ez-toc-section\" id=\"Das_Zeugnis_von_Mary_und_John_ein_schnelles_und_leicht_verlaengerbares_Darlehen\"><\/span>Das Zeugnis von Mary und John, ein schnelles und leicht verl\u00e4ngerbares Darlehen<span class=\"ez-toc-section-end\"><\/span><\/h2>\n<p>Marie und Jean, junge Rentnerinnen und Rentner, die ein Haus mit Garten besitzen, wollten ihr Grundst\u00fcck mit einem Swimmingpool ausstatten k\u00f6nnen, wobei sie insbesondere an die h\u00e4ufigen Besuche ihrer Enkelkinder dachten.<\/p>\n<h3><span class=\"ez-toc-section\" id=\"Ihr_Projekt\"><\/span>Ihr Projekt<span class=\"ez-toc-section-end\"><\/span><\/h3>\n<p>Marie und Jean kennen die genauen Kosten der Arbeit nicht, sch\u00e4tzen sie aber auf 20&#8217;000 Chf und m\u00f6chten unverz\u00fcglich damit beginnen. Sie fordern daher MultiKredit auf, <strong>einen schnellen revolvierenden Kredit<\/strong> zu erhalten, der leicht an ihre Bed\u00fcrfnisse angepasst werden kann.<\/p>\n<h3><span class=\"ez-toc-section\" id=\"Der_Antrag_auf_einen_revolvierenden_Kredit\"><\/span>Der Antrag auf einen revolvierenden Kredit<span class=\"ez-toc-section-end\"><\/span><\/h3>\n<p>Um ein kostenloses und unverbindliches Angebot zu erhalten, brauchen Rentnerinnen und Rentner lediglich eine Kopie ihrer Ausweispapiere, eine Kopie der KVG-Police (Grundversicherung) und eine Kopie ihrer Rentenbescheide als Unterlagen einzureichen. Da Marie und Jean es vorziehen, das Telefon zu benutzen, konnten sie ihre Anfrage ganz einfach stellen, indem sie unsere Agentur kontaktierten und uns eine Kopie ihrer Unterlagen per Post zuschickten.<\/p>\n<h3><span class=\"ez-toc-section\" id=\"Unser_Angebot\"><\/span>Unser Angebot<span class=\"ez-toc-section-end\"><\/span><\/h3>\n<p>Nachdem die Dokumente eingegangen waren, schlug unser Team schnell eine Kreditl\u00f6sung von 25.000 \u00fcber 60 Monate vor. Bei einem Zinssatz von 6,9 % entspricht dies einer festen monatlichen Zahlung von nur 595, die Darlehensr\u00fcckzahlung und Zinszahlungen einschlie\u00dft. Nach Erhalt und Unterzeichnung des Vertrags konnten Mary und John ihr Geld innerhalb von 14 Tagen direkt auf ihr Bankkonto \u00fcberweisen.[\/vc_column_text][\/vc_column][vc_column width=&#8221;1\/2&#8243; data_aos=&#8221;fade-left&#8221; el_class=&#8221;sticky&#8221;][vc_single_image image=&#8221;11516&#8243; img_size=&#8221;full&#8221; alignment=&#8221;center&#8221;][\/vc_column][\/vc_row][vc_row full_width=&#8221;stretch_row&#8221; el_class=&#8221;white-bck bigpadding&#8221;][vc_column width=&#8221;1\/2&#8243; data_aos=&#8221;fade-right&#8221; el_class=&#8221;sticky&#8221;][vc_single_image image=&#8221;11511&#8243; img_size=&#8221;full&#8221; alignment=&#8221;center&#8221;][\/vc_column][vc_column width=&#8221;1\/2&#8243; data_aos=&#8221;fade-in&#8221; data_aos_delay=&#8221;250&#8243;][vc_column_text]<\/p>\n<h2><span class=\"ez-toc-section\" id=\"Die_Zeugenaussage_von_Lucie_und_Antoine_auf_eine_Reserve_von_5000_%E2%80%93\"><\/span>Die Zeugenaussage von Lucie und Antoine, auf eine Reserve von 5.000, &#8211;<span class=\"ez-toc-section-end\"><\/span><\/h2>\n<p>Antoine arbeitet als Krankenschwester in Genf, w\u00e4hrend Lucie sich um ihre einzige 3-j\u00e4hrige Tochter k\u00fcmmert. Aufgrund verschiedener Ausgaben im Zusammenhang mit der Einrichtung ihres Wohnzimmers <strong>ben\u00f6tigt das Ehepaar eine finanzielle Reserve von etwa 5&#8217;000 Chf<\/strong>.<\/p>\n<h3><span class=\"ez-toc-section\" id=\"Die_Nachfrage_nach_Krediten\"><\/span>Die Nachfrage nach Krediten<span class=\"ez-toc-section-end\"><\/span><\/h3>\n<p>Um ihr Darlehen zu beantragen, wandten sich Lucie und Antoine direkt telefonisch an MultiKredit. Sie entschieden sich f\u00fcr einen 24-monatigen R\u00fcckzahlungsplan, der ihnen einen komfortablen Haushaltsspielraum l\u00e4sst, um mit dem Unerwarteten fertig zu werden.<\/p>\n<h3><span class=\"ez-toc-section\" id=\"Unser_Vorschlag\"><\/span>Unser Vorschlag<span class=\"ez-toc-section-end\"><\/span><\/h3>\n<p>Nach Pr\u00fcfung des Dossiers und der \u00fcbermittelten Unterlagen konnte unser Team mit unseren Partnern ein Darlehensangebot von bis zu 10&#8217;000 CHF \u00fcber 24 Monate mit einem Zinssatz von 6,9% aushandeln. Da sie eine solche Geldreserve nicht brauchten, w\u00e4hlte das Ehepaar ein Darlehen von 8&#8217;000 Chf, was monatlich 357 Chf kostet.<\/p>\n<h3><span class=\"ez-toc-section\" id=\"Verwendung_der_finanziellen_Reserve\"><\/span>Verwendung der finanziellen Reserve<span class=\"ez-toc-section-end\"><\/span><\/h3>\n<p>Sobald das Darlehensgeld ausgezahlt ist, k\u00f6nnen Lucie und Antoine den erhaltenen Betrag entsprechend ihren Bed\u00fcrfnissen und W\u00fcnschen verwenden. Mit dieser Geldreserve konnte Antoine die letzten Rechnungen f\u00fcr die Einrichtung ihres Wohnzimmers bezahlen, ein neues Bett f\u00fcr ihre Tochter und ein neues Fahrrad f\u00fcr sich und seine Frau kaufen.[\/vc_column_text][\/vc_column][\/vc_row][vc_row full_width=&#8221;stretch_row&#8221; el_class=&#8221;light-grey-bck bigpadding&#8221;][vc_column width=&#8221;1\/2&#8243; data_aos=&#8221;fade-in&#8221; data_aos_delay=&#8221;250&#8243;][vc_column_text]<\/p>\n<h2><span class=\"ez-toc-section\" id=\"Die_Aussage_von_Hanelore_und_Kevin_Kauf_eines_Kajaks_mit_einem_Privatkredit\"><\/span>Die Aussage von Hanelore und Kevin: Kauf eines Kajaks mit einem Privatkredit<span class=\"ez-toc-section-end\"><\/span><\/h2>\n<p>Hanelore ist Friseurin und Kevin ist Tierarzt. Beide leben nun seit zwei Jahren zusammen. Um neue Abenteuer zu wagen, beschloss das Ehepaar, zwei Kajaks zu kaufen, und pr\u00fcfte die L\u00f6sung eines privaten Darlehens zur Finanzierung dieses Projekts.<\/p>\n<h3><span class=\"ez-toc-section\" id=\"Das_Projekt_die_Wahl_des_Kajakmodells\"><\/span>Das Projekt: die Wahl des Kajakmodells<span class=\"ez-toc-section-end\"><\/span><\/h3>\n<p>Es ist zwar m\u00f6glich, aufblasbare Kajaks zu Preisen um 500 Chf zu kaufen, doch das Paar zog es vor, Qualit\u00e4t zu w\u00e4hlen. Letztendlich haben sie sich daf\u00fcr entschieden:<\/p>\n<ul>\n<li>Zwei Freizeitkajaks, Einsitzer, je 1680.-<\/li>\n<li>Ein Transportanh\u00e4nger f\u00fcr Kajaks im Wert von 2&#8217;200.-<\/li>\n<li>Die Gesamtkosten belaufen sich auf <strong>4.580.-<\/strong><\/li>\n<\/ul>\n<h3><span class=\"ez-toc-section\" id=\"In_welchem_Namen_sollte_ich_das_Darlehen_beantragen\"><\/span>In welchem Namen sollte ich das Darlehen beantragen?<span class=\"ez-toc-section-end\"><\/span><\/h3>\n<p>Da Hanelore und Kevin nicht verheiratet waren, hatten sie nicht die M\u00f6glichkeit, einen &#8220;gemeinsamen&#8221; Antrag zu stellen, der ihr gemeinsames Einkommen ber\u00fccksichtigte. Da Kevin, ein Arzt von Beruf und in einer Klinik besch\u00e4ftigt, mehr verdient als Hanelore, beschlossen sie, den Kredit in ihrem Namen aufzunehmen. Da sie in einem Haushalt leben, war es m\u00f6glich, das Budget zu optimieren, indem man bedenkt, dass Kevin &#8220;nur&#8221; die H\u00e4lfte der Miete zahlt.<\/p>\n<h3><span class=\"ez-toc-section\" id=\"Das_Angebot\"><\/span>Das Angebot<span class=\"ez-toc-section-end\"><\/span><\/h3>\n<p>Da sich Kevin in einer guten Situation befand, konnte unser Team ihnen einen Kredit von 5&#8217;000 Chf \u00fcber 12 Monate anbieten. Bei einer kurzen R\u00fcckzahlungsfrist ist die monatliche Zahlung etwas h\u00f6her, aber die Gesamtverzinsung ist sehr vorteilhaft. Bei einem Zinssatz von 6,9 % muss das Paar n\u00e4mlich insgesamt <strong>nur 183 Chf Zinsen zahlen<\/strong>! Mit dem erhaltenen Geld konnte das Ehepaar ohne Schwierigkeiten den Kauf je eines Kajaks finanzieren.[\/vc_column_text][\/vc_column][vc_column width=&#8221;1\/2&#8243; data_aos=&#8221;fade-left&#8221; el_class=&#8221;sticky&#8221;][vc_single_image image=&#8221;12121&#8243; img_size=&#8221;full&#8221; alignment=&#8221;center&#8221;][\/vc_column][\/vc_row]<\/section>\n","protected":false},"excerpt":{"rendered":"<p>Leicht berechnt ihr Kredit<\/p>\n","protected":false},"author":4,"featured_media":11657,"parent":0,"menu_order":-2,"comment_status":"closed","ping_status":"closed","template":"template-budget-calculator.php","meta":{"inline_featured_image":false,"footnotes":"","_links_to":"","_links_to_target":""},"categories":[],"class_list":["post-12265","page","type-page","status-publish","has-post-thumbnail","hentry"],"_links":{"self":[{"href":"https:\/\/multicredit.ch\/de\/wp-json\/wp\/v2\/pages\/12265","targetHints":{"allow":["GET"]}}],"collection":[{"href":"https:\/\/multicredit.ch\/de\/wp-json\/wp\/v2\/pages"}],"about":[{"href":"https:\/\/multicredit.ch\/de\/wp-json\/wp\/v2\/types\/page"}],"author":[{"embeddable":true,"href":"https:\/\/multicredit.ch\/de\/wp-json\/wp\/v2\/users\/4"}],"replies":[{"embeddable":true,"href":"https:\/\/multicredit.ch\/de\/wp-json\/wp\/v2\/comments?post=12265"}],"version-history":[{"count":8,"href":"https:\/\/multicredit.ch\/de\/wp-json\/wp\/v2\/pages\/12265\/revisions"}],"predecessor-version":[{"id":13928,"href":"https:\/\/multicredit.ch\/de\/wp-json\/wp\/v2\/pages\/12265\/revisions\/13928"}],"wp:featuredmedia":[{"embeddable":true,"href":"https:\/\/multicredit.ch\/de\/wp-json\/wp\/v2\/media\/11657"}],"wp:attachment":[{"href":"https:\/\/multicredit.ch\/de\/wp-json\/wp\/v2\/media?parent=12265"}],"wp:term":[{"taxonomy":"category","embeddable":true,"href":"https:\/\/multicredit.ch\/de\/wp-json\/wp\/v2\/categories?post=12265"}],"curies":[{"name":"wp","href":"https:\/\/api.w.org\/{rel}","templated":true}]}}