{"id":12262,"date":"2020-04-20T07:50:35","date_gmt":"2020-04-20T07:50:35","guid":{"rendered":"https:\/\/www.multicredit.ch\/pc\/"},"modified":"2023-04-12T14:13:07","modified_gmt":"2023-04-12T14:13:07","slug":"pc","status":"publish","type":"page","link":"https:\/\/multicredit.ch\/de\/pc\/","title":{"rendered":"Datenschutzerkl\u00e4rung"},"content":{"rendered":"<section class=\"wpb-content-wrapper\">[vc_row css=&#8221;.vc_custom_1589901317398{padding-top: 96px !important;padding-bottom: 96px !important;}&#8221;][vc_column][vc_column_text]<\/p>\n<h2><span class=\"ez-toc-section\" id=\"Datenschutzerklaerung-2\"><\/span>Datenschutzerkl\u00e4rung<span class=\"ez-toc-section-end\"><\/span><\/h2>\n<h3><span class=\"ez-toc-section\" id=\"Mouseflow\"><\/span>Mouseflow<span class=\"ez-toc-section-end\"><\/span><\/h3>\n<p>Diese Website verwendet Mouseflow: ein Website-Analysetool, das Session-Replay, Heatmaps, Trichter, Formularanalysen, Feedback-Kampagnen und andere \u00e4hnliche Merkmale\/Funktionen bietet. Mouseflow kann Ihre Klicks, Mausbewegungen, Scrollvorg\u00e4nge, Formularausf\u00fcllungen (Eingaben) in nicht ausgeschlossene Felder, besuchte Seiten und Inhalte, auf der Website verbrachte Zeit, Browser, Betriebssystem, Ger\u00e4tetyp (Desktop\/Tablet\/Telefon), Bildschirmaufl\u00f6sung, Besuchertyp (Erstmalig\/R\u00fcckkehr), Referrer, anonymisierte IP-Adresse, Standort (Stadt\/Land), Sprache und andere \u00e4hnliche Metadaten aufzeichnen. Mouseflow sammelt keine Informationen auf Seiten, auf denen es nicht installiert ist, und verfolgt oder sammelt keine Informationen au\u00dferhalb Ihres Webbrowsers. Wenn Sie sich vom Newsletter abmelden m\u00f6chten, k\u00f6nnen Sie dies unter https:\/\/mouseflow.com\/opt-out tun. Wenn Sie eine Kopie Ihrer Daten erhalten, sie korrigieren oder l\u00f6schen lassen m\u00f6chten, wenden Sie sich bitte zuerst an uns oder als zweite Option an Mouseflow unter privacy@mouseflow.com.<\/p>\n<p>Weitere Informationen finden Sie in der Datenschutzrichtlinie von Mouseflow unter http:\/\/mouseflow.com\/privacy\/.<\/p>\n<p>Weitere Informationen \u00fcber Mouseflow und die GDPR finden Sie unter https:\/\/mouseflow.com\/gdpr\/.<\/p>\n<h3><span class=\"ez-toc-section\" id=\"Microsoft_Ads\"><\/span>Microsoft Ads<span class=\"ez-toc-section-end\"><\/span><\/h3>\n<p>L\u00f6sung zur Verwaltung von bezahlten Suchmaschinenmarketing-Kampagnen auf Bing &amp; Yahoo. Die Daten werden von Microsoft gespeichert und auf Servern in den USA gehostet. Sie erm\u00f6glichen es uns, die geschalteten Anzeigen zu personalisieren und die Wirkung von Werbekampagnen zu messen.<br \/>\nMeta Ads, Facebook und Instagram Ads.<br \/>\nL\u00f6sung zur Verwaltung von Werbekampagnen in sozialen Netzwerken. Die Daten werden von Facebook gespeichert und auf Servern in den USA gehostet. Sie erm\u00f6glichen es uns, die geschalteten Anzeigen zu personalisieren und die Wirkung von Werbekampagnen zu messen.<\/p>\n<h3><span class=\"ez-toc-section\" id=\"Linkedin_Ads\"><\/span>Linkedin Ads<span class=\"ez-toc-section-end\"><\/span><\/h3>\n<p>L\u00f6sung zur Verwaltung von Werbekampagnen in sozialen Netzwerken. Die Informationen von LinkedIn Ads werden auf Servern in den USA gehostet. Sie erm\u00f6glichen es uns, die geschalteten Anzeigen zu personalisieren und die Wirkung von Werbekampagnen zu messen.<\/p>\n<h3><span class=\"ez-toc-section\" id=\"Customer_Relationship_Management_CRM_Mastige_ein_eigenes_Tool_von_Cashflex_MultiCredit_Sarl\"><\/span>Customer Relationship Management, CRM Mastige, ein eigenes Tool von Cashflex MultiCredit S\u00e0rl.<span class=\"ez-toc-section-end\"><\/span><\/h3>\n<p>Unsere eigene Verwaltungsl\u00f6sung, die intern entwickelt wurde und deren Daten bei Infomaniak Network SA, dem Internet-Hosting-Unternehmen Nr. 1 in der Schweiz, gespeichert sind. Wir achten streng darauf, dass das Datenschutzgesetz (GDPR) eingehalten wird und die Daten unserer Kunden vertraulich behandelt werden. Sie k\u00f6nnen sich jederzeit per Post an uns wenden, um diese Informationen aus unserer Datenbank zu entfernen.<\/p>\n<h3><span class=\"ez-toc-section\" id=\"Cookies_fuer_Publikumsanalyse_Google_Analytics\"><\/span>Cookies f\u00fcr Publikumsanalyse : Google Analytics<span class=\"ez-toc-section-end\"><\/span><\/h3>\n<p>Diese Website benutzt Google Analytics. Google Analytics verwendet sog. &#8220;Cookies&#8221;, Textdateien, die auf Ihrem Computer gespeichert werden und die eine Analyse der Benutzung der Website durch Sie erm\u00f6glicht. Die durch den Cookie erzeugten Informationen \u00fcber Ihre Benutzung der Website werden an einen Server von Google in den USA \u00fcbertragen und dort gespeichert. Ihre IP-Adresse wird jedoch zun\u00e4chst von Google innerhalb der EU-Mitgliedsstaaten oder anderer Staaten des Abkommens \u00fcber den Europ\u00e4ischen Wirtschaftsraum gek\u00fcrzt und anonymisiert. Nur in Ausnahmef\u00e4llen wird die vollst\u00e4ndige IP-Adresse an einen Server von Google in den USA \u00fcbertragen und dort abgek\u00fcrzt. Google wird diese Informationen im Auftrag des Website-Betreibers nutzen, um Ihre Nutzung der Website auszuwerten, Berichte \u00fcber die Website-Aktivit\u00e4ten zu erstellen und dem Website-Betreiber weitere Dienste im Zusammenhang mit der Nutzung der Website und des Internets im Allgemeinen zu erbringen. Auch wird Google diese Informationen an Dritte weitergeben, wenn dies gesetzlich vorgeschrieben ist oder wenn diese Dritten die Informationen im Auftrag von Google verarbeiten. Die im Rahmen von Google Analytics von Ihrem Browser \u00fcbermittelte IP-Adresse wird nicht mit anderen Google-Daten kombiniert. Sie k\u00f6nnen die Verwendung von Cookies ablehnen, indem Sie die entsprechenden Einstellungen in Ihrer Browser-Software w\u00e4hlen. Wir m\u00f6chten Sie jedoch darauf hinweisen, dass Sie in diesem Fall m\u00f6glicherweise nicht alle Funktionen dieser Website in vollem Umfang nutzen k\u00f6nnen. Dar\u00fcber hinaus k\u00f6nnen Sie die Erfassung der durch den Cookie f\u00fcr Google erzeugten Daten (einschlie\u00dflich Ihrer IP-Adresse) und die Verarbeitung dieser Daten durch Google verhindern, indem Sie das unter folgendem Link (https:\/\/tools.google.com\/dlpage\/gaoptout?hl=fr) verf\u00fcgbare Browser-Plugin herunterladen und installieren. Sie k\u00f6nnen auch auf diesen Link klicken, um die Erfassung durch Google Analytics zu verhindern. Ein Opt-Out-Cookie wird somit auf Ihrem Ger\u00e4t gespeichert und verhindert die Erfassung Ihrer Daten, wenn Sie diese Website in Zukunft besuchen. Bitte besuchen Sie https:\/\/www.google.com\/intl\/de\/analytics\/privacyoverview.html f\u00fcr weitere Informationen zu diesem Thema.<\/p>\n<h3><span class=\"ez-toc-section\" id=\"Google_Ads-Cookies_zur_Verfolgung_der_Konvertierung\"><\/span>Google Ads-Cookies zur Verfolgung der Konvertierung<span class=\"ez-toc-section-end\"><\/span><\/h3>\n<p>Diese Website verwendet das Online-Werbeprogramm &#8220;Google Ads&#8221; und, als Teil davon, das Conversion-Tracking. Das Cookie f\u00fcr das Conversion-Tracking wird aktiviert, wenn ein Nutzer auf eine von Google ver\u00f6ffentlichte Anzeige klickt. Diese Cookies verlieren nach 90 Tagen ihre G\u00fcltigkeit und werden nicht zur pers\u00f6nlichen Identifizierung verwendet. Wenn Sie bestimmte Seiten dieser Website besuchen und das Cookie noch nicht abgelaufen ist, wissen Google und wir m\u00f6glicherweise, dass Sie auf die Anzeige geklickt haben und auf diese Seite weitergeleitet wurden. Jeder Google Ads-Client erh\u00e4lt ein anderes Cookie. Cookies k\u00f6nnen daher nicht \u00fcber die Websites von AdWords-Kunden verfolgt werden. Die mit Hilfe des Konversions-Cookies erhaltenen Informationen erm\u00f6glichen CASHFLEX MULTICREDIT S\u00c0RL die Erstellung von Konversionsstatistiken. Wir werden \u00fcber die Gesamtzahl der Benutzer informiert, die auf unsere Anzeige geklickt haben und auf eine Seite mit einem Conversion-Tracking-Tag weitergeleitet wurden. Wir erhalten jedoch keine pers\u00f6nlich identifizierbaren Informationen \u00fcber die Benutzer. Wenn Sie sich nicht an der Nachverfolgung beteiligen m\u00f6chten, k\u00f6nnen Sie das Google-Cookie f\u00fcr die Nachverfolgung der Konversion in den Benutzereinstellungen Ihres Webbrowsers einfach deaktivieren. Sie werden nicht in die Statistiken zur Verfolgung der Konvertierung aufgenommen.<\/p>\n<h3><span class=\"ez-toc-section\" id=\"Facebook-Pixel\"><\/span>Facebook-Pixel<span class=\"ez-toc-section-end\"><\/span><\/h3>\n<p>Auf dieser Website wird das Kommunikationstool Website Custom Audiences from Facebook verwendet. F\u00fcr die Nutzung werden auf unseren Webseiten Facebook-Pixel integriert, die Sie als Besucher unserer Webseite in anonymisierter Form, d.h. ohne Sie als Person identifizieren zu k\u00f6nnen, kennzeichnen. Wenn Sie sich anschlie\u00dfend bei Facebook anmelden, wird eine nicht umkehrbare und daher nicht pers\u00f6nliche Pr\u00fcfsumme (Hash-Wert) Ihrer Nutzungsdaten zu Analyse- und Marketingzwecken an Facebook gesendet. Dies erm\u00f6glicht Facebook, den Besuch unserer Seiten Ihrem Benutzerkonto zuzuordnen. Wir k\u00f6nnen diese Informationen verwenden, um Werbung auf Facebook zu schalten. F\u00fcr das Produkt Website Custom Audiences wird der Facebook-Cookie erw\u00e4hnt. Weitere Informationen zu Zweck und Umfang der Datenerhebung und der Datenverarbeitung und -nutzung durch Facebook sowie zu den Einstellungsm\u00f6glichkeiten zum Schutz Ihrer Privatsph\u00e4re entnehmen Sie bitte den Datenschutzrichtlinien von Facebook, die Sie unter www.facebook.com\/ads\/website_custom_audiences und https:\/\/www.facebook.com\/privacy\/explanation finden. Wenn Sie gegen die Nutzung der Facebook-Website f\u00fcr ein benutzerdefiniertes Publikum Einspruch erheben m\u00f6chten, k\u00f6nnen Sie dies hier tun: www.facebook.com\/ads\/website_custom_audiences.<\/p>\n<h3><span class=\"ez-toc-section\" id=\"Neuausrichtung_auf\"><\/span>Neuausrichtung auf<span class=\"ez-toc-section-end\"><\/span><\/h3>\n<p>Unsere Website verwendet Retargeting-Technologien. Wir nutzen diese Technologien, um das Internetangebot f\u00fcr Sie interessanter zu gestalten. Diese Technik erm\u00f6glicht es, Internetnutzer, die bereits Interesse an unserem Shop und unseren Produkten gezeigt haben, durch Werbung auf den Websites unserer Partner zu erreichen. Wir sind davon \u00fcberzeugt, dass es f\u00fcr Internetnutzer interessanter ist, eine Werbung zu sehen, die auf Interessengebiete ausgerichtet ist, als eine Werbung ohne einen solchen Bezug zu Interessengebieten. Die Darstellung dieser Werbemittel auf den Seiten unserer Partner basiert auf der Cookie-Technologie und einer Analyse des bisherigen Nutzungsverhaltens. Diese Form der Werbung wird v\u00f6llig anonym durchgef\u00fchrt. Es werden keine pers\u00f6nlichen Daten gespeichert und es wird kein Nutzungsprofil mit Ihren pers\u00f6nlichen Daten verkn\u00fcpft. Sie stimmen der Verwendung von Cookies f\u00fcr die Erfassung, Speicherung und Auswertung Ihrer Nutzungsdaten zu. Sie stimmen auch zu, dass Ihre Daten nach dem Ende Ihrer Browser-Sitzung in Cookies gespeichert werden k\u00f6nnen und dass sie z.B. beim n\u00e4chsten Besuch der Website wieder aufgerufen werden k\u00f6nnen. Sie k\u00f6nnen diese Einwilligung jederzeit mit Wirkung f\u00fcr die Zukunft widerrufen, indem Sie die Verwendung von Cookies in Ihren Browsereinstellungen ablehnen.<\/p>\n<h3><span class=\"ez-toc-section\" id=\"Baken_neu_ausrichten\"><\/span>Baken neu ausrichten<span class=\"ez-toc-section-end\"><\/span><\/h3>\n<p>Diese Website verwendet Retargeting-Tags. Diese Tags entsprechen einem JavaScript-Element, das im Quellcode der Website platziert ist. Wenn ein Benutzer eine Seite auf dieser Website besucht, die ein Retargeting-Tag enth\u00e4lt, platziert ein Online-Werbeanbieter (wie Google) ein Cookie auf dem Computer des Benutzers und ordnet es Listen mit entsprechenden Retargeting-Zielgruppen zu. Dieses Cookie wird auch zur Aktivierung von Retargeting-Kampagnen (&#8220;interessenbezogene Werbung&#8221;) auf anderen Websites verwendet. Studien haben gezeigt, dass die Anzeige von interessenbezogener Werbung interessanter ist als Werbung ohne direkten Bezug zu zuvor besuchten Interessen oder Websites. Drittanbieter, einschlie\u00dflich Google, verwenden diese Cookies zur Schaltung von Anzeigen, die auf fr\u00fcheren Besuchen eines Nutzers auf unserer Website basieren. In diesem Zusammenhang werden keine pers\u00f6nlichen Daten erfasst. Benutzer dieser Website k\u00f6nnen die Verwendung von Cookies durch Google deaktivieren, indem sie die Seite &#8220;Anzeigeneinstellungen&#8221; von Google aufrufen. Dar\u00fcber hinaus k\u00f6nnen Nutzer die Verwendung von Cookies durch Drittanbieter deaktivieren, indem sie die Deaktivierungsseite der &#8220;Network Advertising Initiative&#8221; besuchen und dort die entsprechenden Einstellungen vornehmen.<\/p>\n<h3><span class=\"ez-toc-section\" id=\"Navigations-Cookies\"><\/span>Navigations-Cookies<span class=\"ez-toc-section-end\"><\/span><\/h3>\n<p>Wenn Sie zur Anmeldeseite gehen, wird ein tempor\u00e4res Cookie erstellt, um festzustellen, ob Ihr Browser Cookies akzeptiert. Es enth\u00e4lt keine pers\u00f6nlichen Daten und wird automatisch gel\u00f6scht, wenn Sie Ihren Browser schlie\u00dfen.<\/p>\n<p>Wenn Sie sich anmelden, setzen wir eine Reihe von Cookies, um Ihre Anmeldeinformationen und Bildschirmeinstellungen zu speichern. Die Lebensdauer eines Anmelde-Cookies betr\u00e4gt zwei Tage, die eines Bildschirmoptions-Cookies ein Jahr. Wenn Sie &#8220;Angemeldet bleiben&#8221; aktivieren, wird Ihr Login-Cookie zwei Wochen lang gespeichert. Wenn Sie sich von Ihrem Konto abmelden, wird das Anmelde-Cookie gel\u00f6scht.<\/p>\n<p>Durch \u00c4ndern oder Ver\u00f6ffentlichen einer Publikation wird ein zus\u00e4tzliches Cookie in Ihrem Browser gespeichert. Dieses Cookie enth\u00e4lt keine pers\u00f6nlichen Daten. Es wird nur die ID des gerade bearbeiteten Beitrags angezeigt. Es l\u00e4uft nach einem Tag ab.<\/p>\n<h3><span class=\"ez-toc-section\" id=\"Von_anderen_Websites_eingebetteter_Inhalt\"><\/span>Von anderen Websites eingebetteter Inhalt<span class=\"ez-toc-section-end\"><\/span><\/h3>\n<p>Artikel auf dieser Website k\u00f6nnen integrierten Inhalt enthalten (z. B. Videos, Bilder, Artikel usw.). Von anderen Websites eingebettete Inhalte verhalten sich so, als ob der Besucher diese andere Website besucht h\u00e4tte.<\/p>\n<p>Diese Websites k\u00f6nnen Daten \u00fcber Sie sammeln, Cookies verwenden, Tracking-Tools von Drittanbietern einbetten und Ihre Interaktionen mit diesen eingebetteten Inhalten verfolgen, wenn Sie ein Konto mit ihrer Website verbunden haben.<\/p>\n<p>Weitere Informationen finden Sie auf der Seite unserer Allgemeinen Gesch\u00e4ftsbedingungen[\/vc_column_text][vc_empty_space][\/vc_column][\/vc_row]<\/section>\n","protected":false},"excerpt":{"rendered":"<p>Verwendung der gesammelten pers\u00f6nlichen Daten<\/p>\n","protected":false},"author":4,"featured_media":0,"parent":0,"menu_order":0,"comment_status":"closed","ping_status":"closed","template":"template-w-calc.php","meta":{"inline_featured_image":false,"footnotes":"","_links_to":"","_links_to_target":""},"categories":[],"class_list":["post-12262","page","type-page","status-publish","hentry"],"_links":{"self":[{"href":"https:\/\/multicredit.ch\/de\/wp-json\/wp\/v2\/pages\/12262","targetHints":{"allow":["GET"]}}],"collection":[{"href":"https:\/\/multicredit.ch\/de\/wp-json\/wp\/v2\/pages"}],"about":[{"href":"https:\/\/multicredit.ch\/de\/wp-json\/wp\/v2\/types\/page"}],"author":[{"embeddable":true,"href":"https:\/\/multicredit.ch\/de\/wp-json\/wp\/v2\/users\/4"}],"replies":[{"embeddable":true,"href":"https:\/\/multicredit.ch\/de\/wp-json\/wp\/v2\/comments?post=12262"}],"version-history":[{"count":10,"href":"https:\/\/multicredit.ch\/de\/wp-json\/wp\/v2\/pages\/12262\/revisions"}],"predecessor-version":[{"id":25677,"href":"https:\/\/multicredit.ch\/de\/wp-json\/wp\/v2\/pages\/12262\/revisions\/25677"}],"wp:attachment":[{"href":"https:\/\/multicredit.ch\/de\/wp-json\/wp\/v2\/media?parent=12262"}],"wp:term":[{"taxonomy":"category","embeddable":true,"href":"https:\/\/multicredit.ch\/de\/wp-json\/wp\/v2\/categories?post=12262"}],"curies":[{"name":"wp","href":"https:\/\/api.w.org\/{rel}","templated":true}]}}