{"id":12199,"date":"2020-02-10T15:28:42","date_gmt":"2020-02-10T15:28:42","guid":{"rendered":"https:\/\/www.multicredit.ch\/a-propos\/"},"modified":"2024-12-10T15:35:04","modified_gmt":"2024-12-10T15:35:04","slug":"multicredit-fribourg-uber-uns","status":"publish","type":"page","link":"https:\/\/multicredit.ch\/de\/multicredit-fribourg-uber-uns\/","title":{"rendered":"Mehr \u00fcber Multicredit"},"content":{"rendered":"<section class=\"wpb-content-wrapper\">[vc_row content_placement=&#8221;middle&#8221; el_class=&#8221;white-bck bigpadding&#8221; css=&#8221;.vc_custom_1586936879557{padding-bottom: 0px !important;}&#8221;][vc_column width=&#8221;1\/2&#8243; data_aos=&#8221;fade-right&#8221;][vc_single_image image=&#8221;11762&#8243; img_size=&#8221;full&#8221; alignment=&#8221;center&#8221;][\/vc_column][vc_column width=&#8221;1\/2&#8243; data_aos=&#8221;fade-in&#8221; data_aos_delay=&#8221;250&#8243;]<\/p>\n<div class=\"blocktitle title-left title-dark\" clearfix\"><H2><span class=\"ez-toc-section\" id=\"MultiCredit_in_der_schweiz\"><\/span>MultiCredit in der schweiz<\/H2><\/p>\n<h4>Die beste L\u00f6sung finden im Interesse unserer Kunden ist unser oberste Gebot.<\/h4>\n<\/div>\n<p>[vc_column_text]MultiKredit in Fribourg, unsere Berufung um unsere Kundschaft zu unterst\u00fctzen im Alltag dank einer ma\u00dfgeschneiderten Beratung, sachbezogen und dauerhaften L\u00f6sungen.<\/p>\n<p>Um diese Kriterien einzuhalten, pr\u00fcft unser B\u00fcro viele Optionen, und arbeitet mit verschiedenen finanziellen wirksameren Partnern und wir verhandeln die besten Leistungen.[\/vc_column_text][\/vc_column][\/vc_row][vc_row full_width=&#8221;stretch_row&#8221; el_class=&#8221;lightgrey-bck biggerpadding diagonal-top-bck&#8221;][vc_column width=&#8221;1\/2&#8243; data_aos=&#8221;fade-in&#8221; data_aos_delay=&#8221;250&#8243; el_class=&#8221;checklist&#8221;]<\/p>\n<div class=\"blocktitle title-left title-dark\" clearfix\"><H2><span class=\"ez-toc-section\" id=\"Geschichte\"><\/span>Geschichte<\/H2><\/div>\n<p>[vc_column_text]Im Jahr <strong>1999<\/strong> beschloss Herr Aslan, seine eigene Finanzierungsgesellschaft zu gr\u00fcnden, die seinen Werten entspricht:<\/p>\n<p><em style=\"font-size: 22px;\">&#8220;Respekt und Kommunikation = die Qualit\u00e4t die Art zu dienen&#8221;<\/em><\/p>\n<p><strong>Sein Ziel : <\/strong>einer vern\u00fcnftigen und leichter zug\u00e4nglichen Finanzierung Vorrang einzur\u00e4umen.[\/vc_column_text][vc_column_text]<strong>Wir helfen unseren Kunden bei :<\/strong><\/p>\n<ul>\n<li>Ein Projekt, W\u00fcnsche zu realiseren.<\/li>\n<li>L\u00f6sen einer tempor\u00e4rer schwierigen Situation.<\/li>\n<li>Alltag vereinfachen.<\/li>\n<li>Eine Alternative anbieten bei einer Kreditabsage durch die Banken.<\/li>\n<li>Einen Ausweg finden f\u00fcr eine eigenartige Finanzierungssituation.<\/li>\n<\/ul>\n<p>[\/vc_column_text][\/vc_column][vc_column width=&#8221;1\/2&#8243; data_aos=&#8221;fade-left&#8221;][vc_single_image image=&#8221;13016&#8243; img_size=&#8221;full&#8221; alignment=&#8221;center&#8221;][vc_column_text]<\/p>\n<p style=\"font-size: 14px; text-align: right; margin-bottom: 4px;\"><strong>Herr M\u00fcn\u00fcr ASLAN &#8211; Direktor<\/strong><\/p>\n<p style=\"text-align: right;\"><a href=\"https:\/\/www.linkedin.com\/in\/maslan-credit-kredit-loan\/\" target=\"_blank\" rel=\"noopener noreferrer\"><img decoding=\"async\" src=\"https:\/\/www.multicredit.ch\/wp\/wp-content\/uploads\/icons-linkedin.svg\" width=\"30px\" height=\"30px\" alt=\"\" title=\"\"><\/a><\/p>\n<p>[\/vc_column_text][\/vc_column][\/vc_row][vc_row full_width=&#8221;stretch_row&#8221; el_class=&#8221;lightgrey-bck biggerpadding&#8221;][vc_column width=&#8221;1\/2&#8243; data_aos=&#8221;fade-right&#8221;][vc_single_image image=&#8221;11665&#8243; img_size=&#8221;full&#8221; alignment=&#8221;center&#8221;][\/vc_column][vc_column width=&#8221;1\/2&#8243; data_aos=&#8221;fade-in&#8221; data_aos_delay=&#8221;250&#8243;]<\/p>\n<div class=\"blocktitle title-left title-dark\" clearfix\"><H2><span class=\"ez-toc-section\" id=\"Seit_1999\"><\/span>Seit 1999<\/H2><\/div>\n<p>[vc_column_text el_class=&#8221;checklist&#8221;]<\/p>\n<ul>\n<li>MultiKredit hat mehr als 150&#8217;000 Kreditanfragen bearbeitet.<\/li>\n<li>Verwaltet einen Bestand von mehr als 65&#8217;000 Kunden.<\/li>\n<li>Sichert eine Bearbeitung exklusiv in der Schweiz und garantiert die Sicherheit der Daten.<\/li>\n<li>Garantiert dem Kunden den besten Zinssatz.<\/li>\n<li>Erbringt eine angepasste und sachbezogene Beratung<\/li>\n<li>Schl\u00e4gt einen Mehrwert beim Vorschlag des Kredites vor.<\/li>\n<li>Macht das Beste f\u00fcr das Interesse des Kunden.<\/li>\n<\/ul>\n<p>[\/vc_column_text][vc_column_text el_class=&#8221;checklist&#8221;]<strong>Das sind die Qualit\u00e4ten von MultiKredit, ein wichtiger Akteur als Finanzierungsbroker schweizweit.<\/strong>[\/vc_column_text][\/vc_column][\/vc_row][vc_row full_width=&#8221;stretch_row&#8221; content_placement=&#8221;middle&#8221; el_class=&#8221;white-bck bigpadding checklist&#8221;][vc_column data_aos=&#8221;fade-in&#8221;]<\/p>\n<div class=\"blocktitle title-center title-dark\" clearfix\"><H2><span class=\"ez-toc-section\" id=\"Unsere_Werte\"><\/span>Unsere Werte<\/H2><\/p>\n<h4>Die Werte von MultiKredit, die auf der Verpflichtung zur Verteidigung der Interessen seiner Kunden und seiner N\u00e4he beruhen, haben es dem Unternehmen erm\u00f6glicht, sich zu profilieren und seinen Ruf und seine Glaubw\u00fcrdigkeit zu begr\u00fcnden.<\/h4>\n<\/div>\n<p>[vc_column_text el_class=&#8221;maxwidth&#8221; css=&#8221;.vc_custom_1654865777341{padding-bottom: 48px !important;}&#8221;]<\/p>\n<p style=\"text-align: center;\"><strong>Seine Werte kennen, versteht sich wie weit wir uns f\u00fcr sie engagieren:<\/strong><\/p>\n<p>[\/vc_column_text][vc_row_inner css=&#8221;.vc_custom_1586939025248{padding-bottom: 48px !important;}&#8221;][vc_column_inner width=&#8221;1\/3&#8243;]<\/p>\n<div class=\"blocktitle title-center title-dark\" clearfix\"><H3><span class=\"ez-toc-section\" id=\"Vielseitigkeit\"><\/span>Vielseitigkeit<\/H3><\/p>\n<h4>alle Horizonte<\/h4>\n<\/div>\n<p>[vc_column_text]<\/p>\n<p style=\"text-align: center;\">MultiKredit sichert Ihnen eine Bearbeitung schweitzer und weltweit kommenden Kunden.<\/p>\n<p style=\"text-align: center;\">\u00ab\u00a0Unsere Kunden zu treffen und mit ihnen in ihrer Landesprache zu kommunizieren liegt uns am Herzen. Unsere kompetenten Experten sind mehrsprachig. Dieses zeigt klar aus Engagement unseres Teams auf.\u00a0\u00bb<\/p>\n<p>[\/vc_column_text][\/vc_column_inner][vc_column_inner width=&#8221;1\/3&#8243;]<\/p>\n<div class=\"blocktitle title-center title-dark\" clearfix\"><H3><span class=\"ez-toc-section\" id=\"Menschlich\"><\/span>Menschlich<\/H3><\/p>\n<h4>Immer Menschlich<\/h4>\n<\/div>\n<p>[vc_column_text]<\/p>\n<p style=\"text-align: center;\">Hinter jeder Anfrage, versteckt sich eine besondere Situation, deshalb nehmen wir bei Multiservice die Gesamtheit Ihres Dossiers in Betracht.<\/p>\n<p style=\"text-align: center;\">Wir verfolgen immer vern\u00fcnftige Kreditlimite und kontrollieren systematisch die Kundensituation um eine \u00dcberschuldung zu vermeiden.<\/p>\n<p>[\/vc_column_text][\/vc_column_inner][vc_column_inner width=&#8221;1\/3&#8243;]<\/p>\n<div class=\"blocktitle title-center title-dark\" clearfix\"><H3><span class=\"ez-toc-section\" id=\"Personalisiert\"><\/span>Personalisiert<\/H3><\/p>\n<h4>Dienstleistungen<\/h4>\n<\/div>\n<p>[vc_column_text]<\/p>\n<p style=\"text-align: center;\">Unser Anliegen: Ihnen eine Dienstleistung auf ihre pers\u00f6nliche Situation vor zu schlagen. Dies bedeutet f\u00fcr uns ihnen alternative L\u00f6sungen zu finden falls ihr gew\u00fcnschtes Produkt nicht machbar ist.<\/p>\n<p style=\"text-align: center;\">Wir widmen eine kapital Wichtigkeit der erhaltenen Daten und sind deshalb besonders wachsam, auch f\u00fcr die Daten\u00fcbermittlung und dem Bankgeheimnis.<\/p>\n<p>[\/vc_column_text][\/vc_column_inner][\/vc_row_inner][\/vc_column][\/vc_row][vc_row full_width=&#8221;stretch_row&#8221; el_class=&#8221;diagonal-bck gradient-bck bigpadding full-width&#8221;][vc_column data_aos=&#8221;fade-in&#8221;][vc_column_text css=&#8221;.vc_custom_1654866098954{padding-top: 96px !important;}&#8221;]<\/p>\n<div class=\"blocktitle title-center title-light maxwidth\">\n<h2><span class=\"ez-toc-section\" id=\"Multiservice_zaehlt_ueber_eine_grosse_Anzahl_von_Weiterempfehlungen_seiner_Kunden_und_bedankt_sich_dafuer\"><\/span>Multiservice, z\u00e4hlt \u00fcber eine grosse Anzahl von Weiterempfehlungen seiner Kunden und bedankt sich daf\u00fcr.<span class=\"ez-toc-section-end\"><\/span><\/h2>\n<\/div>\n<p>[\/vc_column_text][\/vc_column][\/vc_row][vc_row full_width=&#8221;stretch_row&#8221; el_class=&#8221;white-bck bigpadding&#8221;][vc_column data_aos=&#8221;fade-in&#8221;]<\/p>\n<div class=\"blocktitle title-center title-dark\" clearfix\"><H2><span class=\"ez-toc-section\" id=\"Dienstleistungen\"><\/span>Dienstleistungen<\/H2><\/p>\n<h4>Privatkredite, Kreditr\u00fcckkauf, Leasingr\u00fcckkauf, R\u00fcckkauf und Konsolidierung von Kreditkartenguthaben, Kreditkarten, aber auch Entschuldung: Unsere Spezialisten unterst\u00fctzen und beraten Sie in all diesen Bereichen.<\/h4>\n<\/div>\n<p>[vc_row_inner][vc_column_inner el_class=&#8221;checklist&#8221; width=&#8221;1\/2&#8243;][vc_column_text]<\/p>\n<h3 style=\"text-align: left;\"><span class=\"ez-toc-section\" id=\"Sie\"><\/span>Sie\u00a0:<span class=\"ez-toc-section-end\"><\/span><\/h3>\n<p>Angestellter, Beamter, Kader, Direktor, internationaler Beamter, Grenzg\u00e4nger, Expatriat\u2026\u2026<\/p>\n<p>Wir arbeiten selbstverst\u00e4ndlich mit Ihnen und erstellen eine Offerte oder ganz einfach f\u00fcr eine Beratung.<br \/>\n[\/vc_column_text][vc_empty_space][vc_column_text css=&#8221;.vc_custom_1622033567808{padding-top: 32px !important;}&#8221;]<\/p>\n<h3 style=\"text-align: left;\"><span class=\"ez-toc-section\" id=\"Suchen_Sie_eine_Spezialloesung\"><\/span>Suchen Sie eine Speziall\u00f6sung?<span class=\"ez-toc-section-end\"><\/span><\/h3>\n<p>Z\u00f6gern sich nicht unser Kreditb\u00fcro telefonisch an zu rufen\u00a0oder auf unsere Homepage zu surfen oder ganz einfach gratis eine vertrauliche Kreditanfrage online mit <a href=\"https:\/\/multicredit.ch\/de\/kreditantrag\/\">unserem Formular zu starten.<\/a><br \/>\n[\/vc_column_text][\/vc_column_inner][vc_column_inner el_class=&#8221;checklist&#8221; width=&#8221;1\/2&#8243;][vc_column_text]<\/p>\n<ul>\n<li>Wir bearbeiten <strong>Kreditanfragen auf nationaler Ebene Jahr f\u00fcr Jahr<\/strong>.<\/li>\n<li>Wir bearbeiten <strong>j\u00e4hrlich mehr als 15&#8217;000 Anfragen<\/strong>.<\/li>\n<li>Unser B\u00fcro setzt sich aus rund 10 Mitarbeitern\/<strong>Experten<\/strong>\/<strong>Kundenberatern<\/strong> zu Ihren Diensten.<\/li>\n<li>Wir bearbeiten die Anfragen in verschiedene nationale Sprachen wie <strong>franz\u00f6sisch, deutsch, englisch, italienisch, portugiesisch, spanisch, t\u00fcrkisch\u2026.<\/strong><\/li>\n<li>Wir schlagen f\u00fcr unsere Kundschaft eine <strong>Gesamtberatung f\u00fcr alle Situationen<\/strong> vor.<\/li>\n<li>Wir verf\u00fcgen \u00fcber eine breite Produktepalette, welches auf Ihren Bed\u00fcrfnissen zu geschnitten sind.<\/li>\n<li>Ihre Daten werden nur auf einen vertraulichen und gesicherten Server in der <strong>Schweiz<\/strong> gespeichert.<\/li>\n<li>Wir garantieren Ihnen, dass <strong>Ihre Anfrage innerhalb von weniger als 24h bearbeitet<\/strong> wird.<\/li>\n<li>Wir schlagen <strong>tiefere Zinss\u00e4tze als die Konkurrenz<\/strong> vor.<\/li>\n<li>Wir <strong>beantworten<\/strong> Ihre Anfrage <strong>innerhalb 5 Werktagen<\/strong>.<\/li>\n<li><strong>Wir bieten nicht nur Kreditangebote, sondern auch zus\u00e4tzliche Finanzanalysen und ma\u00dfgeschneiderte Empfehlungen.<\/strong><\/li>\n<\/ul>\n<p>[\/vc_column_text][\/vc_column_inner][\/vc_row_inner][\/vc_column][\/vc_row]<\/section>\n","protected":false},"excerpt":{"rendered":"<p>Seit 1999 in Ihrer N\u00e4he<\/p>\n","protected":false},"author":4,"featured_media":30787,"parent":0,"menu_order":-6,"comment_status":"closed","ping_status":"closed","template":"","meta":{"inline_featured_image":false,"footnotes":"","_links_to":"","_links_to_target":""},"categories":[],"class_list":["post-12199","page","type-page","status-publish","has-post-thumbnail","hentry"],"_links":{"self":[{"href":"https:\/\/multicredit.ch\/de\/wp-json\/wp\/v2\/pages\/12199","targetHints":{"allow":["GET"]}}],"collection":[{"href":"https:\/\/multicredit.ch\/de\/wp-json\/wp\/v2\/pages"}],"about":[{"href":"https:\/\/multicredit.ch\/de\/wp-json\/wp\/v2\/types\/page"}],"author":[{"embeddable":true,"href":"https:\/\/multicredit.ch\/de\/wp-json\/wp\/v2\/users\/4"}],"replies":[{"embeddable":true,"href":"https:\/\/multicredit.ch\/de\/wp-json\/wp\/v2\/comments?post=12199"}],"version-history":[{"count":43,"href":"https:\/\/multicredit.ch\/de\/wp-json\/wp\/v2\/pages\/12199\/revisions"}],"predecessor-version":[{"id":27641,"href":"https:\/\/multicredit.ch\/de\/wp-json\/wp\/v2\/pages\/12199\/revisions\/27641"}],"wp:featuredmedia":[{"embeddable":true,"href":"https:\/\/multicredit.ch\/de\/wp-json\/wp\/v2\/media\/30787"}],"wp:attachment":[{"href":"https:\/\/multicredit.ch\/de\/wp-json\/wp\/v2\/media?parent=12199"}],"wp:term":[{"taxonomy":"category","embeddable":true,"href":"https:\/\/multicredit.ch\/de\/wp-json\/wp\/v2\/categories?post=12199"}],"curies":[{"name":"wp","href":"https:\/\/api.w.org\/{rel}","templated":true}]}}